{"id":58785,"date":"2025-12-19T17:27:24","date_gmt":"2025-12-19T16:27:24","guid":{"rendered":"https:\/\/rightstuff.eu\/?post_type=product&#038;p=58785"},"modified":"2026-03-07T02:23:29","modified_gmt":"2026-03-07T01:23:29","slug":"wireless-tattoo-machine-revo-shot","status":"publish","type":"product","link":"https:\/\/rightstuff.eu\/pl\/produkt\/wireless-tattoo-machine-revo-shot\/","title":{"rendered":"Bezprzewodowa maszyna do tatua\u017cu REVO SHOT"},"content":{"rendered":"<div id=\"model-response-message-contentr_45e9a586cfd6033b\" class=\"markdown markdown-main-panel\" dir=\"ltr\">\n<p dir=\"auto\"><strong>REVO SHOT \u2013 ultrakompaktowa, bezprzewodowa precyzja<\/strong><\/p>\n<p dir=\"auto\">To nie jest kolejna kr\u00f3tka bezprzewodowa maszyna do tatua\u017cu. REVO SHOT to najkr\u00f3tsza i najl\u017cejsza maszyna do tatua\u017cu na rynku, wyposa\u017cona w bateri\u0119 o pojemno\u015bci 1600 mAh, zapewniaj\u0105c\u0105 do <strong>5 godzin<\/strong> nieprzerwanej pracy w superkompaktowej obudowie.<\/p>\n<p dir=\"auto\">To, co wyr\u00f3\u017cnia REVO SHOT, to zg\u0142oszony do opatentowania system transmisji z mechanicznym \u201cspr\u0119\u017cystym\u201d elementem. W przeciwie\u0144stwie do standardowych pisak\u00f3w z nap\u0119dem bezpo\u015brednim, system ten minimalizuje drgania ig\u0142y, zmniejsza urazy sk\u00f3ry i zapewnia naturalne, responsywne wra\u017cenia. Efekt? Wyra\u017aniejsze kontury, p\u0142ynniejsze cieniowanie, szybsze sesje i lepsze gojenie tatua\u017cy.<\/p>\n<p dir=\"auto\">\u2705 Najwa\u017cniejsze zalety<\/p>\n<ul dir=\"auto\">\n<li>Niezwykle kompaktowa i lekka \u2013 najkr\u00f3tsza maszyna w swojej klasie z bateri\u0105 o pojemno\u015bci 1600 mAh.<\/li>\n<li>Opatentowany system nap\u0119dowy (nie jest to nap\u0119d bezpo\u015bredni) \u2013 mechaniczna \u201cspr\u0119\u017cysto\u015b\u0107\u201d zapewniaj\u0105ca najwy\u017csz\u0105 precyzj\u0119 i kontrol\u0119.<\/li>\n<li>Delikatny dla sk\u00f3ry \u2013 mniej uraz\u00f3w = szybsze gojenie dla klient\u00f3w.<\/li>\n<li>Zwi\u0119kszona zwrotno\u015b\u0107 \u2013 idealna do precyzyjnych prac i w ciasnych przestrzeniach.<\/li>\n<li>Idealne kontury \u2013 od igie\u0142 1RL do 14RS, zawsze stabilne i wyra\u017ane.<\/li>\n<\/ul>\n<p dir=\"auto\">\ud83d\udd27 Dane techniczne<\/p>\n<ul dir=\"auto\">\n<li>Chwyt: 33 mm<\/li>\n<li>D\u0142ugo\u015b\u0107: 98,5 mm<\/li>\n<li>\u015arednica: 29,5 mm<\/li>\n<li>Bateria: 1600 mAh (do 5 godzin)<\/li>\n<li>Opcje skoku: 3,2 \/ 3,5 \/ 3,8 \/ 4,2 \/ 4,7 mm<\/li>\n<li>G\u0142\u0119boko\u015b\u0107 ig\u0142y: do 4,5 mm<\/li>\n<li>Pr\u0119dko\u015b\u0107 silnika: 10 000 obr.\/min<\/li>\n<li>Zakres napi\u0119cia: 3\u20137 V (zakres preferowany)<\/li>\n<li>Materia\u0142 korpusu: aluminium<\/li>\n<li>Waga: 150 g (wersja standardowa) lub 175 g (wersja ci\u0119\u017cka)<\/li>\n<li>Opcjonalny uchwyt: uchwyt ze stali nierdzewnej (+65 g)<\/li>\n<li>Kompatybilno\u015b\u0107 wk\u0142ad\u00f3w: Wszystkie standardowe wk\u0142ady<\/li>\n<\/ul>\n<p dir=\"auto\">\ud83d\udee0\ufe0f Dlaczego warto wybra\u0107 REVO SHOT? Poniewa\u017c to nie tylko bezprzewodowe urz\u0105dzenie \u2014 to precyzyjny SHOT. Dzi\u0119ki ultra kr\u00f3tkiej konstrukcji, zwinno\u015bci obs\u0142ugi i unikalnemu systemowi transmisji, REVO SHOT zapewnia niezr\u00f3wnan\u0105 kontrol\u0119, komfort i dok\u0142adno\u015b\u0107 dla artyst\u00f3w dbaj\u0105cych o szczeg\u00f3\u0142y.<\/p>\n<\/div>","protected":false},"excerpt":{"rendered":"<p class=\"p1\"><b>Bezprzewodowa maszynka do tatua\u017cu REVO SHOT<\/b><b><\/b><\/p>\n<p class=\"p3\">Ultrakompaktowa bezprzewodowa maszynka do tatua\u017cu zaprojektowana z my\u015bl\u0105 o maksymalnej zwrotno\u015bci i precyzji.<\/p>\n<p class=\"p3\">Najkr\u00f3tszy i najl\u017cejszy bezprzewodowy d\u0142ugopis do tatua\u017cu z <span class=\"s1\"><b>Bateria 1600 mAh zapewniaj\u0105ca do 5 godzin pracy.<\/b><\/span><\/p>","protected":false},"featured_media":58769,"comment_status":"open","ping_status":"closed","template":"","meta":{"site-sidebar-layout":"default","site-content-layout":"default","ast-site-content-layout":"default","site-content-style":"default","site-sidebar-style":"default","ast-global-header-display":"","ast-banner-title-visibility":"","ast-main-header-display":"","ast-hfb-above-header-display":"","ast-hfb-below-header-display":"","ast-hfb-mobile-header-display":"","site-post-title":"","ast-breadcrumbs-content":"","ast-featured-img":"","footer-sml-layout":"","ast-disable-related-posts":"","theme-transparent-header-meta":"default","adv-header-id-meta":"","stick-header-meta":"default","header-above-stick-meta":"","header-main-stick-meta":"","header-below-stick-meta":"","astra-migrate-meta-layouts":"set","ast-page-background-enabled":"default","ast-page-background-meta":{"desktop":{"background-color":"var(--ast-global-color-4)","background-image":"","background-repeat":"repeat","background-position":"center center","background-size":"auto","background-attachment":"scroll","background-type":"","background-media":"","overlay-type":"","overlay-color":"","overlay-opacity":"","overlay-gradient":""},"tablet":{"background-color":"","background-image":"","background-repeat":"repeat","background-position":"center center","background-size":"auto","background-attachment":"scroll","background-type":"","background-media":"","overlay-type":"","overlay-color":"","overlay-opacity":"","overlay-gradient":""},"mobile":{"background-color":"","background-image":"","background-repeat":"repeat","background-position":"center center","background-size":"auto","background-attachment":"scroll","background-type":"","background-media":"","overlay-type":"","overlay-color":"","overlay-opacity":"","overlay-gradient":""}},"ast-content-background-meta":{"desktop":{"background-color":"var(--ast-global-color-5)","background-image":"","background-repeat":"repeat","background-position":"center center","background-size":"auto","background-attachment":"scroll","background-type":"","background-media":"","overlay-type":"","overlay-color":"","overlay-opacity":"","overlay-gradient":""},"tablet":{"background-color":"var(--ast-global-color-5)","background-image":"","background-repeat":"repeat","background-position":"center center","background-size":"auto","background-attachment":"scroll","background-type":"","background-media":"","overlay-type":"","overlay-color":"","overlay-opacity":"","overlay-gradient":""},"mobile":{"background-color":"var(--ast-global-color-5)","background-image":"","background-repeat":"repeat","background-position":"center center","background-size":"auto","background-attachment":"scroll","background-type":"","background-media":"","overlay-type":"","overlay-color":"","overlay-opacity":"","overlay-gradient":""}}},"product_brand":[],"product_cat":[1997,1803],"product_tag":[101,93,100,99,53,1798,50,87,2024,98,48,97,1792,71,91,95,52,41,51],"class_list":{"0":"post-58785","1":"product","2":"type-product","3":"status-publish","4":"has-post-thumbnail","6":"product_cat-wireless-tattoo-machines","7":"product_cat-pen-tattoo-machines","8":"product_tag-custom-rotary-machines","9":"product_tag-custom-tattoo-guns","10":"product_tag-handmade-rotary-tattoo-machines","11":"product_tag-handmade-tattoo-machines","12":"product_tag-hornet-tattoo-machine","13":"product_tag-maquinas-rotativas-de-tatuaje","14":"product_tag-pen-tattoo-machine","15":"product_tag-professional-tattoo-machines","16":"product_tag-revoshot","17":"product_tag-rotary-tattoo-guns","18":"product_tag-rotary-tattoo-machine","19":"product_tag-rotary-tattoo-pen","20":"product_tag-rotary-tattoomaschinen","21":"product_tag-tattoo-cartridges","22":"product_tag-tattoo-equipment","23":"product_tag-tattoo-guns","24":"product_tag-tattoo-machine-pen","25":"product_tag-tattoo-machines","26":"product_tag-tattoo-pen","27":"desktop-align-center","28":"tablet-align-left","29":"mobile-align-left","30":"ast-product-gallery-layout-horizontal-slider","31":"ast-product-single-variable","32":"ast-product-tabs-layout-horizontal","34":"first","35":"instock","36":"taxable","37":"shipping-taxable","38":"purchasable","39":"product-type-variable","40":"has-default-attributes"},"_links":{"self":[{"href":"https:\/\/rightstuff.eu\/pl\/wp-json\/wp\/v2\/product\/58785","targetHints":{"allow":["GET"]}}],"collection":[{"href":"https:\/\/rightstuff.eu\/pl\/wp-json\/wp\/v2\/product"}],"about":[{"href":"https:\/\/rightstuff.eu\/pl\/wp-json\/wp\/v2\/types\/product"}],"replies":[{"embeddable":true,"href":"https:\/\/rightstuff.eu\/pl\/wp-json\/wp\/v2\/comments?post=58785"}],"version-history":[{"count":0,"href":"https:\/\/rightstuff.eu\/pl\/wp-json\/wp\/v2\/product\/58785\/revisions"}],"wp:featuredmedia":[{"embeddable":true,"href":"https:\/\/rightstuff.eu\/pl\/wp-json\/wp\/v2\/media\/58769"}],"wp:attachment":[{"href":"https:\/\/rightstuff.eu\/pl\/wp-json\/wp\/v2\/media?parent=58785"}],"wp:term":[{"taxonomy":"product_brand","embeddable":true,"href":"https:\/\/rightstuff.eu\/pl\/wp-json\/wp\/v2\/product_brand?post=58785"},{"taxonomy":"product_cat","embeddable":true,"href":"https:\/\/rightstuff.eu\/pl\/wp-json\/wp\/v2\/product_cat?post=58785"},{"taxonomy":"product_tag","embeddable":true,"href":"https:\/\/rightstuff.eu\/pl\/wp-json\/wp\/v2\/product_tag?post=58785"}],"curies":[{"name":"wp","href":"https:\/\/api.w.org\/{rel}","templated":true}]}}