{"id":58465,"date":"2025-10-15T14:16:35","date_gmt":"2025-10-15T12:16:35","guid":{"rendered":"https:\/\/rightstuff.eu\/?post_type=product&#038;p=58465"},"modified":"2026-04-13T01:26:40","modified_gmt":"2026-04-12T23:26:40","slug":"wireless-tattoo-machine-revo-white","status":"publish","type":"product","link":"https:\/\/rightstuff.eu\/pl\/produkt\/wireless-tattoo-machine-revo-white\/","title":{"rendered":"Bezprzewodowa maszynka do tatua\u017cu REVO White"},"content":{"rendered":"<div id=\"model-response-message-contentr_45e9a586cfd6033b\" class=\"markdown markdown-main-panel\" dir=\"ltr\">\n<h3 data-start=\"341\" data-end=\"386\"><strong data-start=\"345\" data-end=\"386\">REVO - bezprzewodowa rewolucja w tatua\u017cu<\/strong><\/h3>\n<p data-start=\"390\" data-end=\"583\"><strong data-start=\"390\" data-end=\"424\">To nie tylko kolejny bezprzewodowy d\u0142ugopis.<\/strong> REVO White to najmniejsza maszynka do tatua\u017cu na rynku z <strong data-start=\"482\" data-end=\"502\">Bateria 2600 mAh<\/strong>dostarczaj\u0105c <strong data-start=\"515\" data-end=\"555\">do 12 godzin nieprzerwanej pracy<\/strong> w ultrakompaktowej obudowie.<\/p>\n<p data-start=\"585\" data-end=\"915\">To, co czyni REVO White wyj\u0105tkowym, to jego <strong data-start=\"615\" data-end=\"677\">Zg\u0142oszony do opatentowania system przek\u0142adni z mechanicznym \"doci\u0105\u017ceniem\".<\/strong> W przeciwie\u0144stwie do standardowych d\u0142ugopis\u00f3w z nap\u0119dem bezpo\u015brednim, system REVO minimalizuje wibracje ig\u0142y, zmniejsza urazy sk\u00f3ry i zapewnia naturalne, czu\u0142e wyczucie. Rezultat? <strong data-start=\"829\" data-end=\"913\">Wyra\u017aniejsze kontury, g\u0142adsze cieniowanie, szybsze sesje i lepiej goj\u0105ce si\u0119 tatua\u017ce.<\/strong><\/p>\n<hr data-start=\"917\" data-end=\"920\" \/>\n<h3 data-start=\"922\" data-end=\"946\">\u2705 <strong data-start=\"928\" data-end=\"946\">G\u0142\u00f3wne zalety<\/strong><\/h3>\n<ul data-start=\"947\" data-end=\"1337\">\n<li data-start=\"947\" data-end=\"1032\">\n<p data-start=\"949\" data-end=\"1032\"><strong data-start=\"949\" data-end=\"973\">Kompaktowy, ale wydajny<\/strong> - najmniejsze urz\u0105dzenie w swojej klasie z bateri\u0105 2600 mAh.<\/p>\n<\/li>\n<li data-start=\"1033\" data-end=\"1128\">\n<p data-start=\"1035\" data-end=\"1128\"><strong data-start=\"1035\" data-end=\"1079\">Opatentowany system nap\u0119dowy (nie nap\u0119d bezpo\u015bredni)<\/strong> - mechaniczny \"skok\" zapewniaj\u0105cy precyzj\u0119 i kontrol\u0119.<\/p>\n<\/li>\n<li data-start=\"1129\" data-end=\"1195\">\n<p data-start=\"1131\" data-end=\"1195\"><strong data-start=\"1131\" data-end=\"1149\">Delikatny dla sk\u00f3ry<\/strong> - mniej traumy = szybsze leczenie dla klient\u00f3w.<\/p>\n<\/li>\n<li data-start=\"1196\" data-end=\"1259\">\n<p data-start=\"1198\" data-end=\"1259\"><strong data-start=\"1198\" data-end=\"1214\">Pracuj m\u0105drzej<\/strong> - zaoszcz\u0119dzi\u0107 do 2 godzin w sesjach ca\u0142odniowych.<\/p>\n<\/li>\n<li data-start=\"1260\" data-end=\"1337\">\n<p data-start=\"1262\" data-end=\"1337\"><strong data-start=\"1262\" data-end=\"1282\">Idealne kontury<\/strong> - Od igie\u0142 1RL do 14RS, zawsze stabilne i wyra\u017ane.<\/p>\n<\/li>\n<\/ul>\n<hr data-start=\"1339\" data-end=\"1342\" \/>\n<h3 data-start=\"1344\" data-end=\"1379\">\ud83d\udd27 <strong data-start=\"1351\" data-end=\"1379\">Specyfikacja techniczna<\/strong><\/h3>\n<ul data-start=\"1380\" data-end=\"1861\">\n<li data-start=\"1380\" data-end=\"1399\">\n<p data-start=\"1382\" data-end=\"1399\"><strong data-start=\"1382\" data-end=\"1391\">Uchwyt:<\/strong> 33 mm<\/p>\n<\/li>\n<li data-start=\"1400\" data-end=\"1424\">\n<p data-start=\"1402\" data-end=\"1424\"><strong data-start=\"1402\" data-end=\"1413\">D\u0142ugo\u015b\u0107:<\/strong> 112,5 mm<\/p>\n<\/li>\n<li data-start=\"1425\" data-end=\"1450\">\n<p data-start=\"1427\" data-end=\"1450\"><strong data-start=\"1427\" data-end=\"1440\">\u015arednica:<\/strong> 29,5 mm<\/p>\n<\/li>\n<li data-start=\"1451\" data-end=\"1493\">\n<p data-start=\"1453\" data-end=\"1493\"><strong data-start=\"1453\" data-end=\"1465\">Bateria:<\/strong> 2600 mAh (do 12 godzin)<\/p>\n<\/li>\n<li data-start=\"1494\" data-end=\"1548\">\n<p data-start=\"1496\" data-end=\"1548\"><strong data-start=\"1496\" data-end=\"1515\">Opcje skoku:<\/strong> 3,2 \/ 3,5 \/ 3,8 \/ 4,2 \/ 4,7 mm<\/p>\n<\/li>\n<li data-start=\"1549\" data-end=\"1583\">\n<p data-start=\"1551\" data-end=\"1583\"><strong data-start=\"1551\" data-end=\"1568\">G\u0142\u0119boko\u015b\u0107 ig\u0142y:<\/strong> do 4,5 mm<\/p>\n<\/li>\n<li data-start=\"1584\" data-end=\"1615\">\n<p data-start=\"1586\" data-end=\"1615\"><strong data-start=\"1586\" data-end=\"1602\">Pr\u0119dko\u015b\u0107 silnika:<\/strong> 10 000 OBR.<\/p>\n<\/li>\n<li data-start=\"1616\" data-end=\"1662\">\n<p data-start=\"1618\" data-end=\"1662\"><strong data-start=\"1618\" data-end=\"1636\">Zakres napi\u0119cia:<\/strong> 3-7 V (preferowany zakres)<\/p>\n<\/li>\n<li data-start=\"1663\" data-end=\"1694\">\n<p data-start=\"1665\" data-end=\"1694\"><strong data-start=\"1665\" data-end=\"1683\">Materia\u0142 korpusu:<\/strong> Aluminium<\/p>\n<\/li>\n<li data-start=\"1695\" data-end=\"1752\">\n<p data-start=\"1697\" data-end=\"1752\"><strong data-start=\"1697\" data-end=\"1708\">Waga:<\/strong> 170 g (wersja standardowa) lub 195 g (wersja ci\u0119\u017cka)<\/p>\n<\/li>\n<li data-start=\"1753\" data-end=\"1804\">\n<p data-start=\"1755\" data-end=\"1804\"><strong data-start=\"1755\" data-end=\"1773\">Opcjonalny uchwyt:<\/strong> Uchwyt ze stali nierdzewnej (+65 g)<\/p>\n<\/li>\n<li data-start=\"1805\" data-end=\"1861\">\n<p data-start=\"1807\" data-end=\"1861\"><strong data-start=\"1807\" data-end=\"1835\">Kompatybilno\u015b\u0107 kartrid\u017ca:<\/strong> Wszystkie standardowe wk\u0142ady<\/p>\n<\/li>\n<\/ul>\n<hr data-start=\"1863\" data-end=\"1866\" \/>\n<h3 data-start=\"1868\" data-end=\"1896\">\ud83d\udee0\ufe0f <strong data-start=\"1876\" data-end=\"1896\">Dlaczego warto wybra\u0107 REVO?<\/strong><\/h3>\n<p data-start=\"1897\" data-end=\"2128\">Poniewa\u017c to <strong data-start=\"1910\" data-end=\"1953\">nie tylko bezprzewodowy - jest REWOLUCYJNY.<\/strong><br data-start=\"1953\" data-end=\"1956\" \/>Dzi\u0119ki kompaktowym rozmiarom, d\u0142ugiej \u017cywotno\u015bci baterii i unikalnemu systemowi transmisji, REVO White zapewnia <strong data-start=\"2044\" data-end=\"2077\">precyzja, komfort i szybko\u015b\u0107<\/strong>kt\u00f3rej nie dor\u00f3wnuje \u017cadna inna bezprzewodowa maszynka do tatua\u017cu.<\/p>\n<hr data-start=\"2130\" data-end=\"2133\" \/>\n<p data-start=\"2135\" data-end=\"2205\">\ud83d\udc49 <strong data-start=\"2138\" data-end=\"2163\">Zam\u00f3w sw\u00f3j REVO White ju\u017c dzi\u015b<\/strong> i poznaj przysz\u0142o\u015b\u0107 tatua\u017cu.<\/p>\n<\/div>","protected":false},"excerpt":{"rendered":"<p class=\"p1\">Pierwszy bezprzewodowy d\u0142ugopis z <strong>dawka mechaniczna<\/strong> - i jedyn\u0105 z dwoma trybami mechanicznymi.<\/p>\n<p class=\"p1\">Wra\u017cenie cewki. Swoboda obrotu. Do 12 godzin pracy bezprzewodowej.<\/p>\n<p><span style=\"text-decoration: underline;\">Aluminium grip out of stock<\/span>.<\/p>","protected":false},"featured_media":58512,"comment_status":"open","ping_status":"closed","template":"","meta":{"site-sidebar-layout":"default","site-content-layout":"default","ast-site-content-layout":"default","site-content-style":"default","site-sidebar-style":"default","ast-global-header-display":"","ast-banner-title-visibility":"","ast-main-header-display":"","ast-hfb-above-header-display":"","ast-hfb-below-header-display":"","ast-hfb-mobile-header-display":"","site-post-title":"","ast-breadcrumbs-content":"","ast-featured-img":"","footer-sml-layout":"","ast-disable-related-posts":"","theme-transparent-header-meta":"default","adv-header-id-meta":"","stick-header-meta":"default","header-above-stick-meta":"","header-main-stick-meta":"","header-below-stick-meta":"","astra-migrate-meta-layouts":"set","ast-page-background-enabled":"default","ast-page-background-meta":{"desktop":{"background-color":"var(--ast-global-color-4)","background-image":"","background-repeat":"repeat","background-position":"center center","background-size":"auto","background-attachment":"scroll","background-type":"","background-media":"","overlay-type":"","overlay-color":"","overlay-opacity":"","overlay-gradient":""},"tablet":{"background-color":"","background-image":"","background-repeat":"repeat","background-position":"center center","background-size":"auto","background-attachment":"scroll","background-type":"","background-media":"","overlay-type":"","overlay-color":"","overlay-opacity":"","overlay-gradient":""},"mobile":{"background-color":"","background-image":"","background-repeat":"repeat","background-position":"center center","background-size":"auto","background-attachment":"scroll","background-type":"","background-media":"","overlay-type":"","overlay-color":"","overlay-opacity":"","overlay-gradient":""}},"ast-content-background-meta":{"desktop":{"background-color":"var(--ast-global-color-5)","background-image":"","background-repeat":"repeat","background-position":"center center","background-size":"auto","background-attachment":"scroll","background-type":"","background-media":"","overlay-type":"","overlay-color":"","overlay-opacity":"","overlay-gradient":""},"tablet":{"background-color":"var(--ast-global-color-5)","background-image":"","background-repeat":"repeat","background-position":"center center","background-size":"auto","background-attachment":"scroll","background-type":"","background-media":"","overlay-type":"","overlay-color":"","overlay-opacity":"","overlay-gradient":""},"mobile":{"background-color":"var(--ast-global-color-5)","background-image":"","background-repeat":"repeat","background-position":"center center","background-size":"auto","background-attachment":"scroll","background-type":"","background-media":"","overlay-type":"","overlay-color":"","overlay-opacity":"","overlay-gradient":""}}},"product_brand":[],"product_cat":[1997,1803,2029],"product_tag":[101,93,100,99,53,1798,50,87,2019,98,48,97,1792,71,91,95,52,41,51],"class_list":{"0":"post-58465","1":"product","2":"type-product","3":"status-publish","4":"has-post-thumbnail","6":"product_cat-wireless-tattoo-machines","7":"product_cat-pen-tattoo-machines","8":"product_cat-revo","9":"product_tag-custom-rotary-machines","10":"product_tag-custom-tattoo-guns","11":"product_tag-handmade-rotary-tattoo-machines","12":"product_tag-handmade-tattoo-machines","13":"product_tag-hornet-tattoo-machine","14":"product_tag-maquinas-rotativas-de-tatuaje","15":"product_tag-pen-tattoo-machine","16":"product_tag-professional-tattoo-machines","17":"product_tag-revoblk","18":"product_tag-rotary-tattoo-guns","19":"product_tag-rotary-tattoo-machine","20":"product_tag-rotary-tattoo-pen","21":"product_tag-rotary-tattoomaschinen","22":"product_tag-tattoo-cartridges","23":"product_tag-tattoo-equipment","24":"product_tag-tattoo-guns","25":"product_tag-tattoo-machine-pen","26":"product_tag-tattoo-machines","27":"product_tag-tattoo-pen","28":"desktop-align-center","29":"tablet-align-left","30":"mobile-align-left","31":"ast-product-gallery-layout-horizontal-slider","32":"ast-product-single-variable","33":"ast-product-tabs-layout-horizontal","35":"first","36":"instock","37":"taxable","38":"shipping-taxable","39":"purchasable","40":"product-type-variable","41":"has-default-attributes"},"_links":{"self":[{"href":"https:\/\/rightstuff.eu\/pl\/wp-json\/wp\/v2\/product\/58465","targetHints":{"allow":["GET"]}}],"collection":[{"href":"https:\/\/rightstuff.eu\/pl\/wp-json\/wp\/v2\/product"}],"about":[{"href":"https:\/\/rightstuff.eu\/pl\/wp-json\/wp\/v2\/types\/product"}],"replies":[{"embeddable":true,"href":"https:\/\/rightstuff.eu\/pl\/wp-json\/wp\/v2\/comments?post=58465"}],"version-history":[{"count":0,"href":"https:\/\/rightstuff.eu\/pl\/wp-json\/wp\/v2\/product\/58465\/revisions"}],"wp:featuredmedia":[{"embeddable":true,"href":"https:\/\/rightstuff.eu\/pl\/wp-json\/wp\/v2\/media\/58512"}],"wp:attachment":[{"href":"https:\/\/rightstuff.eu\/pl\/wp-json\/wp\/v2\/media?parent=58465"}],"wp:term":[{"taxonomy":"product_brand","embeddable":true,"href":"https:\/\/rightstuff.eu\/pl\/wp-json\/wp\/v2\/product_brand?post=58465"},{"taxonomy":"product_cat","embeddable":true,"href":"https:\/\/rightstuff.eu\/pl\/wp-json\/wp\/v2\/product_cat?post=58465"},{"taxonomy":"product_tag","embeddable":true,"href":"https:\/\/rightstuff.eu\/pl\/wp-json\/wp\/v2\/product_tag?post=58465"}],"curies":[{"name":"wp","href":"https:\/\/api.w.org\/{rel}","templated":true}]}}