{"id":58059,"date":"2025-07-29T19:54:52","date_gmt":"2025-07-29T17:54:52","guid":{"rendered":"https:\/\/rightstuff.eu\/?post_type=product&#038;p=58059"},"modified":"2026-01-11T00:43:52","modified_gmt":"2026-01-10T23:43:52","slug":"revo-stainless-steel-grip","status":"publish","type":"product","link":"https:\/\/rightstuff.eu\/pl\/produkt\/revo-stainless-steel-grip\/","title":{"rendered":"REVO Uchwyt ze stali nierdzewnej"},"content":{"rendered":"<p>\u015arednica tego mocnego i wygodnego uchwytu do maszynki do tatua\u017cu REVO wynosi 33 mm. Dlatego te\u017c, je\u015bli jeste\u015b wysokim tatua\u017cyst\u0105 z du\u017cym i mocnym uchwytem, produkt ten b\u0119dzie dla Ciebie idealny. W ka\u017cdym razie, pomimo rozmiaru uchwytu ze stali nierdzewnej 33 mm, jest on naprawd\u0119 wygodny w trzymaniu. Przypomina to uczucie rysowania prawdziwym o\u0142\u00f3wkiem. Uchwyt REVO 33 mm ze stali nierdzewnej charakteryzuje si\u0119 wysok\u0105 jako\u015bci\u0105 i trwa\u0142o\u015bci\u0105, dzi\u0119ki czemu b\u0119dzie s\u0142u\u017cy\u0142 przez wiele lat.<\/p>","protected":false},"excerpt":{"rendered":"<p>Bezprzewodowa maszynka do tatua\u017cu REVO Uchwyt ze stali nierdzewnej 33 mm<\/p>\n<p>Waga: 105 gram\u00f3w<\/p>","protected":false},"featured_media":58080,"comment_status":"open","ping_status":"closed","template":"","meta":{"site-sidebar-layout":"default","site-content-layout":"default","ast-site-content-layout":"default","site-content-style":"default","site-sidebar-style":"default","ast-global-header-display":"","ast-banner-title-visibility":"","ast-main-header-display":"","ast-hfb-above-header-display":"","ast-hfb-below-header-display":"","ast-hfb-mobile-header-display":"","site-post-title":"","ast-breadcrumbs-content":"","ast-featured-img":"","footer-sml-layout":"","ast-disable-related-posts":"","theme-transparent-header-meta":"default","adv-header-id-meta":"","stick-header-meta":"default","header-above-stick-meta":"","header-main-stick-meta":"","header-below-stick-meta":"","astra-migrate-meta-layouts":"set","ast-page-background-enabled":"default","ast-page-background-meta":{"desktop":{"background-color":"var(--ast-global-color-4)","background-image":"","background-repeat":"repeat","background-position":"center center","background-size":"auto","background-attachment":"scroll","background-type":"","background-media":"","overlay-type":"","overlay-color":"","overlay-opacity":"","overlay-gradient":""},"tablet":{"background-color":"","background-image":"","background-repeat":"repeat","background-position":"center center","background-size":"auto","background-attachment":"scroll","background-type":"","background-media":"","overlay-type":"","overlay-color":"","overlay-opacity":"","overlay-gradient":""},"mobile":{"background-color":"","background-image":"","background-repeat":"repeat","background-position":"center center","background-size":"auto","background-attachment":"scroll","background-type":"","background-media":"","overlay-type":"","overlay-color":"","overlay-opacity":"","overlay-gradient":""}},"ast-content-background-meta":{"desktop":{"background-color":"var(--ast-global-color-5)","background-image":"","background-repeat":"repeat","background-position":"center center","background-size":"auto","background-attachment":"scroll","background-type":"","background-media":"","overlay-type":"","overlay-color":"","overlay-opacity":"","overlay-gradient":""},"tablet":{"background-color":"var(--ast-global-color-5)","background-image":"","background-repeat":"repeat","background-position":"center center","background-size":"auto","background-attachment":"scroll","background-type":"","background-media":"","overlay-type":"","overlay-color":"","overlay-opacity":"","overlay-gradient":""},"mobile":{"background-color":"var(--ast-global-color-5)","background-image":"","background-repeat":"repeat","background-position":"center center","background-size":"auto","background-attachment":"scroll","background-type":"","background-media":"","overlay-type":"","overlay-color":"","overlay-opacity":"","overlay-gradient":""}}},"product_brand":[],"product_cat":[1803,1997],"product_tag":[101,100,98,48,97,1792,90,91,92,86],"class_list":{"0":"post-58059","1":"product","2":"type-product","3":"status-publish","4":"has-post-thumbnail","6":"product_cat-pen-tattoo-machines","7":"product_cat-wireless-tattoo-machines","8":"product_tag-custom-rotary-machines","9":"product_tag-handmade-rotary-tattoo-machines","10":"product_tag-rotary-tattoo-guns","11":"product_tag-rotary-tattoo-machine","12":"product_tag-rotary-tattoo-pen","13":"product_tag-rotary-tattoomaschinen","14":"product_tag-tattoo-accessories","15":"product_tag-tattoo-equipment","16":"product_tag-tattoo-machines-parts","17":"product_tag-tattoo-needle-supply","18":"pa_brand-rightstuff","19":"desktop-align-center","20":"tablet-align-left","21":"mobile-align-left","22":"ast-product-gallery-layout-horizontal-slider","23":"ast-product-tabs-layout-horizontal","25":"first","26":"instock","27":"taxable","28":"shipping-taxable","29":"purchasable","30":"product-type-simple"},"_links":{"self":[{"href":"https:\/\/rightstuff.eu\/pl\/wp-json\/wp\/v2\/product\/58059","targetHints":{"allow":["GET"]}}],"collection":[{"href":"https:\/\/rightstuff.eu\/pl\/wp-json\/wp\/v2\/product"}],"about":[{"href":"https:\/\/rightstuff.eu\/pl\/wp-json\/wp\/v2\/types\/product"}],"replies":[{"embeddable":true,"href":"https:\/\/rightstuff.eu\/pl\/wp-json\/wp\/v2\/comments?post=58059"}],"version-history":[{"count":0,"href":"https:\/\/rightstuff.eu\/pl\/wp-json\/wp\/v2\/product\/58059\/revisions"}],"wp:featuredmedia":[{"embeddable":true,"href":"https:\/\/rightstuff.eu\/pl\/wp-json\/wp\/v2\/media\/58080"}],"wp:attachment":[{"href":"https:\/\/rightstuff.eu\/pl\/wp-json\/wp\/v2\/media?parent=58059"}],"wp:term":[{"taxonomy":"product_brand","embeddable":true,"href":"https:\/\/rightstuff.eu\/pl\/wp-json\/wp\/v2\/product_brand?post=58059"},{"taxonomy":"product_cat","embeddable":true,"href":"https:\/\/rightstuff.eu\/pl\/wp-json\/wp\/v2\/product_cat?post=58059"},{"taxonomy":"product_tag","embeddable":true,"href":"https:\/\/rightstuff.eu\/pl\/wp-json\/wp\/v2\/product_tag?post=58059"}],"curies":[{"name":"wp","href":"https:\/\/api.w.org\/{rel}","templated":true}]}}