{"id":57677,"date":"2025-04-29T19:03:02","date_gmt":"2025-04-29T17:03:02","guid":{"rendered":"https:\/\/rightstuff.eu\/?post_type=product&#038;p=57677"},"modified":"2025-12-04T13:11:03","modified_gmt":"2025-12-04T12:11:03","slug":"tondaus-skin-marker-sterile","status":"publish","type":"product","link":"https:\/\/rightstuff.eu\/pl\/produkt\/tondaus-skin-marker-sterile\/","title":{"rendered":"Marker do sk\u00f3ry Tondaus Sterylny"},"content":{"rendered":"<p><span class=\"\">Markery chirurgiczne do sk\u00f3ry TONDAUS\u2122 zosta\u0142y zaprojektowane w celu umo\u017cliwienia chirurgowi \u0142atwego oznaczenia wybranych obszar\u00f3w przed lub w trakcie zabiegu. Osi\u0105ga si\u0119 to dzi\u0119ki odpornemu na szorowanie, nietoksycznemu, dobrze widocznemu, fioletowemu roztworowi gencjany. Linijka do\u0142\u0105czona do ka\u017cdego opakowania umo\u017cliwia precyzyjny pomiar (oznaczony w systemie metrycznym i calowym). Jednocze\u015bnie jest elastyczna i dopasowuje si\u0119 do wszystkich kontur\u00f3w cia\u0142a.<\/span><\/p>\n<h3>Charakterystyka:<\/h3>\n<ul>\n<li>dwustronna ko\u0144c\u00f3wka: 0,5 mm i 1,0 mm,<\/li>\n<li>produkt szybkoschn\u0105cy,<\/li>\n<li>odporne na \u015brodki dezynfekuj\u0105ce,<\/li>\n<li>fioletowy,<\/li>\n<li>linijka w zestawie,<\/li>\n<li>dodatkowa skala wydrukowana na znaczniku,<\/li>\n<li>sterylny,<\/li>\n<li>opakowanie: papier-folia.<\/li>\n<\/ul>\n<p>Oferowany przez nas marker chirurgiczny do sk\u00f3ry to produkt, kt\u00f3ry spe\u0142ni nawet najwy\u017csze wymagania. Znacznie u\u0142atwi znakowanie sk\u00f3ry, np. podczas zabieg\u00f3w chirurgicznych. Mo\u017ce by\u0107 stosowany zar\u00f3wno w chirurgii plastycznej, jak i og\u00f3lnej, a tak\u017ce w pracowniach radiologicznych, dermatologicznych czy rentgenowskich.<\/p>\n<p>Produkt jest przeznaczony wy\u0142\u0105cznie do u\u017cytku profesjonalnego.<\/p>","protected":false},"excerpt":{"rendered":"<ul>\n<li>dwustronna ko\u0144c\u00f3wka: 0,5 mm i 1,0 mm,<\/li>\n<li>produkt szybkoschn\u0105cy,<\/li>\n<li>odporne na \u015brodki dezynfekuj\u0105ce,<\/li>\n<li>fioletowy,<\/li>\n<li>linijka w zestawie,<\/li>\n<li>dodatkowa skala wydrukowana na znaczniku,<\/li>\n<li>sterylny,<\/li>\n<li>opakowanie: papier-folia.<\/li>\n<\/ul>","protected":false},"featured_media":57474,"comment_status":"open","ping_status":"closed","template":"","meta":{"site-sidebar-layout":"default","site-content-layout":"","ast-site-content-layout":"default","site-content-style":"default","site-sidebar-style":"default","ast-global-header-display":"","ast-banner-title-visibility":"","ast-main-header-display":"","ast-hfb-above-header-display":"","ast-hfb-below-header-display":"","ast-hfb-mobile-header-display":"","site-post-title":"","ast-breadcrumbs-content":"","ast-featured-img":"","footer-sml-layout":"","ast-disable-related-posts":"","theme-transparent-header-meta":"default","adv-header-id-meta":"","stick-header-meta":"default","header-above-stick-meta":"","header-main-stick-meta":"","header-below-stick-meta":"","astra-migrate-meta-layouts":"set","ast-page-background-enabled":"default","ast-page-background-meta":{"desktop":{"background-color":"var(--ast-global-color-4)","background-image":"","background-repeat":"repeat","background-position":"center center","background-size":"auto","background-attachment":"scroll","background-type":"","background-media":"","overlay-type":"","overlay-color":"","overlay-opacity":"","overlay-gradient":""},"tablet":{"background-color":"","background-image":"","background-repeat":"repeat","background-position":"center center","background-size":"auto","background-attachment":"scroll","background-type":"","background-media":"","overlay-type":"","overlay-color":"","overlay-opacity":"","overlay-gradient":""},"mobile":{"background-color":"","background-image":"","background-repeat":"repeat","background-position":"center center","background-size":"auto","background-attachment":"scroll","background-type":"","background-media":"","overlay-type":"","overlay-color":"","overlay-opacity":"","overlay-gradient":""}},"ast-content-background-meta":{"desktop":{"background-color":"var(--ast-global-color-5)","background-image":"","background-repeat":"repeat","background-position":"center center","background-size":"auto","background-attachment":"scroll","background-type":"","background-media":"","overlay-type":"","overlay-color":"","overlay-opacity":"","overlay-gradient":""},"tablet":{"background-color":"var(--ast-global-color-5)","background-image":"","background-repeat":"repeat","background-position":"center center","background-size":"auto","background-attachment":"scroll","background-type":"","background-media":"","overlay-type":"","overlay-color":"","overlay-opacity":"","overlay-gradient":""},"mobile":{"background-color":"var(--ast-global-color-5)","background-image":"","background-repeat":"repeat","background-position":"center center","background-size":"auto","background-attachment":"scroll","background-type":"","background-media":"","overlay-type":"","overlay-color":"","overlay-opacity":"","overlay-gradient":""}}},"product_brand":[],"product_cat":[1986,2003],"product_tag":[],"class_list":{"0":"post-57677","1":"product","2":"type-product","3":"status-publish","4":"has-post-thumbnail","6":"product_cat-transfer","7":"product_cat-studio-supplies","8":"desktop-align-center","9":"tablet-align-left","10":"mobile-align-left","11":"ast-product-gallery-layout-horizontal-slider","12":"ast-product-tabs-layout-horizontal","14":"first","15":"outofstock","16":"taxable","17":"shipping-taxable","18":"purchasable","19":"product-type-simple"},"_links":{"self":[{"href":"https:\/\/rightstuff.eu\/pl\/wp-json\/wp\/v2\/product\/57677","targetHints":{"allow":["GET"]}}],"collection":[{"href":"https:\/\/rightstuff.eu\/pl\/wp-json\/wp\/v2\/product"}],"about":[{"href":"https:\/\/rightstuff.eu\/pl\/wp-json\/wp\/v2\/types\/product"}],"replies":[{"embeddable":true,"href":"https:\/\/rightstuff.eu\/pl\/wp-json\/wp\/v2\/comments?post=57677"}],"version-history":[{"count":0,"href":"https:\/\/rightstuff.eu\/pl\/wp-json\/wp\/v2\/product\/57677\/revisions"}],"wp:featuredmedia":[{"embeddable":true,"href":"https:\/\/rightstuff.eu\/pl\/wp-json\/wp\/v2\/media\/57474"}],"wp:attachment":[{"href":"https:\/\/rightstuff.eu\/pl\/wp-json\/wp\/v2\/media?parent=57677"}],"wp:term":[{"taxonomy":"product_brand","embeddable":true,"href":"https:\/\/rightstuff.eu\/pl\/wp-json\/wp\/v2\/product_brand?post=57677"},{"taxonomy":"product_cat","embeddable":true,"href":"https:\/\/rightstuff.eu\/pl\/wp-json\/wp\/v2\/product_cat?post=57677"},{"taxonomy":"product_tag","embeddable":true,"href":"https:\/\/rightstuff.eu\/pl\/wp-json\/wp\/v2\/product_tag?post=57677"}],"curies":[{"name":"wp","href":"https:\/\/api.w.org\/{rel}","templated":true}]}}