{"id":57493,"date":"2025-04-25T19:26:50","date_gmt":"2025-04-25T17:26:50","guid":{"rendered":"https:\/\/rightstuff.eu\/?post_type=product&#038;p=57493"},"modified":"2026-01-12T16:03:03","modified_gmt":"2026-01-12T15:03:03","slug":"unistar-tattoo-film-dressing","status":"publish","type":"product","link":"https:\/\/rightstuff.eu\/pl\/produkt\/unistar-tattoo-film-dressing\/","title":{"rendered":"UNISTAR Tattoo Film Dressing"},"content":{"rendered":"<p>Tattoo Film Dressing od UNISTAR to cienka, elastyczna samoprzylepna folia do tatua\u017cu, kt\u00f3ra chroni \u015bwie\u017ce tatua\u017ce i pomaga im si\u0119 goi\u0107!<\/p>\n<p>Folia ta jest elastyczna i rozci\u0105gliwa, co u\u0142atwia jej aplikacj\u0119. Blokuje naturaln\u0105 wilgo\u0107, zapewniaj\u0105c jednocze\u015bnie barier\u0119 przed wod\u0105 i \u015bcieraniem, tworz\u0105c pow\u0142ok\u0119 przeciwdrobnoustrojow\u0105, aby zapobiec przedostawaniu si\u0119 patogen\u00f3w i zanieczyszcze\u0144 do rany.<\/p>\n<div class=\"product-view__tabs__rm-wrapper\">\n<p>Chroni\u0105c tatua\u017c, pozwala r\u00f3wnie\u017c sk\u00f3rze oddycha\u0107, zapobiegaj\u0105c tworzeniu si\u0119 strup\u00f3w i zmniejszaj\u0105c ryzyko infekcji.<\/p>\n<p>W celu u\u017cycia nale\u017cy dok\u0142adnie umy\u0107 \u015bwie\u017cy tatua\u017c i pozostawi\u0107 go do ca\u0142kowitego wyschni\u0119cia. Na\u0142o\u017cy\u0107 opatrunek na sk\u00f3r\u0119, upewniaj\u0105c si\u0119, \u017ce wok\u00f3\u0142 kraw\u0119dzi tatua\u017cu znajduje si\u0119 kilka centymetr\u00f3w.<\/p>\n<p>Wymiary: 15 cm x 10 m<\/p>\n<\/div>","protected":false},"excerpt":{"rendered":"<p>Tattoo Film Dressing od UNISTAR to cienka, elastyczna samoprzylepna folia do tatua\u017cu, kt\u00f3ra chroni \u015bwie\u017ce tatua\u017ce i pomaga im si\u0119 goi\u0107!<\/p>","protected":false},"featured_media":57494,"comment_status":"open","ping_status":"closed","template":"","meta":{"site-sidebar-layout":"default","site-content-layout":"","ast-site-content-layout":"default","site-content-style":"default","site-sidebar-style":"default","ast-global-header-display":"","ast-banner-title-visibility":"","ast-main-header-display":"","ast-hfb-above-header-display":"","ast-hfb-below-header-display":"","ast-hfb-mobile-header-display":"","site-post-title":"","ast-breadcrumbs-content":"","ast-featured-img":"","footer-sml-layout":"","ast-disable-related-posts":"","theme-transparent-header-meta":"default","adv-header-id-meta":"","stick-header-meta":"default","header-above-stick-meta":"","header-main-stick-meta":"","header-below-stick-meta":"","astra-migrate-meta-layouts":"set","ast-page-background-enabled":"default","ast-page-background-meta":{"desktop":{"background-color":"var(--ast-global-color-4)","background-image":"","background-repeat":"repeat","background-position":"center center","background-size":"auto","background-attachment":"scroll","background-type":"","background-media":"","overlay-type":"","overlay-color":"","overlay-opacity":"","overlay-gradient":""},"tablet":{"background-color":"","background-image":"","background-repeat":"repeat","background-position":"center center","background-size":"auto","background-attachment":"scroll","background-type":"","background-media":"","overlay-type":"","overlay-color":"","overlay-opacity":"","overlay-gradient":""},"mobile":{"background-color":"","background-image":"","background-repeat":"repeat","background-position":"center center","background-size":"auto","background-attachment":"scroll","background-type":"","background-media":"","overlay-type":"","overlay-color":"","overlay-opacity":"","overlay-gradient":""}},"ast-content-background-meta":{"desktop":{"background-color":"var(--ast-global-color-5)","background-image":"","background-repeat":"repeat","background-position":"center center","background-size":"auto","background-attachment":"scroll","background-type":"","background-media":"","overlay-type":"","overlay-color":"","overlay-opacity":"","overlay-gradient":""},"tablet":{"background-color":"var(--ast-global-color-5)","background-image":"","background-repeat":"repeat","background-position":"center center","background-size":"auto","background-attachment":"scroll","background-type":"","background-media":"","overlay-type":"","overlay-color":"","overlay-opacity":"","overlay-gradient":""},"mobile":{"background-color":"var(--ast-global-color-5)","background-image":"","background-repeat":"repeat","background-position":"center center","background-size":"auto","background-attachment":"scroll","background-type":"","background-media":"","overlay-type":"","overlay-color":"","overlay-opacity":"","overlay-gradient":""}}},"product_brand":[2008],"product_cat":[2004,2003],"product_tag":[],"class_list":{"0":"post-57493","1":"product","2":"type-product","3":"status-publish","4":"has-post-thumbnail","6":"product_brand-unistar","7":"product_cat-aftercare","8":"product_cat-studio-supplies","9":"desktop-align-center","10":"tablet-align-left","11":"mobile-align-left","12":"ast-product-gallery-layout-horizontal-slider","13":"ast-product-gallery-with-no-image","14":"ast-product-single-variable","15":"ast-product-tabs-layout-horizontal","17":"first","18":"instock","19":"taxable","20":"shipping-taxable","21":"purchasable","22":"product-type-variable"},"_links":{"self":[{"href":"https:\/\/rightstuff.eu\/pl\/wp-json\/wp\/v2\/product\/57493","targetHints":{"allow":["GET"]}}],"collection":[{"href":"https:\/\/rightstuff.eu\/pl\/wp-json\/wp\/v2\/product"}],"about":[{"href":"https:\/\/rightstuff.eu\/pl\/wp-json\/wp\/v2\/types\/product"}],"replies":[{"embeddable":true,"href":"https:\/\/rightstuff.eu\/pl\/wp-json\/wp\/v2\/comments?post=57493"}],"version-history":[{"count":0,"href":"https:\/\/rightstuff.eu\/pl\/wp-json\/wp\/v2\/product\/57493\/revisions"}],"wp:featuredmedia":[{"embeddable":true,"href":"https:\/\/rightstuff.eu\/pl\/wp-json\/wp\/v2\/media\/57494"}],"wp:attachment":[{"href":"https:\/\/rightstuff.eu\/pl\/wp-json\/wp\/v2\/media?parent=57493"}],"wp:term":[{"taxonomy":"product_brand","embeddable":true,"href":"https:\/\/rightstuff.eu\/pl\/wp-json\/wp\/v2\/product_brand?post=57493"},{"taxonomy":"product_cat","embeddable":true,"href":"https:\/\/rightstuff.eu\/pl\/wp-json\/wp\/v2\/product_cat?post=57493"},{"taxonomy":"product_tag","embeddable":true,"href":"https:\/\/rightstuff.eu\/pl\/wp-json\/wp\/v2\/product_tag?post=57493"}],"curies":[{"name":"wp","href":"https:\/\/api.w.org\/{rel}","templated":true}]}}