{"id":57482,"date":"2025-04-25T14:05:18","date_gmt":"2025-04-25T12:05:18","guid":{"rendered":"https:\/\/rightstuff.eu\/?post_type=product&#038;p=57482"},"modified":"2025-04-25T14:05:47","modified_gmt":"2025-04-25T12:05:47","slug":"neba-tattoo-and-daily-skin-care-butter-200-ml","status":"publish","type":"product","link":"https:\/\/rightstuff.eu\/pl\/produkt\/neba-tattoo-and-daily-skin-care-butter-200-ml\/","title":{"rendered":"Neba Mas\u0142o do tatua\u017cu i codziennej piel\u0119gnacji sk\u00f3ry 200 ml"},"content":{"rendered":"<p class=\"\" data-start=\"164\" data-end=\"295\">Kremowe mas\u0142o do tatua\u017cu, sk\u0142adaj\u0105ce si\u0119 z 97% naturalnych sk\u0142adnik\u00f3w, zapewnia uczucie wyg\u0142adzenia, nawil\u017cenia i ukojenia sk\u00f3ry.<\/p>\n<p class=\"\" data-start=\"297\" data-end=\"323\">Zapach: <strong>Czarna Magnolia<\/strong>.<\/p>\n<p class=\"\" data-start=\"325\" data-end=\"439\">Mas\u0142o bardzo dobrze si\u0119 wch\u0142ania, piel\u0119gnuje zagojone tatua\u017ce i jest wysoce tolerowane nawet przez wymagaj\u0105c\u0105, wra\u017cliw\u0105 sk\u00f3r\u0119.<\/p>\n<p class=\"\" data-start=\"441\" data-end=\"485\">Co nadaje temu mas\u0142u niesamowit\u0105 moc?<\/p>\n<p class=\"\" data-start=\"487\" data-end=\"577\">To dzi\u0119ki starannie wyselekcjonowanym, unikalnym sk\u0142adnikom aktywnym, kt\u00f3re przynios\u0105 korzy\u015bci Twojej sk\u00f3rze:<\/p>\n<ul>\n<li data-start=\"579\" data-end=\"706\">olej s\u0142onecznikowy<\/li>\n<li data-start=\"579\" data-end=\"706\">witamina E<\/li>\n<li data-start=\"579\" data-end=\"706\">mas\u0142o shea<\/li>\n<li data-start=\"579\" data-end=\"706\">olej tamanu<\/li>\n<li data-start=\"579\" data-end=\"706\">ekstrakt z zielonej herbaty<\/li>\n<li data-start=\"579\" data-end=\"706\">olej ry\u017cowy<\/li>\n<li data-start=\"579\" data-end=\"706\">mas\u0142o mango<\/li>\n<li data-start=\"579\" data-end=\"706\">olej kokosowy<\/li>\n<li data-start=\"579\" data-end=\"706\">mas\u0142o kakaowe<\/li>\n<\/ul>","protected":false},"excerpt":{"rendered":"<ul>\n<li>idealny do codziennej piel\u0119gnacji ca\u0142ego cia\u0142a i zagojonych tatua\u017cy<\/li>\n<li>zapewnia uczucie intensywnego nawil\u017cenia sk\u00f3ry<\/li>\n<\/ul>","protected":false},"featured_media":57473,"comment_status":"open","ping_status":"closed","template":"","meta":{"site-sidebar-layout":"default","site-content-layout":"","ast-site-content-layout":"default","site-content-style":"default","site-sidebar-style":"default","ast-global-header-display":"","ast-banner-title-visibility":"","ast-main-header-display":"","ast-hfb-above-header-display":"","ast-hfb-below-header-display":"","ast-hfb-mobile-header-display":"","site-post-title":"","ast-breadcrumbs-content":"","ast-featured-img":"","footer-sml-layout":"","ast-disable-related-posts":"","theme-transparent-header-meta":"default","adv-header-id-meta":"","stick-header-meta":"default","header-above-stick-meta":"","header-main-stick-meta":"","header-below-stick-meta":"","astra-migrate-meta-layouts":"set","ast-page-background-enabled":"default","ast-page-background-meta":{"desktop":{"background-color":"var(--ast-global-color-4)","background-image":"","background-repeat":"repeat","background-position":"center center","background-size":"auto","background-attachment":"scroll","background-type":"","background-media":"","overlay-type":"","overlay-color":"","overlay-opacity":"","overlay-gradient":""},"tablet":{"background-color":"","background-image":"","background-repeat":"repeat","background-position":"center center","background-size":"auto","background-attachment":"scroll","background-type":"","background-media":"","overlay-type":"","overlay-color":"","overlay-opacity":"","overlay-gradient":""},"mobile":{"background-color":"","background-image":"","background-repeat":"repeat","background-position":"center center","background-size":"auto","background-attachment":"scroll","background-type":"","background-media":"","overlay-type":"","overlay-color":"","overlay-opacity":"","overlay-gradient":""}},"ast-content-background-meta":{"desktop":{"background-color":"var(--ast-global-color-5)","background-image":"","background-repeat":"repeat","background-position":"center center","background-size":"auto","background-attachment":"scroll","background-type":"","background-media":"","overlay-type":"","overlay-color":"","overlay-opacity":"","overlay-gradient":""},"tablet":{"background-color":"var(--ast-global-color-5)","background-image":"","background-repeat":"repeat","background-position":"center center","background-size":"auto","background-attachment":"scroll","background-type":"","background-media":"","overlay-type":"","overlay-color":"","overlay-opacity":"","overlay-gradient":""},"mobile":{"background-color":"var(--ast-global-color-5)","background-image":"","background-repeat":"repeat","background-position":"center center","background-size":"auto","background-attachment":"scroll","background-type":"","background-media":"","overlay-type":"","overlay-color":"","overlay-opacity":"","overlay-gradient":""}}},"product_brand":[2005],"product_cat":[2004,2003],"product_tag":[],"class_list":{"0":"post-57482","1":"product","2":"type-product","3":"status-publish","4":"has-post-thumbnail","6":"product_brand-neba","7":"product_cat-aftercare","8":"product_cat-studio-supplies","9":"desktop-align-center","10":"tablet-align-left","11":"mobile-align-left","12":"ast-product-gallery-layout-horizontal-slider","13":"ast-product-gallery-with-no-image","14":"ast-product-tabs-layout-horizontal","16":"first","17":"outofstock","18":"taxable","19":"shipping-taxable","20":"purchasable","21":"product-type-simple"},"_links":{"self":[{"href":"https:\/\/rightstuff.eu\/pl\/wp-json\/wp\/v2\/product\/57482","targetHints":{"allow":["GET"]}}],"collection":[{"href":"https:\/\/rightstuff.eu\/pl\/wp-json\/wp\/v2\/product"}],"about":[{"href":"https:\/\/rightstuff.eu\/pl\/wp-json\/wp\/v2\/types\/product"}],"replies":[{"embeddable":true,"href":"https:\/\/rightstuff.eu\/pl\/wp-json\/wp\/v2\/comments?post=57482"}],"version-history":[{"count":0,"href":"https:\/\/rightstuff.eu\/pl\/wp-json\/wp\/v2\/product\/57482\/revisions"}],"wp:featuredmedia":[{"embeddable":true,"href":"https:\/\/rightstuff.eu\/pl\/wp-json\/wp\/v2\/media\/57473"}],"wp:attachment":[{"href":"https:\/\/rightstuff.eu\/pl\/wp-json\/wp\/v2\/media?parent=57482"}],"wp:term":[{"taxonomy":"product_brand","embeddable":true,"href":"https:\/\/rightstuff.eu\/pl\/wp-json\/wp\/v2\/product_brand?post=57482"},{"taxonomy":"product_cat","embeddable":true,"href":"https:\/\/rightstuff.eu\/pl\/wp-json\/wp\/v2\/product_cat?post=57482"},{"taxonomy":"product_tag","embeddable":true,"href":"https:\/\/rightstuff.eu\/pl\/wp-json\/wp\/v2\/product_tag?post=57482"}],"curies":[{"name":"wp","href":"https:\/\/api.w.org\/{rel}","templated":true}]}}