{"id":57218,"date":"2025-02-13T19:44:41","date_gmt":"2025-02-13T18:44:41","guid":{"rendered":"https:\/\/rightstuff.eu\/?post_type=product&#038;p=57218"},"modified":"2026-04-02T23:42:35","modified_gmt":"2026-04-02T21:42:35","slug":"wireless-tattoo-machine-revo","status":"publish","type":"product","link":"https:\/\/rightstuff.eu\/pl\/produkt\/wireless-tattoo-machine-revo\/","title":{"rendered":"Bezprzewodowa maszynka do tatua\u017cu REVO"},"content":{"rendered":"<div id=\"model-response-message-contentr_45e9a586cfd6033b\" class=\"markdown markdown-main-panel\" dir=\"ltr\">\n<div id=\"model-response-message-contentr_45e9a586cfd6033b\" class=\"markdown markdown-main-panel\" dir=\"ltr\">\n<h1>Bezprzewodowa maszynka do tatua\u017cu REVO<\/h1>\n<div><\/div>\n<h2>Powered by<\/h2>\n<h2>K-PULSE\u2122<\/h2>\n<div><\/div>\n<h3>Kontroluj puls.<\/h3>\n<div><\/div>\n<h3>Kontroluj wynik.<\/h3>\n<hr \/>\n<h2>A gdyby maszynki do tatua\u017cu przesta\u0142y polega\u0107 na sile?<\/h2>\n<div><\/div>\n<div>Wi\u0119kszo\u015b\u0107 maszynek do tatua\u017cu opiera si\u0119 na jednym pomy\u015ble:<\/div>\n<div>uderzaj mocniej, pchaj wi\u0119cej, kompensuj moc\u0105.<\/div>\n<div><\/div>\n<div>REVO jest inne.<\/div>\n<div><\/div>\n<div>Jest on zbudowany wok\u00f3\u0142 K-PULSE\u2122 -<\/div>\n<div>Opatentowana technologia nap\u0119du zaprojektowana do kontrolowania dostarczania energii i przyspieszenia podczas skoku ig\u0142y.<\/div>\n<div><\/div>\n<div>Nie wi\u0119cej mocy.<\/div>\n<div>Lepsze jego wykorzystanie.<\/div>\n<hr \/>\n<h2>Przedstawiamy technologi\u0119 nap\u0119du K-PULSE<\/h2>\n<div><\/div>\n<div>K-PULSE\u2122 to koncepcja nap\u0119du opartego na przyspieszeniu, koncentruj\u0105ca si\u0119 na zachowaniu ruchu pod obci\u0105\u017ceniem, a nie na brutalnej sile.<\/div>\n<div><\/div>\n<div>Zamiast wbija\u0107 ig\u0142\u0119 przez sk\u00f3r\u0119,<\/div>\n<div>K-PULSE\u2122 optymalizuje zachowanie skoku dok\u0142adnie w momencie, gdy penetracja ma najwi\u0119ksze znaczenie.<\/div>\n<div><\/div>\n<div>Co czuj\u0105 arty\u015bci:<\/div>\n<ul>\n<li>P\u0142ynniejsze wej\u015bcie<\/li>\n<li>mniejszy op\u00f3r ze strony sk\u00f3ry<\/li>\n<li>zmniejszona potrzeba nacisku<\/li>\n<li>czystsze wyniki przy pierwszym przej\u015bciu<\/li>\n<\/ul>\n<div><\/div>\n<div>To nie jest oprogramowanie.<\/div>\n<div>Jest to zachowanie mechaniczne, dostosowane do sk\u00f3ry.<\/div>\n<hr \/>\n<h2>Dlaczego przyspieszenie ma wi\u0119ksze znaczenie ni\u017c si\u0142a<\/h2>\n<div><\/div>\n<div>Sk\u00f3ra nie reaguje na zasilanie -<\/div>\n<div>reaguje na to, jak szybko i czysto ig\u0142a wchodzi.<\/div>\n<div><\/div>\n<div>K-PULSE\u2122 redystrybuuje energi\u0119 podczas skoku, pozwalaj\u0105c igle porusza\u0107 si\u0119 z wi\u0119kszym efektywnym przyspieszeniem podczas penetracji, bez zwi\u0119kszania napi\u0119cia lub nacisku d\u0142oni.<\/div>\n<div><\/div>\n<div>Wynik:<\/div>\n<ul>\n<li>czystsza penetracja<\/li>\n<li>Bardziej sp\u00f3jne rozmieszczenie pigmentu<\/li>\n<li>mniej przepracowania<\/li>\n<li>\u0142agodniejsze gojenie<\/li>\n<\/ul>\n<div><\/div>\n<div>Od razu poczujesz r\u00f3\u017cnic\u0119.<\/div>\n<hr \/>\n<h2>Stabilno\u015b\u0107 bez spr\u0119\u017cyn<\/h2>\n<div><\/div>\n<div>K-PULSE\u2122 jest zbudowany wok\u00f3\u0142 mechanicznie stabilizowanego ruchu, a nie napi\u0119cia spr\u0119\u017cyny.<\/div>\n<div><\/div>\n<div>Oznacza to:<\/div>\n<ul>\n<li>zmniejszone wibracje<\/li>\n<li>cichsza praca<\/li>\n<li>sp\u00f3jne dzia\u0142anie dla r\u00f3\u017cnych typ\u00f3w sk\u00f3ry<\/li>\n<li>niezawodne dzia\u0142anie przy ni\u017cszym napi\u0119ciu<\/li>\n<\/ul>\n<div><\/div>\n<div>Maszyna pozostaje przewidywalna -<\/div>\n<div>nawet gdy zmieniaj\u0105 si\u0119 warunki.<\/div>\n<hr \/>\n<h2>Zaprojektowany wok\u00f3\u0142 d\u0142oni artysty<\/h2>\n<div><\/div>\n<div>Z REVO powered by K-PULSE\u2122:<\/div>\n<ul>\n<li>TY kierujesz maszyn\u0105, zamiast z ni\u0105 walczy\u0107<\/li>\n<li>ci\u015bnienie staje si\u0119 minimalne<\/li>\n<li>ruch staje si\u0119 spokojniejszy<\/li>\n<li>D\u0142ugie sesje s\u0105 \u0142atwiejsze<\/li>\n<\/ul>\n<div><\/div>\n<div>Urz\u0105dzenie dostosowuje si\u0119 do techniki u\u017cytkownika -<\/div>\n<div>nie na odwr\u00f3t.<\/div>\n<hr \/>\n<h2>Dla do\u015bwiadczonych artyst\u00f3w<\/h2>\n<div><\/div>\n<div>K-PULSE\u2122 zapewnia powtarzalno\u015b\u0107.<\/div>\n<div><\/div>\n<div>Ka\u017cde przej\u015bcie zachowuje si\u0119 tak samo.<\/div>\n<div>Ka\u017cda linijka wydaje si\u0119 znajoma.<\/div>\n<div>\u017badnych niespodzianek w po\u0142owie skoku.<\/div>\n<div><\/div>\n<div>REVO staje si\u0119 przed\u0142u\u017ceniem Twojej d\u0142oni,<\/div>\n<div>nie jest zmienn\u0105, kt\u00f3r\u0105 trzeba zarz\u0105dza\u0107.<\/div>\n<hr \/>\n<h2>Dla pocz\u0105tkuj\u0105cych artyst\u00f3w<\/h2>\n<div><\/div>\n<div>Dobra maszyna nie powinna ukrywa\u0107 b\u0142\u0119d\u00f3w -<\/div>\n<div>ale nie powinien te\u017c tworzy\u0107 dodatkowych.<\/div>\n<div><\/div>\n<div>K-PULSE\u2122 pomaga zrozumie\u0107:<\/div>\n<ul>\n<li>g\u0142\u0119boko\u015b\u0107<\/li>\n<li>ci\u015bnienie<\/li>\n<li>pr\u0119dko\u015b\u0107<\/li>\n<li>reakcja ig\u0142y<\/li>\n<\/ul>\n<div><\/div>\n<div>Szybsza nauka.<\/div>\n<div>Prace porz\u0105dkowe.<\/div>\n<div>Wi\u0119cej zaufania.<\/div>\n<hr \/>\n<h2>Nie trend. Nie rebranding.<\/h2>\n<div><\/div>\n<div>Bezprzewodowa maszynka do tatua\u017cu REVO powered by K-PULSE\u2122 nie jest zaktualizowan\u0105 wersj\u0105 starego pomys\u0142u.<\/div>\n<div><\/div>\n<div>To inne podej\u015bcie do tego, jak powinna zachowywa\u0107 si\u0119 maszynka do tatua\u017cu.<\/div>\n<div>Zbudowany od podstaw z my\u015bl\u0105 o ruchu, stabilno\u015bci i interakcji ze sk\u00f3r\u0105.<\/div>\n<div><\/div>\n<div>Bez szumu.<\/div>\n<div>\u017badnych sztuczek.<\/div>\n<div>Tylko in\u017cynieria, kt\u00f3r\u0105 mo\u017cna poczu\u0107.<\/div>\n<hr \/>\n<h2>REVO<\/h2>\n<div><\/div>\n<h3>Powered by<\/h3>\n<h3>K-PULSE\u2122<\/h3>\n<div><\/div>\n<div>Maszynka do tatua\u017cu dla artyst\u00f3w<\/div>\n<div>kt\u00f3rzy wybieraj\u0105 kontrol\u0119 nad si\u0142\u0105<\/div>\n<div>i wyniki ponad obietnice.<\/div>\n<\/div>\n<\/div>","protected":false},"excerpt":{"rendered":"<p class=\"p1\">Pierwszy bezprzewodowy d\u0142ugopis z <strong>dawka mechaniczna<\/strong> \u2014 and the only one with two mechanical modes.<\/p>\n<p class=\"p1\">Wra\u017cenie cewki. Swoboda obrotu. Do 12 godzin pracy bezprzewodowej.<\/p>","protected":false},"featured_media":58425,"comment_status":"open","ping_status":"closed","template":"","meta":{"site-sidebar-layout":"default","site-content-layout":"default","ast-site-content-layout":"default","site-content-style":"default","site-sidebar-style":"default","ast-global-header-display":"","ast-banner-title-visibility":"","ast-main-header-display":"","ast-hfb-above-header-display":"","ast-hfb-below-header-display":"","ast-hfb-mobile-header-display":"","site-post-title":"","ast-breadcrumbs-content":"","ast-featured-img":"","footer-sml-layout":"","ast-disable-related-posts":"","theme-transparent-header-meta":"default","adv-header-id-meta":"","stick-header-meta":"default","header-above-stick-meta":"","header-main-stick-meta":"","header-below-stick-meta":"","astra-migrate-meta-layouts":"set","ast-page-background-enabled":"default","ast-page-background-meta":{"desktop":{"background-color":"var(--ast-global-color-4)","background-image":"","background-repeat":"repeat","background-position":"center center","background-size":"auto","background-attachment":"scroll","background-type":"","background-media":"","overlay-type":"","overlay-color":"","overlay-opacity":"","overlay-gradient":""},"tablet":{"background-color":"","background-image":"","background-repeat":"repeat","background-position":"center center","background-size":"auto","background-attachment":"scroll","background-type":"","background-media":"","overlay-type":"","overlay-color":"","overlay-opacity":"","overlay-gradient":""},"mobile":{"background-color":"","background-image":"","background-repeat":"repeat","background-position":"center center","background-size":"auto","background-attachment":"scroll","background-type":"","background-media":"","overlay-type":"","overlay-color":"","overlay-opacity":"","overlay-gradient":""}},"ast-content-background-meta":{"desktop":{"background-color":"var(--ast-global-color-5)","background-image":"","background-repeat":"repeat","background-position":"center center","background-size":"auto","background-attachment":"scroll","background-type":"","background-media":"","overlay-type":"","overlay-color":"","overlay-opacity":"","overlay-gradient":""},"tablet":{"background-color":"var(--ast-global-color-5)","background-image":"","background-repeat":"repeat","background-position":"center center","background-size":"auto","background-attachment":"scroll","background-type":"","background-media":"","overlay-type":"","overlay-color":"","overlay-opacity":"","overlay-gradient":""},"mobile":{"background-color":"var(--ast-global-color-5)","background-image":"","background-repeat":"repeat","background-position":"center center","background-size":"auto","background-attachment":"scroll","background-type":"","background-media":"","overlay-type":"","overlay-color":"","overlay-opacity":"","overlay-gradient":""}}},"product_brand":[],"product_cat":[1997,1803],"product_tag":[101,93,100,99,53,1798,50,87,2019,98,48,97,1792,71,91,95,52,41,51],"class_list":{"0":"post-57218","1":"product","2":"type-product","3":"status-publish","4":"has-post-thumbnail","6":"product_cat-wireless-tattoo-machines","7":"product_cat-pen-tattoo-machines","8":"product_tag-custom-rotary-machines","9":"product_tag-custom-tattoo-guns","10":"product_tag-handmade-rotary-tattoo-machines","11":"product_tag-handmade-tattoo-machines","12":"product_tag-hornet-tattoo-machine","13":"product_tag-maquinas-rotativas-de-tatuaje","14":"product_tag-pen-tattoo-machine","15":"product_tag-professional-tattoo-machines","16":"product_tag-revoblk","17":"product_tag-rotary-tattoo-guns","18":"product_tag-rotary-tattoo-machine","19":"product_tag-rotary-tattoo-pen","20":"product_tag-rotary-tattoomaschinen","21":"product_tag-tattoo-cartridges","22":"product_tag-tattoo-equipment","23":"product_tag-tattoo-guns","24":"product_tag-tattoo-machine-pen","25":"product_tag-tattoo-machines","26":"product_tag-tattoo-pen","27":"desktop-align-center","28":"tablet-align-left","29":"mobile-align-left","30":"ast-product-gallery-layout-horizontal-slider","31":"ast-product-single-variable","32":"ast-product-tabs-layout-horizontal","34":"first","35":"instock","36":"taxable","37":"shipping-taxable","38":"purchasable","39":"product-type-variable","40":"has-default-attributes"},"_links":{"self":[{"href":"https:\/\/rightstuff.eu\/pl\/wp-json\/wp\/v2\/product\/57218","targetHints":{"allow":["GET"]}}],"collection":[{"href":"https:\/\/rightstuff.eu\/pl\/wp-json\/wp\/v2\/product"}],"about":[{"href":"https:\/\/rightstuff.eu\/pl\/wp-json\/wp\/v2\/types\/product"}],"replies":[{"embeddable":true,"href":"https:\/\/rightstuff.eu\/pl\/wp-json\/wp\/v2\/comments?post=57218"}],"version-history":[{"count":0,"href":"https:\/\/rightstuff.eu\/pl\/wp-json\/wp\/v2\/product\/57218\/revisions"}],"wp:featuredmedia":[{"embeddable":true,"href":"https:\/\/rightstuff.eu\/pl\/wp-json\/wp\/v2\/media\/58425"}],"wp:attachment":[{"href":"https:\/\/rightstuff.eu\/pl\/wp-json\/wp\/v2\/media?parent=57218"}],"wp:term":[{"taxonomy":"product_brand","embeddable":true,"href":"https:\/\/rightstuff.eu\/pl\/wp-json\/wp\/v2\/product_brand?post=57218"},{"taxonomy":"product_cat","embeddable":true,"href":"https:\/\/rightstuff.eu\/pl\/wp-json\/wp\/v2\/product_cat?post=57218"},{"taxonomy":"product_tag","embeddable":true,"href":"https:\/\/rightstuff.eu\/pl\/wp-json\/wp\/v2\/product_tag?post=57218"}],"curies":[{"name":"wp","href":"https:\/\/api.w.org\/{rel}","templated":true}]}}