{"id":56441,"date":"2024-11-27T18:25:15","date_gmt":"2024-11-27T17:25:15","guid":{"rendered":"https:\/\/rightstuff.eu\/?post_type=product&#038;p=56441"},"modified":"2025-04-26T12:31:47","modified_gmt":"2025-04-26T10:31:47","slug":"spirit-classic-transfer-cream","status":"publish","type":"product","link":"https:\/\/rightstuff.eu\/pl\/produkt\/spirit-classic-transfer-cream\/","title":{"rendered":"Spirit Classic Transfer Cream"},"content":{"rendered":"<p data-children-count=\"0\">Spirit Transfer Cream to jedyny \u015brodek do transferu szablon\u00f3w zaprojektowany specjalnie do pracy z papierami Spirit Tattoo Transfer Papers. Zaprojektowany, aby zmaksymalizowa\u0107 jako\u015b\u0107 transferu obrazu poprzez \"aktywacj\u0119\" wosku w celu uzyskania doskona\u0142ej przejrzysto\u015bci na sk\u00f3rze. Co to oznacza? Transfery s\u0105 niezwykle ostre i jasne. D\u0142ugotrwa\u0142e szablony, kt\u00f3re pozwalaj\u0105 profesjonalnym artystom na wykonywanie wielu sesji bez dotykania szablonu. A co najlepsze, u\u017cywamy wy\u0142\u0105cznie sk\u0142adnik\u00f3w klasy kosmetycznej, wi\u0119c nasz krem jest bezpieczny dla wszystkich rodzaj\u00f3w sk\u00f3ry i certyfikowany jako wega\u0144ski!<\/p>\n<ul data-children-count=\"0\">\n<li>Krem transferowy Spirit Classic dzia\u0142a najlepiej z papierami transferowymi Spirit\u00ae Classic.<\/li>\n<li>Dost\u0119pny w butelkach o pojemno\u015bci 1 lub 8 uncji.<span class=\"redactor-invisible-space\"><br \/>\n<\/span><\/li>\n<li>Certyfikowany weganin!<\/li>\n<\/ul>","protected":false},"excerpt":{"rendered":"<ul data-children-count=\"0\">\n<li>Krem transferowy Spirit Classic dzia\u0142a najlepiej z papierami transferowymi Spirit\u00ae Classic.<\/li>\n<li>Dost\u0119pne w butelkach o pojemno\u015bci 1, 2, 4 lub 8 uncji.<span class=\"redactor-invisible-space\"><br \/>\n<\/span><\/li>\n<li>Certyfikowany weganin!<\/li>\n<\/ul>","protected":false},"featured_media":56550,"comment_status":"open","ping_status":"closed","template":"","meta":{"site-sidebar-layout":"default","site-content-layout":"","ast-site-content-layout":"default","site-content-style":"default","site-sidebar-style":"default","ast-global-header-display":"","ast-banner-title-visibility":"","ast-main-header-display":"","ast-hfb-above-header-display":"","ast-hfb-below-header-display":"","ast-hfb-mobile-header-display":"","site-post-title":"","ast-breadcrumbs-content":"","ast-featured-img":"","footer-sml-layout":"","ast-disable-related-posts":"","theme-transparent-header-meta":"default","adv-header-id-meta":"","stick-header-meta":"default","header-above-stick-meta":"","header-main-stick-meta":"","header-below-stick-meta":"","astra-migrate-meta-layouts":"set","ast-page-background-enabled":"default","ast-page-background-meta":{"desktop":{"background-color":"var(--ast-global-color-4)","background-image":"","background-repeat":"repeat","background-position":"center center","background-size":"auto","background-attachment":"scroll","background-type":"","background-media":"","overlay-type":"","overlay-color":"","overlay-opacity":"","overlay-gradient":""},"tablet":{"background-color":"","background-image":"","background-repeat":"repeat","background-position":"center center","background-size":"auto","background-attachment":"scroll","background-type":"","background-media":"","overlay-type":"","overlay-color":"","overlay-opacity":"","overlay-gradient":""},"mobile":{"background-color":"","background-image":"","background-repeat":"repeat","background-position":"center center","background-size":"auto","background-attachment":"scroll","background-type":"","background-media":"","overlay-type":"","overlay-color":"","overlay-opacity":"","overlay-gradient":""}},"ast-content-background-meta":{"desktop":{"background-color":"var(--ast-global-color-5)","background-image":"","background-repeat":"repeat","background-position":"center center","background-size":"auto","background-attachment":"scroll","background-type":"","background-media":"","overlay-type":"","overlay-color":"","overlay-opacity":"","overlay-gradient":""},"tablet":{"background-color":"var(--ast-global-color-5)","background-image":"","background-repeat":"repeat","background-position":"center center","background-size":"auto","background-attachment":"scroll","background-type":"","background-media":"","overlay-type":"","overlay-color":"","overlay-opacity":"","overlay-gradient":""},"mobile":{"background-color":"var(--ast-global-color-5)","background-image":"","background-repeat":"repeat","background-position":"center center","background-size":"auto","background-attachment":"scroll","background-type":"","background-media":"","overlay-type":"","overlay-color":"","overlay-opacity":"","overlay-gradient":""}}},"product_brand":[],"product_cat":[1986,1985],"product_tag":[],"class_list":{"0":"post-56441","1":"product","2":"type-product","3":"status-publish","4":"has-post-thumbnail","6":"product_cat-transfer","7":"product_cat-tattoo-supply","8":"desktop-align-center","9":"tablet-align-left","10":"mobile-align-left","11":"ast-product-gallery-layout-horizontal-slider","12":"ast-product-gallery-with-no-image","13":"ast-product-single-variable","14":"ast-product-tabs-layout-horizontal","16":"first","17":"outofstock","18":"taxable","19":"shipping-taxable","20":"purchasable","21":"product-type-variable"},"_links":{"self":[{"href":"https:\/\/rightstuff.eu\/pl\/wp-json\/wp\/v2\/product\/56441","targetHints":{"allow":["GET"]}}],"collection":[{"href":"https:\/\/rightstuff.eu\/pl\/wp-json\/wp\/v2\/product"}],"about":[{"href":"https:\/\/rightstuff.eu\/pl\/wp-json\/wp\/v2\/types\/product"}],"replies":[{"embeddable":true,"href":"https:\/\/rightstuff.eu\/pl\/wp-json\/wp\/v2\/comments?post=56441"}],"version-history":[{"count":0,"href":"https:\/\/rightstuff.eu\/pl\/wp-json\/wp\/v2\/product\/56441\/revisions"}],"wp:featuredmedia":[{"embeddable":true,"href":"https:\/\/rightstuff.eu\/pl\/wp-json\/wp\/v2\/media\/56550"}],"wp:attachment":[{"href":"https:\/\/rightstuff.eu\/pl\/wp-json\/wp\/v2\/media?parent=56441"}],"wp:term":[{"taxonomy":"product_brand","embeddable":true,"href":"https:\/\/rightstuff.eu\/pl\/wp-json\/wp\/v2\/product_brand?post=56441"},{"taxonomy":"product_cat","embeddable":true,"href":"https:\/\/rightstuff.eu\/pl\/wp-json\/wp\/v2\/product_cat?post=56441"},{"taxonomy":"product_tag","embeddable":true,"href":"https:\/\/rightstuff.eu\/pl\/wp-json\/wp\/v2\/product_tag?post=56441"}],"curies":[{"name":"wp","href":"https:\/\/api.w.org\/{rel}","templated":true}]}}