{"id":56290,"date":"2024-11-22T17:17:26","date_gmt":"2024-11-22T16:17:26","guid":{"rendered":"https:\/\/rightstuff.eu\/?post_type=product&#038;p=56290"},"modified":"2025-08-13T14:53:43","modified_gmt":"2025-08-13T12:53:43","slug":"eternal-ink-papaya","status":"publish","type":"product","link":"https:\/\/rightstuff.eu\/pl\/produkt\/eternal-ink-papaya\/","title":{"rendered":"Eternal Ink - Papaya (30 ml)"},"content":{"rendered":"<p>Eternal Ink Papaya to ciep\u0142a i atrakcyjna opcja r\u00f3\u017cu w odcieniu sk\u00f3ry, kt\u00f3ra zapewnia szerok\u0105 liczb\u0119 mo\u017cliwych zastosowa\u0144, zar\u00f3wno jako tusz do tatua\u017cu portretowego, jak i tusz og\u00f3lnego przeznaczenia. Odcie\u0144 jest wystarczaj\u0105co mi\u0119kki, aby umo\u017cliwi\u0107 u\u017cycie tuszu na du\u017cym obszarze, a jednocze\u015bnie wystarczaj\u0105co odwa\u017cny, aby zapewni\u0107 wi\u0119ksz\u0105 g\u0142\u0119bi\u0119 portretowi i oczywi\u015bcie \u0142atwo \u0142\u0105czy si\u0119 z wyborem innych odcieni i kolor\u00f3w sk\u00f3ry, co czyni go idealn\u0105 opcj\u0105 do wykorzystania w pracach portretowych. Tusz jest nietoksyczny i organiczny, co zapewnia, \u017ce jest to tusz dobrej jako\u015bci, a tak\u017ce ma mocny, d\u0142ugotrwa\u0142y kolor i oczywi\u015bcie zapewniamy, \u017ce wszystkie nasze tusze s\u0105 sterylizowane, wi\u0119c mo\u017cesz by\u0107 pewien, \u017ce s\u0105 czyste.<\/p>","protected":false},"excerpt":{"rendered":"<p>Eternal Ink Papaya to ciep\u0142a i atrakcyjna opcja r\u00f3\u017cu w odcieniu sk\u00f3ry, kt\u00f3ra zapewnia szerok\u0105 liczb\u0119 mo\u017cliwych zastosowa\u0144, zar\u00f3wno jako tusz do tatua\u017cu portretowego, jak i tusz og\u00f3lnego przeznaczenia.<\/p>","protected":false},"featured_media":56267,"comment_status":"closed","ping_status":"closed","template":"","meta":{"site-sidebar-layout":"default","site-content-layout":"","ast-site-content-layout":"default","site-content-style":"default","site-sidebar-style":"default","ast-global-header-display":"","ast-banner-title-visibility":"","ast-main-header-display":"","ast-hfb-above-header-display":"","ast-hfb-below-header-display":"","ast-hfb-mobile-header-display":"","site-post-title":"","ast-breadcrumbs-content":"","ast-featured-img":"","footer-sml-layout":"","ast-disable-related-posts":"","theme-transparent-header-meta":"default","adv-header-id-meta":"","stick-header-meta":"default","header-above-stick-meta":"","header-main-stick-meta":"","header-below-stick-meta":"","astra-migrate-meta-layouts":"set","ast-page-background-enabled":"default","ast-page-background-meta":{"desktop":{"background-color":"var(--ast-global-color-4)","background-image":"","background-repeat":"repeat","background-position":"center center","background-size":"auto","background-attachment":"scroll","background-type":"","background-media":"","overlay-type":"","overlay-color":"","overlay-opacity":"","overlay-gradient":""},"tablet":{"background-color":"","background-image":"","background-repeat":"repeat","background-position":"center center","background-size":"auto","background-attachment":"scroll","background-type":"","background-media":"","overlay-type":"","overlay-color":"","overlay-opacity":"","overlay-gradient":""},"mobile":{"background-color":"","background-image":"","background-repeat":"repeat","background-position":"center center","background-size":"auto","background-attachment":"scroll","background-type":"","background-media":"","overlay-type":"","overlay-color":"","overlay-opacity":"","overlay-gradient":""}},"ast-content-background-meta":{"desktop":{"background-color":"var(--ast-global-color-5)","background-image":"","background-repeat":"repeat","background-position":"center center","background-size":"auto","background-attachment":"scroll","background-type":"","background-media":"","overlay-type":"","overlay-color":"","overlay-opacity":"","overlay-gradient":""},"tablet":{"background-color":"var(--ast-global-color-5)","background-image":"","background-repeat":"repeat","background-position":"center center","background-size":"auto","background-attachment":"scroll","background-type":"","background-media":"","overlay-type":"","overlay-color":"","overlay-opacity":"","overlay-gradient":""},"mobile":{"background-color":"var(--ast-global-color-5)","background-image":"","background-repeat":"repeat","background-position":"center center","background-size":"auto","background-attachment":"scroll","background-type":"","background-media":"","overlay-type":"","overlay-color":"","overlay-opacity":"","overlay-gradient":""}}},"product_brand":[],"product_cat":[1956,1965],"product_tag":[1962,1954,1972],"class_list":{"0":"post-56290","1":"product","2":"type-product","3":"status-publish","4":"has-post-thumbnail","6":"product_cat-inks","7":"product_cat-eternal-ink","8":"product_tag-eternal","9":"product_tag-ink","10":"product_tag-pink-ink","11":"desktop-align-center","12":"tablet-align-left","13":"mobile-align-left","14":"ast-product-gallery-layout-horizontal-slider","15":"ast-product-gallery-with-no-image","16":"ast-product-tabs-layout-horizontal","18":"first","19":"instock","20":"taxable","21":"shipping-taxable","22":"purchasable","23":"product-type-simple"},"_links":{"self":[{"href":"https:\/\/rightstuff.eu\/pl\/wp-json\/wp\/v2\/product\/56290","targetHints":{"allow":["GET"]}}],"collection":[{"href":"https:\/\/rightstuff.eu\/pl\/wp-json\/wp\/v2\/product"}],"about":[{"href":"https:\/\/rightstuff.eu\/pl\/wp-json\/wp\/v2\/types\/product"}],"replies":[{"embeddable":true,"href":"https:\/\/rightstuff.eu\/pl\/wp-json\/wp\/v2\/comments?post=56290"}],"version-history":[{"count":0,"href":"https:\/\/rightstuff.eu\/pl\/wp-json\/wp\/v2\/product\/56290\/revisions"}],"wp:featuredmedia":[{"embeddable":true,"href":"https:\/\/rightstuff.eu\/pl\/wp-json\/wp\/v2\/media\/56267"}],"wp:attachment":[{"href":"https:\/\/rightstuff.eu\/pl\/wp-json\/wp\/v2\/media?parent=56290"}],"wp:term":[{"taxonomy":"product_brand","embeddable":true,"href":"https:\/\/rightstuff.eu\/pl\/wp-json\/wp\/v2\/product_brand?post=56290"},{"taxonomy":"product_cat","embeddable":true,"href":"https:\/\/rightstuff.eu\/pl\/wp-json\/wp\/v2\/product_cat?post=56290"},{"taxonomy":"product_tag","embeddable":true,"href":"https:\/\/rightstuff.eu\/pl\/wp-json\/wp\/v2\/product_tag?post=56290"}],"curies":[{"name":"wp","href":"https:\/\/api.w.org\/{rel}","templated":true}]}}