{"id":56288,"date":"2024-11-22T17:14:20","date_gmt":"2024-11-22T16:14:20","guid":{"rendered":"https:\/\/rightstuff.eu\/?post_type=product&#038;p=56288"},"modified":"2024-11-22T17:16:41","modified_gmt":"2024-11-22T16:16:41","slug":"eternal-ink-rich-espresso","status":"publish","type":"product","link":"https:\/\/rightstuff.eu\/pl\/produkt\/eternal-ink-rich-espresso\/","title":{"rendered":"Eternal Ink - Rich Espresso (30 ml)"},"content":{"rendered":"<p>Ten odcie\u0144 br\u0105zu Eternal Ink Rich Espresso jest doskona\u0142\u0105 opcj\u0105 dla szerokiej gamy wzor\u00f3w tatua\u017cy, cho\u0107 szczeg\u00f3lnie dla tatua\u017cy portretowych ze wzgl\u0119du na \u0142atw\u0105 mieszalno\u015b\u0107 koloru. Mo\u017ce zapewni\u0107 doskona\u0142e cieniowanie po zmieszaniu z detalami twarzy, aby zapewni\u0107 g\u0142\u0119bi\u0119, a tak\u017ce doskona\u0142y kolor do w\u0142\u0105czenia do r\u00f3\u017cnych kolor\u00f3w w\u0142os\u00f3w, a nawet podstaw\u0119 do portretu psa w kolorze czekolady, kt\u00f3ry mo\u017cesz poprosi\u0107 o zaprojektowanie. Mo\u017cliwo\u015bci s\u0105 niemal nieograniczone, a my dok\u0142adamy wszelkich stara\u0144, aby atrament nie zawi\u00f3d\u0142. Jest to nietoksyczny, organiczny atrament dost\u0119pny w r\u00f3\u017cnych rozmiarach, aby zapewni\u0107 wszystko, czego potrzebujesz. Zapewniamy r\u00f3wnie\u017c, \u017ce atrament jest sterylizowany i nigdy nie jest zamra\u017cany, aby zapewni\u0107, \u017ce wszystko, co zamawiasz, jest czyste i \u015bwie\u017ce.<\/p>","protected":false},"excerpt":{"rendered":"<p>Ten odcie\u0144 br\u0105zu Eternal Ink Rich Espresso to doskona\u0142a opcja dla szerokiej gamy wzor\u00f3w tatua\u017cy, cho\u0107 szczeg\u00f3lnie w przypadku tatua\u017cy portretowych ze wzgl\u0119du na \u0142atw\u0105 mieszalno\u015b\u0107 koloru.<\/p>","protected":false},"featured_media":56266,"comment_status":"closed","ping_status":"closed","template":"","meta":{"site-sidebar-layout":"default","site-content-layout":"","ast-site-content-layout":"default","site-content-style":"default","site-sidebar-style":"default","ast-global-header-display":"","ast-banner-title-visibility":"","ast-main-header-display":"","ast-hfb-above-header-display":"","ast-hfb-below-header-display":"","ast-hfb-mobile-header-display":"","site-post-title":"","ast-breadcrumbs-content":"","ast-featured-img":"","footer-sml-layout":"","ast-disable-related-posts":"","theme-transparent-header-meta":"default","adv-header-id-meta":"","stick-header-meta":"default","header-above-stick-meta":"","header-main-stick-meta":"","header-below-stick-meta":"","astra-migrate-meta-layouts":"set","ast-page-background-enabled":"default","ast-page-background-meta":{"desktop":{"background-color":"var(--ast-global-color-4)","background-image":"","background-repeat":"repeat","background-position":"center center","background-size":"auto","background-attachment":"scroll","background-type":"","background-media":"","overlay-type":"","overlay-color":"","overlay-opacity":"","overlay-gradient":""},"tablet":{"background-color":"","background-image":"","background-repeat":"repeat","background-position":"center center","background-size":"auto","background-attachment":"scroll","background-type":"","background-media":"","overlay-type":"","overlay-color":"","overlay-opacity":"","overlay-gradient":""},"mobile":{"background-color":"","background-image":"","background-repeat":"repeat","background-position":"center center","background-size":"auto","background-attachment":"scroll","background-type":"","background-media":"","overlay-type":"","overlay-color":"","overlay-opacity":"","overlay-gradient":""}},"ast-content-background-meta":{"desktop":{"background-color":"var(--ast-global-color-5)","background-image":"","background-repeat":"repeat","background-position":"center center","background-size":"auto","background-attachment":"scroll","background-type":"","background-media":"","overlay-type":"","overlay-color":"","overlay-opacity":"","overlay-gradient":""},"tablet":{"background-color":"var(--ast-global-color-5)","background-image":"","background-repeat":"repeat","background-position":"center center","background-size":"auto","background-attachment":"scroll","background-type":"","background-media":"","overlay-type":"","overlay-color":"","overlay-opacity":"","overlay-gradient":""},"mobile":{"background-color":"var(--ast-global-color-5)","background-image":"","background-repeat":"repeat","background-position":"center center","background-size":"auto","background-attachment":"scroll","background-type":"","background-media":"","overlay-type":"","overlay-color":"","overlay-opacity":"","overlay-gradient":""}}},"product_brand":[],"product_cat":[1956,1965],"product_tag":[1971,1962,1954],"class_list":{"0":"post-56288","1":"product","2":"type-product","3":"status-publish","4":"has-post-thumbnail","6":"product_cat-inks","7":"product_cat-eternal-ink","8":"product_tag-brown-ink","9":"product_tag-eternal","10":"product_tag-ink","11":"desktop-align-center","12":"tablet-align-left","13":"mobile-align-left","14":"ast-product-gallery-layout-horizontal-slider","15":"ast-product-gallery-with-no-image","16":"ast-product-tabs-layout-horizontal","18":"first","19":"instock","20":"taxable","21":"shipping-taxable","22":"purchasable","23":"product-type-simple"},"_links":{"self":[{"href":"https:\/\/rightstuff.eu\/pl\/wp-json\/wp\/v2\/product\/56288","targetHints":{"allow":["GET"]}}],"collection":[{"href":"https:\/\/rightstuff.eu\/pl\/wp-json\/wp\/v2\/product"}],"about":[{"href":"https:\/\/rightstuff.eu\/pl\/wp-json\/wp\/v2\/types\/product"}],"replies":[{"embeddable":true,"href":"https:\/\/rightstuff.eu\/pl\/wp-json\/wp\/v2\/comments?post=56288"}],"version-history":[{"count":0,"href":"https:\/\/rightstuff.eu\/pl\/wp-json\/wp\/v2\/product\/56288\/revisions"}],"wp:featuredmedia":[{"embeddable":true,"href":"https:\/\/rightstuff.eu\/pl\/wp-json\/wp\/v2\/media\/56266"}],"wp:attachment":[{"href":"https:\/\/rightstuff.eu\/pl\/wp-json\/wp\/v2\/media?parent=56288"}],"wp:term":[{"taxonomy":"product_brand","embeddable":true,"href":"https:\/\/rightstuff.eu\/pl\/wp-json\/wp\/v2\/product_brand?post=56288"},{"taxonomy":"product_cat","embeddable":true,"href":"https:\/\/rightstuff.eu\/pl\/wp-json\/wp\/v2\/product_cat?post=56288"},{"taxonomy":"product_tag","embeddable":true,"href":"https:\/\/rightstuff.eu\/pl\/wp-json\/wp\/v2\/product_tag?post=56288"}],"curies":[{"name":"wp","href":"https:\/\/api.w.org\/{rel}","templated":true}]}}