{"id":56285,"date":"2024-11-22T17:09:55","date_gmt":"2024-11-22T16:09:55","guid":{"rendered":"https:\/\/rightstuff.eu\/?post_type=product&#038;p=56285"},"modified":"2024-11-22T17:12:03","modified_gmt":"2024-11-22T16:12:03","slug":"eternal-ink-avocado","status":"publish","type":"product","link":"https:\/\/rightstuff.eu\/pl\/produkt\/eternal-ink-avocado\/","title":{"rendered":"Eternal Ink - Avocado (30 ml)"},"content":{"rendered":"<p>Je\u015bli szukasz neutralnego odcienia zieleni, awokado mo\u017ce by\u0107 idealnym wyborem, kolor ten dobrze \u0142\u0105czy si\u0119 z innymi zieleniami i br\u0105zami, poniewa\u017c jest znacznie cieplejsz\u0105 i bardziej mi\u0119kk\u0105 zieleni\u0105 ni\u017c niekt\u00f3re alternatywy. Mo\u017ce to by\u0107 dobra opcja dla du\u017cych blok\u00f3w kolor\u00f3w lub bardziej subtelnych detali i mieszanek. Sam atrament jest bardzo delikatny dla sk\u00f3ry, co oznacza, \u017ce jest ma\u0142o prawdopodobne, aby spowodowa\u0142 reakcj\u0119 lub podra\u017cnienie u klienta dzi\u0119ki naturalnym materia\u0142om zaanga\u017cowanym w produkcj\u0119 atramentu, co czyni go organiczn\u0105, nietoksyczn\u0105 opcj\u0105. Podobnie jak w przypadku wszystkich naszych atrament\u00f3w, zapewniamy, \u017ce nigdy nie jest on zamra\u017cany, co oznacza, \u017ce mo\u017cesz mie\u0107 pewno\u015b\u0107, \u017ce jest \u015bwie\u017cy i sterylizujemy go, aby zapobiec podra\u017cnieniom lub infekcjom.<\/p>","protected":false},"excerpt":{"rendered":"<p>Je\u015bli szukasz neutralnego zielonego odcienia, Eternal Ink Avocado mo\u017ce by\u0107 idealnym wyborem, kolor ten dobrze komponuje si\u0119 z innymi zieleniami i br\u0105zami, poniewa\u017c jest znacznie cieplejszy i bardziej mi\u0119kki ni\u017c niekt\u00f3re alternatywy.<\/p>","protected":false},"featured_media":56265,"comment_status":"closed","ping_status":"closed","template":"","meta":{"site-sidebar-layout":"default","site-content-layout":"","ast-site-content-layout":"default","site-content-style":"default","site-sidebar-style":"default","ast-global-header-display":"","ast-banner-title-visibility":"","ast-main-header-display":"","ast-hfb-above-header-display":"","ast-hfb-below-header-display":"","ast-hfb-mobile-header-display":"","site-post-title":"","ast-breadcrumbs-content":"","ast-featured-img":"","footer-sml-layout":"","ast-disable-related-posts":"","theme-transparent-header-meta":"default","adv-header-id-meta":"","stick-header-meta":"default","header-above-stick-meta":"","header-main-stick-meta":"","header-below-stick-meta":"","astra-migrate-meta-layouts":"set","ast-page-background-enabled":"default","ast-page-background-meta":{"desktop":{"background-color":"var(--ast-global-color-4)","background-image":"","background-repeat":"repeat","background-position":"center center","background-size":"auto","background-attachment":"scroll","background-type":"","background-media":"","overlay-type":"","overlay-color":"","overlay-opacity":"","overlay-gradient":""},"tablet":{"background-color":"","background-image":"","background-repeat":"repeat","background-position":"center center","background-size":"auto","background-attachment":"scroll","background-type":"","background-media":"","overlay-type":"","overlay-color":"","overlay-opacity":"","overlay-gradient":""},"mobile":{"background-color":"","background-image":"","background-repeat":"repeat","background-position":"center center","background-size":"auto","background-attachment":"scroll","background-type":"","background-media":"","overlay-type":"","overlay-color":"","overlay-opacity":"","overlay-gradient":""}},"ast-content-background-meta":{"desktop":{"background-color":"var(--ast-global-color-5)","background-image":"","background-repeat":"repeat","background-position":"center center","background-size":"auto","background-attachment":"scroll","background-type":"","background-media":"","overlay-type":"","overlay-color":"","overlay-opacity":"","overlay-gradient":""},"tablet":{"background-color":"var(--ast-global-color-5)","background-image":"","background-repeat":"repeat","background-position":"center center","background-size":"auto","background-attachment":"scroll","background-type":"","background-media":"","overlay-type":"","overlay-color":"","overlay-opacity":"","overlay-gradient":""},"mobile":{"background-color":"var(--ast-global-color-5)","background-image":"","background-repeat":"repeat","background-position":"center center","background-size":"auto","background-attachment":"scroll","background-type":"","background-media":"","overlay-type":"","overlay-color":"","overlay-opacity":"","overlay-gradient":""}}},"product_brand":[],"product_cat":[1956,1965],"product_tag":[1962,1970,1954],"class_list":{"0":"post-56285","1":"product","2":"type-product","3":"status-publish","4":"has-post-thumbnail","6":"product_cat-inks","7":"product_cat-eternal-ink","8":"product_tag-eternal","9":"product_tag-green-ink","10":"product_tag-ink","11":"desktop-align-center","12":"tablet-align-left","13":"mobile-align-left","14":"ast-product-gallery-layout-horizontal-slider","15":"ast-product-gallery-with-no-image","16":"ast-product-tabs-layout-horizontal","18":"first","19":"instock","20":"taxable","21":"shipping-taxable","22":"purchasable","23":"product-type-simple"},"_links":{"self":[{"href":"https:\/\/rightstuff.eu\/pl\/wp-json\/wp\/v2\/product\/56285","targetHints":{"allow":["GET"]}}],"collection":[{"href":"https:\/\/rightstuff.eu\/pl\/wp-json\/wp\/v2\/product"}],"about":[{"href":"https:\/\/rightstuff.eu\/pl\/wp-json\/wp\/v2\/types\/product"}],"replies":[{"embeddable":true,"href":"https:\/\/rightstuff.eu\/pl\/wp-json\/wp\/v2\/comments?post=56285"}],"version-history":[{"count":0,"href":"https:\/\/rightstuff.eu\/pl\/wp-json\/wp\/v2\/product\/56285\/revisions"}],"wp:featuredmedia":[{"embeddable":true,"href":"https:\/\/rightstuff.eu\/pl\/wp-json\/wp\/v2\/media\/56265"}],"wp:attachment":[{"href":"https:\/\/rightstuff.eu\/pl\/wp-json\/wp\/v2\/media?parent=56285"}],"wp:term":[{"taxonomy":"product_brand","embeddable":true,"href":"https:\/\/rightstuff.eu\/pl\/wp-json\/wp\/v2\/product_brand?post=56285"},{"taxonomy":"product_cat","embeddable":true,"href":"https:\/\/rightstuff.eu\/pl\/wp-json\/wp\/v2\/product_cat?post=56285"},{"taxonomy":"product_tag","embeddable":true,"href":"https:\/\/rightstuff.eu\/pl\/wp-json\/wp\/v2\/product_tag?post=56285"}],"curies":[{"name":"wp","href":"https:\/\/api.w.org\/{rel}","templated":true}]}}