{"id":56283,"date":"2024-11-22T17:07:22","date_gmt":"2024-11-22T16:07:22","guid":{"rendered":"https:\/\/rightstuff.eu\/?post_type=product&#038;p=56283"},"modified":"2025-02-12T15:06:18","modified_gmt":"2025-02-12T14:06:18","slug":"eternal-ink-lipstick-red","status":"publish","type":"product","link":"https:\/\/rightstuff.eu\/pl\/produkt\/eternal-ink-lipstick-red\/","title":{"rendered":"Eternal Ink - Lipstick Red (30 ml)"},"content":{"rendered":"<p>Wieczna czerwie\u0144 szminki jest jednym z najbardziej znanych odcieni czerwieni, kt\u00f3re mo\u017cna wykorzysta\u0107 w tatua\u017cu i oferuje niesamowicie odwa\u017cn\u0105, \u017cyw\u0105 opcj\u0119, kt\u00f3ra z pewno\u015bci\u0105 przyci\u0105gnie uwag\u0119 i przyci\u0105gnie wzrok do projektu tatua\u017cu, w kt\u00f3rym jest zawarta. Tusz ten jest starannie produkowany, aby zapewni\u0107 wysok\u0105 jako\u015b\u0107 koloru, nie tylko w celu zapewnienia, \u017ce kolor jest odwa\u017cny i mocny, ale tak\u017ce w celu zapewnienia jego trwa\u0142o\u015bci. Tusz jest r\u00f3wnie\u017c produkowany przy u\u017cyciu naturalnych materia\u0142\u00f3w, aby zapewni\u0107, \u017ce jest to organiczne i nietoksyczne rozwi\u0105zanie dla potrzeb tuszu do tatua\u017cu, a nast\u0119pnie dodatkowo zapewniamy jako\u015b\u0107 tuszu poprzez jego sterylizacj\u0119.<\/p>","protected":false},"excerpt":{"rendered":"<p>Eternal Lipstick Red to jeden z najbardziej znanych odcieni czerwieni, kt\u00f3ry mo\u017ce by\u0107 stosowany w tatua\u017cu i oferuje niesamowicie odwa\u017cn\u0105, \u017cyw\u0105 opcj\u0119, kt\u00f3ra z pewno\u015bci\u0105 przyci\u0105gnie uwag\u0119 i przyci\u0105gnie wzrok do projektu tatua\u017cu, w kt\u00f3ry jest wkomponowany.<\/p>","protected":false},"featured_media":56264,"comment_status":"closed","ping_status":"closed","template":"","meta":{"site-sidebar-layout":"default","site-content-layout":"","ast-site-content-layout":"default","site-content-style":"default","site-sidebar-style":"default","ast-global-header-display":"","ast-banner-title-visibility":"","ast-main-header-display":"","ast-hfb-above-header-display":"","ast-hfb-below-header-display":"","ast-hfb-mobile-header-display":"","site-post-title":"","ast-breadcrumbs-content":"","ast-featured-img":"","footer-sml-layout":"","ast-disable-related-posts":"","theme-transparent-header-meta":"default","adv-header-id-meta":"","stick-header-meta":"default","header-above-stick-meta":"","header-main-stick-meta":"","header-below-stick-meta":"","astra-migrate-meta-layouts":"set","ast-page-background-enabled":"default","ast-page-background-meta":{"desktop":{"background-color":"var(--ast-global-color-4)","background-image":"","background-repeat":"repeat","background-position":"center center","background-size":"auto","background-attachment":"scroll","background-type":"","background-media":"","overlay-type":"","overlay-color":"","overlay-opacity":"","overlay-gradient":""},"tablet":{"background-color":"","background-image":"","background-repeat":"repeat","background-position":"center center","background-size":"auto","background-attachment":"scroll","background-type":"","background-media":"","overlay-type":"","overlay-color":"","overlay-opacity":"","overlay-gradient":""},"mobile":{"background-color":"","background-image":"","background-repeat":"repeat","background-position":"center center","background-size":"auto","background-attachment":"scroll","background-type":"","background-media":"","overlay-type":"","overlay-color":"","overlay-opacity":"","overlay-gradient":""}},"ast-content-background-meta":{"desktop":{"background-color":"var(--ast-global-color-5)","background-image":"","background-repeat":"repeat","background-position":"center center","background-size":"auto","background-attachment":"scroll","background-type":"","background-media":"","overlay-type":"","overlay-color":"","overlay-opacity":"","overlay-gradient":""},"tablet":{"background-color":"var(--ast-global-color-5)","background-image":"","background-repeat":"repeat","background-position":"center center","background-size":"auto","background-attachment":"scroll","background-type":"","background-media":"","overlay-type":"","overlay-color":"","overlay-opacity":"","overlay-gradient":""},"mobile":{"background-color":"var(--ast-global-color-5)","background-image":"","background-repeat":"repeat","background-position":"center center","background-size":"auto","background-attachment":"scroll","background-type":"","background-media":"","overlay-type":"","overlay-color":"","overlay-opacity":"","overlay-gradient":""}}},"product_brand":[],"product_cat":[1956,1965],"product_tag":[1962,1954,1969],"class_list":{"0":"post-56283","1":"product","2":"type-product","3":"status-publish","4":"has-post-thumbnail","6":"product_cat-inks","7":"product_cat-eternal-ink","8":"product_tag-eternal","9":"product_tag-ink","10":"product_tag-red-ink","11":"desktop-align-center","12":"tablet-align-left","13":"mobile-align-left","14":"ast-product-gallery-layout-horizontal-slider","15":"ast-product-gallery-with-no-image","16":"ast-product-tabs-layout-horizontal","18":"first","19":"outofstock","20":"taxable","21":"shipping-taxable","22":"purchasable","23":"product-type-simple"},"_links":{"self":[{"href":"https:\/\/rightstuff.eu\/pl\/wp-json\/wp\/v2\/product\/56283","targetHints":{"allow":["GET"]}}],"collection":[{"href":"https:\/\/rightstuff.eu\/pl\/wp-json\/wp\/v2\/product"}],"about":[{"href":"https:\/\/rightstuff.eu\/pl\/wp-json\/wp\/v2\/types\/product"}],"replies":[{"embeddable":true,"href":"https:\/\/rightstuff.eu\/pl\/wp-json\/wp\/v2\/comments?post=56283"}],"version-history":[{"count":0,"href":"https:\/\/rightstuff.eu\/pl\/wp-json\/wp\/v2\/product\/56283\/revisions"}],"wp:featuredmedia":[{"embeddable":true,"href":"https:\/\/rightstuff.eu\/pl\/wp-json\/wp\/v2\/media\/56264"}],"wp:attachment":[{"href":"https:\/\/rightstuff.eu\/pl\/wp-json\/wp\/v2\/media?parent=56283"}],"wp:term":[{"taxonomy":"product_brand","embeddable":true,"href":"https:\/\/rightstuff.eu\/pl\/wp-json\/wp\/v2\/product_brand?post=56283"},{"taxonomy":"product_cat","embeddable":true,"href":"https:\/\/rightstuff.eu\/pl\/wp-json\/wp\/v2\/product_cat?post=56283"},{"taxonomy":"product_tag","embeddable":true,"href":"https:\/\/rightstuff.eu\/pl\/wp-json\/wp\/v2\/product_tag?post=56283"}],"curies":[{"name":"wp","href":"https:\/\/api.w.org\/{rel}","templated":true}]}}