{"id":56280,"date":"2024-11-22T17:05:12","date_gmt":"2024-11-22T16:05:12","guid":{"rendered":"https:\/\/rightstuff.eu\/?post_type=product&#038;p=56280"},"modified":"2024-11-22T17:06:55","modified_gmt":"2024-11-22T16:06:55","slug":"eternal-ink-magenta","status":"publish","type":"product","link":"https:\/\/rightstuff.eu\/pl\/produkt\/eternal-ink-magenta\/","title":{"rendered":"Wieczny atrament - Magenta (30 ml)"},"content":{"rendered":"<p>Eternal Magenta to mocny, atrakcyjny i d\u0142ugotrwa\u0142y kolor, kt\u00f3ry jest cz\u0119\u015bci\u0105 pe\u0142nej gamy kolor\u00f3w eternal inks, wysoka jako\u015b\u0107 koloru, a tak\u017ce elastyczno\u015b\u0107 u\u017cytkowania, kt\u00f3r\u0105 oferuje, sprawiaj\u0105, \u017ce jest to coraz bardziej popularna opcja dla wielu projekt\u00f3w. Atrament jest oczywi\u015bcie dost\u0119pny w r\u00f3\u017cnych rozmiarach i podobnie jak wszystkie atramenty eternal jest produkowany przy u\u017cyciu naturalnych sk\u0142adnik\u00f3w, co oznacza, \u017ce jest to nietoksyczny i organiczny atrament. Jeste\u015bmy r\u00f3wnie\u017c jednym z niewielu dostawc\u00f3w, kt\u00f3rzy zapewniaj\u0105, \u017ce wszystkie nasze atramenty nigdy nie s\u0105 zamra\u017cane, co daje pewno\u015b\u0107 co do \u015bwie\u017co\u015bci wszystkich zam\u00f3wionych atrament\u00f3w, a wszystkie atramenty s\u0105 sterylizowane, dzi\u0119ki czemu mo\u017cesz mie\u0107 pewno\u015b\u0107 co do ich czysto\u015bci.<\/p>","protected":false},"excerpt":{"rendered":"<p>Eternal Magenta to mocny, atrakcyjny i d\u0142ugotrwa\u0142y kolor, kt\u00f3ry jest cz\u0119\u015bci\u0105 pe\u0142nej gamy kolor\u00f3w farb eternal, wysoka jako\u015b\u0107 koloru, a tak\u017ce elastyczno\u015b\u0107 u\u017cytkowania, jak\u0105 oferuje, sprawiaj\u0105, \u017ce jest to coraz bardziej popularna opcja dla wielu projekt\u00f3w.<\/p>","protected":false},"featured_media":56263,"comment_status":"closed","ping_status":"closed","template":"","meta":{"site-sidebar-layout":"default","site-content-layout":"","ast-site-content-layout":"default","site-content-style":"default","site-sidebar-style":"default","ast-global-header-display":"","ast-banner-title-visibility":"","ast-main-header-display":"","ast-hfb-above-header-display":"","ast-hfb-below-header-display":"","ast-hfb-mobile-header-display":"","site-post-title":"","ast-breadcrumbs-content":"","ast-featured-img":"","footer-sml-layout":"","ast-disable-related-posts":"","theme-transparent-header-meta":"default","adv-header-id-meta":"","stick-header-meta":"default","header-above-stick-meta":"","header-main-stick-meta":"","header-below-stick-meta":"","astra-migrate-meta-layouts":"set","ast-page-background-enabled":"default","ast-page-background-meta":{"desktop":{"background-color":"var(--ast-global-color-4)","background-image":"","background-repeat":"repeat","background-position":"center center","background-size":"auto","background-attachment":"scroll","background-type":"","background-media":"","overlay-type":"","overlay-color":"","overlay-opacity":"","overlay-gradient":""},"tablet":{"background-color":"","background-image":"","background-repeat":"repeat","background-position":"center center","background-size":"auto","background-attachment":"scroll","background-type":"","background-media":"","overlay-type":"","overlay-color":"","overlay-opacity":"","overlay-gradient":""},"mobile":{"background-color":"","background-image":"","background-repeat":"repeat","background-position":"center center","background-size":"auto","background-attachment":"scroll","background-type":"","background-media":"","overlay-type":"","overlay-color":"","overlay-opacity":"","overlay-gradient":""}},"ast-content-background-meta":{"desktop":{"background-color":"var(--ast-global-color-5)","background-image":"","background-repeat":"repeat","background-position":"center center","background-size":"auto","background-attachment":"scroll","background-type":"","background-media":"","overlay-type":"","overlay-color":"","overlay-opacity":"","overlay-gradient":""},"tablet":{"background-color":"var(--ast-global-color-5)","background-image":"","background-repeat":"repeat","background-position":"center center","background-size":"auto","background-attachment":"scroll","background-type":"","background-media":"","overlay-type":"","overlay-color":"","overlay-opacity":"","overlay-gradient":""},"mobile":{"background-color":"var(--ast-global-color-5)","background-image":"","background-repeat":"repeat","background-position":"center center","background-size":"auto","background-attachment":"scroll","background-type":"","background-media":"","overlay-type":"","overlay-color":"","overlay-opacity":"","overlay-gradient":""}}},"product_brand":[],"product_cat":[1956,1965],"product_tag":[1962,1954,1969],"class_list":{"0":"post-56280","1":"product","2":"type-product","3":"status-publish","4":"has-post-thumbnail","6":"product_cat-inks","7":"product_cat-eternal-ink","8":"product_tag-eternal","9":"product_tag-ink","10":"product_tag-red-ink","11":"desktop-align-center","12":"tablet-align-left","13":"mobile-align-left","14":"ast-product-gallery-layout-horizontal-slider","15":"ast-product-gallery-with-no-image","16":"ast-product-tabs-layout-horizontal","18":"first","19":"instock","20":"taxable","21":"shipping-taxable","22":"purchasable","23":"product-type-simple"},"_links":{"self":[{"href":"https:\/\/rightstuff.eu\/pl\/wp-json\/wp\/v2\/product\/56280","targetHints":{"allow":["GET"]}}],"collection":[{"href":"https:\/\/rightstuff.eu\/pl\/wp-json\/wp\/v2\/product"}],"about":[{"href":"https:\/\/rightstuff.eu\/pl\/wp-json\/wp\/v2\/types\/product"}],"replies":[{"embeddable":true,"href":"https:\/\/rightstuff.eu\/pl\/wp-json\/wp\/v2\/comments?post=56280"}],"version-history":[{"count":0,"href":"https:\/\/rightstuff.eu\/pl\/wp-json\/wp\/v2\/product\/56280\/revisions"}],"wp:featuredmedia":[{"embeddable":true,"href":"https:\/\/rightstuff.eu\/pl\/wp-json\/wp\/v2\/media\/56263"}],"wp:attachment":[{"href":"https:\/\/rightstuff.eu\/pl\/wp-json\/wp\/v2\/media?parent=56280"}],"wp:term":[{"taxonomy":"product_brand","embeddable":true,"href":"https:\/\/rightstuff.eu\/pl\/wp-json\/wp\/v2\/product_brand?post=56280"},{"taxonomy":"product_cat","embeddable":true,"href":"https:\/\/rightstuff.eu\/pl\/wp-json\/wp\/v2\/product_cat?post=56280"},{"taxonomy":"product_tag","embeddable":true,"href":"https:\/\/rightstuff.eu\/pl\/wp-json\/wp\/v2\/product_tag?post=56280"}],"curies":[{"name":"wp","href":"https:\/\/api.w.org\/{rel}","templated":true}]}}