{"id":56277,"date":"2024-11-22T17:02:17","date_gmt":"2024-11-22T16:02:17","guid":{"rendered":"https:\/\/rightstuff.eu\/?post_type=product&#038;p=56277"},"modified":"2026-04-07T11:56:13","modified_gmt":"2026-04-07T09:56:13","slug":"eternal-ink-true-blue","status":"publish","type":"product","link":"https:\/\/rightstuff.eu\/pl\/produkt\/eternal-ink-true-blue\/","title":{"rendered":"Eternal Ink - True Blue (30 ml)"},"content":{"rendered":"<p>Eternal true blue to odwa\u017cny i \u017cywy odcie\u0144 niebieskiego, dost\u0119pny jako cz\u0119\u015b\u0107 gamy klasycznych kolor\u00f3w podstawowych eternal inks, kt\u00f3ra obejmuje szerok\u0105 gam\u0119 innych tak odwa\u017cnych i \u017cywych odcieni r\u00f3\u017cnych kolor\u00f3w podstawowych. Tusz jest oczywi\u015bcie opcj\u0105 wysokiej jako\u015bci, nietoksyczn\u0105 i organiczn\u0105, a tak\u017ce dost\u0119pn\u0105 w r\u00f3\u017cnych rozmiarach, aby zapewni\u0107, \u017ce masz wszystko, czego potrzebujesz, niezale\u017cnie od wielko\u015bci lub ilo\u015bci tatua\u017cy, kt\u00f3re planujesz wykona\u0107 przy u\u017cyciu atramentu. Wszystkie nasze atramenty, w tym ten, s\u0105 sterylizowane, aby zapewni\u0107, \u017ce s\u0105 czyst\u0105 i bezpieczn\u0105 opcj\u0105, a my nigdy nie zamra\u017camy naszych atrament\u00f3w, wi\u0119c mo\u017cesz mie\u0107 pewno\u015b\u0107, \u017ce s\u0105 tak \u015bwie\u017ce, jak to tylko mo\u017cliwe.<\/p>","protected":false},"excerpt":{"rendered":"<p>Eternal True Blue to odwa\u017cny i \u017cywy odcie\u0144 niebieskiego, dost\u0119pny jako cz\u0119\u015b\u0107 gamy klasycznych kolor\u00f3w podstawowych eternal inks, kt\u00f3ra obejmuje szerok\u0105 gam\u0119 innych takich odwa\u017cnych i \u017cywych odcieni r\u00f3\u017cnych kolor\u00f3w podstawowych.<\/p>","protected":false},"featured_media":56261,"comment_status":"closed","ping_status":"closed","template":"","meta":{"site-sidebar-layout":"default","site-content-layout":"","ast-site-content-layout":"default","site-content-style":"default","site-sidebar-style":"default","ast-global-header-display":"","ast-banner-title-visibility":"","ast-main-header-display":"","ast-hfb-above-header-display":"","ast-hfb-below-header-display":"","ast-hfb-mobile-header-display":"","site-post-title":"","ast-breadcrumbs-content":"","ast-featured-img":"","footer-sml-layout":"","ast-disable-related-posts":"","theme-transparent-header-meta":"default","adv-header-id-meta":"","stick-header-meta":"default","header-above-stick-meta":"","header-main-stick-meta":"","header-below-stick-meta":"","astra-migrate-meta-layouts":"set","ast-page-background-enabled":"default","ast-page-background-meta":{"desktop":{"background-color":"var(--ast-global-color-4)","background-image":"","background-repeat":"repeat","background-position":"center center","background-size":"auto","background-attachment":"scroll","background-type":"","background-media":"","overlay-type":"","overlay-color":"","overlay-opacity":"","overlay-gradient":""},"tablet":{"background-color":"","background-image":"","background-repeat":"repeat","background-position":"center center","background-size":"auto","background-attachment":"scroll","background-type":"","background-media":"","overlay-type":"","overlay-color":"","overlay-opacity":"","overlay-gradient":""},"mobile":{"background-color":"","background-image":"","background-repeat":"repeat","background-position":"center center","background-size":"auto","background-attachment":"scroll","background-type":"","background-media":"","overlay-type":"","overlay-color":"","overlay-opacity":"","overlay-gradient":""}},"ast-content-background-meta":{"desktop":{"background-color":"var(--ast-global-color-5)","background-image":"","background-repeat":"repeat","background-position":"center center","background-size":"auto","background-attachment":"scroll","background-type":"","background-media":"","overlay-type":"","overlay-color":"","overlay-opacity":"","overlay-gradient":""},"tablet":{"background-color":"var(--ast-global-color-5)","background-image":"","background-repeat":"repeat","background-position":"center center","background-size":"auto","background-attachment":"scroll","background-type":"","background-media":"","overlay-type":"","overlay-color":"","overlay-opacity":"","overlay-gradient":""},"mobile":{"background-color":"var(--ast-global-color-5)","background-image":"","background-repeat":"repeat","background-position":"center center","background-size":"auto","background-attachment":"scroll","background-type":"","background-media":"","overlay-type":"","overlay-color":"","overlay-opacity":"","overlay-gradient":""}}},"product_brand":[],"product_cat":[1956,1965],"product_tag":[1968,1962,1954],"class_list":{"0":"post-56277","1":"product","2":"type-product","3":"status-publish","4":"has-post-thumbnail","6":"product_cat-inks","7":"product_cat-eternal-ink","8":"product_tag-blue-ink","9":"product_tag-eternal","10":"product_tag-ink","11":"desktop-align-center","12":"tablet-align-left","13":"mobile-align-left","14":"ast-product-gallery-layout-horizontal-slider","15":"ast-product-gallery-with-no-image","16":"ast-product-tabs-layout-horizontal","18":"first","19":"outofstock","20":"taxable","21":"shipping-taxable","22":"purchasable","23":"product-type-simple"},"_links":{"self":[{"href":"https:\/\/rightstuff.eu\/pl\/wp-json\/wp\/v2\/product\/56277","targetHints":{"allow":["GET"]}}],"collection":[{"href":"https:\/\/rightstuff.eu\/pl\/wp-json\/wp\/v2\/product"}],"about":[{"href":"https:\/\/rightstuff.eu\/pl\/wp-json\/wp\/v2\/types\/product"}],"replies":[{"embeddable":true,"href":"https:\/\/rightstuff.eu\/pl\/wp-json\/wp\/v2\/comments?post=56277"}],"version-history":[{"count":0,"href":"https:\/\/rightstuff.eu\/pl\/wp-json\/wp\/v2\/product\/56277\/revisions"}],"wp:featuredmedia":[{"embeddable":true,"href":"https:\/\/rightstuff.eu\/pl\/wp-json\/wp\/v2\/media\/56261"}],"wp:attachment":[{"href":"https:\/\/rightstuff.eu\/pl\/wp-json\/wp\/v2\/media?parent=56277"}],"wp:term":[{"taxonomy":"product_brand","embeddable":true,"href":"https:\/\/rightstuff.eu\/pl\/wp-json\/wp\/v2\/product_brand?post=56277"},{"taxonomy":"product_cat","embeddable":true,"href":"https:\/\/rightstuff.eu\/pl\/wp-json\/wp\/v2\/product_cat?post=56277"},{"taxonomy":"product_tag","embeddable":true,"href":"https:\/\/rightstuff.eu\/pl\/wp-json\/wp\/v2\/product_tag?post=56277"}],"curies":[{"name":"wp","href":"https:\/\/api.w.org\/{rel}","templated":true}]}}