{"id":56272,"date":"2024-11-22T16:54:44","date_gmt":"2024-11-22T15:54:44","guid":{"rendered":"https:\/\/rightstuff.eu\/?post_type=product&#038;p=56272"},"modified":"2024-11-22T17:14:14","modified_gmt":"2024-11-22T16:14:14","slug":"eternal-ink-grey","status":"publish","type":"product","link":"https:\/\/rightstuff.eu\/pl\/produkt\/eternal-ink-grey\/","title":{"rendered":"Wieczny atrament - szary (30 ml)"},"content":{"rendered":"<p>Jest to fantastyczny, \u015bredni odcie\u0144 szaro\u015bci, kt\u00f3ry mo\u017ce zapewni\u0107 idealn\u0105 opcj\u0119 kolorystyczn\u0105 do szerokiej gamy zastosowa\u0144, niezale\u017cnie od tego, czy chcesz go u\u017cy\u0107 na du\u017cym lub ma\u0142ym obszarze, czy te\u017c chcesz go w\u0142\u0105czy\u0107 do tatua\u017cu szarego lub kolorowego. Tusz, podobnie jak wszystkie tusze eternal, jest nie tylko dost\u0119pny w r\u00f3\u017cnych rozmiarach, aby zapewni\u0107 najlepsze mo\u017cliwe opcje przy zamawianiu tego, czego potrzebujesz, ale jest tak\u017ce d\u0142ugotrwa\u0142ym, organicznym i nietoksycznym tuszem. Jako\u015b\u0107 tuszu jest jeszcze lepsza dzi\u0119ki naszemu starannie zorganizowanemu procesowi dystrybucji, kt\u00f3ry zapewnia, \u017ce tusz nigdy nie jest zamra\u017cany i jest sterylizowany przed wysy\u0142k\u0105, dzi\u0119ki czemu mo\u017cesz by\u0107 ca\u0142kowicie pewny \u015bwie\u017co\u015bci i czysto\u015bci zam\u00f3wionego tuszu.<\/p>","protected":false},"excerpt":{"rendered":"<p>Wieczny tusz do tatua\u017cu szary<\/p>","protected":false},"featured_media":56259,"comment_status":"closed","ping_status":"closed","template":"","meta":{"site-sidebar-layout":"default","site-content-layout":"","ast-site-content-layout":"default","site-content-style":"default","site-sidebar-style":"default","ast-global-header-display":"","ast-banner-title-visibility":"","ast-main-header-display":"","ast-hfb-above-header-display":"","ast-hfb-below-header-display":"","ast-hfb-mobile-header-display":"","site-post-title":"","ast-breadcrumbs-content":"","ast-featured-img":"","footer-sml-layout":"","ast-disable-related-posts":"","theme-transparent-header-meta":"default","adv-header-id-meta":"","stick-header-meta":"default","header-above-stick-meta":"","header-main-stick-meta":"","header-below-stick-meta":"","astra-migrate-meta-layouts":"set","ast-page-background-enabled":"default","ast-page-background-meta":{"desktop":{"background-color":"var(--ast-global-color-4)","background-image":"","background-repeat":"repeat","background-position":"center center","background-size":"auto","background-attachment":"scroll","background-type":"","background-media":"","overlay-type":"","overlay-color":"","overlay-opacity":"","overlay-gradient":""},"tablet":{"background-color":"","background-image":"","background-repeat":"repeat","background-position":"center center","background-size":"auto","background-attachment":"scroll","background-type":"","background-media":"","overlay-type":"","overlay-color":"","overlay-opacity":"","overlay-gradient":""},"mobile":{"background-color":"","background-image":"","background-repeat":"repeat","background-position":"center center","background-size":"auto","background-attachment":"scroll","background-type":"","background-media":"","overlay-type":"","overlay-color":"","overlay-opacity":"","overlay-gradient":""}},"ast-content-background-meta":{"desktop":{"background-color":"var(--ast-global-color-5)","background-image":"","background-repeat":"repeat","background-position":"center center","background-size":"auto","background-attachment":"scroll","background-type":"","background-media":"","overlay-type":"","overlay-color":"","overlay-opacity":"","overlay-gradient":""},"tablet":{"background-color":"var(--ast-global-color-5)","background-image":"","background-repeat":"repeat","background-position":"center center","background-size":"auto","background-attachment":"scroll","background-type":"","background-media":"","overlay-type":"","overlay-color":"","overlay-opacity":"","overlay-gradient":""},"mobile":{"background-color":"var(--ast-global-color-5)","background-image":"","background-repeat":"repeat","background-position":"center center","background-size":"auto","background-attachment":"scroll","background-type":"","background-media":"","overlay-type":"","overlay-color":"","overlay-opacity":"","overlay-gradient":""}}},"product_brand":[],"product_cat":[1956,1965],"product_tag":[1962,1967,1954],"class_list":{"0":"post-56272","1":"product","2":"type-product","3":"status-publish","4":"has-post-thumbnail","6":"product_cat-inks","7":"product_cat-eternal-ink","8":"product_tag-eternal","9":"product_tag-grey-ink","10":"product_tag-ink","11":"desktop-align-center","12":"tablet-align-left","13":"mobile-align-left","14":"ast-product-gallery-layout-horizontal-slider","15":"ast-product-gallery-with-no-image","16":"ast-product-tabs-layout-horizontal","18":"first","19":"instock","20":"taxable","21":"shipping-taxable","22":"purchasable","23":"product-type-simple"},"_links":{"self":[{"href":"https:\/\/rightstuff.eu\/pl\/wp-json\/wp\/v2\/product\/56272","targetHints":{"allow":["GET"]}}],"collection":[{"href":"https:\/\/rightstuff.eu\/pl\/wp-json\/wp\/v2\/product"}],"about":[{"href":"https:\/\/rightstuff.eu\/pl\/wp-json\/wp\/v2\/types\/product"}],"replies":[{"embeddable":true,"href":"https:\/\/rightstuff.eu\/pl\/wp-json\/wp\/v2\/comments?post=56272"}],"version-history":[{"count":0,"href":"https:\/\/rightstuff.eu\/pl\/wp-json\/wp\/v2\/product\/56272\/revisions"}],"wp:featuredmedia":[{"embeddable":true,"href":"https:\/\/rightstuff.eu\/pl\/wp-json\/wp\/v2\/media\/56259"}],"wp:attachment":[{"href":"https:\/\/rightstuff.eu\/pl\/wp-json\/wp\/v2\/media?parent=56272"}],"wp:term":[{"taxonomy":"product_brand","embeddable":true,"href":"https:\/\/rightstuff.eu\/pl\/wp-json\/wp\/v2\/product_brand?post=56272"},{"taxonomy":"product_cat","embeddable":true,"href":"https:\/\/rightstuff.eu\/pl\/wp-json\/wp\/v2\/product_cat?post=56272"},{"taxonomy":"product_tag","embeddable":true,"href":"https:\/\/rightstuff.eu\/pl\/wp-json\/wp\/v2\/product_tag?post=56272"}],"curies":[{"name":"wp","href":"https:\/\/api.w.org\/{rel}","templated":true}]}}