{"id":56233,"date":"2024-11-20T19:04:07","date_gmt":"2024-11-20T18:04:07","guid":{"rendered":"https:\/\/rightstuff.eu\/?post_type=product&#038;p=56233"},"modified":"2026-02-23T12:41:40","modified_gmt":"2026-02-23T11:41:40","slug":"panthera-ink-black-gold","status":"publish","type":"product","link":"https:\/\/rightstuff.eu\/pl\/produkt\/panthera-ink-black-gold\/","title":{"rendered":"Atrament Panthera - czarne z\u0142oto"},"content":{"rendered":"<p>Panthera Ink Black Gold to czarny tusz do tatua\u017cu nowej generacji, kt\u00f3ry jest zgodny z najnowszymi przepisami UE REACH. Technicy Panthera Ink wyeliminowali u\u017cycie alkoholu izopropylowego, aby stworzy\u0107 doskona\u0142y, wolny od konserwant\u00f3w czarny tusz.<\/p>\n<p>Black Gold od Panthera Ink to tusz do tatua\u017cu, kt\u00f3ry dostosowuje si\u0119 do ka\u017cdego stylu i jest idealny do podszewki, cieniowania i wype\u0142niania. Pomy\u015bl o nim jak o jednym czarnym tuszu do wszystkich tatua\u017cy!<\/p>\n<p>Panthera Ink Black Gold jest przyjazny dla wegan i wolny od okrucie\u0144stwa.<\/p>\n<p><strong>Kluczowe cechy:<\/strong><\/p>\n<ul>\n<li>Pojemno\u015b\u0107: 30 lub 150 ml<\/li>\n<li>Zgodno\u015b\u0107 z najnowszymi przepisami UE REACH<\/li>\n<li>Przyjazny dla wegan i wolny od okrucie\u0144stwa<\/li>\n<li>Sterylizowane przez napromieniowanie<\/li>\n<li>Nie zawiera substancji rakotw\u00f3rczych<\/li>\n<\/ul>","protected":false},"excerpt":{"rendered":"<ul>\n<li>Pojemno\u015b\u0107: 30 lub 150 ml<\/li>\n<li>Zgodno\u015b\u0107 z najnowszymi przepisami UE REACH<\/li>\n<li>Przyjazny dla wegan i wolny od okrucie\u0144stwa<\/li>\n<li>Sterylizowane przez napromieniowanie<\/li>\n<li>Nie zawiera substancji rakotw\u00f3rczych<\/li>\n<\/ul>","protected":false},"featured_media":56547,"comment_status":"closed","ping_status":"closed","template":"","meta":{"site-sidebar-layout":"default","site-content-layout":"","ast-site-content-layout":"default","site-content-style":"default","site-sidebar-style":"default","ast-global-header-display":"","ast-banner-title-visibility":"","ast-main-header-display":"","ast-hfb-above-header-display":"","ast-hfb-below-header-display":"","ast-hfb-mobile-header-display":"","site-post-title":"","ast-breadcrumbs-content":"","ast-featured-img":"","footer-sml-layout":"","ast-disable-related-posts":"","theme-transparent-header-meta":"default","adv-header-id-meta":"","stick-header-meta":"default","header-above-stick-meta":"","header-main-stick-meta":"","header-below-stick-meta":"","astra-migrate-meta-layouts":"set","ast-page-background-enabled":"default","ast-page-background-meta":{"desktop":{"background-color":"var(--ast-global-color-4)","background-image":"","background-repeat":"repeat","background-position":"center center","background-size":"auto","background-attachment":"scroll","background-type":"","background-media":"","overlay-type":"","overlay-color":"","overlay-opacity":"","overlay-gradient":""},"tablet":{"background-color":"","background-image":"","background-repeat":"repeat","background-position":"center center","background-size":"auto","background-attachment":"scroll","background-type":"","background-media":"","overlay-type":"","overlay-color":"","overlay-opacity":"","overlay-gradient":""},"mobile":{"background-color":"","background-image":"","background-repeat":"repeat","background-position":"center center","background-size":"auto","background-attachment":"scroll","background-type":"","background-media":"","overlay-type":"","overlay-color":"","overlay-opacity":"","overlay-gradient":""}},"ast-content-background-meta":{"desktop":{"background-color":"var(--ast-global-color-5)","background-image":"","background-repeat":"repeat","background-position":"center center","background-size":"auto","background-attachment":"scroll","background-type":"","background-media":"","overlay-type":"","overlay-color":"","overlay-opacity":"","overlay-gradient":""},"tablet":{"background-color":"var(--ast-global-color-5)","background-image":"","background-repeat":"repeat","background-position":"center center","background-size":"auto","background-attachment":"scroll","background-type":"","background-media":"","overlay-type":"","overlay-color":"","overlay-opacity":"","overlay-gradient":""},"mobile":{"background-color":"var(--ast-global-color-5)","background-image":"","background-repeat":"repeat","background-position":"center center","background-size":"auto","background-attachment":"scroll","background-type":"","background-media":"","overlay-type":"","overlay-color":"","overlay-opacity":"","overlay-gradient":""}}},"product_brand":[],"product_cat":[1956,1964],"product_tag":[1954,1960],"class_list":{"0":"post-56233","1":"product","2":"type-product","3":"status-publish","4":"has-post-thumbnail","6":"product_cat-inks","7":"product_cat-black-white-inks","8":"product_tag-ink","9":"product_tag-panther","10":"desktop-align-center","11":"tablet-align-left","12":"mobile-align-left","13":"ast-product-gallery-layout-horizontal-slider","14":"ast-product-gallery-with-no-image","15":"ast-product-single-variable","16":"ast-product-tabs-layout-horizontal","18":"first","19":"outofstock","20":"taxable","21":"shipping-taxable","22":"purchasable","23":"product-type-variable"},"_links":{"self":[{"href":"https:\/\/rightstuff.eu\/pl\/wp-json\/wp\/v2\/product\/56233","targetHints":{"allow":["GET"]}}],"collection":[{"href":"https:\/\/rightstuff.eu\/pl\/wp-json\/wp\/v2\/product"}],"about":[{"href":"https:\/\/rightstuff.eu\/pl\/wp-json\/wp\/v2\/types\/product"}],"replies":[{"embeddable":true,"href":"https:\/\/rightstuff.eu\/pl\/wp-json\/wp\/v2\/comments?post=56233"}],"version-history":[{"count":0,"href":"https:\/\/rightstuff.eu\/pl\/wp-json\/wp\/v2\/product\/56233\/revisions"}],"wp:featuredmedia":[{"embeddable":true,"href":"https:\/\/rightstuff.eu\/pl\/wp-json\/wp\/v2\/media\/56547"}],"wp:attachment":[{"href":"https:\/\/rightstuff.eu\/pl\/wp-json\/wp\/v2\/media?parent=56233"}],"wp:term":[{"taxonomy":"product_brand","embeddable":true,"href":"https:\/\/rightstuff.eu\/pl\/wp-json\/wp\/v2\/product_brand?post=56233"},{"taxonomy":"product_cat","embeddable":true,"href":"https:\/\/rightstuff.eu\/pl\/wp-json\/wp\/v2\/product_cat?post=56233"},{"taxonomy":"product_tag","embeddable":true,"href":"https:\/\/rightstuff.eu\/pl\/wp-json\/wp\/v2\/product_tag?post=56233"}],"curies":[{"name":"wp","href":"https:\/\/api.w.org\/{rel}","templated":true}]}}