{"id":56229,"date":"2024-11-20T18:51:49","date_gmt":"2024-11-20T17:51:49","guid":{"rendered":"https:\/\/rightstuff.eu\/?post_type=product&#038;p=56229"},"modified":"2026-01-13T14:52:24","modified_gmt":"2026-01-13T13:52:24","slug":"dynamic-grey-wash-set","status":"publish","type":"product","link":"https:\/\/rightstuff.eu\/pl\/produkt\/dynamic-grey-wash-set\/","title":{"rendered":"Zestaw Dynamic Grey Wash - tusz do tatua\u017cu (120 ml)"},"content":{"rendered":"<p>Dynamic Ink prezentuje d\u0142ugo oczekiwany zestaw Greywash zawieraj\u0105cy 4 unikalne mieszanki zapewniaj\u0105ce doskona\u0142o\u015b\u0107 czerni i szaro\u015bci. Zestaw ten zosta\u0142 stworzony przy u\u017cyciu oryginalnej czarnej formu\u0142y, kt\u00f3ra jest jednym z najpopularniejszych i najcz\u0119\u015bciej u\u017cywanych czarnych atrament\u00f3w na rynku.<\/p>\n<p>Firma Dynamic jest znana z doskona\u0142ej jako\u015bci atrament\u00f3w wykorzystuj\u0105cych najczystsz\u0105 wod\u0119 szpitaln\u0105, kt\u00f3ra jest filtrowana, destylowana i sterylizowana promieniami UV w fabryce podczas procesu produkcyjnego. To sprawia, \u017ce roztw\u00f3r mieszaj\u0105cy #00 w ich myjkach jest jednym z najczystszych i gwarantuje stabiln\u0105 jako\u015b\u0107 i konsystencj\u0119 w ka\u017cdej butelce.<\/p>\n<p>Wyprodukowany zgodnie z najwy\u017cszymi dost\u0119pnymi standardami i z dodatkiem oczaru wirginijskiego, ten zestaw Greywash wyznaczy nowe standardy w bran\u017cy. Rozmiar butelki: 4 uncje.<\/p>\n<p><b>Zestaw Dynamic Greywash zawiera:<\/b><\/p>\n<p>#20 - Cienki wash i najl\u017cejszy z zestawu.<br \/>\n#40 - G\u0142adki, jasno-\u015bredni odcie\u0144.<br \/>\n#60 - G\u0142\u0119boki i jedwabisty, prawdziwie \u015bredni odcie\u0144.<br \/>\n#80 - Najciemniejszy z zestawu, g\u0142\u0119boki i pe\u0142ny odcie\u0144.<\/p>\n<figure id=\"attachment_56231\" aria-describedby=\"caption-attachment-56231\" style=\"width: 300px\" class=\"wp-caption alignnone\"><img fetchpriority=\"high\" decoding=\"async\" class=\"size-medium wp-image-56231\" src=\"https:\/\/rightstuff.eu\/wp-content\/uploads\/2024\/11\/4oz_colorset_greywash_front-1-300x300.jpg\" alt=\"Dynamic Ink Grey Wash Set\" width=\"300\" height=\"300\" title=\"\" srcset=\"https:\/\/rightstuff.eu\/wp-content\/uploads\/2024\/11\/4oz_colorset_greywash_front-1-300x300.jpg 300w, https:\/\/rightstuff.eu\/wp-content\/uploads\/2024\/11\/4oz_colorset_greywash_front-1-100x100.jpg 100w, https:\/\/rightstuff.eu\/wp-content\/uploads\/2024\/11\/4oz_colorset_greywash_front-1-600x600.jpg 600w, https:\/\/rightstuff.eu\/wp-content\/uploads\/2024\/11\/4oz_colorset_greywash_front-1-1024x1024.jpg 1024w, https:\/\/rightstuff.eu\/wp-content\/uploads\/2024\/11\/4oz_colorset_greywash_front-1-150x150.jpg 150w, https:\/\/rightstuff.eu\/wp-content\/uploads\/2024\/11\/4oz_colorset_greywash_front-1-768x768.jpg 768w, https:\/\/rightstuff.eu\/wp-content\/uploads\/2024\/11\/4oz_colorset_greywash_front-1-12x12.jpg 12w, https:\/\/rightstuff.eu\/wp-content\/uploads\/2024\/11\/4oz_colorset_greywash_front-1.jpg 1200w\" sizes=\"(max-width: 300px) 100vw, 300px\" \/><figcaption id=\"caption-attachment-56231\" class=\"wp-caption-text\">Zestaw Dynamic Ink Grey Wash<\/figcaption><\/figure>","protected":false},"excerpt":{"rendered":"<p><b>Zestaw Dynamic Greywash zawiera:<\/b><\/p>\n<p>#20 - Cienki wash i najl\u017cejszy z zestawu.<br \/>\n#40 - G\u0142adki, jasno-\u015bredni odcie\u0144.<br \/>\n#60 - G\u0142\u0119boki i jedwabisty, prawdziwie \u015bredni odcie\u0144.<br \/>\n#80 - Najciemniejszy z zestawu, g\u0142\u0119boki i pe\u0142ny odcie\u0144.<\/p>","protected":false},"featured_media":56464,"comment_status":"closed","ping_status":"closed","template":"","meta":{"site-sidebar-layout":"default","site-content-layout":"","ast-site-content-layout":"default","site-content-style":"default","site-sidebar-style":"default","ast-global-header-display":"","ast-banner-title-visibility":"","ast-main-header-display":"","ast-hfb-above-header-display":"","ast-hfb-below-header-display":"","ast-hfb-mobile-header-display":"","site-post-title":"","ast-breadcrumbs-content":"","ast-featured-img":"","footer-sml-layout":"","ast-disable-related-posts":"","theme-transparent-header-meta":"default","adv-header-id-meta":"","stick-header-meta":"default","header-above-stick-meta":"","header-main-stick-meta":"","header-below-stick-meta":"","astra-migrate-meta-layouts":"set","ast-page-background-enabled":"default","ast-page-background-meta":{"desktop":{"background-color":"var(--ast-global-color-4)","background-image":"","background-repeat":"repeat","background-position":"center center","background-size":"auto","background-attachment":"scroll","background-type":"","background-media":"","overlay-type":"","overlay-color":"","overlay-opacity":"","overlay-gradient":""},"tablet":{"background-color":"","background-image":"","background-repeat":"repeat","background-position":"center center","background-size":"auto","background-attachment":"scroll","background-type":"","background-media":"","overlay-type":"","overlay-color":"","overlay-opacity":"","overlay-gradient":""},"mobile":{"background-color":"","background-image":"","background-repeat":"repeat","background-position":"center center","background-size":"auto","background-attachment":"scroll","background-type":"","background-media":"","overlay-type":"","overlay-color":"","overlay-opacity":"","overlay-gradient":""}},"ast-content-background-meta":{"desktop":{"background-color":"var(--ast-global-color-5)","background-image":"","background-repeat":"repeat","background-position":"center center","background-size":"auto","background-attachment":"scroll","background-type":"","background-media":"","overlay-type":"","overlay-color":"","overlay-opacity":"","overlay-gradient":""},"tablet":{"background-color":"var(--ast-global-color-5)","background-image":"","background-repeat":"repeat","background-position":"center center","background-size":"auto","background-attachment":"scroll","background-type":"","background-media":"","overlay-type":"","overlay-color":"","overlay-opacity":"","overlay-gradient":""},"mobile":{"background-color":"var(--ast-global-color-5)","background-image":"","background-repeat":"repeat","background-position":"center center","background-size":"auto","background-attachment":"scroll","background-type":"","background-media":"","overlay-type":"","overlay-color":"","overlay-opacity":"","overlay-gradient":""}}},"product_brand":[],"product_cat":[1956,1964],"product_tag":[1958,1954],"class_list":{"0":"post-56229","1":"product","2":"type-product","3":"status-publish","4":"has-post-thumbnail","6":"product_cat-inks","7":"product_cat-black-white-inks","8":"product_tag-dynamic","9":"product_tag-ink","10":"desktop-align-center","11":"tablet-align-left","12":"mobile-align-left","13":"ast-product-gallery-layout-horizontal-slider","14":"ast-product-gallery-with-no-image","15":"ast-product-tabs-layout-horizontal","17":"first","18":"instock","19":"taxable","20":"shipping-taxable","21":"purchasable","22":"product-type-simple"},"_links":{"self":[{"href":"https:\/\/rightstuff.eu\/pl\/wp-json\/wp\/v2\/product\/56229","targetHints":{"allow":["GET"]}}],"collection":[{"href":"https:\/\/rightstuff.eu\/pl\/wp-json\/wp\/v2\/product"}],"about":[{"href":"https:\/\/rightstuff.eu\/pl\/wp-json\/wp\/v2\/types\/product"}],"replies":[{"embeddable":true,"href":"https:\/\/rightstuff.eu\/pl\/wp-json\/wp\/v2\/comments?post=56229"}],"version-history":[{"count":0,"href":"https:\/\/rightstuff.eu\/pl\/wp-json\/wp\/v2\/product\/56229\/revisions"}],"wp:featuredmedia":[{"embeddable":true,"href":"https:\/\/rightstuff.eu\/pl\/wp-json\/wp\/v2\/media\/56464"}],"wp:attachment":[{"href":"https:\/\/rightstuff.eu\/pl\/wp-json\/wp\/v2\/media?parent=56229"}],"wp:term":[{"taxonomy":"product_brand","embeddable":true,"href":"https:\/\/rightstuff.eu\/pl\/wp-json\/wp\/v2\/product_brand?post=56229"},{"taxonomy":"product_cat","embeddable":true,"href":"https:\/\/rightstuff.eu\/pl\/wp-json\/wp\/v2\/product_cat?post=56229"},{"taxonomy":"product_tag","embeddable":true,"href":"https:\/\/rightstuff.eu\/pl\/wp-json\/wp\/v2\/product_tag?post=56229"}],"curies":[{"name":"wp","href":"https:\/\/api.w.org\/{rel}","templated":true}]}}