{"id":56174,"date":"2024-11-15T23:09:17","date_gmt":"2024-11-15T22:09:17","guid":{"rendered":"https:\/\/rightstuff.eu\/?post_type=product&#038;p=56174"},"modified":"2026-02-23T12:42:07","modified_gmt":"2026-02-23T11:42:07","slug":"eclipse-ink-black","status":"publish","type":"product","link":"https:\/\/rightstuff.eu\/pl\/produkt\/eclipse-ink-black\/","title":{"rendered":"Eclipse Black - tusz do tatua\u017cu"},"content":{"rendered":"<p><strong>Eclipse<\/strong> to czarny tusz do tatua\u017cu, kt\u00f3ry w pe\u0142ni spe\u0142nia najnowsze normy UE REACH.<\/p>\n<p>Wyprodukowany w UE z czarnego pigmentu o najwy\u017cszej czysto\u015bci, tusz do tatua\u017cu Eclipse charakteryzuje si\u0119 niewielk\u0105 lepko\u015bci\u0105, zapewniaj\u0105c jednocze\u015bnie intensywn\u0105, g\u0142\u0119bok\u0105 czer\u0144. Sprawia to, \u017ce idealnie nadaje si\u0119 do konturowania, cieniowania i wype\u0142niania du\u017cych jednolitych obszar\u00f3w. Doskonale si\u0119 r\u00f3wnie\u017c rozcie\u0144cza, tworz\u0105c mi\u0119kkie szaro\u015bci, idealne do wszystkich rodzaj\u00f3w realistycznych prac.<\/p>\n<p>Opracowany we wsp\u00f3\u0142pracy z do\u015bwiadczonymi tatuatorami i wykwalifikowanymi chemikami, tusz Eclipse jest wszechstronny, przyjazny dla wegan, hipoalergiczny i sterylny, zapewniaj\u0105c pe\u0142n\u0105 zgodno\u015b\u0107 z najnowszymi przepisami UE REACH.<\/p>\n<p><strong>Kluczowe cechy:<\/strong><br \/>\n- Pojemno\u015b\u0107: 260 ml lub 150 ml<br \/>\n- Zgodno\u015b\u0107 z rozporz\u0105dzeniem REACH UE<br \/>\n- G\u0142\u0119boko czarny pigment o wysokiej czysto\u015bci<br \/>\n- Idealny do podszewki, cieniowania i wype\u0142nie\u0144 jednolitych<br \/>\n- Dobrze si\u0119 rozcie\u0144cza, zapewniaj\u0105c g\u0142adkie, mi\u0119kkie szaro\u015bci<br \/>\n- Przyjazny dla wegan<br \/>\n- Hipoalergiczny<br \/>\n- Sterylny<\/p>","protected":false},"excerpt":{"rendered":"<p>- Pojemno\u015b\u0107: 150 ml \/ 260 ml<br \/>\n- Zgodno\u015b\u0107 z rozporz\u0105dzeniem REACH UE<br \/>\n- G\u0142\u0119boko czarny pigment o wysokiej czysto\u015bci<br \/>\n- Idealny do podszewki, cieniowania i wype\u0142nie\u0144 jednolitych<br \/>\n- Dobrze si\u0119 rozcie\u0144cza, zapewniaj\u0105c g\u0142adkie, mi\u0119kkie szaro\u015bci<br \/>\n- Przyjazny dla wegan<br \/>\n- Hipoalergiczny<br \/>\n- Sterylny<\/p>","protected":false},"featured_media":56543,"comment_status":"closed","ping_status":"closed","template":"","meta":{"site-sidebar-layout":"default","site-content-layout":"","ast-site-content-layout":"default","site-content-style":"default","site-sidebar-style":"default","ast-global-header-display":"","ast-banner-title-visibility":"","ast-main-header-display":"","ast-hfb-above-header-display":"","ast-hfb-below-header-display":"","ast-hfb-mobile-header-display":"","site-post-title":"","ast-breadcrumbs-content":"","ast-featured-img":"","footer-sml-layout":"","ast-disable-related-posts":"","theme-transparent-header-meta":"default","adv-header-id-meta":"","stick-header-meta":"default","header-above-stick-meta":"","header-main-stick-meta":"","header-below-stick-meta":"","astra-migrate-meta-layouts":"set","ast-page-background-enabled":"default","ast-page-background-meta":{"desktop":{"background-color":"var(--ast-global-color-4)","background-image":"","background-repeat":"repeat","background-position":"center center","background-size":"auto","background-attachment":"scroll","background-type":"","background-media":"","overlay-type":"","overlay-color":"","overlay-opacity":"","overlay-gradient":""},"tablet":{"background-color":"","background-image":"","background-repeat":"repeat","background-position":"center center","background-size":"auto","background-attachment":"scroll","background-type":"","background-media":"","overlay-type":"","overlay-color":"","overlay-opacity":"","overlay-gradient":""},"mobile":{"background-color":"","background-image":"","background-repeat":"repeat","background-position":"center center","background-size":"auto","background-attachment":"scroll","background-type":"","background-media":"","overlay-type":"","overlay-color":"","overlay-opacity":"","overlay-gradient":""}},"ast-content-background-meta":{"desktop":{"background-color":"var(--ast-global-color-5)","background-image":"","background-repeat":"repeat","background-position":"center center","background-size":"auto","background-attachment":"scroll","background-type":"","background-media":"","overlay-type":"","overlay-color":"","overlay-opacity":"","overlay-gradient":""},"tablet":{"background-color":"var(--ast-global-color-5)","background-image":"","background-repeat":"repeat","background-position":"center center","background-size":"auto","background-attachment":"scroll","background-type":"","background-media":"","overlay-type":"","overlay-color":"","overlay-opacity":"","overlay-gradient":""},"mobile":{"background-color":"var(--ast-global-color-5)","background-image":"","background-repeat":"repeat","background-position":"center center","background-size":"auto","background-attachment":"scroll","background-type":"","background-media":"","overlay-type":"","overlay-color":"","overlay-opacity":"","overlay-gradient":""}}},"product_brand":[],"product_cat":[1956,1964],"product_tag":[1955,1954],"class_list":{"0":"post-56174","1":"product","2":"type-product","3":"status-publish","4":"has-post-thumbnail","6":"product_cat-inks","7":"product_cat-black-white-inks","8":"product_tag-eclipse","9":"product_tag-ink","10":"desktop-align-center","11":"tablet-align-left","12":"mobile-align-left","13":"ast-product-gallery-layout-horizontal-slider","14":"ast-product-gallery-with-no-image","15":"ast-product-single-variable","16":"ast-product-tabs-layout-horizontal","18":"first","19":"instock","20":"taxable","21":"shipping-taxable","22":"purchasable","23":"product-type-variable"},"_links":{"self":[{"href":"https:\/\/rightstuff.eu\/pl\/wp-json\/wp\/v2\/product\/56174","targetHints":{"allow":["GET"]}}],"collection":[{"href":"https:\/\/rightstuff.eu\/pl\/wp-json\/wp\/v2\/product"}],"about":[{"href":"https:\/\/rightstuff.eu\/pl\/wp-json\/wp\/v2\/types\/product"}],"replies":[{"embeddable":true,"href":"https:\/\/rightstuff.eu\/pl\/wp-json\/wp\/v2\/comments?post=56174"}],"version-history":[{"count":0,"href":"https:\/\/rightstuff.eu\/pl\/wp-json\/wp\/v2\/product\/56174\/revisions"}],"wp:featuredmedia":[{"embeddable":true,"href":"https:\/\/rightstuff.eu\/pl\/wp-json\/wp\/v2\/media\/56543"}],"wp:attachment":[{"href":"https:\/\/rightstuff.eu\/pl\/wp-json\/wp\/v2\/media?parent=56174"}],"wp:term":[{"taxonomy":"product_brand","embeddable":true,"href":"https:\/\/rightstuff.eu\/pl\/wp-json\/wp\/v2\/product_brand?post=56174"},{"taxonomy":"product_cat","embeddable":true,"href":"https:\/\/rightstuff.eu\/pl\/wp-json\/wp\/v2\/product_cat?post=56174"},{"taxonomy":"product_tag","embeddable":true,"href":"https:\/\/rightstuff.eu\/pl\/wp-json\/wp\/v2\/product_tag?post=56174"}],"curies":[{"name":"wp","href":"https:\/\/api.w.org\/{rel}","templated":true}]}}