{"id":55885,"date":"2024-03-27T17:07:44","date_gmt":"2024-03-27T16:07:44","guid":{"rendered":"https:\/\/rightstuff.eu\/?post_type=product&#038;p=55885"},"modified":"2024-08-06T00:38:18","modified_gmt":"2024-08-05T22:38:18","slug":"round-liner-cartridge-1rl-020","status":"publish","type":"product","link":"https:\/\/rightstuff.eu\/pl\/produkt\/round-liner-cartridge-1rl-020\/","title":{"rendered":"Round liner Cartridge 1RL -0,20"},"content":{"rendered":"<p>W dzisiejszych czasach ro\u015bnie zainteresowanie tatua\u017cami i artystami zajmuj\u0105cymi si\u0119 t\u0105 dziedzin\u0105 sztuki (zw\u0142aszcza tymi, kt\u00f3rzy s\u0105 wystawiani). Wa\u017cn\u0105 konsekwencj\u0105 tego wszystkiego jest pojawienie si\u0119 nowych gatunk\u00f3w tatua\u017cy i ciekawych eksperyment\u00f3w w tej dziedzinie, na przyk\u0142ad black work, czyli sztuki tatua\u017cu, w kt\u00f3rej niekt\u00f3re cz\u0119\u015bci cia\u0142a s\u0105 ca\u0142kowicie pomalowane na czarno. Je\u015bli dwadzie\u015bcia lat temu tatua\u017cy\u015bci musieli uczy\u0107 si\u0119 wielu r\u00f3\u017cnych styl\u00f3w, \u017ceby pokaza\u0107 swoje umiej\u0119tno\u015bci, to dzi\u015b okazuje si\u0119, \u017ce nie jest to obowi\u0105zkowe. Wci\u0105\u017c ro\u015bnie liczba tatua\u017cyst\u00f3w, kt\u00f3rzy stawiaj\u0105 na w\u0142asn\u0105 to\u017csamo\u015b\u0107 i sw\u00f3j niepowtarzalny styl. Wszyscy oni pracuj\u0105 z wk\u0142adami do tatua\u017cu 1 RL, kt\u00f3re s\u0105 u\u017cywane przez tatua\u017cyst\u00f3w do tworzenia bardzo cienkich, jednolitych linii. Na przyk\u0142ad profesjonali\u015bci u\u017cywaj\u0105 tych wk\u0142ad\u00f3w podczas wykonywania makija\u017cu permanentnego. Jest to pojedyncza ig\u0142a, bardzo ostra (1,5 mm) i bardzo cienka (0,25 mm).<\/p>","protected":false},"excerpt":{"rendered":"<p>D\u0142ugi sto\u017cek<\/p>\n<p>Mikrotekstura<\/p>\n<p>0,20mm needles<\/p>\n<p>20 sztuk\/opakowanie<\/p>","protected":false},"featured_media":32008,"comment_status":"open","ping_status":"closed","template":"","meta":{"site-sidebar-layout":"default","site-content-layout":"default","ast-site-content-layout":"default","site-content-style":"default","site-sidebar-style":"default","ast-global-header-display":"","ast-banner-title-visibility":"","ast-main-header-display":"","ast-hfb-above-header-display":"","ast-hfb-below-header-display":"","ast-hfb-mobile-header-display":"","site-post-title":"","ast-breadcrumbs-content":"","ast-featured-img":"","footer-sml-layout":"","ast-disable-related-posts":"","theme-transparent-header-meta":"default","adv-header-id-meta":"","stick-header-meta":"default","header-above-stick-meta":"","header-main-stick-meta":"","header-below-stick-meta":"","astra-migrate-meta-layouts":"set","ast-page-background-enabled":"default","ast-page-background-meta":{"desktop":{"background-color":"var(--ast-global-color-4)","background-image":"","background-repeat":"repeat","background-position":"center center","background-size":"auto","background-attachment":"scroll","background-type":"","background-media":"","overlay-type":"","overlay-color":"","overlay-opacity":"","overlay-gradient":""},"tablet":{"background-color":"","background-image":"","background-repeat":"repeat","background-position":"center center","background-size":"auto","background-attachment":"scroll","background-type":"","background-media":"","overlay-type":"","overlay-color":"","overlay-opacity":"","overlay-gradient":""},"mobile":{"background-color":"","background-image":"","background-repeat":"repeat","background-position":"center center","background-size":"auto","background-attachment":"scroll","background-type":"","background-media":"","overlay-type":"","overlay-color":"","overlay-opacity":"","overlay-gradient":""}},"ast-content-background-meta":{"desktop":{"background-color":"var(--ast-global-color-5)","background-image":"","background-repeat":"repeat","background-position":"center center","background-size":"auto","background-attachment":"scroll","background-type":"","background-media":"","overlay-type":"","overlay-color":"","overlay-opacity":"","overlay-gradient":""},"tablet":{"background-color":"var(--ast-global-color-5)","background-image":"","background-repeat":"repeat","background-position":"center center","background-size":"auto","background-attachment":"scroll","background-type":"","background-media":"","overlay-type":"","overlay-color":"","overlay-opacity":"","overlay-gradient":""},"mobile":{"background-color":"var(--ast-global-color-5)","background-image":"","background-repeat":"repeat","background-position":"center center","background-size":"auto","background-attachment":"scroll","background-type":"","background-media":"","overlay-type":"","overlay-color":"","overlay-opacity":"","overlay-gradient":""}}},"product_brand":[],"product_cat":[224],"product_tag":[81,308,306,310,309,307,102,71,91,92,1793],"class_list":{"0":"post-55885","1":"product","2":"type-product","3":"status-publish","4":"has-post-thumbnail","6":"product_cat-round-liner-cartridges","7":"product_tag-cartridge-tattoo-needles","8":"product_tag-disposable-tattoo-cartridge","9":"product_tag-needle-cartridge","10":"product_tag-premium-cartridge","11":"product_tag-premium-needle-cartridge","12":"product_tag-rightstripes","13":"product_tag-rotary-tattoo-needles","14":"product_tag-tattoo-cartridges","15":"product_tag-tattoo-equipment","16":"product_tag-tattoo-machines-parts","17":"product_tag-tattoonadeln-cartridges","18":"pa_brand-rightstuff","19":"pa_quantity-5-pcs","20":"pa_quantity-box-of-20","21":"desktop-align-center","22":"tablet-align-left","23":"mobile-align-left","24":"ast-product-gallery-layout-horizontal-slider","25":"ast-product-gallery-with-no-image","26":"ast-product-single-variable","27":"ast-product-tabs-layout-horizontal","29":"first","30":"instock","31":"sale","32":"taxable","33":"shipping-taxable","34":"purchasable","35":"product-type-variable"},"_links":{"self":[{"href":"https:\/\/rightstuff.eu\/pl\/wp-json\/wp\/v2\/product\/55885","targetHints":{"allow":["GET"]}}],"collection":[{"href":"https:\/\/rightstuff.eu\/pl\/wp-json\/wp\/v2\/product"}],"about":[{"href":"https:\/\/rightstuff.eu\/pl\/wp-json\/wp\/v2\/types\/product"}],"replies":[{"embeddable":true,"href":"https:\/\/rightstuff.eu\/pl\/wp-json\/wp\/v2\/comments?post=55885"}],"version-history":[{"count":0,"href":"https:\/\/rightstuff.eu\/pl\/wp-json\/wp\/v2\/product\/55885\/revisions"}],"wp:featuredmedia":[{"embeddable":true,"href":"https:\/\/rightstuff.eu\/pl\/wp-json\/wp\/v2\/media\/32008"}],"wp:attachment":[{"href":"https:\/\/rightstuff.eu\/pl\/wp-json\/wp\/v2\/media?parent=55885"}],"wp:term":[{"taxonomy":"product_brand","embeddable":true,"href":"https:\/\/rightstuff.eu\/pl\/wp-json\/wp\/v2\/product_brand?post=55885"},{"taxonomy":"product_cat","embeddable":true,"href":"https:\/\/rightstuff.eu\/pl\/wp-json\/wp\/v2\/product_cat?post=55885"},{"taxonomy":"product_tag","embeddable":true,"href":"https:\/\/rightstuff.eu\/pl\/wp-json\/wp\/v2\/product_tag?post=55885"}],"curies":[{"name":"wp","href":"https:\/\/api.w.org\/{rel}","templated":true}]}}