{"id":55566,"date":"2023-11-19T19:25:55","date_gmt":"2023-11-19T18:25:55","guid":{"rendered":"https:\/\/rightstuff.eu\/?post_type=product&#038;p=55566"},"modified":"2026-03-31T10:46:10","modified_gmt":"2026-03-31T08:46:10","slug":"rightstuff-one-pink-candy","status":"publish","type":"product","link":"https:\/\/rightstuff.eu\/pl\/produkt\/rightstuff-one-pink-candy\/","title":{"rendered":"RightStuff ONE - Pink Candy"},"content":{"rendered":"<p>Przedstawiamy RightStuff One Pink Candy Single Coil Tattoo Machine - harmonijne po\u0142\u0105czenie tradycyjnego rzemios\u0142a i nowoczesnego designu, dostosowane do potrzeb profesjonalnych tatua\u017cyst\u00f3w, kt\u00f3rzy ceni\u0105 sobie zar\u00f3wno wydajno\u015b\u0107, jak i estetyk\u0119. Skrupulatnie wykonana maszynka uosabia esencj\u0119 marki RightStuff, zapewniaj\u0105c niezawodn\u0105 precyzj\u0119 z odrobin\u0105 stylu.<\/p>\n<p>Kluczowe cechy:<\/p>\n<p>1. **Ponadczasowy kunszt:** Maszynka do tatua\u017cu z pojedyncz\u0105 cewk\u0105 RightStuff One Pink Candy jest skrupulatnie zaprojektowana, \u0142\u0105cz\u0105c precyzj\u0119 systemu pojedynczej cewki z kunsztem, kt\u00f3ry definiuje dziedzictwo RightStuff. Ta maszynka jest \u015bwiadectwem kunsztu, kt\u00f3ry wk\u0142adany jest w ka\u017cde poci\u0105gni\u0119cie.<\/p>\n<p>2. **Skoncentrowana wydajno\u015b\u0107:** Zaprojektowana do podszewki i cieniowania, ta maszyna oferuje skoncentrowan\u0105 wydajno\u015b\u0107, umo\u017cliwiaj\u0105c artystom tworzenie skomplikowanych wzor\u00f3w z niezr\u00f3wnan\u0105 precyzj\u0105. System pojedynczej cewki zapewnia sp\u00f3jne i kontrolowane do\u015bwiadczenie tatuowania.<\/p>\n<p>3. **P\u0142ynna praca:** Wydajna cewka zapewnia p\u0142ynn\u0105 i wydajn\u0105 prac\u0119. Funkcja ta nie tylko zwi\u0119ksza koncentracj\u0119 artysty, ale tak\u017ce zapewnia spokojn\u0105 atmosfer\u0119 w studiu, przyczyniaj\u0105c si\u0119 do komfortowego do\u015bwiadczenia zar\u00f3wno dla artysty, jak i klienta.<\/p>\n<p>4. **Kompaktowy i lekki:** RightStuff One Pink Candy jest kompaktowy i lekki, zapewniaj\u0105c wygodny chwyt i minimalizuj\u0105c zm\u0119czenie d\u0142oni podczas d\u0142ugich sesji. Ergonomiczna konstrukcja pozwala artystom zachowa\u0107 optymaln\u0105 kontrol\u0119 nad swoim rzemios\u0142em.<\/p>\n<p>5. **Szykowna estetyka:** Poza funkcjonalno\u015bci\u0105, urz\u0105dzenie wyr\u00f3\u017cnia si\u0119 kolorem Pink Candy, dodaj\u0105c odrobin\u0119 szykownego stylu do zestawu narz\u0119dzi artysty. Atrakcyjny wizualnie design odzwierciedla zaanga\u017cowanie RightStuff w p\u0142ynne \u0142\u0105czenie estetyki z wydajno\u015bci\u0105.<\/p>\n<p>6. **Wszechstronna kompatybilno\u015b\u0107:** Kompatybilny z klasycznymi ig\u0142ami, jak r\u00f3wnie\u017c kartrid\u017cami z ig\u0142ami, RightStuff One Pink Candy oferuje artystom wszechstronno\u015b\u0107 w wyborze narz\u0119dzi, pozwalaj\u0105c im wybra\u0107 idealne instrumenty do ich artystycznej wizji.<\/p>\n<p>Niezale\u017cnie od tego, czy jeste\u015b do\u015bwiadczonym profesjonalist\u0105, czy pocz\u0105tkuj\u0105cym artyst\u0105, maszynka do tatua\u017cu RightStuff One Pink Candy Single Coil Tattoo Machine jest niezawodnym i stylowym towarzyszem do tworzenia urzekaj\u0105cych tatua\u017cy. Podnie\u015b sw\u00f3j kunszt dzi\u0119ki doskona\u0142ej synergii tradycyjnego rzemios\u0142a i wsp\u00f3\u0142czesnego designu. Zaufaj RightStuff i ciesz si\u0119 wyj\u0105tkowym do\u015bwiadczeniem w tatuowaniu z pojedyncz\u0105 cewk\u0105.<\/p>","protected":false},"excerpt":{"rendered":"<h4>Maszynka do tatua\u017cu z pojedyncz\u0105 cewk\u0105<\/h4>\n<p>&nbsp;<\/p>\n<p>Rama jest wykonana z k\u0119sa aluminium lotniczego 7075<\/p>\n<p>Wyko\u0144czenie ramy malowane proszkowo.<\/p>\n<p>Wysokiej jako\u015bci niestandardowa cewka<\/p>\n<p>Stalowe okucia z czarnym wyko\u0144czeniem cynkowym<\/p>\n<p>Dzia\u0142a ze wszystkimi rozmiarami igie\u0142 3 - 14RL Przy napi\u0119ciu 5,5-9 V<\/p>\n<p>Skok 3,8 mm<\/p>\n<p>Dzia\u0142a oko\u0142o 135 Hz przy 6,5 V - bez obci\u0105\u017cenia<\/p>\n<p>Waga maszynki do tatua\u017cu 130gr.<\/p>","protected":false},"featured_media":57980,"comment_status":"open","ping_status":"closed","template":"","meta":{"site-sidebar-layout":"default","site-content-layout":"default","ast-site-content-layout":"default","site-content-style":"default","site-sidebar-style":"default","ast-global-header-display":"","ast-banner-title-visibility":"","ast-main-header-display":"","ast-hfb-above-header-display":"","ast-hfb-below-header-display":"","ast-hfb-mobile-header-display":"","site-post-title":"","ast-breadcrumbs-content":"","ast-featured-img":"","footer-sml-layout":"","ast-disable-related-posts":"","theme-transparent-header-meta":"default","adv-header-id-meta":"","stick-header-meta":"default","header-above-stick-meta":"","header-main-stick-meta":"","header-below-stick-meta":"","astra-migrate-meta-layouts":"set","ast-page-background-enabled":"default","ast-page-background-meta":{"desktop":{"background-color":"var(--ast-global-color-4)","background-image":"","background-repeat":"repeat","background-position":"center center","background-size":"auto","background-attachment":"scroll","background-type":"","background-media":"","overlay-type":"","overlay-color":"","overlay-opacity":"","overlay-gradient":""},"tablet":{"background-color":"","background-image":"","background-repeat":"repeat","background-position":"center center","background-size":"auto","background-attachment":"scroll","background-type":"","background-media":"","overlay-type":"","overlay-color":"","overlay-opacity":"","overlay-gradient":""},"mobile":{"background-color":"","background-image":"","background-repeat":"repeat","background-position":"center center","background-size":"auto","background-attachment":"scroll","background-type":"","background-media":"","overlay-type":"","overlay-color":"","overlay-opacity":"","overlay-gradient":""}},"ast-content-background-meta":{"desktop":{"background-color":"var(--ast-global-color-5)","background-image":"","background-repeat":"repeat","background-position":"center center","background-size":"auto","background-attachment":"scroll","background-type":"","background-media":"","overlay-type":"","overlay-color":"","overlay-opacity":"","overlay-gradient":""},"tablet":{"background-color":"var(--ast-global-color-5)","background-image":"","background-repeat":"repeat","background-position":"center center","background-size":"auto","background-attachment":"scroll","background-type":"","background-media":"","overlay-type":"","overlay-color":"","overlay-opacity":"","overlay-gradient":""},"mobile":{"background-color":"var(--ast-global-color-5)","background-image":"","background-repeat":"repeat","background-position":"center center","background-size":"auto","background-attachment":"scroll","background-type":"","background-media":"","overlay-type":"","overlay-color":"","overlay-opacity":"","overlay-gradient":""}}},"product_brand":[],"product_cat":[1942],"product_tag":[82,93,83,99,1801,87,91,95,72],"class_list":{"0":"post-55566","1":"product","2":"type-product","3":"status-publish","4":"has-post-thumbnail","6":"product_cat-rightstuff-one","7":"product_tag-coil-tattoo-machines","8":"product_tag-custom-tattoo-guns","9":"product_tag-custom-tattoo-machines","10":"product_tag-handmade-tattoo-machines","11":"product_tag-machines-a-tatouer-les-bobines","12":"product_tag-professional-tattoo-machines","13":"product_tag-tattoo-equipment","14":"product_tag-tattoo-guns","15":"product_tag-tattoo-machine-coils","16":"pa_brand-rightstuff","17":"desktop-align-center","18":"tablet-align-left","19":"mobile-align-left","20":"ast-product-gallery-layout-horizontal-slider","21":"ast-product-tabs-layout-horizontal","23":"first","24":"outofstock","25":"taxable","26":"shipping-taxable","27":"purchasable","28":"product-type-simple"},"_links":{"self":[{"href":"https:\/\/rightstuff.eu\/pl\/wp-json\/wp\/v2\/product\/55566","targetHints":{"allow":["GET"]}}],"collection":[{"href":"https:\/\/rightstuff.eu\/pl\/wp-json\/wp\/v2\/product"}],"about":[{"href":"https:\/\/rightstuff.eu\/pl\/wp-json\/wp\/v2\/types\/product"}],"replies":[{"embeddable":true,"href":"https:\/\/rightstuff.eu\/pl\/wp-json\/wp\/v2\/comments?post=55566"}],"version-history":[{"count":0,"href":"https:\/\/rightstuff.eu\/pl\/wp-json\/wp\/v2\/product\/55566\/revisions"}],"wp:featuredmedia":[{"embeddable":true,"href":"https:\/\/rightstuff.eu\/pl\/wp-json\/wp\/v2\/media\/57980"}],"wp:attachment":[{"href":"https:\/\/rightstuff.eu\/pl\/wp-json\/wp\/v2\/media?parent=55566"}],"wp:term":[{"taxonomy":"product_brand","embeddable":true,"href":"https:\/\/rightstuff.eu\/pl\/wp-json\/wp\/v2\/product_brand?post=55566"},{"taxonomy":"product_cat","embeddable":true,"href":"https:\/\/rightstuff.eu\/pl\/wp-json\/wp\/v2\/product_cat?post=55566"},{"taxonomy":"product_tag","embeddable":true,"href":"https:\/\/rightstuff.eu\/pl\/wp-json\/wp\/v2\/product_tag?post=55566"}],"curies":[{"name":"wp","href":"https:\/\/api.w.org\/{rel}","templated":true}]}}