{"id":554,"date":"2013-12-06T03:48:00","date_gmt":"2013-12-06T00:48:00","guid":{"rendered":"https:\/\/rightstuff.eu\/shop\/uncategorized\/bone-blck-shader\/"},"modified":"2025-01-22T01:37:14","modified_gmt":"2025-01-22T00:37:14","slug":"bone-blck-shader","status":"publish","type":"product","link":"https:\/\/rightstuff.eu\/pl\/produkt\/bone-blck-shader\/","title":{"rendered":"Maszynka do tatua\u017cu BONE BLCK Shader"},"content":{"rendered":"<p>Right Stuff oferuje artystom tatua\u017cu zamawianie niedrogiej, profesjonalnej maszynki do tatua\u017cu BONE BLCK Shader. W przeciwie\u0144stwie do<a href=\"https:\/\/rightstuff.eu\/product-tag\/liner-tattoo-machine\/\"> maszyna do wy\u015bcie\u0142ania<\/a>cieniowanie polega na stosunkowo p\u0142ynnym wnikaniu elementu tatua\u017cu w nask\u00f3rek. Eksperci twierdz\u0105, \u017ce przyczynia si\u0119 to do zapewnienia wy\u017cszej jako\u015bci tatua\u017cu. Tymczasem, gdy mistrz pracuje z tym urz\u0105dzeniem, musi wiedzie\u0107, \u017ce tusz pod sk\u00f3r\u0105 mo\u017ce si\u0119 rozmy\u0107.<\/p>\n<p>Ten specjalny shader do tatua\u017cy jest u\u017cywany g\u0142\u00f3wnie do wstrzykiwania pigmentu (specjalnego tuszu do tatua\u017cy) do nask\u00f3rka. Jest bardzo skuteczny podczas wykonywania du\u017cych malowide\u0142 w kolorze sk\u00f3ry. Je\u015bli liner do tatua\u017cu jest potrzebny g\u0142\u00f3wnie do rysowania kontur\u00f3w tatua\u017cy, maszynka do tatua\u017cu BONE BLCK Shader s\u0142u\u017cy do ich malowania.<\/p>\n<p>Konstrukcja urz\u0105dzenia sprawia, \u017ce jest ono bardzo wygodne. Posiada mi\u0119kk\u0105 spr\u0119\u017cyn\u0119 oraz 10 zwoj\u00f3w o \u015brednicy 25 milimetr\u00f3w. Shader ma wi\u0119ksz\u0105 wag\u0119 i wymiary ni\u017c liner (to urz\u0105dzenie wa\u017cy 180 gram\u00f3w). Urz\u0105dzenie pracuje z cz\u0119stotliwo\u015bci\u0105 105 Hz, a jego napi\u0119cie wynosi 6,6 V.<\/p>","protected":false},"excerpt":{"rendered":"<p>Rama jest wykonana z jednego kawa\u0142ka stali<\/p>\n<p>Wysokiej jako\u015bci zwoje - 25 mm * 10 zwoj\u00f3w<\/p>\n<p>Osprz\u0119t z czernionej stali<\/p>\n<p>Preferowane ig\u0142y 7-15m<\/p>\n<p>Mi\u0119kkie uderzenie, \u015brednie uderzenie<\/p>\n<p>Dzia\u0142a na 105hz przy napi\u0119ciu 6,6 V - bez obci\u0105\u017cenia<\/p>\n<p>Waga maszynki do tatua\u017cu 180gr.<\/p>\n<p>&nbsp;<\/p>","protected":false},"featured_media":49298,"comment_status":"open","ping_status":"closed","template":"","meta":{"site-sidebar-layout":"","site-content-layout":"","ast-site-content-layout":"default","site-content-style":"default","site-sidebar-style":"default","ast-global-header-display":"","ast-banner-title-visibility":"","ast-main-header-display":"","ast-hfb-above-header-display":"","ast-hfb-below-header-display":"","ast-hfb-mobile-header-display":"","site-post-title":"","ast-breadcrumbs-content":"","ast-featured-img":"","footer-sml-layout":"","ast-disable-related-posts":"","theme-transparent-header-meta":"","adv-header-id-meta":"","stick-header-meta":"","header-above-stick-meta":"","header-main-stick-meta":"","header-below-stick-meta":"","astra-migrate-meta-layouts":"default","ast-page-background-enabled":"default","ast-page-background-meta":{"desktop":{"background-color":"var(--ast-global-color-4)","background-image":"","background-repeat":"repeat","background-position":"center center","background-size":"auto","background-attachment":"scroll","background-type":"","background-media":"","overlay-type":"","overlay-color":"","overlay-opacity":"","overlay-gradient":""},"tablet":{"background-color":"","background-image":"","background-repeat":"repeat","background-position":"center center","background-size":"auto","background-attachment":"scroll","background-type":"","background-media":"","overlay-type":"","overlay-color":"","overlay-opacity":"","overlay-gradient":""},"mobile":{"background-color":"","background-image":"","background-repeat":"repeat","background-position":"center center","background-size":"auto","background-attachment":"scroll","background-type":"","background-media":"","overlay-type":"","overlay-color":"","overlay-opacity":"","overlay-gradient":""}},"ast-content-background-meta":{"desktop":{"background-color":"var(--ast-global-color-5)","background-image":"","background-repeat":"repeat","background-position":"center center","background-size":"auto","background-attachment":"scroll","background-type":"","background-media":"","overlay-type":"","overlay-color":"","overlay-opacity":"","overlay-gradient":""},"tablet":{"background-color":"var(--ast-global-color-5)","background-image":"","background-repeat":"repeat","background-position":"center center","background-size":"auto","background-attachment":"scroll","background-type":"","background-media":"","overlay-type":"","overlay-color":"","overlay-opacity":"","overlay-gradient":""},"mobile":{"background-color":"var(--ast-global-color-5)","background-image":"","background-repeat":"repeat","background-position":"center center","background-size":"auto","background-attachment":"scroll","background-type":"","background-media":"","overlay-type":"","overlay-color":"","overlay-opacity":"","overlay-gradient":""}}},"product_brand":[],"product_cat":[21],"product_tag":[82,93,83,99,1800,87,89,1791,91,95,72,96],"class_list":{"0":"post-554","1":"product","2":"type-product","3":"status-publish","4":"has-post-thumbnail","6":"product_cat-bone","7":"product_tag-coil-tattoo-machines","8":"product_tag-custom-tattoo-guns","9":"product_tag-custom-tattoo-machines","10":"product_tag-handmade-tattoo-machines","11":"product_tag-macchinetta-per-tatuaggio-a-bobina","12":"product_tag-professional-tattoo-machines","13":"product_tag-shader-tattoo-machines","14":"product_tag-spulen-tattoomaschinen","15":"product_tag-tattoo-equipment","16":"product_tag-tattoo-guns","17":"product_tag-tattoo-machine-coils","18":"product_tag-tattoo-shading-guns","19":"pa_brand-rightstuff","20":"desktop-align-center","21":"tablet-align-left","22":"mobile-align-left","23":"ast-product-gallery-layout-horizontal-slider","24":"ast-product-tabs-layout-horizontal","26":"first","27":"outofstock","28":"sale","29":"taxable","30":"shipping-taxable","31":"purchasable","32":"product-type-simple"},"_links":{"self":[{"href":"https:\/\/rightstuff.eu\/pl\/wp-json\/wp\/v2\/product\/554","targetHints":{"allow":["GET"]}}],"collection":[{"href":"https:\/\/rightstuff.eu\/pl\/wp-json\/wp\/v2\/product"}],"about":[{"href":"https:\/\/rightstuff.eu\/pl\/wp-json\/wp\/v2\/types\/product"}],"replies":[{"embeddable":true,"href":"https:\/\/rightstuff.eu\/pl\/wp-json\/wp\/v2\/comments?post=554"}],"version-history":[{"count":0,"href":"https:\/\/rightstuff.eu\/pl\/wp-json\/wp\/v2\/product\/554\/revisions"}],"wp:featuredmedia":[{"embeddable":true,"href":"https:\/\/rightstuff.eu\/pl\/wp-json\/wp\/v2\/media\/49298"}],"wp:attachment":[{"href":"https:\/\/rightstuff.eu\/pl\/wp-json\/wp\/v2\/media?parent=554"}],"wp:term":[{"taxonomy":"product_brand","embeddable":true,"href":"https:\/\/rightstuff.eu\/pl\/wp-json\/wp\/v2\/product_brand?post=554"},{"taxonomy":"product_cat","embeddable":true,"href":"https:\/\/rightstuff.eu\/pl\/wp-json\/wp\/v2\/product_cat?post=554"},{"taxonomy":"product_tag","embeddable":true,"href":"https:\/\/rightstuff.eu\/pl\/wp-json\/wp\/v2\/product_tag?post=554"}],"curies":[{"name":"wp","href":"https:\/\/api.w.org\/{rel}","templated":true}]}}