{"id":55333,"date":"2023-08-10T00:53:23","date_gmt":"2023-08-09T22:53:23","guid":{"rendered":"https:\/\/rightstuff.eu\/?post_type=product&#038;p=55333"},"modified":"2024-12-24T19:14:43","modified_gmt":"2024-12-24T18:14:43","slug":"pen-tattoo-machine-hornet-grey","status":"publish","type":"product","link":"https:\/\/rightstuff.eu\/pl\/produkt\/pen-tattoo-machine-hornet-grey\/","title":{"rendered":"Maszynka do tatua\u017cu Hornet (szara)"},"content":{"rendered":"<p>Przedstawiamy maszynk\u0119 do tatua\u017cu Hornet Grey 32mm Grip Pen Tattoo Machine - Twojego najlepszego towarzysza w sztuce tatua\u017cu!<\/p>\n<p>Czy jeste\u015b gotowy, aby przenie\u015b\u0107 swoj\u0105 gr\u0119 w tatua\u017c na wy\u017cszy poziom? Nie szukaj dalej ni\u017c maszynka do tatua\u017cu Hornet Grey 32mm Grip Pen Tattoo Machine, najnowocze\u015bniejsze narz\u0119dzie zaprojektowane, aby przekszta\u0142ci\u0107 Twoj\u0105 artystyczn\u0105 wizj\u0119 w osza\u0142amiaj\u0105ce, skomplikowane projekty.<\/p>\n<p>**Uwolnij swoj\u0105 kreatywno\u015b\u0107:**.<br \/>\nStworzona z my\u015bl\u0105 o precyzji i innowacyjno\u015bci, maszynka do tatua\u017cu Hornet Grey Pen pozwoli Ci o\u017cywi\u0107 swoj\u0105 artystyczn\u0105 wyobra\u017ani\u0119. Niezale\u017cnie od tego, czy jeste\u015b do\u015bwiadczonym artyst\u0105 tatua\u017cu, czy pocz\u0105tkuj\u0105cym entuzjast\u0105, ta maszynka gwarantuje p\u0142ynn\u0105 kontrol\u0119 i nienaganne linie, umo\u017cliwiaj\u0105c tworzenie tatua\u017cy, kt\u00f3re s\u0105 prawdziwymi dzie\u0142ami sztuki.<\/p>\n<p>**Komfort \u0142\u0105czy si\u0119 z wydajno\u015bci\u0105:**.<br \/>\nDzi\u0119ki ergonomicznemu uchwytowi 32 mm, maszynka do tatua\u017cu Hornet Pen zapewnia wiele godzin wygodnego u\u017cytkowania, umo\u017cliwiaj\u0105c Ci skupienie si\u0119 na swoim rzemio\u015ble bez \u017cadnego dyskomfortu. Lekka konstrukcja w po\u0142\u0105czeniu z mocnym silnikiem zapewnia sta\u0142\u0105 wydajno\u015b\u0107, co skutkuje p\u0142ynnym i szczeg\u00f3\u0142owym tatuowaniem.<\/p>\n<p>**Higiena i jako\u015b\u0107:**.<br \/>\nRozumiemy, jak wa\u017cne jest utrzymanie wysokich standard\u00f3w higieny i jako\u015bci w procesie tatuowania. Maszynka do tatua\u017cu Hornet Pen zosta\u0142a skrupulatnie zaprojektowana, aby spe\u0142ni\u0107 te standardy, zapewniaj\u0105c bezpiecze\u0144stwo zar\u00f3wno artysty, jak i klienta. Innowacyjny system kartrid\u017cy jest nie tylko \u0142atwy do wymiany, ale tak\u017ce kompatybilny z szerok\u0105 gam\u0105 kartrid\u017cy, zapewniaj\u0105c elastyczno\u015b\u0107, kt\u00f3rej potrzebujesz.<\/p>\n<p>**Zdefiniowana na nowo zmienno\u015b\u0107:**.<br \/>\nNiezale\u017cnie od tego, czy pracujesz nad skomplikowanymi detalami, czy odwa\u017cnymi konturami, maszynka do tatua\u017cu Hornet Grey Pen oferuje niezr\u00f3wnan\u0105 wszechstronno\u015b\u0107. Dzi\u0119ki regulowanej g\u0142\u0119boko\u015bci ig\u0142y w zakresie od 1 mm do 3,5 mm masz swobod\u0119 eksperymentowania z r\u00f3\u017cnymi stylami i technikami, osi\u0105gaj\u0105c wyniki przekraczaj\u0105ce oczekiwania.<\/p>\n<p>**Doskona\u0142o\u015b\u0107 techniczna:**.<br \/>\nMaszynka do tatua\u017cu Hornet Pen dzia\u0142a z imponuj\u0105c\u0105 pr\u0119dko\u015bci\u0105 8000 obrot\u00f3w na minut\u0119, zapewniaj\u0105c szybko\u015b\u0107 i precyzj\u0119 wymagan\u0105 do skomplikowanych projekt\u00f3w. Dzi\u0119ki zakresowi napi\u0119cia 4,5-13 V, urz\u0105dzenie to dostosowuje si\u0119 do Twoich preferencji, zapewniaj\u0105c sta\u0142\u0105 wydajno\u015b\u0107.<\/p>\n<p>Podnie\u015b swoje wra\u017cenia z tatuowania dzi\u0119ki maszynce do tatua\u017cu Hornet Grey 32 mm Grip Pen. Zanurz si\u0119 w \u015bwiecie nieograniczonej kreatywno\u015bci, bezkompromisowej jako\u015bci i niezr\u00f3wnanej precyzji. Niezale\u017cnie od tego, czy jeste\u015b artyst\u0105 tatua\u017cu d\u0105\u017c\u0105cym do perfekcji, czy te\u017c kreatywn\u0105 osob\u0105 wkraczaj\u0105c\u0105 w \u015bwiat tatua\u017cu, ta maszynka jest bram\u0105 do niezwyk\u0142ego artyzmu.<\/p>\n<p>Ju\u017c dzi\u015b uwolnij potencja\u0142 maszynki do tatua\u017cu Hornet Grey Pen Tattoo Machine i odci\u015bnij swoje pi\u0119tno w \u015bwiecie tatua\u017cy jak nigdy dot\u0105d.<\/p>","protected":false},"excerpt":{"rendered":"<p>Maszyna do robienia tatua\u017cy na pi\u00f3rze Szersze\u0144<br \/>\nUchwyt 28 mm \/ 32 mm<\/p>\n<p>Stift tattoo maschine Hornet<\/p>\n<p>Kompatybilny z wszystkimi standardowymi wk\u0142adami<\/p>\n<p>Skok 3,2 mm<br \/>\nZmienna g\u0142\u0119boko\u015b\u0107 ig\u0142y do 4 mm<br \/>\n8000 OBR\/MIN<br \/>\nPreferowane napi\u0119cie 4,5-13 V<\/p>\n<p>Po\u0142\u0105czenie RCA<br \/>\nKorpus aluminiowy<br \/>\nWaga 145 gr.<\/p>","protected":false},"featured_media":56864,"comment_status":"open","ping_status":"closed","template":"","meta":{"site-sidebar-layout":"default","site-content-layout":"default","ast-site-content-layout":"default","site-content-style":"default","site-sidebar-style":"default","ast-global-header-display":"","ast-banner-title-visibility":"","ast-main-header-display":"","ast-hfb-above-header-display":"","ast-hfb-below-header-display":"","ast-hfb-mobile-header-display":"","site-post-title":"","ast-breadcrumbs-content":"","ast-featured-img":"","footer-sml-layout":"","ast-disable-related-posts":"","theme-transparent-header-meta":"default","adv-header-id-meta":"","stick-header-meta":"default","header-above-stick-meta":"","header-main-stick-meta":"","header-below-stick-meta":"","astra-migrate-meta-layouts":"set","ast-page-background-enabled":"default","ast-page-background-meta":{"desktop":{"background-color":"var(--ast-global-color-4)","background-image":"","background-repeat":"repeat","background-position":"center center","background-size":"auto","background-attachment":"scroll","background-type":"","background-media":"","overlay-type":"","overlay-color":"","overlay-opacity":"","overlay-gradient":""},"tablet":{"background-color":"","background-image":"","background-repeat":"repeat","background-position":"center center","background-size":"auto","background-attachment":"scroll","background-type":"","background-media":"","overlay-type":"","overlay-color":"","overlay-opacity":"","overlay-gradient":""},"mobile":{"background-color":"","background-image":"","background-repeat":"repeat","background-position":"center center","background-size":"auto","background-attachment":"scroll","background-type":"","background-media":"","overlay-type":"","overlay-color":"","overlay-opacity":"","overlay-gradient":""}},"ast-content-background-meta":{"desktop":{"background-color":"var(--ast-global-color-5)","background-image":"","background-repeat":"repeat","background-position":"center center","background-size":"auto","background-attachment":"scroll","background-type":"","background-media":"","overlay-type":"","overlay-color":"","overlay-opacity":"","overlay-gradient":""},"tablet":{"background-color":"var(--ast-global-color-5)","background-image":"","background-repeat":"repeat","background-position":"center center","background-size":"auto","background-attachment":"scroll","background-type":"","background-media":"","overlay-type":"","overlay-color":"","overlay-opacity":"","overlay-gradient":""},"mobile":{"background-color":"var(--ast-global-color-5)","background-image":"","background-repeat":"repeat","background-position":"center center","background-size":"auto","background-attachment":"scroll","background-type":"","background-media":"","overlay-type":"","overlay-color":"","overlay-opacity":"","overlay-gradient":""}}},"product_brand":[],"product_cat":[1803],"product_tag":[101,93,100,99,53,1798,50,87,98,48,97,1792,71,91,95,52,41,51],"class_list":{"0":"post-55333","1":"product","2":"type-product","3":"status-publish","4":"has-post-thumbnail","6":"product_cat-pen-tattoo-machines","7":"product_tag-custom-rotary-machines","8":"product_tag-custom-tattoo-guns","9":"product_tag-handmade-rotary-tattoo-machines","10":"product_tag-handmade-tattoo-machines","11":"product_tag-hornet-tattoo-machine","12":"product_tag-maquinas-rotativas-de-tatuaje","13":"product_tag-pen-tattoo-machine","14":"product_tag-professional-tattoo-machines","15":"product_tag-rotary-tattoo-guns","16":"product_tag-rotary-tattoo-machine","17":"product_tag-rotary-tattoo-pen","18":"product_tag-rotary-tattoomaschinen","19":"product_tag-tattoo-cartridges","20":"product_tag-tattoo-equipment","21":"product_tag-tattoo-guns","22":"product_tag-tattoo-machine-pen","23":"product_tag-tattoo-machines","24":"product_tag-tattoo-pen","25":"desktop-align-center","26":"tablet-align-left","27":"mobile-align-left","28":"ast-product-gallery-layout-horizontal-slider","29":"ast-product-single-variable","30":"ast-product-tabs-layout-horizontal","32":"first","33":"instock","34":"taxable","35":"shipping-taxable","36":"purchasable","37":"product-type-variable"},"_links":{"self":[{"href":"https:\/\/rightstuff.eu\/pl\/wp-json\/wp\/v2\/product\/55333","targetHints":{"allow":["GET"]}}],"collection":[{"href":"https:\/\/rightstuff.eu\/pl\/wp-json\/wp\/v2\/product"}],"about":[{"href":"https:\/\/rightstuff.eu\/pl\/wp-json\/wp\/v2\/types\/product"}],"replies":[{"embeddable":true,"href":"https:\/\/rightstuff.eu\/pl\/wp-json\/wp\/v2\/comments?post=55333"}],"version-history":[{"count":0,"href":"https:\/\/rightstuff.eu\/pl\/wp-json\/wp\/v2\/product\/55333\/revisions"}],"wp:featuredmedia":[{"embeddable":true,"href":"https:\/\/rightstuff.eu\/pl\/wp-json\/wp\/v2\/media\/56864"}],"wp:attachment":[{"href":"https:\/\/rightstuff.eu\/pl\/wp-json\/wp\/v2\/media?parent=55333"}],"wp:term":[{"taxonomy":"product_brand","embeddable":true,"href":"https:\/\/rightstuff.eu\/pl\/wp-json\/wp\/v2\/product_brand?post=55333"},{"taxonomy":"product_cat","embeddable":true,"href":"https:\/\/rightstuff.eu\/pl\/wp-json\/wp\/v2\/product_cat?post=55333"},{"taxonomy":"product_tag","embeddable":true,"href":"https:\/\/rightstuff.eu\/pl\/wp-json\/wp\/v2\/product_tag?post=55333"}],"curies":[{"name":"wp","href":"https:\/\/api.w.org\/{rel}","templated":true}]}}