{"id":55325,"date":"2023-08-10T00:36:36","date_gmt":"2023-08-09T22:36:36","guid":{"rendered":"https:\/\/rightstuff.eu\/?post_type=product&#038;p=55325"},"modified":"2023-11-08T15:20:22","modified_gmt":"2023-11-08T14:20:22","slug":"pen-tattoo-machine-hornet-grn","status":"publish","type":"product","link":"https:\/\/rightstuff.eu\/pl\/produkt\/pen-tattoo-machine-hornet-grn\/","title":{"rendered":"Maszynka do tatua\u017cu Hornet GRN"},"content":{"rendered":"<p>Tatuowanie ma staro\u017cytne dziedzictwo, si\u0119gaj\u0105ce wiek\u00f3w wstecz. W dawnych czasach te ozdoby sk\u00f3ry mia\u0142y okre\u015blone intencje. Ludzie wierzyli, \u017ce tatua\u017ce mog\u0105 chroni\u0107 przed chorobami lub nieprzewidzian\u0105 \u015bmierci\u0105, a tak\u017ce wzbudza\u0107 strach w przeciwnikach i podbija\u0107 serca bliskich. W przesz\u0142o\u015bci sztuka ta polega\u0142a na nacinaniu sk\u00f3ry i wprowadzaniu pod ni\u0105 specjalistycznych pigment\u00f3w, co by\u0142o procedur\u0105 s\u0142yn\u0105c\u0105 z rozdzieraj\u0105cej natury.<\/p>\n<p>Obecnie dziedzina tatua\u017cu znacznie si\u0119 rozwin\u0119\u0142a. Wsp\u00f3\u0142cze\u015bni profesjonali\u015bci posiadaj\u0105 zdolno\u015b\u0107 do wykonywania tatua\u017cy podobnych do makija\u017cu permanentnego, oszcz\u0119dzaj\u0105c klientom dyskomfortu. Wykorzystuj\u0105c zaawansowane narz\u0119dzia, takie jak aluminiowa maszynka do tatua\u017cu Hornet (Sniper Green), arty\u015bci mog\u0105 bez wysi\u0142ku tworzy\u0107 precyzyjne linie i skomplikowane projekty. To specjalistyczne urz\u0105dzenie, cenione zar\u00f3wno za nak\u0142adanie makija\u017cu, jak i sztuk\u0119 tatua\u017cu, rygorystycznie przestrzega standard\u00f3w higieny i jako\u015bci. W szczeg\u00f3lno\u015bci, umo\u017cliwia arty\u015bcie tworzenie skrupulatnych linii, zachowuj\u0105c swoj\u0105 doskona\u0142o\u015b\u0107 przez okres od czterech do pi\u0119ciu lat.<\/p>\n<p>Wymiana kartrid\u017ca w urz\u0105dzeniu okazuje si\u0119 prostym procesem, poniewa\u017c urz\u0105dzenie to obs\u0142uguje szerok\u0105 gam\u0119 kompatybilnych kartrid\u017cy. Wa\u017c\u0105ce zaledwie 145 gram\u00f3w urz\u0105dzenie dzia\u0142a z ogromn\u0105 pr\u0119dko\u015bci\u0105 8000 obrot\u00f3w na minut\u0119, wymagaj\u0105c napi\u0119cia 4,5-13 V. Co wi\u0119cej, g\u0142\u0119boko\u015b\u0107 penetracji ig\u0142y wynosi od 1 do 3,5 mm, co u\u0142atwia wszechstronn\u0105 ekspresj\u0119 tw\u00f3rcz\u0105.<\/p>","protected":false},"excerpt":{"rendered":"<p>Maszyna do robienia tatua\u017cy na pi\u00f3rze Szersze\u0144<br \/>\nUchwyt 28 mm<\/p>\n<p>Kompatybilny z wszystkimi standardowymi wk\u0142adami<\/p>\n<p>Skok 3,2 mm<br \/>\nZmienna g\u0142\u0119boko\u015b\u0107 ig\u0142y do 4 mm<br \/>\n8000 OBR\/MIN<br \/>\nPreferowane napi\u0119cie 4,5-13 V<\/p>\n<p>Po\u0142\u0105czenie RCA<br \/>\nKorpus aluminiowy<br \/>\nWaga 145 gr.<\/p>","protected":false},"featured_media":55322,"comment_status":"open","ping_status":"closed","template":"","meta":{"site-sidebar-layout":"default","site-content-layout":"default","ast-site-content-layout":"default","site-content-style":"default","site-sidebar-style":"default","ast-global-header-display":"","ast-banner-title-visibility":"","ast-main-header-display":"","ast-hfb-above-header-display":"","ast-hfb-below-header-display":"","ast-hfb-mobile-header-display":"","site-post-title":"","ast-breadcrumbs-content":"","ast-featured-img":"","footer-sml-layout":"","ast-disable-related-posts":"","theme-transparent-header-meta":"default","adv-header-id-meta":"","stick-header-meta":"default","header-above-stick-meta":"","header-main-stick-meta":"","header-below-stick-meta":"","astra-migrate-meta-layouts":"set","ast-page-background-enabled":"default","ast-page-background-meta":{"desktop":{"background-color":"var(--ast-global-color-4)","background-image":"","background-repeat":"repeat","background-position":"center center","background-size":"auto","background-attachment":"scroll","background-type":"","background-media":"","overlay-type":"","overlay-color":"","overlay-opacity":"","overlay-gradient":""},"tablet":{"background-color":"","background-image":"","background-repeat":"repeat","background-position":"center center","background-size":"auto","background-attachment":"scroll","background-type":"","background-media":"","overlay-type":"","overlay-color":"","overlay-opacity":"","overlay-gradient":""},"mobile":{"background-color":"","background-image":"","background-repeat":"repeat","background-position":"center center","background-size":"auto","background-attachment":"scroll","background-type":"","background-media":"","overlay-type":"","overlay-color":"","overlay-opacity":"","overlay-gradient":""}},"ast-content-background-meta":{"desktop":{"background-color":"var(--ast-global-color-5)","background-image":"","background-repeat":"repeat","background-position":"center center","background-size":"auto","background-attachment":"scroll","background-type":"","background-media":"","overlay-type":"","overlay-color":"","overlay-opacity":"","overlay-gradient":""},"tablet":{"background-color":"var(--ast-global-color-5)","background-image":"","background-repeat":"repeat","background-position":"center center","background-size":"auto","background-attachment":"scroll","background-type":"","background-media":"","overlay-type":"","overlay-color":"","overlay-opacity":"","overlay-gradient":""},"mobile":{"background-color":"var(--ast-global-color-5)","background-image":"","background-repeat":"repeat","background-position":"center center","background-size":"auto","background-attachment":"scroll","background-type":"","background-media":"","overlay-type":"","overlay-color":"","overlay-opacity":"","overlay-gradient":""}}},"product_brand":[],"product_cat":[1803],"product_tag":[101,93,100,99,53,1798,50,87,98,48,97,1792,71,91,95,52,41,51],"class_list":{"0":"post-55325","1":"product","2":"type-product","3":"status-publish","4":"has-post-thumbnail","6":"product_cat-pen-tattoo-machines","7":"product_tag-custom-rotary-machines","8":"product_tag-custom-tattoo-guns","9":"product_tag-handmade-rotary-tattoo-machines","10":"product_tag-handmade-tattoo-machines","11":"product_tag-hornet-tattoo-machine","12":"product_tag-maquinas-rotativas-de-tatuaje","13":"product_tag-pen-tattoo-machine","14":"product_tag-professional-tattoo-machines","15":"product_tag-rotary-tattoo-guns","16":"product_tag-rotary-tattoo-machine","17":"product_tag-rotary-tattoo-pen","18":"product_tag-rotary-tattoomaschinen","19":"product_tag-tattoo-cartridges","20":"product_tag-tattoo-equipment","21":"product_tag-tattoo-guns","22":"product_tag-tattoo-machine-pen","23":"product_tag-tattoo-machines","24":"product_tag-tattoo-pen","25":"pa_brand-rightstuff","26":"desktop-align-center","27":"tablet-align-left","28":"mobile-align-left","29":"ast-product-gallery-layout-horizontal-slider","30":"ast-product-gallery-with-no-image","31":"ast-product-tabs-layout-horizontal","33":"first","34":"instock","35":"taxable","36":"shipping-taxable","37":"purchasable","38":"product-type-simple"},"_links":{"self":[{"href":"https:\/\/rightstuff.eu\/pl\/wp-json\/wp\/v2\/product\/55325","targetHints":{"allow":["GET"]}}],"collection":[{"href":"https:\/\/rightstuff.eu\/pl\/wp-json\/wp\/v2\/product"}],"about":[{"href":"https:\/\/rightstuff.eu\/pl\/wp-json\/wp\/v2\/types\/product"}],"replies":[{"embeddable":true,"href":"https:\/\/rightstuff.eu\/pl\/wp-json\/wp\/v2\/comments?post=55325"}],"version-history":[{"count":0,"href":"https:\/\/rightstuff.eu\/pl\/wp-json\/wp\/v2\/product\/55325\/revisions"}],"wp:featuredmedia":[{"embeddable":true,"href":"https:\/\/rightstuff.eu\/pl\/wp-json\/wp\/v2\/media\/55322"}],"wp:attachment":[{"href":"https:\/\/rightstuff.eu\/pl\/wp-json\/wp\/v2\/media?parent=55325"}],"wp:term":[{"taxonomy":"product_brand","embeddable":true,"href":"https:\/\/rightstuff.eu\/pl\/wp-json\/wp\/v2\/product_brand?post=55325"},{"taxonomy":"product_cat","embeddable":true,"href":"https:\/\/rightstuff.eu\/pl\/wp-json\/wp\/v2\/product_cat?post=55325"},{"taxonomy":"product_tag","embeddable":true,"href":"https:\/\/rightstuff.eu\/pl\/wp-json\/wp\/v2\/product_tag?post=55325"}],"curies":[{"name":"wp","href":"https:\/\/api.w.org\/{rel}","templated":true}]}}