{"id":553,"date":"2013-12-06T03:00:00","date_gmt":"2013-12-06T00:00:00","guid":{"rendered":"https:\/\/rightstuff.eu\/shop\/uncategorized\/bone-blck-liner\/"},"modified":"2025-01-22T01:37:14","modified_gmt":"2025-01-22T00:37:14","slug":"bone-blck-liner","status":"publish","type":"product","link":"https:\/\/rightstuff.eu\/pl\/produkt\/bone-blck-liner\/","title":{"rendered":"Maszynka do tatua\u017cu BONE BLCK Liner"},"content":{"rendered":"<p>Zaopatrzenie si\u0119 w wysokiej jako\u015bci sprz\u0119t do tatuowania to jedyny spos\u00f3b, jaki mo\u017cna wybra\u0107, rozpoczynaj\u0105c tworzenie stylowych tatua\u017cy i zarabianie w tym biznesie. \u017baden artysta nie mo\u017ce pracowa\u0107 bez profesjonalnego linera. \u015aruba kontaktowa tego urz\u0105dzenia o k\u0105cie 30 stopni jest wyra\u017anie cofni\u0119ta do ty\u0142u maszyny - dzi\u0119ki temu specjalista od tatua\u017cu z \u0142atwo\u015bci\u0105 rozpozna j\u0105 pomi\u0119dzy <a href=\"https:\/\/rightstuff.eu\/product-tag\/tattoo-supplies\/\">inny sprz\u0119t do tatuowania<\/a>. Szczelina widoczna mi\u0119dzy \u015brub\u0105 kontaktow\u0105 a przedni\u0105 spr\u0119\u017cyn\u0105 przedmiotu jest mniejsza ni\u017c szczelina w klasycznym shaderze. U\u017cywaj\u0105c maszynki BONE BLCK Liner Tattoo Machine, mistrz z \u0142atwo\u015bci\u0105 tworzy dok\u0142adne linie i rysuje kontury tatua\u017cu.<\/p>\n<p>Rama tego urz\u0105dzenia ze stali, jego \"szkielet\", doskonale utrzymuje wszystkie elementy pozwalaj\u0105ce na bezproblemowe dzia\u0142anie maszyny. Rama r\u00f3wnie\u017c szybko przewodzi pr\u0105d elektryczny wytwarzany przez zasilacz urz\u0105dzenia. Ta wk\u0142adka o cz\u0119stotliwo\u015bci 160 Hz pracuje pod napi\u0119ciem 6, 6 V. Posiada 26 milimetr\u00f3w 8 zwoj\u00f3w i u\u017cywa igie\u0142 3-7 Rl. Ca\u0142kowita waga tego profesjonalnego urz\u0105dzenia wynosi 180 gram\u00f3w.<\/p>","protected":false},"excerpt":{"rendered":"<p>Rama jest wykonana z jednego kawa\u0142ka stali<\/p>\n<p>Wysokiej jako\u015bci zwoje - 26 mm * 8 zwoj\u00f3w<\/p>\n<p>Osprz\u0119t z czernionej stali<\/p>\n<p>Ig\u0142y preferowane 3-7RL<\/p>\n<p>\u015aredni udar<\/p>\n<p>Dzia\u0142a 160hz przy napi\u0119ciu 6,6 V - bez obci\u0105\u017cenia<\/p>\n<p>Waga maszynki do tatua\u017cu 180gr.<\/p>","protected":false},"featured_media":49291,"comment_status":"open","ping_status":"closed","template":"","meta":{"site-sidebar-layout":"default","site-content-layout":"","ast-site-content-layout":"default","site-content-style":"default","site-sidebar-style":"default","ast-global-header-display":"","ast-banner-title-visibility":"","ast-main-header-display":"","ast-hfb-above-header-display":"","ast-hfb-below-header-display":"","ast-hfb-mobile-header-display":"","site-post-title":"","ast-breadcrumbs-content":"","ast-featured-img":"","footer-sml-layout":"","ast-disable-related-posts":"","theme-transparent-header-meta":"default","adv-header-id-meta":"","stick-header-meta":"default","header-above-stick-meta":"","header-main-stick-meta":"","header-below-stick-meta":"","astra-migrate-meta-layouts":"set","ast-page-background-enabled":"default","ast-page-background-meta":{"desktop":{"background-color":"var(--ast-global-color-4)","background-image":"","background-repeat":"repeat","background-position":"center center","background-size":"auto","background-attachment":"scroll","background-type":"","background-media":"","overlay-type":"","overlay-color":"","overlay-opacity":"","overlay-gradient":""},"tablet":{"background-color":"","background-image":"","background-repeat":"repeat","background-position":"center center","background-size":"auto","background-attachment":"scroll","background-type":"","background-media":"","overlay-type":"","overlay-color":"","overlay-opacity":"","overlay-gradient":""},"mobile":{"background-color":"","background-image":"","background-repeat":"repeat","background-position":"center center","background-size":"auto","background-attachment":"scroll","background-type":"","background-media":"","overlay-type":"","overlay-color":"","overlay-opacity":"","overlay-gradient":""}},"ast-content-background-meta":{"desktop":{"background-color":"var(--ast-global-color-5)","background-image":"","background-repeat":"repeat","background-position":"center center","background-size":"auto","background-attachment":"scroll","background-type":"","background-media":"","overlay-type":"","overlay-color":"","overlay-opacity":"","overlay-gradient":""},"tablet":{"background-color":"var(--ast-global-color-5)","background-image":"","background-repeat":"repeat","background-position":"center center","background-size":"auto","background-attachment":"scroll","background-type":"","background-media":"","overlay-type":"","overlay-color":"","overlay-opacity":"","overlay-gradient":""},"mobile":{"background-color":"var(--ast-global-color-5)","background-image":"","background-repeat":"repeat","background-position":"center center","background-size":"auto","background-attachment":"scroll","background-type":"","background-media":"","overlay-type":"","overlay-color":"","overlay-opacity":"","overlay-gradient":""}}},"product_brand":[],"product_cat":[21],"product_tag":[82,93,83,99,43,1800,87,1791,91,95,23,72,41],"class_list":{"0":"post-553","1":"product","2":"type-product","3":"status-publish","4":"has-post-thumbnail","6":"product_cat-bone","7":"product_tag-coil-tattoo-machines","8":"product_tag-custom-tattoo-guns","9":"product_tag-custom-tattoo-machines","10":"product_tag-handmade-tattoo-machines","11":"product_tag-liner-tattoo-machine","12":"product_tag-macchinetta-per-tatuaggio-a-bobina","13":"product_tag-professional-tattoo-machines","14":"product_tag-spulen-tattoomaschinen","15":"product_tag-tattoo-equipment","16":"product_tag-tattoo-guns","17":"product_tag-tattoo-machine","18":"product_tag-tattoo-machine-coils","19":"product_tag-tattoo-machines","20":"pa_brand-rightstuff","21":"desktop-align-center","22":"tablet-align-left","23":"mobile-align-left","24":"ast-product-gallery-layout-horizontal-slider","25":"ast-product-tabs-layout-horizontal","27":"first","28":"outofstock","29":"sale","30":"taxable","31":"shipping-taxable","32":"purchasable","33":"product-type-simple"},"_links":{"self":[{"href":"https:\/\/rightstuff.eu\/pl\/wp-json\/wp\/v2\/product\/553","targetHints":{"allow":["GET"]}}],"collection":[{"href":"https:\/\/rightstuff.eu\/pl\/wp-json\/wp\/v2\/product"}],"about":[{"href":"https:\/\/rightstuff.eu\/pl\/wp-json\/wp\/v2\/types\/product"}],"replies":[{"embeddable":true,"href":"https:\/\/rightstuff.eu\/pl\/wp-json\/wp\/v2\/comments?post=553"}],"version-history":[{"count":0,"href":"https:\/\/rightstuff.eu\/pl\/wp-json\/wp\/v2\/product\/553\/revisions"}],"wp:featuredmedia":[{"embeddable":true,"href":"https:\/\/rightstuff.eu\/pl\/wp-json\/wp\/v2\/media\/49291"}],"wp:attachment":[{"href":"https:\/\/rightstuff.eu\/pl\/wp-json\/wp\/v2\/media?parent=553"}],"wp:term":[{"taxonomy":"product_brand","embeddable":true,"href":"https:\/\/rightstuff.eu\/pl\/wp-json\/wp\/v2\/product_brand?post=553"},{"taxonomy":"product_cat","embeddable":true,"href":"https:\/\/rightstuff.eu\/pl\/wp-json\/wp\/v2\/product_cat?post=553"},{"taxonomy":"product_tag","embeddable":true,"href":"https:\/\/rightstuff.eu\/pl\/wp-json\/wp\/v2\/product_tag?post=553"}],"curies":[{"name":"wp","href":"https:\/\/api.w.org\/{rel}","templated":true}]}}