{"id":55240,"date":"2023-07-22T00:25:42","date_gmt":"2023-07-21T22:25:42","guid":{"rendered":"https:\/\/rightstuff.eu\/?post_type=product&#038;p=55240"},"modified":"2026-02-09T02:33:52","modified_gmt":"2026-02-09T01:33:52","slug":"rotary-tattoo-machine-cross-grn","status":"publish","type":"product","link":"https:\/\/rightstuff.eu\/pl\/produkt\/rotary-tattoo-machine-cross-grn\/","title":{"rendered":"Rotacyjna maszynka do tatua\u017cu - CROSS GRN"},"content":{"rendered":"<p>To nie jest \u017cadna maszyna do rotacji. Jest to bardzo wydajna maszyna do rotacji, kt\u00f3ra zosta\u0142a zaprojektowana i r\u0119cznie wykonana a\u017c do perfekcji. Jest to idealny sprz\u0119t dla profesjonalnych terapeut\u00f3w, kt\u00f3rzy chc\u0105 uzyska\u0107 jak najlepsze wyniki. Je\u015bli jeste\u015b na etapie poszukiwania najlepszej maszyny rotacyjnej, to w\u0142a\u015bnie z nami jeste\u015b na w\u0142a\u015bciwym miejscu. Nasza maszyna CROSS 4,5\/Dots Maschine zapewnia bezpieczne dzia\u0142anie.<\/p>","protected":false},"excerpt":{"rendered":"<p>CROSS Obrotowa maszyna do tatua\u017cu<\/p>\n<p>Sniper Green Edition.<\/p>\n<p>Skok 4,5 mm<br \/>\n10 000 RPM<br \/>\nPreferred voltage 4.5-7 volts, works up to 9 volts<\/p>\n<p>Zalecane ig\u0142y: do 14 Liner, do 48 Mag<\/p>\n<p>Preferowana praca z kartrid\u017cami<\/p>\n<p>UWAGA: zasilacz musi mie\u0107 funkcj\u0119 \u201cjump start\u201d, aby uruchomi\u0107 urz\u0105dzenie z kartrid\u017cem.<\/p>\n<p>Po\u0142\u0105czenie RCA<br \/>\nKorpus aluminiowy<br \/>\nWaga 70 gr.<\/p>","protected":false},"featured_media":55241,"comment_status":"open","ping_status":"closed","template":"","meta":{"site-sidebar-layout":"default","site-content-layout":"default","ast-site-content-layout":"default","site-content-style":"default","site-sidebar-style":"default","ast-global-header-display":"","ast-banner-title-visibility":"","ast-main-header-display":"","ast-hfb-above-header-display":"","ast-hfb-below-header-display":"","ast-hfb-mobile-header-display":"","site-post-title":"","ast-breadcrumbs-content":"","ast-featured-img":"","footer-sml-layout":"","ast-disable-related-posts":"","theme-transparent-header-meta":"default","adv-header-id-meta":"","stick-header-meta":"default","header-above-stick-meta":"","header-main-stick-meta":"","header-below-stick-meta":"","astra-migrate-meta-layouts":"set","ast-page-background-enabled":"default","ast-page-background-meta":{"desktop":{"background-color":"var(--ast-global-color-4)","background-image":"","background-repeat":"repeat","background-position":"center center","background-size":"auto","background-attachment":"scroll","background-type":"","background-media":"","overlay-type":"","overlay-color":"","overlay-opacity":"","overlay-gradient":""},"tablet":{"background-color":"","background-image":"","background-repeat":"repeat","background-position":"center center","background-size":"auto","background-attachment":"scroll","background-type":"","background-media":"","overlay-type":"","overlay-color":"","overlay-opacity":"","overlay-gradient":""},"mobile":{"background-color":"","background-image":"","background-repeat":"repeat","background-position":"center center","background-size":"auto","background-attachment":"scroll","background-type":"","background-media":"","overlay-type":"","overlay-color":"","overlay-opacity":"","overlay-gradient":""}},"ast-content-background-meta":{"desktop":{"background-color":"var(--ast-global-color-5)","background-image":"","background-repeat":"repeat","background-position":"center center","background-size":"auto","background-attachment":"scroll","background-type":"","background-media":"","overlay-type":"","overlay-color":"","overlay-opacity":"","overlay-gradient":""},"tablet":{"background-color":"var(--ast-global-color-5)","background-image":"","background-repeat":"repeat","background-position":"center center","background-size":"auto","background-attachment":"scroll","background-type":"","background-media":"","overlay-type":"","overlay-color":"","overlay-opacity":"","overlay-gradient":""},"mobile":{"background-color":"var(--ast-global-color-5)","background-image":"","background-repeat":"repeat","background-position":"center center","background-size":"auto","background-attachment":"scroll","background-type":"","background-media":"","overlay-type":"","overlay-color":"","overlay-opacity":"","overlay-gradient":""}}},"product_brand":[],"product_cat":[1993],"product_tag":[101,93,83,100,99,1798,87,98,48,1806,97,1792,91,95,23],"class_list":{"0":"post-55240","1":"product","2":"type-product","3":"status-publish","4":"has-post-thumbnail","6":"product_cat-cross","7":"product_tag-custom-rotary-machines","8":"product_tag-custom-tattoo-guns","9":"product_tag-custom-tattoo-machines","10":"product_tag-handmade-rotary-tattoo-machines","11":"product_tag-handmade-tattoo-machines","12":"product_tag-maquinas-rotativas-de-tatuaje","13":"product_tag-professional-tattoo-machines","14":"product_tag-rotary-tattoo-guns","15":"product_tag-rotary-tattoo-machine","16":"product_tag-rotary-tattoo-machines","17":"product_tag-rotary-tattoo-pen","18":"product_tag-rotary-tattoomaschinen","19":"product_tag-tattoo-equipment","20":"product_tag-tattoo-guns","21":"product_tag-tattoo-machine","22":"desktop-align-center","23":"tablet-align-left","24":"mobile-align-left","25":"ast-product-gallery-layout-horizontal-slider","26":"ast-product-gallery-with-no-image","27":"ast-product-single-variable","28":"ast-product-tabs-layout-horizontal","30":"first","31":"instock","32":"taxable","33":"shipping-taxable","34":"purchasable","35":"product-type-variable"},"_links":{"self":[{"href":"https:\/\/rightstuff.eu\/pl\/wp-json\/wp\/v2\/product\/55240","targetHints":{"allow":["GET"]}}],"collection":[{"href":"https:\/\/rightstuff.eu\/pl\/wp-json\/wp\/v2\/product"}],"about":[{"href":"https:\/\/rightstuff.eu\/pl\/wp-json\/wp\/v2\/types\/product"}],"replies":[{"embeddable":true,"href":"https:\/\/rightstuff.eu\/pl\/wp-json\/wp\/v2\/comments?post=55240"}],"version-history":[{"count":0,"href":"https:\/\/rightstuff.eu\/pl\/wp-json\/wp\/v2\/product\/55240\/revisions"}],"wp:featuredmedia":[{"embeddable":true,"href":"https:\/\/rightstuff.eu\/pl\/wp-json\/wp\/v2\/media\/55241"}],"wp:attachment":[{"href":"https:\/\/rightstuff.eu\/pl\/wp-json\/wp\/v2\/media?parent=55240"}],"wp:term":[{"taxonomy":"product_brand","embeddable":true,"href":"https:\/\/rightstuff.eu\/pl\/wp-json\/wp\/v2\/product_brand?post=55240"},{"taxonomy":"product_cat","embeddable":true,"href":"https:\/\/rightstuff.eu\/pl\/wp-json\/wp\/v2\/product_cat?post=55240"},{"taxonomy":"product_tag","embeddable":true,"href":"https:\/\/rightstuff.eu\/pl\/wp-json\/wp\/v2\/product_tag?post=55240"}],"curies":[{"name":"wp","href":"https:\/\/api.w.org\/{rel}","templated":true}]}}