{"id":55235,"date":"2023-07-20T22:34:23","date_gmt":"2023-07-20T20:34:23","guid":{"rendered":"https:\/\/rightstuff.eu\/?post_type=product&#038;p=55235"},"modified":"2025-05-03T15:48:17","modified_gmt":"2025-05-03T13:48:17","slug":"shim-cartridge-tattoo-machine-grn","status":"publish","type":"product","link":"https:\/\/rightstuff.eu\/pl\/produkt\/shim-cartridge-tattoo-machine-grn\/","title":{"rendered":"Podk\u0142adka - Maszynka do tatua\u017cu na kartrid\u017ce GRN"},"content":{"rendered":"<p>Je\u015bli szukasz niestandardowej obrotowej maszyny do tatua\u017cu, nie szukaj dalej. Nasza maszyna Shim jest wykonywana r\u0119cznie z najwy\u017csz\u0105 staranno\u015bci\u0105 i precyzj\u0105. Zosta\u0142a zaprojektowana dla do\u015bwiadczonych artyst\u00f3w tatua\u017cu, kt\u00f3rzy wymagaj\u0105 najlepszej wydajno\u015bci i jako\u015bci. Ta <a href=\"https:\/\/rightstuff.eu\/cartridges\/magnum-cartridges\/magnum-cartridge-19m-030\/\">wk\u0142ad do tatua\u017cu obrotowego<\/a> Maszyna dzia\u0142a p\u0142ynnie i bez zarzutu, dzi\u0119ki czemu jest idealna do wszelkich zastosowa\u0144 zwi\u0105zanych z tatuowaniem.<\/p>","protected":false},"excerpt":{"rendered":"<p><a href=\"https:\/\/rightstuff.eu\/blog\/review-shim-rotary-tattoo-machine-by-rightstuff\/\">Kartrid\u017c<\/a><a href=\"https:\/\/rightstuff.eu\/blog\/review-shim-rotary-tattoo-machine-by-rightstuff\/\"> maszyna do tatua\u017cu<\/a><\/p>\n<p>6500 OBR\/MIN<br \/>\nPreferowane napi\u0119cie 8-10 V<br \/>\nW zestawie znajduj\u0105 si\u0119 4 t\u0142oki o r\u00f3\u017cnej sztywno\u015bci<br \/>\n-UCHWYT NIE JEST DO\u0141\u0104CZONY.<\/p>\n<p>Zalecane ig\u0142y: Do 15 Liner, do 23 Mag<br \/>\nKorpus aluminiowy<br \/>\nWysokiej jako\u015bci silnik<br \/>\nWaga 53 gr.<br \/>\nTylko RCA<\/p>","protected":false},"featured_media":57629,"comment_status":"open","ping_status":"closed","template":"","meta":{"site-sidebar-layout":"default","site-content-layout":"default","ast-site-content-layout":"default","site-content-style":"default","site-sidebar-style":"default","ast-global-header-display":"","ast-banner-title-visibility":"","ast-main-header-display":"","ast-hfb-above-header-display":"","ast-hfb-below-header-display":"","ast-hfb-mobile-header-display":"","site-post-title":"","ast-breadcrumbs-content":"","ast-featured-img":"","footer-sml-layout":"","ast-disable-related-posts":"","theme-transparent-header-meta":"default","adv-header-id-meta":"","stick-header-meta":"default","header-above-stick-meta":"","header-main-stick-meta":"","header-below-stick-meta":"","astra-migrate-meta-layouts":"set","ast-page-background-enabled":"default","ast-page-background-meta":{"desktop":{"background-color":"var(--ast-global-color-4)","background-image":"","background-repeat":"repeat","background-position":"center center","background-size":"auto","background-attachment":"scroll","background-type":"","background-media":"","overlay-type":"","overlay-color":"","overlay-opacity":"","overlay-gradient":""},"tablet":{"background-color":"","background-image":"","background-repeat":"repeat","background-position":"center center","background-size":"auto","background-attachment":"scroll","background-type":"","background-media":"","overlay-type":"","overlay-color":"","overlay-opacity":"","overlay-gradient":""},"mobile":{"background-color":"","background-image":"","background-repeat":"repeat","background-position":"center center","background-size":"auto","background-attachment":"scroll","background-type":"","background-media":"","overlay-type":"","overlay-color":"","overlay-opacity":"","overlay-gradient":""}},"ast-content-background-meta":{"desktop":{"background-color":"var(--ast-global-color-5)","background-image":"","background-repeat":"repeat","background-position":"center center","background-size":"auto","background-attachment":"scroll","background-type":"","background-media":"","overlay-type":"","overlay-color":"","overlay-opacity":"","overlay-gradient":""},"tablet":{"background-color":"var(--ast-global-color-5)","background-image":"","background-repeat":"repeat","background-position":"center center","background-size":"auto","background-attachment":"scroll","background-type":"","background-media":"","overlay-type":"","overlay-color":"","overlay-opacity":"","overlay-gradient":""},"mobile":{"background-color":"var(--ast-global-color-5)","background-image":"","background-repeat":"repeat","background-position":"center center","background-size":"auto","background-attachment":"scroll","background-type":"","background-media":"","overlay-type":"","overlay-color":"","overlay-opacity":"","overlay-gradient":""}}},"product_brand":[2014],"product_cat":[31],"product_tag":[1804,101,93,83,100,99,87,98,48,1806,97,1792,91,95,72,41],"class_list":{"0":"post-55235","1":"product","2":"type-product","3":"status-publish","4":"has-post-thumbnail","6":"product_brand-rightstuff","7":"product_cat-shim","8":"product_tag-beginner-tattoo-kits","9":"product_tag-custom-rotary-machines","10":"product_tag-custom-tattoo-guns","11":"product_tag-custom-tattoo-machines","12":"product_tag-handmade-rotary-tattoo-machines","13":"product_tag-handmade-tattoo-machines","14":"product_tag-professional-tattoo-machines","15":"product_tag-rotary-tattoo-guns","16":"product_tag-rotary-tattoo-machine","17":"product_tag-rotary-tattoo-machines","18":"product_tag-rotary-tattoo-pen","19":"product_tag-rotary-tattoomaschinen","20":"product_tag-tattoo-equipment","21":"product_tag-tattoo-guns","22":"product_tag-tattoo-machine-coils","23":"product_tag-tattoo-machines","24":"desktop-align-center","25":"tablet-align-left","26":"mobile-align-left","27":"ast-product-gallery-layout-horizontal-slider","28":"ast-product-single-variable","29":"ast-product-tabs-layout-horizontal","31":"first","32":"outofstock","33":"taxable","34":"shipping-taxable","35":"purchasable","36":"product-type-variable"},"_links":{"self":[{"href":"https:\/\/rightstuff.eu\/pl\/wp-json\/wp\/v2\/product\/55235","targetHints":{"allow":["GET"]}}],"collection":[{"href":"https:\/\/rightstuff.eu\/pl\/wp-json\/wp\/v2\/product"}],"about":[{"href":"https:\/\/rightstuff.eu\/pl\/wp-json\/wp\/v2\/types\/product"}],"replies":[{"embeddable":true,"href":"https:\/\/rightstuff.eu\/pl\/wp-json\/wp\/v2\/comments?post=55235"}],"version-history":[{"count":0,"href":"https:\/\/rightstuff.eu\/pl\/wp-json\/wp\/v2\/product\/55235\/revisions"}],"wp:featuredmedia":[{"embeddable":true,"href":"https:\/\/rightstuff.eu\/pl\/wp-json\/wp\/v2\/media\/57629"}],"wp:attachment":[{"href":"https:\/\/rightstuff.eu\/pl\/wp-json\/wp\/v2\/media?parent=55235"}],"wp:term":[{"taxonomy":"product_brand","embeddable":true,"href":"https:\/\/rightstuff.eu\/pl\/wp-json\/wp\/v2\/product_brand?post=55235"},{"taxonomy":"product_cat","embeddable":true,"href":"https:\/\/rightstuff.eu\/pl\/wp-json\/wp\/v2\/product_cat?post=55235"},{"taxonomy":"product_tag","embeddable":true,"href":"https:\/\/rightstuff.eu\/pl\/wp-json\/wp\/v2\/product_tag?post=55235"}],"curies":[{"name":"wp","href":"https:\/\/api.w.org\/{rel}","templated":true}]}}