{"id":552,"date":"2013-12-06T03:46:00","date_gmt":"2013-12-06T00:46:00","guid":{"rendered":"https:\/\/rightstuff.eu\/shop\/uncategorized\/bone-blck-liner-p-m\/"},"modified":"2025-01-22T01:37:14","modified_gmt":"2025-01-22T00:37:14","slug":"bone-blck-liner-p-m","status":"publish","type":"product","link":"https:\/\/rightstuff.eu\/pl\/produkt\/bone-blck-liner-p-m\/","title":{"rendered":"Maszynka do tatua\u017cu BONE BLCK Liner P.M"},"content":{"rendered":"<p>BONE BLCK Liner P.M Tattoo Machine to nowe, rewolucyjne, profesjonalne urz\u0105dzenie do szybkich prac z tatua\u017cami. Po odpowiednim dostrojeniu urz\u0105dzenie to tworzy g\u0119ste, jednorodne, r\u00f3wne linie. Ten nowoczesny sprz\u0119t jest odpowiedni dla szybko pracuj\u0105cych mistrz\u00f3w. Arty\u015bci pracuj\u0105cy z tym urz\u0105dzeniem zauwa\u017caj\u0105, \u017ce wykonywanie r\u00f3wnych linii sta\u0142o si\u0119 \u0142atwiejsze dzi\u0119ki niskim wibracjom. Dodatkowo znacznie zmniejszy\u0142o si\u0119 ryzyko rozmycia farby w problematycznych miejscach.<\/p>\n<p>Rama tego urz\u0105dzenia, kt\u00f3re wa\u017cy \"klasyczne\" 180 gram\u00f3w, jest wykonana z wytrzyma\u0142ej stali. Wykazuje ona doskona\u0142e w\u0142a\u015bciwo\u015bci antykorozyjne i elektroizolacyjne, co pozwala na korzystanie z urz\u0105dzenia przez wiele lat. Specjali\u015bci twierdz\u0105, \u017ce rama urz\u0105dzenia jest bezpiecznie zabezpieczona. Urz\u0105dzenie mo\u017ce pracowa\u0107 z niesamowit\u0105 pr\u0119dko\u015bci\u0105 i minimaln\u0105 ilo\u015bci\u0105 wibracji, dzi\u0119ki czemu sk\u00f3ra klienta rzadko ulega urazom. Producent zaleca stosowanie 5 -.<a href=\"https:\/\/rightstuff.eu\/shop\/needles\/round-liner\/9rl\/\">9 Ig\u0142y Rl<\/a> dzia\u0142a przy napi\u0119ciu 6, 6 V. Cz\u0119stotliwo\u015b\u0107 urz\u0105dzenia wynosi 135 Hz. Standardowe urz\u0105dzenie ma 26 milimetr\u00f3w i osiem zwoj\u00f3w.<\/p>","protected":false},"excerpt":{"rendered":"<p>Rama jest wykonana z jednego kawa\u0142ka stali<\/p>\n<p>Wysokiej jako\u015bci zwoje - 26 mm * 8 zwoj\u00f3w<\/p>\n<p>Osprz\u0119t z czernionej stali<\/p>\n<p>Ig\u0142y preferowane 3-9RL<\/p>\n<p>Bardzo d\u0142ugi skok<\/p>\n<p>Pracuje z cz\u0119stotliwo\u015bci\u0105 135hz przy napi\u0119ciu 6,6 V - bez obci\u0105\u017cenia<\/p>\n<p>Waga maszynki do tatua\u017cu 180gr.<\/p>","protected":false},"featured_media":49294,"comment_status":"open","ping_status":"closed","template":"","meta":{"site-sidebar-layout":"default","site-content-layout":"","ast-site-content-layout":"default","site-content-style":"default","site-sidebar-style":"default","ast-global-header-display":"","ast-banner-title-visibility":"","ast-main-header-display":"","ast-hfb-above-header-display":"","ast-hfb-below-header-display":"","ast-hfb-mobile-header-display":"","site-post-title":"","ast-breadcrumbs-content":"","ast-featured-img":"","footer-sml-layout":"","ast-disable-related-posts":"","theme-transparent-header-meta":"default","adv-header-id-meta":"","stick-header-meta":"default","header-above-stick-meta":"","header-main-stick-meta":"","header-below-stick-meta":"","astra-migrate-meta-layouts":"set","ast-page-background-enabled":"default","ast-page-background-meta":{"desktop":{"background-color":"var(--ast-global-color-4)","background-image":"","background-repeat":"repeat","background-position":"center center","background-size":"auto","background-attachment":"scroll","background-type":"","background-media":"","overlay-type":"","overlay-color":"","overlay-opacity":"","overlay-gradient":""},"tablet":{"background-color":"","background-image":"","background-repeat":"repeat","background-position":"center center","background-size":"auto","background-attachment":"scroll","background-type":"","background-media":"","overlay-type":"","overlay-color":"","overlay-opacity":"","overlay-gradient":""},"mobile":{"background-color":"","background-image":"","background-repeat":"repeat","background-position":"center center","background-size":"auto","background-attachment":"scroll","background-type":"","background-media":"","overlay-type":"","overlay-color":"","overlay-opacity":"","overlay-gradient":""}},"ast-content-background-meta":{"desktop":{"background-color":"var(--ast-global-color-5)","background-image":"","background-repeat":"repeat","background-position":"center center","background-size":"auto","background-attachment":"scroll","background-type":"","background-media":"","overlay-type":"","overlay-color":"","overlay-opacity":"","overlay-gradient":""},"tablet":{"background-color":"var(--ast-global-color-5)","background-image":"","background-repeat":"repeat","background-position":"center center","background-size":"auto","background-attachment":"scroll","background-type":"","background-media":"","overlay-type":"","overlay-color":"","overlay-opacity":"","overlay-gradient":""},"mobile":{"background-color":"var(--ast-global-color-5)","background-image":"","background-repeat":"repeat","background-position":"center center","background-size":"auto","background-attachment":"scroll","background-type":"","background-media":"","overlay-type":"","overlay-color":"","overlay-opacity":"","overlay-gradient":""}}},"product_brand":[],"product_cat":[21],"product_tag":[82,93,83,99,1800,87,1791,91,95,72],"class_list":{"0":"post-552","1":"product","2":"type-product","3":"status-publish","4":"has-post-thumbnail","6":"product_cat-bone","7":"product_tag-coil-tattoo-machines","8":"product_tag-custom-tattoo-guns","9":"product_tag-custom-tattoo-machines","10":"product_tag-handmade-tattoo-machines","11":"product_tag-macchinetta-per-tatuaggio-a-bobina","12":"product_tag-professional-tattoo-machines","13":"product_tag-spulen-tattoomaschinen","14":"product_tag-tattoo-equipment","15":"product_tag-tattoo-guns","16":"product_tag-tattoo-machine-coils","17":"pa_brand-rightstuff","18":"desktop-align-center","19":"tablet-align-left","20":"mobile-align-left","21":"ast-product-gallery-layout-horizontal-slider","22":"ast-product-tabs-layout-horizontal","24":"first","25":"outofstock","26":"sale","27":"taxable","28":"shipping-taxable","29":"purchasable","30":"product-type-simple"},"_links":{"self":[{"href":"https:\/\/rightstuff.eu\/pl\/wp-json\/wp\/v2\/product\/552","targetHints":{"allow":["GET"]}}],"collection":[{"href":"https:\/\/rightstuff.eu\/pl\/wp-json\/wp\/v2\/product"}],"about":[{"href":"https:\/\/rightstuff.eu\/pl\/wp-json\/wp\/v2\/types\/product"}],"replies":[{"embeddable":true,"href":"https:\/\/rightstuff.eu\/pl\/wp-json\/wp\/v2\/comments?post=552"}],"version-history":[{"count":0,"href":"https:\/\/rightstuff.eu\/pl\/wp-json\/wp\/v2\/product\/552\/revisions"}],"wp:featuredmedia":[{"embeddable":true,"href":"https:\/\/rightstuff.eu\/pl\/wp-json\/wp\/v2\/media\/49294"}],"wp:attachment":[{"href":"https:\/\/rightstuff.eu\/pl\/wp-json\/wp\/v2\/media?parent=552"}],"wp:term":[{"taxonomy":"product_brand","embeddable":true,"href":"https:\/\/rightstuff.eu\/pl\/wp-json\/wp\/v2\/product_brand?post=552"},{"taxonomy":"product_cat","embeddable":true,"href":"https:\/\/rightstuff.eu\/pl\/wp-json\/wp\/v2\/product_cat?post=552"},{"taxonomy":"product_tag","embeddable":true,"href":"https:\/\/rightstuff.eu\/pl\/wp-json\/wp\/v2\/product_tag?post=552"}],"curies":[{"name":"wp","href":"https:\/\/api.w.org\/{rel}","templated":true}]}}