{"id":55145,"date":"2023-06-21T01:20:07","date_gmt":"2023-06-20T23:20:07","guid":{"rendered":"https:\/\/rightstuff.eu\/?post_type=product&#038;p=55145"},"modified":"2025-07-11T14:28:07","modified_gmt":"2025-07-11T12:28:07","slug":"rotary-tattoo-machine-keg-variable-pink","status":"publish","type":"product","link":"https:\/\/rightstuff.eu\/pl\/produkt\/rotary-tattoo-machine-keg-variable-pink\/","title":{"rendered":"Rotacyjna maszynka do tatua\u017cu - KEG Variable (r\u00f3\u017cowa)"},"content":{"rendered":"<p>Absolutnie osza\u0142amiaj\u0105ca niestandardowa obrotowa maszynka do tatua\u017cu z nap\u0119dem bezpo\u015brednim autorstwa znanego undergroundowego projektanta. Kiedy po raz pierwszy zosta\u0142a wypuszczona na rynek, szybko sta\u0142a si\u0119 legend\u0105 w\u015br\u00f3d tatua\u017cyst\u00f3w. Maszynka zosta\u0142a zbudowana przez profesjonalist\u00f3w dla profesjonalist\u00f3w, co oznacza, \u017ce wymaga od u\u017cytkownika wysokiego poziomu wra\u017cliwo\u015bci, aby pracowa\u0107 z drobiazgowymi tatua\u017cami.<\/p>\n<p>Jego rama jest wykonana z wysokiej jako\u015bci aluminium, dzi\u0119ki czemu jest znacznie l\u017cejszy ni\u017c modele wykonane z jednego kawa\u0142ka stali i wa\u017cy tylko 140 gram\u00f3w, co czyni go idealnym do d\u0142ugotrwa\u0142ego u\u017cytkowania.<\/p>\n<p>Ma zmienny skok od 1 mm do 5 mm i mo\u017ce by\u0107 u\u017cywany jako Liner, Shader lub Color Packer. Urz\u0105dzenie jest wyposa\u017cone w ekskluzywny, wykonany na zam\u00f3wienie silnik, kt\u00f3ry pracuje z napi\u0119ciem 6-13 V i pr\u0119dko\u015bci\u0105 8000 obr.<\/p>","protected":false},"excerpt":{"rendered":"<h3>Obrotowa maszynka do tatua\u017cu z nap\u0119dem bezpo\u015brednim<\/h3>\n<p>Zmienny skok od 1mm do 5mm<br \/>\n8000 OBR\/MIN<br \/>\nPreferowane napi\u0119cie 6-13 V<\/p>\n<p>Zalecane ig\u0142y: Do 18 Liner, do 39 Mag<\/p>\n<p>Przew\u00f3d z klipsem + z\u0142\u0105cze RCA<br \/>\nKorpus aluminiowy<br \/>\nWaga 140 gr.<\/p>","protected":false},"featured_media":56884,"comment_status":"open","ping_status":"closed","template":"","meta":{"site-sidebar-layout":"default","site-content-layout":"default","ast-site-content-layout":"default","site-content-style":"default","site-sidebar-style":"default","ast-global-header-display":"","ast-banner-title-visibility":"","ast-main-header-display":"","ast-hfb-above-header-display":"","ast-hfb-below-header-display":"","ast-hfb-mobile-header-display":"","site-post-title":"","ast-breadcrumbs-content":"","ast-featured-img":"","footer-sml-layout":"","ast-disable-related-posts":"","theme-transparent-header-meta":"default","adv-header-id-meta":"","stick-header-meta":"default","header-above-stick-meta":"","header-main-stick-meta":"","header-below-stick-meta":"","astra-migrate-meta-layouts":"set","ast-page-background-enabled":"default","ast-page-background-meta":{"desktop":{"background-color":"var(--ast-global-color-4)","background-image":"","background-repeat":"repeat","background-position":"center center","background-size":"auto","background-attachment":"scroll","background-type":"","background-media":"","overlay-type":"","overlay-color":"","overlay-opacity":"","overlay-gradient":""},"tablet":{"background-color":"","background-image":"","background-repeat":"repeat","background-position":"center center","background-size":"auto","background-attachment":"scroll","background-type":"","background-media":"","overlay-type":"","overlay-color":"","overlay-opacity":"","overlay-gradient":""},"mobile":{"background-color":"","background-image":"","background-repeat":"repeat","background-position":"center center","background-size":"auto","background-attachment":"scroll","background-type":"","background-media":"","overlay-type":"","overlay-color":"","overlay-opacity":"","overlay-gradient":""}},"ast-content-background-meta":{"desktop":{"background-color":"var(--ast-global-color-5)","background-image":"","background-repeat":"repeat","background-position":"center center","background-size":"auto","background-attachment":"scroll","background-type":"","background-media":"","overlay-type":"","overlay-color":"","overlay-opacity":"","overlay-gradient":""},"tablet":{"background-color":"var(--ast-global-color-5)","background-image":"","background-repeat":"repeat","background-position":"center center","background-size":"auto","background-attachment":"scroll","background-type":"","background-media":"","overlay-type":"","overlay-color":"","overlay-opacity":"","overlay-gradient":""},"mobile":{"background-color":"var(--ast-global-color-5)","background-image":"","background-repeat":"repeat","background-position":"center center","background-size":"auto","background-attachment":"scroll","background-type":"","background-media":"","overlay-type":"","overlay-color":"","overlay-opacity":"","overlay-gradient":""}}},"product_brand":[],"product_cat":[1995],"product_tag":[101,93,83,74,100,99,87,98,48,1806,97,1792,91,95,23,72],"class_list":{"0":"post-55145","1":"product","2":"type-product","3":"status-publish","4":"has-post-thumbnail","6":"product_cat-variable","7":"product_tag-custom-rotary-machines","8":"product_tag-custom-tattoo-guns","9":"product_tag-custom-tattoo-machines","10":"product_tag-direct-drive-tattoo-machine","11":"product_tag-handmade-rotary-tattoo-machines","12":"product_tag-handmade-tattoo-machines","13":"product_tag-professional-tattoo-machines","14":"product_tag-rotary-tattoo-guns","15":"product_tag-rotary-tattoo-machine","16":"product_tag-rotary-tattoo-machines","17":"product_tag-rotary-tattoo-pen","18":"product_tag-rotary-tattoomaschinen","19":"product_tag-tattoo-equipment","20":"product_tag-tattoo-guns","21":"product_tag-tattoo-machine","22":"product_tag-tattoo-machine-coils","23":"pa_brand-rightstuff","24":"desktop-align-center","25":"tablet-align-left","26":"mobile-align-left","27":"ast-product-gallery-layout-horizontal-slider","28":"ast-product-tabs-layout-horizontal","30":"first","31":"instock","32":"taxable","33":"shipping-taxable","34":"purchasable","35":"product-type-simple"},"_links":{"self":[{"href":"https:\/\/rightstuff.eu\/pl\/wp-json\/wp\/v2\/product\/55145","targetHints":{"allow":["GET"]}}],"collection":[{"href":"https:\/\/rightstuff.eu\/pl\/wp-json\/wp\/v2\/product"}],"about":[{"href":"https:\/\/rightstuff.eu\/pl\/wp-json\/wp\/v2\/types\/product"}],"replies":[{"embeddable":true,"href":"https:\/\/rightstuff.eu\/pl\/wp-json\/wp\/v2\/comments?post=55145"}],"version-history":[{"count":0,"href":"https:\/\/rightstuff.eu\/pl\/wp-json\/wp\/v2\/product\/55145\/revisions"}],"wp:featuredmedia":[{"embeddable":true,"href":"https:\/\/rightstuff.eu\/pl\/wp-json\/wp\/v2\/media\/56884"}],"wp:attachment":[{"href":"https:\/\/rightstuff.eu\/pl\/wp-json\/wp\/v2\/media?parent=55145"}],"wp:term":[{"taxonomy":"product_brand","embeddable":true,"href":"https:\/\/rightstuff.eu\/pl\/wp-json\/wp\/v2\/product_brand?post=55145"},{"taxonomy":"product_cat","embeddable":true,"href":"https:\/\/rightstuff.eu\/pl\/wp-json\/wp\/v2\/product_cat?post=55145"},{"taxonomy":"product_tag","embeddable":true,"href":"https:\/\/rightstuff.eu\/pl\/wp-json\/wp\/v2\/product_tag?post=55145"}],"curies":[{"name":"wp","href":"https:\/\/api.w.org\/{rel}","templated":true}]}}