{"id":55136,"date":"2023-06-20T01:03:01","date_gmt":"2023-06-19T23:03:01","guid":{"rendered":"https:\/\/rightstuff.eu\/?post_type=product&#038;p=55136"},"modified":"2026-02-09T02:34:25","modified_gmt":"2026-02-09T01:34:25","slug":"rotary-tattoo-machine-cross-wht","status":"publish","type":"product","link":"https:\/\/rightstuff.eu\/pl\/produkt\/rotary-tattoo-machine-cross-wht\/","title":{"rendered":"Rotacyjna maszynka do tatua\u017cu - CROSS WHT"},"content":{"rendered":"<p>Obrotowa maszynka do tatua\u017cu Cross ze z\u0142\u0105czem RCA. Maszynka do tatua\u017cu CROSS 3,8\/WHT to niezawodna maszyna z doskona\u0142ym wyko\u0144czeniem. Maszynka wykonana jest z aluminium i wa\u017cy 70gr. Hybrydowa rotacyjna maszynka do tatua\u017cu CROSS 3,8\/WHT pracuje z pr\u0119dko\u015bci\u0105 do 7000 RPM, a optymalne napi\u0119cie wynosi 8-12 V. Skok maszynki wynosi 3,8 mm. Rotacyjna maszynka do tatua\u017cu CROSS 3,8\/WHT to jedna z najlepszych maszynek dla profesjonalist\u00f3w. Maszynka jest wyposa\u017cona w wysokiej jako\u015bci spr\u0119\u017cyn\u0119 i wysokiej jako\u015bci \u0142o\u017cysko zapewniaj\u0105ce d\u0142u\u017csz\u0105 \u017cywotno\u015b\u0107.  Hybrydowa maszynka do tatua\u017cu CROSS 3,8\/WHT jest wysokiej jako\u015bci maszynk\u0105 do tatua\u017cu i zosta\u0142a zaprojektowana z my\u015bl\u0105 o profesjonalnych tatua\u017cystach.<\/p>","protected":false},"excerpt":{"rendered":"<h3>Obrotowa maszyna do tatua\u017cu CROSS<\/h3>\n<p>Skok 3,8 mm \/ 4,5 mm<br \/>\n10 000 RPM<br \/>\nPreferred voltage 4.5-7 volts, works up to 9 volts<\/p>\n<p>Zalecane <a href=\"http:\/\/rs-tattoo.by\">Ig\u0142y<\/a>: Do 14 liner\u00f3w, do 48 magnes\u00f3w<\/p>\n<p>Preferowana praca z kartrid\u017cami<\/p>\n<p>UWAGA: zasilacz musi mie\u0107 funkcj\u0119 \u201cjump start\u201d, aby uruchomi\u0107 urz\u0105dzenie z kartrid\u017cem.<\/p>\n<p><a href=\"https:\/\/rightstuff.eu\/tattoo-machines\/power-supply\/rca-clip-cord-blk\/\">Po\u0142\u0105czenie RCA<\/a><br \/>\nKorpus aluminiowy<br \/>\nWaga 70 gr.<\/p>","protected":false},"featured_media":56527,"comment_status":"open","ping_status":"closed","template":"","meta":{"site-sidebar-layout":"default","site-content-layout":"default","ast-site-content-layout":"default","site-content-style":"default","site-sidebar-style":"default","ast-global-header-display":"","ast-banner-title-visibility":"","ast-main-header-display":"","ast-hfb-above-header-display":"","ast-hfb-below-header-display":"","ast-hfb-mobile-header-display":"","site-post-title":"","ast-breadcrumbs-content":"","ast-featured-img":"","footer-sml-layout":"","ast-disable-related-posts":"","theme-transparent-header-meta":"default","adv-header-id-meta":"","stick-header-meta":"default","header-above-stick-meta":"","header-main-stick-meta":"","header-below-stick-meta":"","astra-migrate-meta-layouts":"set","ast-page-background-enabled":"default","ast-page-background-meta":{"desktop":{"background-color":"var(--ast-global-color-4)","background-image":"","background-repeat":"repeat","background-position":"center center","background-size":"auto","background-attachment":"scroll","background-type":"","background-media":"","overlay-type":"","overlay-color":"","overlay-opacity":"","overlay-gradient":""},"tablet":{"background-color":"","background-image":"","background-repeat":"repeat","background-position":"center center","background-size":"auto","background-attachment":"scroll","background-type":"","background-media":"","overlay-type":"","overlay-color":"","overlay-opacity":"","overlay-gradient":""},"mobile":{"background-color":"","background-image":"","background-repeat":"repeat","background-position":"center center","background-size":"auto","background-attachment":"scroll","background-type":"","background-media":"","overlay-type":"","overlay-color":"","overlay-opacity":"","overlay-gradient":""}},"ast-content-background-meta":{"desktop":{"background-color":"var(--ast-global-color-5)","background-image":"","background-repeat":"repeat","background-position":"center center","background-size":"auto","background-attachment":"scroll","background-type":"","background-media":"","overlay-type":"","overlay-color":"","overlay-opacity":"","overlay-gradient":""},"tablet":{"background-color":"var(--ast-global-color-5)","background-image":"","background-repeat":"repeat","background-position":"center center","background-size":"auto","background-attachment":"scroll","background-type":"","background-media":"","overlay-type":"","overlay-color":"","overlay-opacity":"","overlay-gradient":""},"mobile":{"background-color":"var(--ast-global-color-5)","background-image":"","background-repeat":"repeat","background-position":"center center","background-size":"auto","background-attachment":"scroll","background-type":"","background-media":"","overlay-type":"","overlay-color":"","overlay-opacity":"","overlay-gradient":""}}},"product_brand":[],"product_cat":[1993],"product_tag":[101,93,83,100,99,1798,87,98,48,1806,97,1792,91,95,23],"class_list":{"0":"post-55136","1":"product","2":"type-product","3":"status-publish","4":"has-post-thumbnail","6":"product_cat-cross","7":"product_tag-custom-rotary-machines","8":"product_tag-custom-tattoo-guns","9":"product_tag-custom-tattoo-machines","10":"product_tag-handmade-rotary-tattoo-machines","11":"product_tag-handmade-tattoo-machines","12":"product_tag-maquinas-rotativas-de-tatuaje","13":"product_tag-professional-tattoo-machines","14":"product_tag-rotary-tattoo-guns","15":"product_tag-rotary-tattoo-machine","16":"product_tag-rotary-tattoo-machines","17":"product_tag-rotary-tattoo-pen","18":"product_tag-rotary-tattoomaschinen","19":"product_tag-tattoo-equipment","20":"product_tag-tattoo-guns","21":"product_tag-tattoo-machine","22":"desktop-align-center","23":"tablet-align-left","24":"mobile-align-left","25":"ast-product-gallery-layout-horizontal-slider","26":"ast-product-single-variable","27":"ast-product-tabs-layout-horizontal","29":"first","30":"outofstock","31":"taxable","32":"shipping-taxable","33":"purchasable","34":"product-type-variable"},"_links":{"self":[{"href":"https:\/\/rightstuff.eu\/pl\/wp-json\/wp\/v2\/product\/55136","targetHints":{"allow":["GET"]}}],"collection":[{"href":"https:\/\/rightstuff.eu\/pl\/wp-json\/wp\/v2\/product"}],"about":[{"href":"https:\/\/rightstuff.eu\/pl\/wp-json\/wp\/v2\/types\/product"}],"replies":[{"embeddable":true,"href":"https:\/\/rightstuff.eu\/pl\/wp-json\/wp\/v2\/comments?post=55136"}],"version-history":[{"count":0,"href":"https:\/\/rightstuff.eu\/pl\/wp-json\/wp\/v2\/product\/55136\/revisions"}],"wp:featuredmedia":[{"embeddable":true,"href":"https:\/\/rightstuff.eu\/pl\/wp-json\/wp\/v2\/media\/56527"}],"wp:attachment":[{"href":"https:\/\/rightstuff.eu\/pl\/wp-json\/wp\/v2\/media?parent=55136"}],"wp:term":[{"taxonomy":"product_brand","embeddable":true,"href":"https:\/\/rightstuff.eu\/pl\/wp-json\/wp\/v2\/product_brand?post=55136"},{"taxonomy":"product_cat","embeddable":true,"href":"https:\/\/rightstuff.eu\/pl\/wp-json\/wp\/v2\/product_cat?post=55136"},{"taxonomy":"product_tag","embeddable":true,"href":"https:\/\/rightstuff.eu\/pl\/wp-json\/wp\/v2\/product_tag?post=55136"}],"curies":[{"name":"wp","href":"https:\/\/api.w.org\/{rel}","templated":true}]}}