{"id":55128,"date":"2023-06-19T01:38:05","date_gmt":"2023-06-18T23:38:05","guid":{"rendered":"https:\/\/rightstuff.eu\/?post_type=product&#038;p=55128"},"modified":"2023-11-08T15:20:53","modified_gmt":"2023-11-08T14:20:53","slug":"pen-tattoo-machine-hornet-wht-32mm-grip","status":"publish","type":"product","link":"https:\/\/rightstuff.eu\/pl\/produkt\/pen-tattoo-machine-hornet-wht-32mm-grip\/","title":{"rendered":"Maszynka do tatua\u017cu Hornet WHT - uchwyt 32 mm"},"content":{"rendered":"<p>Tatua\u017c to staro\u017cytna sztuka. Przed wiekami malunki na sk\u00f3rze mia\u0142y swoje specjalne przeznaczenie - ludzie wierzyli, \u017ce tatua\u017c mo\u017ce chroni\u0107 ich przed chorobami lub nag\u0142\u0105 \u015bmierci\u0105, pomaga\u0107 im w odstraszaniu wrog\u00f3w i przyci\u0105ga\u0107 ukochane osoby. Wykonuj\u0105c tatua\u017c, starzy mistrzowie nacinali sk\u00f3r\u0119 i wstrzykiwali pod ni\u0105 specjalne farby. Ca\u0142y proces by\u0142 bardzo bolesny.<\/p>\n<p>Dzisiaj profesjonalista mo\u017ce nawet wykona\u0107 tatua\u017c w sta\u0142ym makija\u017cu: klient nigdy nie b\u0119dzie mia\u0142 nieprzyjemnych odczu\u0107. Za pomoc\u0105 specjalnego aluminiowego stift tattoo maschine Hornet (Gold) mo\u017ce on z \u0142atwo\u015bci\u0105 wykona\u0107 r\u00f3wne linie i drobne tatua\u017ce. To profesjonalne urz\u0105dzenie do makija\u017cu i tatua\u017cu spe\u0142nia wszystkie wymagania dotycz\u0105ce higieny i jako\u015bci. Pozwala mistrzowi wykona\u0107 precyzyjne linie - pi\u00f3ro b\u0119dzie dzia\u0142a\u0107 bez zarzutu przez ponad cztery-pi\u0119\u0107 lat.<\/p>\n<p>Wymiana wk\u0142adu jest prosta, poniewa\u017c prawie wszystkie wk\u0142ady s\u0105 kompatybilne z tym urz\u0105dzeniem. Urz\u0105dzenie, kt\u00f3re wa\u017cy 145 gram\u00f3w, pracuje z pr\u0119dko\u015bci\u0105 8000 obrot\u00f3w na minut\u0119 przy napi\u0119ciu 4,5-13 V. G\u0142\u0119boko\u015b\u0107 ig\u0142y waha si\u0119 od 1 do 3,5 mm.<\/p>","protected":false},"excerpt":{"rendered":"<p>Maszyna do robienia tatua\u017cy na pi\u00f3rze Szersze\u0144<br \/>\nUchwyt 32*50mm<\/p>\n<p>Stift tattoo maschine Hornet<\/p>\n<p>Kompatybilny z wszystkimi standardowymi wk\u0142adami<\/p>\n<p>Skok 3,2 mm<br \/>\nZmienna g\u0142\u0119boko\u015b\u0107 ig\u0142y do 4 mm<br \/>\n8000 OBR\/MIN<br \/>\nPreferowane napi\u0119cie 4,5-13 V<\/p>\n<p>Po\u0142\u0105czenie RCA<br \/>\nKorpus aluminiowy<br \/>\nWaga 145 gr.<\/p>","protected":false},"featured_media":55131,"comment_status":"open","ping_status":"closed","template":"","meta":{"site-sidebar-layout":"default","site-content-layout":"default","ast-site-content-layout":"default","site-content-style":"default","site-sidebar-style":"default","ast-global-header-display":"","ast-banner-title-visibility":"","ast-main-header-display":"","ast-hfb-above-header-display":"","ast-hfb-below-header-display":"","ast-hfb-mobile-header-display":"","site-post-title":"","ast-breadcrumbs-content":"","ast-featured-img":"","footer-sml-layout":"","ast-disable-related-posts":"","theme-transparent-header-meta":"default","adv-header-id-meta":"","stick-header-meta":"default","header-above-stick-meta":"","header-main-stick-meta":"","header-below-stick-meta":"","astra-migrate-meta-layouts":"set","ast-page-background-enabled":"default","ast-page-background-meta":{"desktop":{"background-color":"var(--ast-global-color-4)","background-image":"","background-repeat":"repeat","background-position":"center center","background-size":"auto","background-attachment":"scroll","background-type":"","background-media":"","overlay-type":"","overlay-color":"","overlay-opacity":"","overlay-gradient":""},"tablet":{"background-color":"","background-image":"","background-repeat":"repeat","background-position":"center center","background-size":"auto","background-attachment":"scroll","background-type":"","background-media":"","overlay-type":"","overlay-color":"","overlay-opacity":"","overlay-gradient":""},"mobile":{"background-color":"","background-image":"","background-repeat":"repeat","background-position":"center center","background-size":"auto","background-attachment":"scroll","background-type":"","background-media":"","overlay-type":"","overlay-color":"","overlay-opacity":"","overlay-gradient":""}},"ast-content-background-meta":{"desktop":{"background-color":"var(--ast-global-color-5)","background-image":"","background-repeat":"repeat","background-position":"center center","background-size":"auto","background-attachment":"scroll","background-type":"","background-media":"","overlay-type":"","overlay-color":"","overlay-opacity":"","overlay-gradient":""},"tablet":{"background-color":"var(--ast-global-color-5)","background-image":"","background-repeat":"repeat","background-position":"center center","background-size":"auto","background-attachment":"scroll","background-type":"","background-media":"","overlay-type":"","overlay-color":"","overlay-opacity":"","overlay-gradient":""},"mobile":{"background-color":"var(--ast-global-color-5)","background-image":"","background-repeat":"repeat","background-position":"center center","background-size":"auto","background-attachment":"scroll","background-type":"","background-media":"","overlay-type":"","overlay-color":"","overlay-opacity":"","overlay-gradient":""}}},"product_brand":[],"product_cat":[1803],"product_tag":[101,93,100,99,53,1798,50,87,98,48,97,1792,71,91,95,52,41,51],"class_list":{"0":"post-55128","1":"product","2":"type-product","3":"status-publish","4":"has-post-thumbnail","6":"product_cat-pen-tattoo-machines","7":"product_tag-custom-rotary-machines","8":"product_tag-custom-tattoo-guns","9":"product_tag-handmade-rotary-tattoo-machines","10":"product_tag-handmade-tattoo-machines","11":"product_tag-hornet-tattoo-machine","12":"product_tag-maquinas-rotativas-de-tatuaje","13":"product_tag-pen-tattoo-machine","14":"product_tag-professional-tattoo-machines","15":"product_tag-rotary-tattoo-guns","16":"product_tag-rotary-tattoo-machine","17":"product_tag-rotary-tattoo-pen","18":"product_tag-rotary-tattoomaschinen","19":"product_tag-tattoo-cartridges","20":"product_tag-tattoo-equipment","21":"product_tag-tattoo-guns","22":"product_tag-tattoo-machine-pen","23":"product_tag-tattoo-machines","24":"product_tag-tattoo-pen","25":"pa_brand-rightstuff","26":"desktop-align-center","27":"tablet-align-left","28":"mobile-align-left","29":"ast-product-gallery-layout-horizontal-slider","30":"ast-product-gallery-with-no-image","31":"ast-product-tabs-layout-horizontal","33":"first","34":"instock","35":"taxable","36":"shipping-taxable","37":"purchasable","38":"product-type-simple"},"_links":{"self":[{"href":"https:\/\/rightstuff.eu\/pl\/wp-json\/wp\/v2\/product\/55128","targetHints":{"allow":["GET"]}}],"collection":[{"href":"https:\/\/rightstuff.eu\/pl\/wp-json\/wp\/v2\/product"}],"about":[{"href":"https:\/\/rightstuff.eu\/pl\/wp-json\/wp\/v2\/types\/product"}],"replies":[{"embeddable":true,"href":"https:\/\/rightstuff.eu\/pl\/wp-json\/wp\/v2\/comments?post=55128"}],"version-history":[{"count":0,"href":"https:\/\/rightstuff.eu\/pl\/wp-json\/wp\/v2\/product\/55128\/revisions"}],"wp:featuredmedia":[{"embeddable":true,"href":"https:\/\/rightstuff.eu\/pl\/wp-json\/wp\/v2\/media\/55131"}],"wp:attachment":[{"href":"https:\/\/rightstuff.eu\/pl\/wp-json\/wp\/v2\/media?parent=55128"}],"wp:term":[{"taxonomy":"product_brand","embeddable":true,"href":"https:\/\/rightstuff.eu\/pl\/wp-json\/wp\/v2\/product_brand?post=55128"},{"taxonomy":"product_cat","embeddable":true,"href":"https:\/\/rightstuff.eu\/pl\/wp-json\/wp\/v2\/product_cat?post=55128"},{"taxonomy":"product_tag","embeddable":true,"href":"https:\/\/rightstuff.eu\/pl\/wp-json\/wp\/v2\/product_tag?post=55128"}],"curies":[{"name":"wp","href":"https:\/\/api.w.org\/{rel}","templated":true}]}}