{"id":55125,"date":"2023-06-19T01:23:19","date_gmt":"2023-06-18T23:23:19","guid":{"rendered":"https:\/\/rightstuff.eu\/?post_type=product&#038;p=55125"},"modified":"2026-04-05T22:17:33","modified_gmt":"2026-04-05T20:17:33","slug":"rightstuff-one-smk","status":"publish","type":"product","link":"https:\/\/rightstuff.eu\/pl\/produkt\/rightstuff-one-smk\/","title":{"rendered":"RightStuff ONE - Smoke"},"content":{"rendered":"<p>Przedstawiamy RightStuff ONE - SMK\/BLK Single Coil Tattoo Machine, uosobienie precyzji i mocy. Ta wyj\u0105tkowa maszyna zosta\u0142a skrupulatnie zaprojektowana dla profesjonalnych tatua\u017cyst\u00f3w, kt\u00f3rzy wymagaj\u0105 tylko tego, co najlepsze.<\/p>\n<p>Wyposa\u017cony w solidn\u0105 pojedyncz\u0105 cewk\u0119, RightStuff ONE - SWMP Green zapewnia niezr\u00f3wnan\u0105 dok\u0142adno\u015b\u0107 i sp\u00f3jno\u015b\u0107. Jego elegancki i urzekaj\u0105cy kolor Smoke Grey dodaje odrobin\u0119 wyrafinowania do Twojego studia tatua\u017cu, tworz\u0105c odwa\u017cne o\u015bwiadczenie.<\/p>\n<p>Stworzona z my\u015bl\u0105 o trwa\u0142o\u015bci, ta maszynka do tatua\u017cu zosta\u0142a zbudowana tak, aby sprosta\u0107 wymaganiom ci\u0105g\u0142ego u\u017cytkowania. Jej lekka i ergonomiczna konstrukcja zapewnia wygodn\u0105 obs\u0142ug\u0119, umo\u017cliwiaj\u0105c Ci tworzenie osza\u0142amiaj\u0105cych wzor\u00f3w tatua\u017cy z niezwyk\u0142\u0105 \u0142atwo\u015bci\u0105.<\/p>\n<p>RightStuff ONE - SWMP Green to wszechstronna maszynka odpowiednia do szerokiej gamy technik tatuowania. Od precyzyjnej linii po p\u0142ynne cieniowanie i \u017cywe kolory, ta maszyna zapewnia doskona\u0142e rezultaty za ka\u017cdym razem. Dostosuj skok ig\u0142y, aby uzyska\u0107 idealne dostosowanie do ka\u017cdego klienta i projektu.<\/p>\n<p>Podnie\u015b sw\u00f3j kunszt tatua\u017cu dzi\u0119ki RightStuff ONE - SMK\/BLK Single Coil Tattoo Machine. Poznaj szczyt wydajno\u015bci, niezawodno\u015bci i stylu i pozostaw po sobie niezatarte wra\u017cenie dzi\u0119ki wyj\u0105tkowym tatua\u017com.<\/p>","protected":false},"excerpt":{"rendered":"<h4>Maszynka do tatua\u017cu z pojedyncz\u0105 cewk\u0105<\/h4>\n<p>&nbsp;<\/p>\n<p>Rama jest wykonana z jednego kawa\u0142ka aluminium lotniczego 7075.<\/p>\n<p>Wyko\u0144czenie ramy malowane proszkowo.<\/p>\n<p>Wysokiej jako\u015bci niestandardowa cewka<\/p>\n<p>Stalowe okucia z czarnym wyko\u0144czeniem cynkowym<\/p>\n<p>Dzia\u0142a ze wszystkimi rozmiarami igie\u0142 3 - 14RL Przy napi\u0119ciu 5,5-9 V<\/p>\n<p>Skok 3,8 mm<\/p>\n<p>Dzia\u0142a oko\u0142o 135 Hz przy 6,5 V - bez obci\u0105\u017cenia<\/p>\n<p>Waga maszynki do tatua\u017cu 130gr.<\/p>","protected":false},"featured_media":56982,"comment_status":"open","ping_status":"closed","template":"","meta":{"site-sidebar-layout":"default","site-content-layout":"default","ast-site-content-layout":"default","site-content-style":"default","site-sidebar-style":"default","ast-global-header-display":"","ast-banner-title-visibility":"","ast-main-header-display":"","ast-hfb-above-header-display":"","ast-hfb-below-header-display":"","ast-hfb-mobile-header-display":"","site-post-title":"","ast-breadcrumbs-content":"","ast-featured-img":"","footer-sml-layout":"","ast-disable-related-posts":"","theme-transparent-header-meta":"default","adv-header-id-meta":"","stick-header-meta":"default","header-above-stick-meta":"","header-main-stick-meta":"","header-below-stick-meta":"","astra-migrate-meta-layouts":"set","ast-page-background-enabled":"default","ast-page-background-meta":{"desktop":{"background-color":"var(--ast-global-color-4)","background-image":"","background-repeat":"repeat","background-position":"center center","background-size":"auto","background-attachment":"scroll","background-type":"","background-media":"","overlay-type":"","overlay-color":"","overlay-opacity":"","overlay-gradient":""},"tablet":{"background-color":"","background-image":"","background-repeat":"repeat","background-position":"center center","background-size":"auto","background-attachment":"scroll","background-type":"","background-media":"","overlay-type":"","overlay-color":"","overlay-opacity":"","overlay-gradient":""},"mobile":{"background-color":"","background-image":"","background-repeat":"repeat","background-position":"center center","background-size":"auto","background-attachment":"scroll","background-type":"","background-media":"","overlay-type":"","overlay-color":"","overlay-opacity":"","overlay-gradient":""}},"ast-content-background-meta":{"desktop":{"background-color":"var(--ast-global-color-5)","background-image":"","background-repeat":"repeat","background-position":"center center","background-size":"auto","background-attachment":"scroll","background-type":"","background-media":"","overlay-type":"","overlay-color":"","overlay-opacity":"","overlay-gradient":""},"tablet":{"background-color":"var(--ast-global-color-5)","background-image":"","background-repeat":"repeat","background-position":"center center","background-size":"auto","background-attachment":"scroll","background-type":"","background-media":"","overlay-type":"","overlay-color":"","overlay-opacity":"","overlay-gradient":""},"mobile":{"background-color":"var(--ast-global-color-5)","background-image":"","background-repeat":"repeat","background-position":"center center","background-size":"auto","background-attachment":"scroll","background-type":"","background-media":"","overlay-type":"","overlay-color":"","overlay-opacity":"","overlay-gradient":""}}},"product_brand":[],"product_cat":[1942],"product_tag":[82,93,83,99,1801,87,91,95,72],"class_list":{"0":"post-55125","1":"product","2":"type-product","3":"status-publish","4":"has-post-thumbnail","6":"product_cat-rightstuff-one","7":"product_tag-coil-tattoo-machines","8":"product_tag-custom-tattoo-guns","9":"product_tag-custom-tattoo-machines","10":"product_tag-handmade-tattoo-machines","11":"product_tag-machines-a-tatouer-les-bobines","12":"product_tag-professional-tattoo-machines","13":"product_tag-tattoo-equipment","14":"product_tag-tattoo-guns","15":"product_tag-tattoo-machine-coils","16":"desktop-align-center","17":"tablet-align-left","18":"mobile-align-left","19":"ast-product-gallery-layout-horizontal-slider","20":"ast-product-single-variable","21":"ast-product-tabs-layout-horizontal","23":"first","24":"outofstock","25":"taxable","26":"shipping-taxable","27":"purchasable","28":"product-type-variable"},"_links":{"self":[{"href":"https:\/\/rightstuff.eu\/pl\/wp-json\/wp\/v2\/product\/55125","targetHints":{"allow":["GET"]}}],"collection":[{"href":"https:\/\/rightstuff.eu\/pl\/wp-json\/wp\/v2\/product"}],"about":[{"href":"https:\/\/rightstuff.eu\/pl\/wp-json\/wp\/v2\/types\/product"}],"replies":[{"embeddable":true,"href":"https:\/\/rightstuff.eu\/pl\/wp-json\/wp\/v2\/comments?post=55125"}],"version-history":[{"count":0,"href":"https:\/\/rightstuff.eu\/pl\/wp-json\/wp\/v2\/product\/55125\/revisions"}],"wp:featuredmedia":[{"embeddable":true,"href":"https:\/\/rightstuff.eu\/pl\/wp-json\/wp\/v2\/media\/56982"}],"wp:attachment":[{"href":"https:\/\/rightstuff.eu\/pl\/wp-json\/wp\/v2\/media?parent=55125"}],"wp:term":[{"taxonomy":"product_brand","embeddable":true,"href":"https:\/\/rightstuff.eu\/pl\/wp-json\/wp\/v2\/product_brand?post=55125"},{"taxonomy":"product_cat","embeddable":true,"href":"https:\/\/rightstuff.eu\/pl\/wp-json\/wp\/v2\/product_cat?post=55125"},{"taxonomy":"product_tag","embeddable":true,"href":"https:\/\/rightstuff.eu\/pl\/wp-json\/wp\/v2\/product_tag?post=55125"}],"curies":[{"name":"wp","href":"https:\/\/api.w.org\/{rel}","templated":true}]}}