{"id":551,"date":"2013-12-01T20:08:00","date_gmt":"2013-12-01T17:08:00","guid":{"rendered":"https:\/\/rightstuff.eu\/shop\/uncategorized\/18rs\/"},"modified":"2025-01-22T01:37:15","modified_gmt":"2025-01-22T00:37:15","slug":"18rs","status":"publish","type":"product","link":"https:\/\/rightstuff.eu\/pl\/produkt\/18rs\/","title":{"rendered":"Ig\u0142a okr\u0105g\u0142a 18RS"},"content":{"rendered":"<p>Dzi\u015b orientalny, zw\u0142aszcza japo\u0144ski i chi\u0144ski styl tatua\u017cu zyska\u0142 ogromn\u0105 popularno\u015b\u0107. Dowiaduj\u0105c si\u0119 o znaczeniu niekt\u00f3rych tatua\u017cy, ludzie zaczynaj\u0105 wierzy\u0107, \u017ce obraz sk\u00f3ry mo\u017ce ca\u0142kowicie zmieni\u0107 ich \u017cycie (na pewno na lepsze). Zamawiaj\u0105 2-3 kolorowe du\u017ce tatua\u017ce pokrywaj\u0105ce ich cia\u0142o, realistyczne obrazy r\u00f3\u017cnych zwierz\u0105t, obrazy o r\u00f3\u017cnych odcieniach. Te japo\u0144skie i chi\u0144skie tatua\u017ce s\u0105 wykonywane \"krok po kroku\", w ci\u0105gu kilku dni. Po tym, jak mistrz sko\u0144czy tworzy\u0107 kontur tatua\u017cu, bierze okr\u0105g\u0142e ig\u0142y Shader i zaczyna kolorowa\u0107 i cieniowa\u0107 przysz\u0142y tatua\u017c. 18 igie\u0142 RS o \u015brednicy 0,35 mm i ostrzeniu 1,5 mm nie sprawia klientowi b\u00f3lu, nawet je\u015bli codzienna procedura trwa ponad trzy godziny. Przed wykonaniem tatua\u017cu mistrz musi powiedzie\u0107 klientowi o prawdziwym znaczeniu tego lub innego obrazu. Na przyk\u0142ad Tygrys (Tora) uosabia si\u0142\u0119, odwag\u0119 i d\u0142ugie \u017cycie. Hitowy obraz tatua\u017cu chroni przed nieszcz\u0119\u015bciami, chorobami i demonami. Uwa\u017ca si\u0119, \u017ce noszenie tygrysa na ciele chroni przed b\u00f3lem i chorobami. Jastrz\u0105b (Taka) symbolizuje odwag\u0119, ducha walki i szlachetno\u015b\u0107. Symbol ten jest u\u017cywany do opisania ludzi, kt\u00f3rzy maj\u0105 wielki talent, ale skromny charakter. W\u0105\u017c (Hebi), kt\u00f3rego sk\u00f3ra jest cieniowana ig\u0142ami 18RS, chroni przed chorobami, kl\u0119skami \u017cywio\u0142owymi, niepowodzeniami. Jest to dobry symbol, przynosz\u0105cy szcz\u0119\u015bcie i dobrobyt.<\/p>","protected":false},"excerpt":{"rendered":"<p>50 sztuk\/opakowanie<\/p>","protected":false},"featured_media":28770,"comment_status":"open","ping_status":"closed","template":"","meta":{"site-sidebar-layout":"","site-content-layout":"","ast-site-content-layout":"default","site-content-style":"default","site-sidebar-style":"default","ast-global-header-display":"","ast-banner-title-visibility":"","ast-main-header-display":"","ast-hfb-above-header-display":"","ast-hfb-below-header-display":"","ast-hfb-mobile-header-display":"","site-post-title":"","ast-breadcrumbs-content":"","ast-featured-img":"","footer-sml-layout":"","ast-disable-related-posts":"","theme-transparent-header-meta":"","adv-header-id-meta":"","stick-header-meta":"","header-above-stick-meta":"","header-main-stick-meta":"","header-below-stick-meta":"","astra-migrate-meta-layouts":"default","ast-page-background-enabled":"default","ast-page-background-meta":{"desktop":{"background-color":"var(--ast-global-color-4)","background-image":"","background-repeat":"repeat","background-position":"center center","background-size":"auto","background-attachment":"scroll","background-type":"","background-media":"","overlay-type":"","overlay-color":"","overlay-opacity":"","overlay-gradient":""},"tablet":{"background-color":"","background-image":"","background-repeat":"repeat","background-position":"center center","background-size":"auto","background-attachment":"scroll","background-type":"","background-media":"","overlay-type":"","overlay-color":"","overlay-opacity":"","overlay-gradient":""},"mobile":{"background-color":"","background-image":"","background-repeat":"repeat","background-position":"center center","background-size":"auto","background-attachment":"scroll","background-type":"","background-media":"","overlay-type":"","overlay-color":"","overlay-opacity":"","overlay-gradient":""}},"ast-content-background-meta":{"desktop":{"background-color":"var(--ast-global-color-5)","background-image":"","background-repeat":"repeat","background-position":"center center","background-size":"auto","background-attachment":"scroll","background-type":"","background-media":"","overlay-type":"","overlay-color":"","overlay-opacity":"","overlay-gradient":""},"tablet":{"background-color":"var(--ast-global-color-5)","background-image":"","background-repeat":"repeat","background-position":"center center","background-size":"auto","background-attachment":"scroll","background-type":"","background-media":"","overlay-type":"","overlay-color":"","overlay-opacity":"","overlay-gradient":""},"mobile":{"background-color":"var(--ast-global-color-5)","background-image":"","background-repeat":"repeat","background-position":"center center","background-size":"auto","background-attachment":"scroll","background-type":"","background-media":"","overlay-type":"","overlay-color":"","overlay-opacity":"","overlay-gradient":""}}},"product_brand":[],"product_cat":[30],"product_tag":[81,102,1807,91,92],"class_list":{"0":"post-551","1":"product","2":"type-product","3":"status-publish","4":"has-post-thumbnail","6":"product_cat-round-shader","7":"product_tag-cartridge-tattoo-needles","8":"product_tag-rotary-tattoo-needles","9":"product_tag-tattoo-beginner-box","10":"product_tag-tattoo-equipment","11":"product_tag-tattoo-machines-parts","12":"pa_brand-rightstuff","13":"desktop-align-center","14":"tablet-align-left","15":"mobile-align-left","16":"ast-product-gallery-layout-horizontal-slider","17":"ast-product-gallery-with-no-image","18":"ast-product-tabs-layout-horizontal","20":"first","21":"outofstock","22":"taxable","23":"shipping-taxable","24":"purchasable","25":"product-type-simple"},"_links":{"self":[{"href":"https:\/\/rightstuff.eu\/pl\/wp-json\/wp\/v2\/product\/551","targetHints":{"allow":["GET"]}}],"collection":[{"href":"https:\/\/rightstuff.eu\/pl\/wp-json\/wp\/v2\/product"}],"about":[{"href":"https:\/\/rightstuff.eu\/pl\/wp-json\/wp\/v2\/types\/product"}],"replies":[{"embeddable":true,"href":"https:\/\/rightstuff.eu\/pl\/wp-json\/wp\/v2\/comments?post=551"}],"version-history":[{"count":0,"href":"https:\/\/rightstuff.eu\/pl\/wp-json\/wp\/v2\/product\/551\/revisions"}],"wp:featuredmedia":[{"embeddable":true,"href":"https:\/\/rightstuff.eu\/pl\/wp-json\/wp\/v2\/media\/28770"}],"wp:attachment":[{"href":"https:\/\/rightstuff.eu\/pl\/wp-json\/wp\/v2\/media?parent=551"}],"wp:term":[{"taxonomy":"product_brand","embeddable":true,"href":"https:\/\/rightstuff.eu\/pl\/wp-json\/wp\/v2\/product_brand?post=551"},{"taxonomy":"product_cat","embeddable":true,"href":"https:\/\/rightstuff.eu\/pl\/wp-json\/wp\/v2\/product_cat?post=551"},{"taxonomy":"product_tag","embeddable":true,"href":"https:\/\/rightstuff.eu\/pl\/wp-json\/wp\/v2\/product_tag?post=551"}],"curies":[{"name":"wp","href":"https:\/\/api.w.org\/{rel}","templated":true}]}}