{"id":55066,"date":"2023-05-16T21:08:24","date_gmt":"2023-05-16T19:08:24","guid":{"rendered":"https:\/\/rightstuff.eu\/?post_type=product&#038;p=55066"},"modified":"2026-01-26T21:26:54","modified_gmt":"2026-01-26T20:26:54","slug":"rightstuff-one-blk","status":"publish","type":"product","link":"https:\/\/rightstuff.eu\/pl\/produkt\/rightstuff-one-blk\/","title":{"rendered":"RightStuff ONE - BLK"},"content":{"rendered":"<p>Przedstawiamy RightStuff ONE - BLK Single Coil Tattoo Machine, arcydzie\u0142o precyzji i wydajno\u015bci. Stworzona z my\u015bl\u0105 o profesjonalnych tatua\u017cystach, ta wyj\u0105tkowa maszynka \u0142\u0105czy w sobie najnowocze\u015bniejsz\u0105 technologi\u0119 z eleganckim wygl\u0105dem.<\/p>\n<p>Wyposa\u017cony w pot\u0119\u017cn\u0105 pojedyncz\u0105 cewk\u0119, RightStuff ONE - BLK zapewnia niezr\u00f3wnan\u0105 dok\u0142adno\u015b\u0107 i sp\u00f3jno\u015b\u0107. Jego elegancki i wyrafinowany czarny kolor emanuje elegancj\u0105 i stylem, dodaj\u0105c odrobin\u0119 wyrafinowania do Twojego studia tatua\u017cu.<\/p>\n<p>Stworzona z my\u015bl\u0105 o codziennym u\u017cytkowaniu, ta maszynka do tatua\u017cu ma wytrzyma\u0142\u0105 konstrukcj\u0119, kt\u00f3ra zapewnia d\u0142ugotrwa\u0142\u0105 wydajno\u015b\u0107. Jej lekka konstrukcja zmniejsza zm\u0119czenie, pozwalaj\u0105c Ci pracowa\u0107 bez wysi\u0142ku i z \u0142atwo\u015bci\u0105 tworzy\u0107 skomplikowane wzory tatua\u017cy.<\/p>\n<p>Niezale\u017cnie od tego, czy obrysowujesz, cieniujesz, czy pakujesz kolor, RightStuff ONE - BLK jest Twoim najlepszym narz\u0119dziem z regulowan\u0105 d\u0142ugo\u015bci\u0105 skoku.<\/p>","protected":false},"excerpt":{"rendered":"<h4>Maszynka do tatua\u017cu z pojedyncz\u0105 cewk\u0105<\/h4>\n<p>&nbsp;<\/p>\n<p>Rama jest wykonana z jednego kawa\u0142ka aluminium lotniczego 7075.<\/p>\n<p>Czarne wyko\u0144czenie.<\/p>\n<p>Wysokiej jako\u015bci niestandardowa cewka, mo\u017cesz wybra\u0107 przezroczyste lub nieprzezroczyste owini\u0119cie cewki<\/p>\n<p>Stalowe okucia z czarnym wyko\u0144czeniem cynkowym<\/p>\n<p>Dzia\u0142a ze wszystkimi rozmiarami igie\u0142 3 - 14RL Przy napi\u0119ciu 5,5-9 V<\/p>\n<p>Skok 3,8 mm<\/p>\n<p>Dzia\u0142a oko\u0142o 135 Hz przy 6,5 V - bez obci\u0105\u017cenia<\/p>\n<p>Waga maszynki do tatua\u017cu 130gr.<\/p>","protected":false},"featured_media":58879,"comment_status":"open","ping_status":"closed","template":"","meta":{"site-sidebar-layout":"default","site-content-layout":"default","ast-site-content-layout":"default","site-content-style":"default","site-sidebar-style":"default","ast-global-header-display":"","ast-banner-title-visibility":"","ast-main-header-display":"","ast-hfb-above-header-display":"","ast-hfb-below-header-display":"","ast-hfb-mobile-header-display":"","site-post-title":"","ast-breadcrumbs-content":"","ast-featured-img":"","footer-sml-layout":"","ast-disable-related-posts":"","theme-transparent-header-meta":"default","adv-header-id-meta":"","stick-header-meta":"default","header-above-stick-meta":"","header-main-stick-meta":"","header-below-stick-meta":"","astra-migrate-meta-layouts":"set","ast-page-background-enabled":"default","ast-page-background-meta":{"desktop":{"background-color":"var(--ast-global-color-4)","background-image":"","background-repeat":"repeat","background-position":"center center","background-size":"auto","background-attachment":"scroll","background-type":"","background-media":"","overlay-type":"","overlay-color":"","overlay-opacity":"","overlay-gradient":""},"tablet":{"background-color":"","background-image":"","background-repeat":"repeat","background-position":"center center","background-size":"auto","background-attachment":"scroll","background-type":"","background-media":"","overlay-type":"","overlay-color":"","overlay-opacity":"","overlay-gradient":""},"mobile":{"background-color":"","background-image":"","background-repeat":"repeat","background-position":"center center","background-size":"auto","background-attachment":"scroll","background-type":"","background-media":"","overlay-type":"","overlay-color":"","overlay-opacity":"","overlay-gradient":""}},"ast-content-background-meta":{"desktop":{"background-color":"var(--ast-global-color-5)","background-image":"","background-repeat":"repeat","background-position":"center center","background-size":"auto","background-attachment":"scroll","background-type":"","background-media":"","overlay-type":"","overlay-color":"","overlay-opacity":"","overlay-gradient":""},"tablet":{"background-color":"var(--ast-global-color-5)","background-image":"","background-repeat":"repeat","background-position":"center center","background-size":"auto","background-attachment":"scroll","background-type":"","background-media":"","overlay-type":"","overlay-color":"","overlay-opacity":"","overlay-gradient":""},"mobile":{"background-color":"var(--ast-global-color-5)","background-image":"","background-repeat":"repeat","background-position":"center center","background-size":"auto","background-attachment":"scroll","background-type":"","background-media":"","overlay-type":"","overlay-color":"","overlay-opacity":"","overlay-gradient":""}}},"product_brand":[],"product_cat":[1942],"product_tag":[82,93,83,99,1801,87,91,95,72],"class_list":{"0":"post-55066","1":"product","2":"type-product","3":"status-publish","4":"has-post-thumbnail","6":"product_cat-rightstuff-one","7":"product_tag-coil-tattoo-machines","8":"product_tag-custom-tattoo-guns","9":"product_tag-custom-tattoo-machines","10":"product_tag-handmade-tattoo-machines","11":"product_tag-machines-a-tatouer-les-bobines","12":"product_tag-professional-tattoo-machines","13":"product_tag-tattoo-equipment","14":"product_tag-tattoo-guns","15":"product_tag-tattoo-machine-coils","16":"pa_brand-rightstuff","17":"desktop-align-center","18":"tablet-align-left","19":"mobile-align-left","20":"ast-product-gallery-layout-horizontal-slider","21":"ast-product-tabs-layout-horizontal","23":"first","24":"instock","25":"taxable","26":"shipping-taxable","27":"purchasable","28":"product-type-simple"},"_links":{"self":[{"href":"https:\/\/rightstuff.eu\/pl\/wp-json\/wp\/v2\/product\/55066","targetHints":{"allow":["GET"]}}],"collection":[{"href":"https:\/\/rightstuff.eu\/pl\/wp-json\/wp\/v2\/product"}],"about":[{"href":"https:\/\/rightstuff.eu\/pl\/wp-json\/wp\/v2\/types\/product"}],"replies":[{"embeddable":true,"href":"https:\/\/rightstuff.eu\/pl\/wp-json\/wp\/v2\/comments?post=55066"}],"version-history":[{"count":0,"href":"https:\/\/rightstuff.eu\/pl\/wp-json\/wp\/v2\/product\/55066\/revisions"}],"wp:featuredmedia":[{"embeddable":true,"href":"https:\/\/rightstuff.eu\/pl\/wp-json\/wp\/v2\/media\/58879"}],"wp:attachment":[{"href":"https:\/\/rightstuff.eu\/pl\/wp-json\/wp\/v2\/media?parent=55066"}],"wp:term":[{"taxonomy":"product_brand","embeddable":true,"href":"https:\/\/rightstuff.eu\/pl\/wp-json\/wp\/v2\/product_brand?post=55066"},{"taxonomy":"product_cat","embeddable":true,"href":"https:\/\/rightstuff.eu\/pl\/wp-json\/wp\/v2\/product_cat?post=55066"},{"taxonomy":"product_tag","embeddable":true,"href":"https:\/\/rightstuff.eu\/pl\/wp-json\/wp\/v2\/product_tag?post=55066"}],"curies":[{"name":"wp","href":"https:\/\/api.w.org\/{rel}","templated":true}]}}