{"id":55055,"date":"2023-05-16T19:30:16","date_gmt":"2023-05-16T17:30:16","guid":{"rendered":"https:\/\/rightstuff.eu\/?post_type=product&#038;p=55055"},"modified":"2026-03-31T10:45:49","modified_gmt":"2026-03-31T08:45:49","slug":"rightstuff-one-wht","status":"publish","type":"product","link":"https:\/\/rightstuff.eu\/pl\/produkt\/rightstuff-one-wht\/","title":{"rendered":"RightStuff ONE - WHT"},"content":{"rendered":"<p>Przedstawiamy maszyn\u0119 do tatua\u017cu z pojedyncz\u0105 cewk\u0105 RightStuff ONE w kolorze BIA\u0141YM. Ta wysokiej klasy maszynka do tatua\u017cu \u0142\u0105czy w sobie wyj\u0105tkowe wykonanie z najwy\u017csz\u0105 wydajno\u015bci\u0105, zaprojektowan\u0105 z my\u015bl\u0105 o potrzebach profesjonalnych tatua\u017cyst\u00f3w.<\/p>\n<p>RightStuff ONE posiada pot\u0119\u017cn\u0105 pojedyncz\u0105 cewk\u0119, kt\u00f3ra zapewnia sp\u00f3jne i precyzyjne rezultaty tatuowania. Jej bia\u0142y kolor doda elegancji i stylu twojemu stanowisku pracy. Wykonana z dba\u0142o\u015bci\u0105 o szczeg\u00f3\u0142y, ta maszynka oferuje optymaln\u0105 r\u00f3wnowag\u0119 i kontrol\u0119, zapewniaj\u0105c wygodn\u0105 obs\u0142ug\u0119 podczas d\u0142ugich sesji tatua\u017cu.<\/p>\n<p>Zbudowany, aby sprosta\u0107 wymaganiom codziennego u\u017cytkowania, RightStuff ONE jest wykonany z trwa\u0142ych materia\u0142\u00f3w, kt\u00f3re gwarantuj\u0105 d\u0142ugowieczno\u015b\u0107. Jego lekka konstrukcja zmniejsza zm\u0119czenie d\u0142oni i pozwala na p\u0142ynne manewrowanie, umo\u017cliwiaj\u0105c Ci tworzenie skomplikowanych wzor\u00f3w tatua\u017cy z \u0142atwo\u015bci\u0105.<\/p>\n<p>Dzi\u0119ki swojej wszechstronnej konstrukcji, ta maszynka do tatua\u017cu z pojedyncz\u0105 cewk\u0105 pasuje do r\u00f3\u017cnych styl\u00f3w tatuowania, w tym podszewki, cieniowania i pakowania kolor\u00f3w. Regulowany skok pozwala na precyzyjne dostosowanie, umo\u017cliwiaj\u0105c osi\u0105gni\u0119cie po\u017c\u0105danych rezultat\u00f3w dla ka\u017cdego klienta.<\/p>\n<p>Ulepsz sw\u00f3j arsena\u0142 tatua\u017cu dzi\u0119ki maszynce do tatua\u017cu z pojedyncz\u0105 cewk\u0105 RightStuff ONE w WHiTe, doskona\u0142emu po\u0142\u0105czeniu wydajno\u015bci, stylu i niezawodno\u015bci. Podnie\u015b sw\u00f3j kunszt i dostarczaj wyj\u0105tkowe tatua\u017ce, kt\u00f3re pozostawiaj\u0105 niezatarte wra\u017cenie.<\/p>","protected":false},"excerpt":{"rendered":"<h4>Maszynka do tatua\u017cu z pojedyncz\u0105 cewk\u0105<\/h4>\n<p>&nbsp;<\/p>\n<p>Rama jest wykonana z jednego kawa\u0142ka aluminium lotniczego 7075.<\/p>\n<p>Wyko\u0144czenie ramy bia\u0142\u0105 farb\u0105 proszkow\u0105.<\/p>\n<p>Wysokiej jako\u015bci niestandardowa cewka <span class=\"Apple-converted-space\">\u00a0<\/span><\/p>\n<p>Stalowe okucia z czarnym wyko\u0144czeniem cynkowym<\/p>\n<p>Dzia\u0142a ze wszystkimi rozmiarami igie\u0142 3 - 14RL Przy napi\u0119ciu 5,5-9 V<\/p>\n<p>Skok 3,8 mm<\/p>\n<p>Dzia\u0142a oko\u0142o 125 Hz przy 6,5 V - bez obci\u0105\u017cenia<\/p>\n<p>Waga maszynki do tatua\u017cu 130gr.<\/p>","protected":false},"featured_media":55062,"comment_status":"open","ping_status":"closed","template":"","meta":{"site-sidebar-layout":"default","site-content-layout":"default","ast-site-content-layout":"default","site-content-style":"default","site-sidebar-style":"default","ast-global-header-display":"","ast-banner-title-visibility":"","ast-main-header-display":"","ast-hfb-above-header-display":"","ast-hfb-below-header-display":"","ast-hfb-mobile-header-display":"","site-post-title":"","ast-breadcrumbs-content":"","ast-featured-img":"","footer-sml-layout":"","ast-disable-related-posts":"","theme-transparent-header-meta":"default","adv-header-id-meta":"","stick-header-meta":"default","header-above-stick-meta":"","header-main-stick-meta":"","header-below-stick-meta":"","astra-migrate-meta-layouts":"set","ast-page-background-enabled":"default","ast-page-background-meta":{"desktop":{"background-color":"var(--ast-global-color-4)","background-image":"","background-repeat":"repeat","background-position":"center center","background-size":"auto","background-attachment":"scroll","background-type":"","background-media":"","overlay-type":"","overlay-color":"","overlay-opacity":"","overlay-gradient":""},"tablet":{"background-color":"","background-image":"","background-repeat":"repeat","background-position":"center center","background-size":"auto","background-attachment":"scroll","background-type":"","background-media":"","overlay-type":"","overlay-color":"","overlay-opacity":"","overlay-gradient":""},"mobile":{"background-color":"","background-image":"","background-repeat":"repeat","background-position":"center center","background-size":"auto","background-attachment":"scroll","background-type":"","background-media":"","overlay-type":"","overlay-color":"","overlay-opacity":"","overlay-gradient":""}},"ast-content-background-meta":{"desktop":{"background-color":"var(--ast-global-color-5)","background-image":"","background-repeat":"repeat","background-position":"center center","background-size":"auto","background-attachment":"scroll","background-type":"","background-media":"","overlay-type":"","overlay-color":"","overlay-opacity":"","overlay-gradient":""},"tablet":{"background-color":"var(--ast-global-color-5)","background-image":"","background-repeat":"repeat","background-position":"center center","background-size":"auto","background-attachment":"scroll","background-type":"","background-media":"","overlay-type":"","overlay-color":"","overlay-opacity":"","overlay-gradient":""},"mobile":{"background-color":"var(--ast-global-color-5)","background-image":"","background-repeat":"repeat","background-position":"center center","background-size":"auto","background-attachment":"scroll","background-type":"","background-media":"","overlay-type":"","overlay-color":"","overlay-opacity":"","overlay-gradient":""}}},"product_brand":[],"product_cat":[1942],"product_tag":[82,93,83,99,1801,87,91,95,72],"class_list":{"0":"post-55055","1":"product","2":"type-product","3":"status-publish","4":"has-post-thumbnail","6":"product_cat-rightstuff-one","7":"product_tag-coil-tattoo-machines","8":"product_tag-custom-tattoo-guns","9":"product_tag-custom-tattoo-machines","10":"product_tag-handmade-tattoo-machines","11":"product_tag-machines-a-tatouer-les-bobines","12":"product_tag-professional-tattoo-machines","13":"product_tag-tattoo-equipment","14":"product_tag-tattoo-guns","15":"product_tag-tattoo-machine-coils","16":"pa_brand-rightstuff","17":"desktop-align-center","18":"tablet-align-left","19":"mobile-align-left","20":"ast-product-gallery-layout-horizontal-slider","21":"ast-product-gallery-with-no-image","22":"ast-product-tabs-layout-horizontal","24":"first","25":"outofstock","26":"taxable","27":"shipping-taxable","28":"purchasable","29":"product-type-simple"},"_links":{"self":[{"href":"https:\/\/rightstuff.eu\/pl\/wp-json\/wp\/v2\/product\/55055","targetHints":{"allow":["GET"]}}],"collection":[{"href":"https:\/\/rightstuff.eu\/pl\/wp-json\/wp\/v2\/product"}],"about":[{"href":"https:\/\/rightstuff.eu\/pl\/wp-json\/wp\/v2\/types\/product"}],"replies":[{"embeddable":true,"href":"https:\/\/rightstuff.eu\/pl\/wp-json\/wp\/v2\/comments?post=55055"}],"version-history":[{"count":0,"href":"https:\/\/rightstuff.eu\/pl\/wp-json\/wp\/v2\/product\/55055\/revisions"}],"wp:featuredmedia":[{"embeddable":true,"href":"https:\/\/rightstuff.eu\/pl\/wp-json\/wp\/v2\/media\/55062"}],"wp:attachment":[{"href":"https:\/\/rightstuff.eu\/pl\/wp-json\/wp\/v2\/media?parent=55055"}],"wp:term":[{"taxonomy":"product_brand","embeddable":true,"href":"https:\/\/rightstuff.eu\/pl\/wp-json\/wp\/v2\/product_brand?post=55055"},{"taxonomy":"product_cat","embeddable":true,"href":"https:\/\/rightstuff.eu\/pl\/wp-json\/wp\/v2\/product_cat?post=55055"},{"taxonomy":"product_tag","embeddable":true,"href":"https:\/\/rightstuff.eu\/pl\/wp-json\/wp\/v2\/product_tag?post=55055"}],"curies":[{"name":"wp","href":"https:\/\/api.w.org\/{rel}","templated":true}]}}