{"id":550,"date":"2013-12-01T23:07:00","date_gmt":"2013-12-01T20:07:00","guid":{"rendered":"https:\/\/rightstuff.eu\/shop\/uncategorized\/15rs\/"},"modified":"2025-01-22T01:37:14","modified_gmt":"2025-01-22T00:37:14","slug":"15rs","status":"publish","type":"product","link":"https:\/\/rightstuff.eu\/pl\/produkt\/15rs\/","title":{"rendered":"Okr\u0105g\u0142a ig\u0142a Shader 15RS"},"content":{"rendered":"<p>Ig\u0142y 15 RS (Round Shader) s\u0105 u\u017cywane przez profesjonalist\u00f3w do cieniowania tatua\u017cu r\u00f3\u017cnymi kolorami lub nadawania mu czerni lub szaro\u015bci. Ig\u0142y te s\u0105 zawsze u\u017cywane, gdy klient prosi mistrza o wykonanie okre\u015blonego \"stylowego\" tatua\u017cu. Najcz\u0119\u015bciej s\u0105 to tatua\u017ce w stylu old school, neotraditional, oriental, realism i trash polka. Ten ostatni to nowy spos\u00f3b tworzenia tatua\u017cu, cz\u0119sto wybierany przez m\u0142odszych m\u0119\u017cczyzn. Ten m\u0142ody, ale zyskuj\u0105cy na popularno\u015bci styl zosta\u0142 stworzony przez dw\u00f3ch niemieckich mistrz\u00f3w. Jest bardzo dynamiczny, pokazuj\u0105cy \"z\u0142o\" takim, jakim jest. Dwuwymiarowe obrazy przeplataj\u0105 si\u0119 z tr\u00f3jwymiarowymi tworz\u0105c swoisty kola\u017c 3D. Rysunki cz\u0119sto maj\u0105 g\u0142\u0119boki wyd\u017awi\u0119k ideologiczny lub filozoficzny. Mistrz pracuje g\u0142\u00f3wnie z czerni\u0105, szaro\u015bci\u0105, biel\u0105 i czerwieni\u0105. Te tatua\u017ce pokrywaj\u0105 du\u017c\u0105 powierzchni\u0119 sk\u00f3ry, a ig\u0142y 15 RS do cieniowania obrazu i malowania s\u0105 idealnym wyborem. Chocia\u017c niekt\u00f3rzy faceci uwa\u017caj\u0105, \u017ce 15RS przynosi du\u017co b\u00f3lu podczas procesu tatuowania, nie robi\u0105 tego, poniewa\u017c <a href=\"https:\/\/rightstuff.eu\/product-category\/tattoo-machines\/\">profesjonalna maszyna do tatua\u017cu<\/a> dzia\u0142a bardzo szybko.<\/p>","protected":false},"excerpt":{"rendered":"<p>50 sztuk\/opakowanie<\/p>","protected":false},"featured_media":28769,"comment_status":"open","ping_status":"closed","template":"","meta":{"site-sidebar-layout":"","site-content-layout":"","ast-site-content-layout":"default","site-content-style":"default","site-sidebar-style":"default","ast-global-header-display":"","ast-banner-title-visibility":"","ast-main-header-display":"","ast-hfb-above-header-display":"","ast-hfb-below-header-display":"","ast-hfb-mobile-header-display":"","site-post-title":"","ast-breadcrumbs-content":"","ast-featured-img":"","footer-sml-layout":"","ast-disable-related-posts":"","theme-transparent-header-meta":"","adv-header-id-meta":"","stick-header-meta":"","header-above-stick-meta":"","header-main-stick-meta":"","header-below-stick-meta":"","astra-migrate-meta-layouts":"default","ast-page-background-enabled":"default","ast-page-background-meta":{"desktop":{"background-color":"var(--ast-global-color-4)","background-image":"","background-repeat":"repeat","background-position":"center center","background-size":"auto","background-attachment":"scroll","background-type":"","background-media":"","overlay-type":"","overlay-color":"","overlay-opacity":"","overlay-gradient":""},"tablet":{"background-color":"","background-image":"","background-repeat":"repeat","background-position":"center center","background-size":"auto","background-attachment":"scroll","background-type":"","background-media":"","overlay-type":"","overlay-color":"","overlay-opacity":"","overlay-gradient":""},"mobile":{"background-color":"","background-image":"","background-repeat":"repeat","background-position":"center center","background-size":"auto","background-attachment":"scroll","background-type":"","background-media":"","overlay-type":"","overlay-color":"","overlay-opacity":"","overlay-gradient":""}},"ast-content-background-meta":{"desktop":{"background-color":"var(--ast-global-color-5)","background-image":"","background-repeat":"repeat","background-position":"center center","background-size":"auto","background-attachment":"scroll","background-type":"","background-media":"","overlay-type":"","overlay-color":"","overlay-opacity":"","overlay-gradient":""},"tablet":{"background-color":"var(--ast-global-color-5)","background-image":"","background-repeat":"repeat","background-position":"center center","background-size":"auto","background-attachment":"scroll","background-type":"","background-media":"","overlay-type":"","overlay-color":"","overlay-opacity":"","overlay-gradient":""},"mobile":{"background-color":"var(--ast-global-color-5)","background-image":"","background-repeat":"repeat","background-position":"center center","background-size":"auto","background-attachment":"scroll","background-type":"","background-media":"","overlay-type":"","overlay-color":"","overlay-opacity":"","overlay-gradient":""}}},"product_brand":[],"product_cat":[30],"product_tag":[81,102,91,92],"class_list":{"0":"post-550","1":"product","2":"type-product","3":"status-publish","4":"has-post-thumbnail","6":"product_cat-round-shader","7":"product_tag-cartridge-tattoo-needles","8":"product_tag-rotary-tattoo-needles","9":"product_tag-tattoo-equipment","10":"product_tag-tattoo-machines-parts","11":"pa_brand-rightstuff","12":"desktop-align-center","13":"tablet-align-left","14":"mobile-align-left","15":"ast-product-gallery-layout-horizontal-slider","16":"ast-product-gallery-with-no-image","17":"ast-product-tabs-layout-horizontal","19":"first","20":"outofstock","21":"taxable","22":"shipping-taxable","23":"purchasable","24":"product-type-simple"},"_links":{"self":[{"href":"https:\/\/rightstuff.eu\/pl\/wp-json\/wp\/v2\/product\/550","targetHints":{"allow":["GET"]}}],"collection":[{"href":"https:\/\/rightstuff.eu\/pl\/wp-json\/wp\/v2\/product"}],"about":[{"href":"https:\/\/rightstuff.eu\/pl\/wp-json\/wp\/v2\/types\/product"}],"replies":[{"embeddable":true,"href":"https:\/\/rightstuff.eu\/pl\/wp-json\/wp\/v2\/comments?post=550"}],"version-history":[{"count":0,"href":"https:\/\/rightstuff.eu\/pl\/wp-json\/wp\/v2\/product\/550\/revisions"}],"wp:featuredmedia":[{"embeddable":true,"href":"https:\/\/rightstuff.eu\/pl\/wp-json\/wp\/v2\/media\/28769"}],"wp:attachment":[{"href":"https:\/\/rightstuff.eu\/pl\/wp-json\/wp\/v2\/media?parent=550"}],"wp:term":[{"taxonomy":"product_brand","embeddable":true,"href":"https:\/\/rightstuff.eu\/pl\/wp-json\/wp\/v2\/product_brand?post=550"},{"taxonomy":"product_cat","embeddable":true,"href":"https:\/\/rightstuff.eu\/pl\/wp-json\/wp\/v2\/product_cat?post=550"},{"taxonomy":"product_tag","embeddable":true,"href":"https:\/\/rightstuff.eu\/pl\/wp-json\/wp\/v2\/product_tag?post=550"}],"curies":[{"name":"wp","href":"https:\/\/api.w.org\/{rel}","templated":true}]}}