{"id":549,"date":"2013-12-01T20:06:00","date_gmt":"2013-12-01T17:06:00","guid":{"rendered":"https:\/\/rightstuff.eu\/shop\/uncategorized\/14rs\/"},"modified":"2025-01-22T01:37:15","modified_gmt":"2025-01-22T00:37:15","slug":"14rs","status":"publish","type":"product","link":"https:\/\/rightstuff.eu\/pl\/produkt\/14rs\/","title":{"rendered":"Ig\u0142a okr\u0105g\u0142a 14RS"},"content":{"rendered":"<p>W przesz\u0142o\u015bci tatua\u017c mia\u0142 pewne w\u0142a\u015bciwo\u015bci magiczne, oznacza\u0142 status w\u0142a\u015bciciela, przynale\u017cno\u015b\u0107 do okre\u015blonego plemienia lub maj\u0105tku. Dzi\u015b cz\u0119sto wskazuje na przynale\u017cno\u015b\u0107 do dowolnej subkultury (gotyckiej, rockowej, przest\u0119pczej itp.). Tatua\u017ce artystyczne mog\u0105 by\u0107 kolorowe, monochromatyczne, a nawet bia\u0142e, etniczne i fantasy; mog\u0105 przedstawia\u0107 zwierz\u0119ta i mistyczne znaki, zawiera\u0107 portrety ludzi i wypowiedzi filozoficzne. Wynik obrazu na sk\u00f3rze zale\u017cy od woli klienta i sztuki mistrza. Sami klienci zwykle oferuj\u0105 pomys\u0142y i tematy tatua\u017cy. Na przyk\u0142ad osoba mo\u017ce przyj\u015b\u0107 do salonu tatua\u017cu i poprosi\u0107 o wykonanie na ramieniu imienia swojej dziewczyny ozdobionego sercem. By\u0107 mo\u017ce za rok zakocha si\u0119 w innej i b\u0119dzie chcia\u0142 pozby\u0107 si\u0119 tatua\u017cu. Wtedy mistrz \"zamknie\" ten tatua\u017c nowym, cieniuj\u0105c stary obraz ig\u0142ami 14RS. W tym przypadku preferowane s\u0105 czarne i ciemne kolory do tatuowania. Nast\u0119pnie, cieniuj\u0105c nowy obraz, mistrz ukryje stary tatua\u017c. Prawdziwi mistrzowie robi\u0105 to tak profesjonalnie, \u017ce nikt nie domy\u015bla si\u0119, \u017ce pod warstw\u0105 kolor\u00f3w jest ukryty inny tatua\u017c. Nie trzeba dodawa\u0107, \u017ce ig\u0142y 14RS powinny by\u0107 sterylne i mo\u017cna je \u0142atwo wysterylizowa\u0107 po zako\u0144czeniu pracy przez mistrza. o cieniowanie w kolorze, czerni i szaro\u015bci.<\/p>","protected":false},"excerpt":{"rendered":"<p>50 sztuk\/opakowanie<\/p>","protected":false},"featured_media":28768,"comment_status":"open","ping_status":"closed","template":"","meta":{"site-sidebar-layout":"","site-content-layout":"","ast-site-content-layout":"default","site-content-style":"default","site-sidebar-style":"default","ast-global-header-display":"","ast-banner-title-visibility":"","ast-main-header-display":"","ast-hfb-above-header-display":"","ast-hfb-below-header-display":"","ast-hfb-mobile-header-display":"","site-post-title":"","ast-breadcrumbs-content":"","ast-featured-img":"","footer-sml-layout":"","ast-disable-related-posts":"","theme-transparent-header-meta":"","adv-header-id-meta":"","stick-header-meta":"","header-above-stick-meta":"","header-main-stick-meta":"","header-below-stick-meta":"","astra-migrate-meta-layouts":"default","ast-page-background-enabled":"default","ast-page-background-meta":{"desktop":{"background-color":"var(--ast-global-color-4)","background-image":"","background-repeat":"repeat","background-position":"center center","background-size":"auto","background-attachment":"scroll","background-type":"","background-media":"","overlay-type":"","overlay-color":"","overlay-opacity":"","overlay-gradient":""},"tablet":{"background-color":"","background-image":"","background-repeat":"repeat","background-position":"center center","background-size":"auto","background-attachment":"scroll","background-type":"","background-media":"","overlay-type":"","overlay-color":"","overlay-opacity":"","overlay-gradient":""},"mobile":{"background-color":"","background-image":"","background-repeat":"repeat","background-position":"center center","background-size":"auto","background-attachment":"scroll","background-type":"","background-media":"","overlay-type":"","overlay-color":"","overlay-opacity":"","overlay-gradient":""}},"ast-content-background-meta":{"desktop":{"background-color":"var(--ast-global-color-5)","background-image":"","background-repeat":"repeat","background-position":"center center","background-size":"auto","background-attachment":"scroll","background-type":"","background-media":"","overlay-type":"","overlay-color":"","overlay-opacity":"","overlay-gradient":""},"tablet":{"background-color":"var(--ast-global-color-5)","background-image":"","background-repeat":"repeat","background-position":"center center","background-size":"auto","background-attachment":"scroll","background-type":"","background-media":"","overlay-type":"","overlay-color":"","overlay-opacity":"","overlay-gradient":""},"mobile":{"background-color":"var(--ast-global-color-5)","background-image":"","background-repeat":"repeat","background-position":"center center","background-size":"auto","background-attachment":"scroll","background-type":"","background-media":"","overlay-type":"","overlay-color":"","overlay-opacity":"","overlay-gradient":""}}},"product_brand":[],"product_cat":[30],"product_tag":[81,88,102,91,92,94],"class_list":{"0":"post-549","1":"product","2":"type-product","3":"status-publish","4":"has-post-thumbnail","6":"product_cat-round-shader","7":"product_tag-cartridge-tattoo-needles","8":"product_tag-professional-tattoo-kit","9":"product_tag-rotary-tattoo-needles","10":"product_tag-tattoo-equipment","11":"product_tag-tattoo-machines-parts","12":"product_tag-tattoo-sets","13":"pa_brand-rightstuff","14":"desktop-align-center","15":"tablet-align-left","16":"mobile-align-left","17":"ast-product-gallery-layout-horizontal-slider","18":"ast-product-gallery-with-no-image","19":"ast-product-tabs-layout-horizontal","21":"first","22":"outofstock","23":"taxable","24":"shipping-taxable","25":"purchasable","26":"product-type-simple"},"_links":{"self":[{"href":"https:\/\/rightstuff.eu\/pl\/wp-json\/wp\/v2\/product\/549","targetHints":{"allow":["GET"]}}],"collection":[{"href":"https:\/\/rightstuff.eu\/pl\/wp-json\/wp\/v2\/product"}],"about":[{"href":"https:\/\/rightstuff.eu\/pl\/wp-json\/wp\/v2\/types\/product"}],"replies":[{"embeddable":true,"href":"https:\/\/rightstuff.eu\/pl\/wp-json\/wp\/v2\/comments?post=549"}],"version-history":[{"count":0,"href":"https:\/\/rightstuff.eu\/pl\/wp-json\/wp\/v2\/product\/549\/revisions"}],"wp:featuredmedia":[{"embeddable":true,"href":"https:\/\/rightstuff.eu\/pl\/wp-json\/wp\/v2\/media\/28768"}],"wp:attachment":[{"href":"https:\/\/rightstuff.eu\/pl\/wp-json\/wp\/v2\/media?parent=549"}],"wp:term":[{"taxonomy":"product_brand","embeddable":true,"href":"https:\/\/rightstuff.eu\/pl\/wp-json\/wp\/v2\/product_brand?post=549"},{"taxonomy":"product_cat","embeddable":true,"href":"https:\/\/rightstuff.eu\/pl\/wp-json\/wp\/v2\/product_cat?post=549"},{"taxonomy":"product_tag","embeddable":true,"href":"https:\/\/rightstuff.eu\/pl\/wp-json\/wp\/v2\/product_tag?post=549"}],"curies":[{"name":"wp","href":"https:\/\/api.w.org\/{rel}","templated":true}]}}