{"id":548,"date":"2013-12-01T20:05:00","date_gmt":"2013-12-01T17:05:00","guid":{"rendered":"https:\/\/rightstuff.eu\/shop\/uncategorized\/13rs\/"},"modified":"2025-01-22T01:37:15","modified_gmt":"2025-01-22T00:37:15","slug":"13rs","status":"publish","type":"product","link":"https:\/\/rightstuff.eu\/pl\/produkt\/13rs\/","title":{"rendered":"Ig\u0142a okr\u0105g\u0142a 13RS"},"content":{"rendered":"<p>Wykonanie du\u017cego tatua\u017cu z wieloma szczeg\u00f3\u0142ami wykonanymi ig\u0142ami 13RS do cieniowania i malowania to tylko po\u0142owa pracy. Kiedy m\u00f3wi si\u0119, \u017ce tatua\u017c robi si\u0119 \u201cna ca\u0142e \u017cycie\u201d, ludzie nie wspominaj\u0105 tylko o samym obrazie. Tatua\u017c to cz\u0119\u015b\u0107 cia\u0142a, o kt\u00f3r\u0105 r\u00f3wnie\u017c trzeba dba\u0107. Pami\u0119taj: Twoim g\u0142\u00f3wnym wrogiem jest s\u0142o\u0144ce. Tatua\u017c musi by\u0107 chroniony przed nim za pomoc\u0105 odzie\u017cy lub kremu przeciws\u0142onecznego (SPF 50+). W przeciwnym razie rysunek (zw\u0142aszcza kolorowy) cieniowany za pomoc\u0105 13RS i innych igie\u0142 szybko wyblaknie. Drugim wrogiem jest w\u0142asne lenistwo. Dobry mistrz da ci zestaw instrukcji dotycz\u0105cych dbania o \u201cnowy sprz\u0119t\u201d. Post\u0119puj zgodnie z nimi, poniewa\u017c pierwsze dwa tygodnie s\u0105 bardzo wa\u017cne i decyduj\u0105ce. Potraktuj to jako okres pooperacyjny. Czy usi\u0105dziesz na rowerze z niezagojon\u0105 stop\u0105? Bez w\u0105tpienia tatua\u017c jest urazem, nawet je\u015bli nie czu\u0142e\u015b b\u00f3lu podczas jego wykonywania. Tysi\u0105ce zastrzyk\u00f3w na minut\u0119, penetruj\u0105cych nask\u00f3rek i umieszczaj\u0105cych pigment w sk\u00f3rze w\u0142a\u015bciwej - wyobra\u017a to sobie! Nie spiesz si\u0119 z odpoczynkiem po wizycie u mistrza tatua\u017cu i zawsze stosuj si\u0119 do wszystkich zalece\u0144, kt\u00f3re ci przekaza\u0142.<\/p>","protected":false},"excerpt":{"rendered":"<p>50 sztuk\/opakowanie<\/p>","protected":false},"featured_media":28767,"comment_status":"open","ping_status":"closed","template":"","meta":{"site-sidebar-layout":"","site-content-layout":"","ast-site-content-layout":"default","site-content-style":"default","site-sidebar-style":"default","ast-global-header-display":"","ast-banner-title-visibility":"","ast-main-header-display":"","ast-hfb-above-header-display":"","ast-hfb-below-header-display":"","ast-hfb-mobile-header-display":"","site-post-title":"","ast-breadcrumbs-content":"","ast-featured-img":"","footer-sml-layout":"","ast-disable-related-posts":"","theme-transparent-header-meta":"","adv-header-id-meta":"","stick-header-meta":"","header-above-stick-meta":"","header-main-stick-meta":"","header-below-stick-meta":"","astra-migrate-meta-layouts":"default","ast-page-background-enabled":"default","ast-page-background-meta":{"desktop":{"background-color":"var(--ast-global-color-4)","background-image":"","background-repeat":"repeat","background-position":"center center","background-size":"auto","background-attachment":"scroll","background-type":"","background-media":"","overlay-type":"","overlay-color":"","overlay-opacity":"","overlay-gradient":""},"tablet":{"background-color":"","background-image":"","background-repeat":"repeat","background-position":"center center","background-size":"auto","background-attachment":"scroll","background-type":"","background-media":"","overlay-type":"","overlay-color":"","overlay-opacity":"","overlay-gradient":""},"mobile":{"background-color":"","background-image":"","background-repeat":"repeat","background-position":"center center","background-size":"auto","background-attachment":"scroll","background-type":"","background-media":"","overlay-type":"","overlay-color":"","overlay-opacity":"","overlay-gradient":""}},"ast-content-background-meta":{"desktop":{"background-color":"var(--ast-global-color-5)","background-image":"","background-repeat":"repeat","background-position":"center center","background-size":"auto","background-attachment":"scroll","background-type":"","background-media":"","overlay-type":"","overlay-color":"","overlay-opacity":"","overlay-gradient":""},"tablet":{"background-color":"var(--ast-global-color-5)","background-image":"","background-repeat":"repeat","background-position":"center center","background-size":"auto","background-attachment":"scroll","background-type":"","background-media":"","overlay-type":"","overlay-color":"","overlay-opacity":"","overlay-gradient":""},"mobile":{"background-color":"var(--ast-global-color-5)","background-image":"","background-repeat":"repeat","background-position":"center center","background-size":"auto","background-attachment":"scroll","background-type":"","background-media":"","overlay-type":"","overlay-color":"","overlay-opacity":"","overlay-gradient":""}}},"product_brand":[],"product_cat":[30],"product_tag":[81,102,91,92],"class_list":{"0":"post-548","1":"product","2":"type-product","3":"status-publish","4":"has-post-thumbnail","6":"product_cat-round-shader","7":"product_tag-cartridge-tattoo-needles","8":"product_tag-rotary-tattoo-needles","9":"product_tag-tattoo-equipment","10":"product_tag-tattoo-machines-parts","11":"pa_brand-rightstuff","12":"desktop-align-center","13":"tablet-align-left","14":"mobile-align-left","15":"ast-product-gallery-layout-horizontal-slider","16":"ast-product-gallery-with-no-image","17":"ast-product-tabs-layout-horizontal","19":"first","20":"outofstock","21":"taxable","22":"shipping-taxable","23":"purchasable","24":"product-type-simple"},"_links":{"self":[{"href":"https:\/\/rightstuff.eu\/pl\/wp-json\/wp\/v2\/product\/548","targetHints":{"allow":["GET"]}}],"collection":[{"href":"https:\/\/rightstuff.eu\/pl\/wp-json\/wp\/v2\/product"}],"about":[{"href":"https:\/\/rightstuff.eu\/pl\/wp-json\/wp\/v2\/types\/product"}],"replies":[{"embeddable":true,"href":"https:\/\/rightstuff.eu\/pl\/wp-json\/wp\/v2\/comments?post=548"}],"version-history":[{"count":0,"href":"https:\/\/rightstuff.eu\/pl\/wp-json\/wp\/v2\/product\/548\/revisions"}],"wp:featuredmedia":[{"embeddable":true,"href":"https:\/\/rightstuff.eu\/pl\/wp-json\/wp\/v2\/media\/28767"}],"wp:attachment":[{"href":"https:\/\/rightstuff.eu\/pl\/wp-json\/wp\/v2\/media?parent=548"}],"wp:term":[{"taxonomy":"product_brand","embeddable":true,"href":"https:\/\/rightstuff.eu\/pl\/wp-json\/wp\/v2\/product_brand?post=548"},{"taxonomy":"product_cat","embeddable":true,"href":"https:\/\/rightstuff.eu\/pl\/wp-json\/wp\/v2\/product_cat?post=548"},{"taxonomy":"product_tag","embeddable":true,"href":"https:\/\/rightstuff.eu\/pl\/wp-json\/wp\/v2\/product_tag?post=548"}],"curies":[{"name":"wp","href":"https:\/\/api.w.org\/{rel}","templated":true}]}}