{"id":547,"date":"2013-12-01T23:03:00","date_gmt":"2013-12-01T20:03:00","guid":{"rendered":"https:\/\/rightstuff.eu\/shop\/uncategorized\/11rs\/"},"modified":"2025-01-22T01:37:14","modified_gmt":"2025-01-22T00:37:14","slug":"11rs","status":"publish","type":"product","link":"https:\/\/rightstuff.eu\/pl\/produkt\/11rs\/","title":{"rendered":"Ig\u0142a okr\u0105g\u0142a 11RS"},"content":{"rendered":"<p>Kiedy klient zamawia do\u015b\u0107 du\u017cy tatua\u017c, sk\u0142adaj\u0105cy si\u0119 z wielu szczeg\u00f3\u0142\u00f3w, kt\u00f3re maj\u0105 by\u0107 cieniowane za pomoc\u0105 igie\u0142 11RS, zawsze pyta o cen\u0119 tatua\u017cu. Koszt tatua\u017cu jest zwykle mierzony w godzinach pracy mistrza. Na rzeczywist\u0105 cen\u0119 ko\u0144cow\u0105 wp\u0142ywa do\u015bwiadczenie mistrza, jego s\u0142awa i obci\u0105\u017cenie prac\u0105, lokalizacja salonu, rozmiar i z\u0142o\u017cono\u015b\u0107 obrazu, koszt materia\u0142\u00f3w. Na przyk\u0142ad, gdy tatua\u017cysta regularnie zamawia kilka igie\u0142 11RS online, otrzymuje zni\u017cki, a ostateczna cena jego pracy jest r\u00f3wnie\u017c obni\u017cona - facet po prostu wydaje mniej pieni\u0119dzy na <a href=\"https:\/\/rightstuff.eu\/product-tag\/tattoo-supplies\/\">sprz\u0119t<\/a>. Je\u015bli jednak chcesz pozna\u0107 czas po\u015bwi\u0119cony na wykonanie niekt\u00f3rych tatua\u017cy, te wskaz\u00f3wki b\u0119d\u0105 dla Ciebie pomocne. Na przyk\u0142ad, mistrz wykorzystuje sze\u015b\u0107 sesji po cztery godziny ka\u017cda, aby pokry\u0107 ca\u0142e rami\u0119 (tworz\u0105c \"r\u0119kaw\"). Rami\u0119 jest pokryte tatua\u017cem przez 6 godzin. Ma\u0142a grafika na przedramieniu ze szczeg\u00f3\u0142ami pozwoli Ci pozosta\u0107 w salonie tatua\u017cu przez 4 godziny.<\/p>","protected":false},"excerpt":{"rendered":"<p>50 sztuk\/opakowanie<\/p>","protected":false},"featured_media":28766,"comment_status":"open","ping_status":"closed","template":"","meta":{"site-sidebar-layout":"","site-content-layout":"","ast-site-content-layout":"default","site-content-style":"default","site-sidebar-style":"default","ast-global-header-display":"","ast-banner-title-visibility":"","ast-main-header-display":"","ast-hfb-above-header-display":"","ast-hfb-below-header-display":"","ast-hfb-mobile-header-display":"","site-post-title":"","ast-breadcrumbs-content":"","ast-featured-img":"","footer-sml-layout":"","ast-disable-related-posts":"","theme-transparent-header-meta":"","adv-header-id-meta":"","stick-header-meta":"","header-above-stick-meta":"","header-main-stick-meta":"","header-below-stick-meta":"","astra-migrate-meta-layouts":"default","ast-page-background-enabled":"default","ast-page-background-meta":{"desktop":{"background-color":"var(--ast-global-color-4)","background-image":"","background-repeat":"repeat","background-position":"center center","background-size":"auto","background-attachment":"scroll","background-type":"","background-media":"","overlay-type":"","overlay-color":"","overlay-opacity":"","overlay-gradient":""},"tablet":{"background-color":"","background-image":"","background-repeat":"repeat","background-position":"center center","background-size":"auto","background-attachment":"scroll","background-type":"","background-media":"","overlay-type":"","overlay-color":"","overlay-opacity":"","overlay-gradient":""},"mobile":{"background-color":"","background-image":"","background-repeat":"repeat","background-position":"center center","background-size":"auto","background-attachment":"scroll","background-type":"","background-media":"","overlay-type":"","overlay-color":"","overlay-opacity":"","overlay-gradient":""}},"ast-content-background-meta":{"desktop":{"background-color":"var(--ast-global-color-5)","background-image":"","background-repeat":"repeat","background-position":"center center","background-size":"auto","background-attachment":"scroll","background-type":"","background-media":"","overlay-type":"","overlay-color":"","overlay-opacity":"","overlay-gradient":""},"tablet":{"background-color":"var(--ast-global-color-5)","background-image":"","background-repeat":"repeat","background-position":"center center","background-size":"auto","background-attachment":"scroll","background-type":"","background-media":"","overlay-type":"","overlay-color":"","overlay-opacity":"","overlay-gradient":""},"mobile":{"background-color":"var(--ast-global-color-5)","background-image":"","background-repeat":"repeat","background-position":"center center","background-size":"auto","background-attachment":"scroll","background-type":"","background-media":"","overlay-type":"","overlay-color":"","overlay-opacity":"","overlay-gradient":""}}},"product_brand":[],"product_cat":[30],"product_tag":[81,102,1807,91,70,92,94],"class_list":{"0":"post-547","1":"product","2":"type-product","3":"status-publish","4":"has-post-thumbnail","6":"product_cat-round-shader","7":"product_tag-cartridge-tattoo-needles","8":"product_tag-rotary-tattoo-needles","9":"product_tag-tattoo-beginner-box","10":"product_tag-tattoo-equipment","11":"product_tag-tattoo-kits","12":"product_tag-tattoo-machines-parts","13":"product_tag-tattoo-sets","14":"pa_brand-rightstuff","15":"desktop-align-center","16":"tablet-align-left","17":"mobile-align-left","18":"ast-product-gallery-layout-horizontal-slider","19":"ast-product-gallery-with-no-image","20":"ast-product-tabs-layout-horizontal","22":"first","23":"outofstock","24":"taxable","25":"shipping-taxable","26":"purchasable","27":"product-type-simple"},"_links":{"self":[{"href":"https:\/\/rightstuff.eu\/pl\/wp-json\/wp\/v2\/product\/547","targetHints":{"allow":["GET"]}}],"collection":[{"href":"https:\/\/rightstuff.eu\/pl\/wp-json\/wp\/v2\/product"}],"about":[{"href":"https:\/\/rightstuff.eu\/pl\/wp-json\/wp\/v2\/types\/product"}],"replies":[{"embeddable":true,"href":"https:\/\/rightstuff.eu\/pl\/wp-json\/wp\/v2\/comments?post=547"}],"version-history":[{"count":0,"href":"https:\/\/rightstuff.eu\/pl\/wp-json\/wp\/v2\/product\/547\/revisions"}],"wp:featuredmedia":[{"embeddable":true,"href":"https:\/\/rightstuff.eu\/pl\/wp-json\/wp\/v2\/media\/28766"}],"wp:attachment":[{"href":"https:\/\/rightstuff.eu\/pl\/wp-json\/wp\/v2\/media?parent=547"}],"wp:term":[{"taxonomy":"product_brand","embeddable":true,"href":"https:\/\/rightstuff.eu\/pl\/wp-json\/wp\/v2\/product_brand?post=547"},{"taxonomy":"product_cat","embeddable":true,"href":"https:\/\/rightstuff.eu\/pl\/wp-json\/wp\/v2\/product_cat?post=547"},{"taxonomy":"product_tag","embeddable":true,"href":"https:\/\/rightstuff.eu\/pl\/wp-json\/wp\/v2\/product_tag?post=547"}],"curies":[{"name":"wp","href":"https:\/\/api.w.org\/{rel}","templated":true}]}}