{"id":546,"date":"2013-12-01T20:02:00","date_gmt":"2013-12-01T17:02:00","guid":{"rendered":"https:\/\/rightstuff.eu\/shop\/uncategorized\/9rs\/"},"modified":"2025-01-22T01:37:15","modified_gmt":"2025-01-22T00:37:15","slug":"9rs","status":"publish","type":"product","link":"https:\/\/rightstuff.eu\/pl\/produkt\/9rs\/","title":{"rendered":"Okr\u0105g\u0142a ig\u0142a 9RS"},"content":{"rendered":"<p>Pr\u00f3g b\u00f3lu dla ka\u017cdego cz\u0142owieka jest inny. S\u0105 osoby, kt\u00f3re wyj\u0105 od pierwszego zastrzyku i krzycz\u0105 na mistrza tatua\u017cu, b\u0142agaj\u0105c o podanie im \u015brodk\u00f3w znieczulaj\u0105cych, podczas gdy inni klienci salon\u00f3w tatua\u017cu mog\u0105 le\u017ce\u0107 bez ruchu przez trzy godziny, pisa\u0107 wiadomo\u015bci testowe, rozmawia\u0107 w sieciach spo\u0142eczno\u015bciowych i ogl\u0105da\u0107 filmy z tabletu bez nawet b\u00f3lu. Oba te przypadki s\u0105 wyj\u0105tkami. Og\u00f3lnie rzecz bior\u0105c, tatua\u017c jest bolesnym, ale z regu\u0142y zno\u015bnym procesem. Czasami jednak ig\u0142y 9RS u\u017cywane do cieniowania obrazu sk\u00f3ry powoduj\u0105 uczucie \"gryzienia owad\u00f3w\", kt\u00f3re nie jest tak przyjemne, jak mog\u0142oby by\u0107, ale mo\u017ce by\u0107 trudne. Na si\u0142\u0119 odczu\u0107 ma wp\u0142yw czas trwania sesji (im d\u0142u\u017cszy, tym bardziej bolesny), obecno\u015b\u0107 lub brak znieczulenia (stosuje si\u0119 krem znieczulaj\u0105cy), indywidualne cechy danej osoby oraz umiejscowienie wzoru. Istniej\u0105 miejsca, w kt\u00f3rych tatua\u017c nie pozostanie. S\u0105 to na przyk\u0142ad d\u0142onie i podeszwy. Ig\u0142y 9RS s\u0105 dobre do tworzenia obrazu sk\u00f3ry na kostce, ramieniu, plecach lub ramieniu.<\/p>","protected":false},"excerpt":{"rendered":"<p>50 sztuk\/opakowanie<\/p>","protected":false},"featured_media":1193,"comment_status":"open","ping_status":"closed","template":"","meta":{"site-sidebar-layout":"","site-content-layout":"","ast-site-content-layout":"default","site-content-style":"default","site-sidebar-style":"default","ast-global-header-display":"","ast-banner-title-visibility":"","ast-main-header-display":"","ast-hfb-above-header-display":"","ast-hfb-below-header-display":"","ast-hfb-mobile-header-display":"","site-post-title":"","ast-breadcrumbs-content":"","ast-featured-img":"","footer-sml-layout":"","ast-disable-related-posts":"","theme-transparent-header-meta":"","adv-header-id-meta":"","stick-header-meta":"","header-above-stick-meta":"","header-main-stick-meta":"","header-below-stick-meta":"","astra-migrate-meta-layouts":"default","ast-page-background-enabled":"default","ast-page-background-meta":{"desktop":{"background-color":"var(--ast-global-color-4)","background-image":"","background-repeat":"repeat","background-position":"center center","background-size":"auto","background-attachment":"scroll","background-type":"","background-media":"","overlay-type":"","overlay-color":"","overlay-opacity":"","overlay-gradient":""},"tablet":{"background-color":"","background-image":"","background-repeat":"repeat","background-position":"center center","background-size":"auto","background-attachment":"scroll","background-type":"","background-media":"","overlay-type":"","overlay-color":"","overlay-opacity":"","overlay-gradient":""},"mobile":{"background-color":"","background-image":"","background-repeat":"repeat","background-position":"center center","background-size":"auto","background-attachment":"scroll","background-type":"","background-media":"","overlay-type":"","overlay-color":"","overlay-opacity":"","overlay-gradient":""}},"ast-content-background-meta":{"desktop":{"background-color":"var(--ast-global-color-5)","background-image":"","background-repeat":"repeat","background-position":"center center","background-size":"auto","background-attachment":"scroll","background-type":"","background-media":"","overlay-type":"","overlay-color":"","overlay-opacity":"","overlay-gradient":""},"tablet":{"background-color":"var(--ast-global-color-5)","background-image":"","background-repeat":"repeat","background-position":"center center","background-size":"auto","background-attachment":"scroll","background-type":"","background-media":"","overlay-type":"","overlay-color":"","overlay-opacity":"","overlay-gradient":""},"mobile":{"background-color":"var(--ast-global-color-5)","background-image":"","background-repeat":"repeat","background-position":"center center","background-size":"auto","background-attachment":"scroll","background-type":"","background-media":"","overlay-type":"","overlay-color":"","overlay-opacity":"","overlay-gradient":""}}},"product_brand":[],"product_cat":[30],"product_tag":[81,102,91,92],"class_list":{"0":"post-546","1":"product","2":"type-product","3":"status-publish","4":"has-post-thumbnail","6":"product_cat-round-shader","7":"product_tag-cartridge-tattoo-needles","8":"product_tag-rotary-tattoo-needles","9":"product_tag-tattoo-equipment","10":"product_tag-tattoo-machines-parts","11":"pa_brand-rightstuff","12":"desktop-align-center","13":"tablet-align-left","14":"mobile-align-left","15":"ast-product-gallery-layout-horizontal-slider","16":"ast-product-gallery-with-no-image","17":"ast-product-tabs-layout-horizontal","19":"first","20":"outofstock","21":"taxable","22":"shipping-taxable","23":"purchasable","24":"product-type-simple"},"_links":{"self":[{"href":"https:\/\/rightstuff.eu\/pl\/wp-json\/wp\/v2\/product\/546","targetHints":{"allow":["GET"]}}],"collection":[{"href":"https:\/\/rightstuff.eu\/pl\/wp-json\/wp\/v2\/product"}],"about":[{"href":"https:\/\/rightstuff.eu\/pl\/wp-json\/wp\/v2\/types\/product"}],"replies":[{"embeddable":true,"href":"https:\/\/rightstuff.eu\/pl\/wp-json\/wp\/v2\/comments?post=546"}],"version-history":[{"count":0,"href":"https:\/\/rightstuff.eu\/pl\/wp-json\/wp\/v2\/product\/546\/revisions"}],"wp:featuredmedia":[{"embeddable":true,"href":"https:\/\/rightstuff.eu\/pl\/wp-json\/wp\/v2\/media\/1193"}],"wp:attachment":[{"href":"https:\/\/rightstuff.eu\/pl\/wp-json\/wp\/v2\/media?parent=546"}],"wp:term":[{"taxonomy":"product_brand","embeddable":true,"href":"https:\/\/rightstuff.eu\/pl\/wp-json\/wp\/v2\/product_brand?post=546"},{"taxonomy":"product_cat","embeddable":true,"href":"https:\/\/rightstuff.eu\/pl\/wp-json\/wp\/v2\/product_cat?post=546"},{"taxonomy":"product_tag","embeddable":true,"href":"https:\/\/rightstuff.eu\/pl\/wp-json\/wp\/v2\/product_tag?post=546"}],"curies":[{"name":"wp","href":"https:\/\/api.w.org\/{rel}","templated":true}]}}