{"id":545,"date":"2013-12-01T20:01:00","date_gmt":"2013-12-01T19:01:00","guid":{"rendered":"https:\/\/rightstuff.eu\/shop\/uncategorized\/7rs\/"},"modified":"2025-01-22T01:37:15","modified_gmt":"2025-01-22T00:37:15","slug":"7rs","status":"publish","type":"product","link":"https:\/\/rightstuff.eu\/pl\/produkt\/7rs\/","title":{"rendered":"Ig\u0142a okr\u0105g\u0142a 7RS"},"content":{"rendered":"<p>Tatuowanie mo\u017ce stanowi\u0107 powa\u017cne zagro\u017cenie dla zdrowia zar\u00f3wno tatua\u017cysty, jak i klienta, a nawet ka\u017cdej osoby odwiedzaj\u0105cej salon tatua\u017cu. Artysta jest odpowiedzialny za podj\u0119cie odpowiednich \u015brodk\u00f3w w celu zminimalizowania zagro\u017cenia dla zdrowia. Wiele os\u00f3b jest nosicielami infekcji we krwi bez pojawienia si\u0119 wyra\u017anych rozpoznawalnych objaw\u00f3w choroby, wi\u0119c ka\u017cdy salon tatua\u017cu lub prywatny warsztat tatua\u017cu jest otwarty na kontakt z r\u00f3\u017cnymi infekcjami wirusowymi i bakteriologicznymi. Ka\u017cdy mistrz musi u\u017cywa\u0107 jednorazowych igie\u0142 lub lepiej igie\u0142, kt\u00f3re mo\u017cna \u0142atwo wysterylizowa\u0107, na przyk\u0142ad okr\u0105g\u0142ych cieniuj\u0105cych. Ig\u0142y 7RS tworz\u0105 okr\u0105g\u0142\u0105, cienk\u0105 wi\u0105zk\u0119 do cieniowania, tworzenia cieni i p\u0142ynnych przej\u015b\u0107 kolor\u00f3w. R\u0119cznie lutowane, maj\u0105 \u015brednie zaostrzenie 1,5 mm i \u015brednic\u0119 0,35 mm. Sterylizowane tlenkiem etylenu, dostarczane s\u0105 w indywidualnym opakowaniu. Ani mistrz, ani klient nie mog\u0105 zosta\u0107 zara\u017ceni, gdy tatuator regularnie sterylizuje 7RS wykonane ze stali nierdzewnej.<\/p>","protected":false},"excerpt":{"rendered":"<p>50 sztuk\/opakowanie<\/p>","protected":false},"featured_media":1192,"comment_status":"open","ping_status":"closed","template":"","meta":{"site-sidebar-layout":"","site-content-layout":"","ast-site-content-layout":"default","site-content-style":"default","site-sidebar-style":"default","ast-global-header-display":"","ast-banner-title-visibility":"","ast-main-header-display":"","ast-hfb-above-header-display":"","ast-hfb-below-header-display":"","ast-hfb-mobile-header-display":"","site-post-title":"","ast-breadcrumbs-content":"","ast-featured-img":"","footer-sml-layout":"","ast-disable-related-posts":"","theme-transparent-header-meta":"","adv-header-id-meta":"","stick-header-meta":"","header-above-stick-meta":"","header-main-stick-meta":"","header-below-stick-meta":"","astra-migrate-meta-layouts":"default","ast-page-background-enabled":"default","ast-page-background-meta":{"desktop":{"background-color":"var(--ast-global-color-4)","background-image":"","background-repeat":"repeat","background-position":"center center","background-size":"auto","background-attachment":"scroll","background-type":"","background-media":"","overlay-type":"","overlay-color":"","overlay-opacity":"","overlay-gradient":""},"tablet":{"background-color":"","background-image":"","background-repeat":"repeat","background-position":"center center","background-size":"auto","background-attachment":"scroll","background-type":"","background-media":"","overlay-type":"","overlay-color":"","overlay-opacity":"","overlay-gradient":""},"mobile":{"background-color":"","background-image":"","background-repeat":"repeat","background-position":"center center","background-size":"auto","background-attachment":"scroll","background-type":"","background-media":"","overlay-type":"","overlay-color":"","overlay-opacity":"","overlay-gradient":""}},"ast-content-background-meta":{"desktop":{"background-color":"var(--ast-global-color-5)","background-image":"","background-repeat":"repeat","background-position":"center center","background-size":"auto","background-attachment":"scroll","background-type":"","background-media":"","overlay-type":"","overlay-color":"","overlay-opacity":"","overlay-gradient":""},"tablet":{"background-color":"var(--ast-global-color-5)","background-image":"","background-repeat":"repeat","background-position":"center center","background-size":"auto","background-attachment":"scroll","background-type":"","background-media":"","overlay-type":"","overlay-color":"","overlay-opacity":"","overlay-gradient":""},"mobile":{"background-color":"var(--ast-global-color-5)","background-image":"","background-repeat":"repeat","background-position":"center center","background-size":"auto","background-attachment":"scroll","background-type":"","background-media":"","overlay-type":"","overlay-color":"","overlay-opacity":"","overlay-gradient":""}}},"product_brand":[],"product_cat":[30],"product_tag":[81,102,91,92],"class_list":{"0":"post-545","1":"product","2":"type-product","3":"status-publish","4":"has-post-thumbnail","6":"product_cat-round-shader","7":"product_tag-cartridge-tattoo-needles","8":"product_tag-rotary-tattoo-needles","9":"product_tag-tattoo-equipment","10":"product_tag-tattoo-machines-parts","11":"pa_brand-rightstuff","12":"desktop-align-center","13":"tablet-align-left","14":"mobile-align-left","15":"ast-product-gallery-layout-horizontal-slider","16":"ast-product-gallery-with-no-image","17":"ast-product-tabs-layout-horizontal","19":"first","20":"outofstock","21":"taxable","22":"shipping-taxable","23":"purchasable","24":"product-type-simple"},"_links":{"self":[{"href":"https:\/\/rightstuff.eu\/pl\/wp-json\/wp\/v2\/product\/545","targetHints":{"allow":["GET"]}}],"collection":[{"href":"https:\/\/rightstuff.eu\/pl\/wp-json\/wp\/v2\/product"}],"about":[{"href":"https:\/\/rightstuff.eu\/pl\/wp-json\/wp\/v2\/types\/product"}],"replies":[{"embeddable":true,"href":"https:\/\/rightstuff.eu\/pl\/wp-json\/wp\/v2\/comments?post=545"}],"version-history":[{"count":0,"href":"https:\/\/rightstuff.eu\/pl\/wp-json\/wp\/v2\/product\/545\/revisions"}],"wp:featuredmedia":[{"embeddable":true,"href":"https:\/\/rightstuff.eu\/pl\/wp-json\/wp\/v2\/media\/1192"}],"wp:attachment":[{"href":"https:\/\/rightstuff.eu\/pl\/wp-json\/wp\/v2\/media?parent=545"}],"wp:term":[{"taxonomy":"product_brand","embeddable":true,"href":"https:\/\/rightstuff.eu\/pl\/wp-json\/wp\/v2\/product_brand?post=545"},{"taxonomy":"product_cat","embeddable":true,"href":"https:\/\/rightstuff.eu\/pl\/wp-json\/wp\/v2\/product_cat?post=545"},{"taxonomy":"product_tag","embeddable":true,"href":"https:\/\/rightstuff.eu\/pl\/wp-json\/wp\/v2\/product_tag?post=545"}],"curies":[{"name":"wp","href":"https:\/\/api.w.org\/{rel}","templated":true}]}}