{"id":544,"date":"2013-12-01T20:00:00","date_gmt":"2013-12-01T17:00:00","guid":{"rendered":"https:\/\/rightstuff.eu\/shop\/uncategorized\/5rs\/"},"modified":"2025-01-22T01:37:15","modified_gmt":"2025-01-22T00:37:15","slug":"5rs","status":"publish","type":"product","link":"https:\/\/rightstuff.eu\/pl\/produkt\/5rs\/","title":{"rendered":"Ig\u0142a okr\u0105g\u0142a 5RS"},"content":{"rendered":"<p>Ma\u0142y tatua\u017c rzadko ma bardzo dobr\u0105 jako\u015b\u0107. Jednak gdy mistrz wykonuje du\u017cy tatua\u017c, prawie zawsze sk\u0142ada si\u0119 on z drobnych szczeg\u00f3\u0142\u00f3w. Wszystkie te szczeg\u00f3\u0142y musz\u0105 by\u0107 precyzyjnie cieniowane. Na przyk\u0142ad, wykonuj\u0105c realistyczny portret, mistrz prosi swojego klienta o przygotowanie ramienia, plec\u00f3w lub innego du\u017cego obszaru. Wykonuj\u0105c niekt\u00f3re szczeg\u00f3\u0142y portretu - cieniowanie oczu, ust i nosa, profesjonalista prawie zawsze u\u017cywa igie\u0142 5RS o \u015brednicy 0,35 i ostrzeniu 1,5. W ko\u0144cu, gdy potrzebujesz okre\u015blonego rodzaju tatua\u017cu, znajd\u017a mistrza, kt\u00f3ry pracuje w tym stylu. Specjali\u015bci od tatua\u017cu, podobnie jak projektanci lub ilustratorzy, prawie zawsze specjalizuj\u0105 si\u0119 w jakim\u015b stylu. Warto z tego skorzysta\u0107. Tw\u00f3j znajomy tatua\u017cysta mo\u017ce da\u0107 zni\u017ck\u0119, ale m\u00f3wimy o obrazie, kt\u00f3ry b\u0119dziesz \"nosi\u0107\" przez ca\u0142e \u017cycie. Je\u015bli potrzebujesz japo\u0144skiego smoka, poszukaj mistrza, kt\u00f3ry pracuje dok\u0142adnie w tym stylu i robi to osza\u0142amiaj\u0105co, u\u017cywaj\u0105c igie\u0142 5RS do tworzenia szczeg\u00f3\u0142\u00f3w skrzyde\u0142 i ogona stworzenia.<\/p>","protected":false},"excerpt":{"rendered":"<p>50 sztuk\/opakowanie<\/p>","protected":false},"featured_media":1191,"comment_status":"open","ping_status":"closed","template":"","meta":{"site-sidebar-layout":"","site-content-layout":"","ast-site-content-layout":"default","site-content-style":"default","site-sidebar-style":"default","ast-global-header-display":"","ast-banner-title-visibility":"","ast-main-header-display":"","ast-hfb-above-header-display":"","ast-hfb-below-header-display":"","ast-hfb-mobile-header-display":"","site-post-title":"","ast-breadcrumbs-content":"","ast-featured-img":"","footer-sml-layout":"","ast-disable-related-posts":"","theme-transparent-header-meta":"","adv-header-id-meta":"","stick-header-meta":"","header-above-stick-meta":"","header-main-stick-meta":"","header-below-stick-meta":"","astra-migrate-meta-layouts":"default","ast-page-background-enabled":"default","ast-page-background-meta":{"desktop":{"background-color":"var(--ast-global-color-4)","background-image":"","background-repeat":"repeat","background-position":"center center","background-size":"auto","background-attachment":"scroll","background-type":"","background-media":"","overlay-type":"","overlay-color":"","overlay-opacity":"","overlay-gradient":""},"tablet":{"background-color":"","background-image":"","background-repeat":"repeat","background-position":"center center","background-size":"auto","background-attachment":"scroll","background-type":"","background-media":"","overlay-type":"","overlay-color":"","overlay-opacity":"","overlay-gradient":""},"mobile":{"background-color":"","background-image":"","background-repeat":"repeat","background-position":"center center","background-size":"auto","background-attachment":"scroll","background-type":"","background-media":"","overlay-type":"","overlay-color":"","overlay-opacity":"","overlay-gradient":""}},"ast-content-background-meta":{"desktop":{"background-color":"var(--ast-global-color-5)","background-image":"","background-repeat":"repeat","background-position":"center center","background-size":"auto","background-attachment":"scroll","background-type":"","background-media":"","overlay-type":"","overlay-color":"","overlay-opacity":"","overlay-gradient":""},"tablet":{"background-color":"var(--ast-global-color-5)","background-image":"","background-repeat":"repeat","background-position":"center center","background-size":"auto","background-attachment":"scroll","background-type":"","background-media":"","overlay-type":"","overlay-color":"","overlay-opacity":"","overlay-gradient":""},"mobile":{"background-color":"var(--ast-global-color-5)","background-image":"","background-repeat":"repeat","background-position":"center center","background-size":"auto","background-attachment":"scroll","background-type":"","background-media":"","overlay-type":"","overlay-color":"","overlay-opacity":"","overlay-gradient":""}}},"product_brand":[],"product_cat":[30],"product_tag":[81,102,91,92],"class_list":{"0":"post-544","1":"product","2":"type-product","3":"status-publish","4":"has-post-thumbnail","6":"product_cat-round-shader","7":"product_tag-cartridge-tattoo-needles","8":"product_tag-rotary-tattoo-needles","9":"product_tag-tattoo-equipment","10":"product_tag-tattoo-machines-parts","11":"pa_brand-rightstuff","12":"desktop-align-center","13":"tablet-align-left","14":"mobile-align-left","15":"ast-product-gallery-layout-horizontal-slider","16":"ast-product-gallery-with-no-image","17":"ast-product-tabs-layout-horizontal","19":"first","20":"outofstock","21":"taxable","22":"shipping-taxable","23":"purchasable","24":"product-type-simple"},"_links":{"self":[{"href":"https:\/\/rightstuff.eu\/pl\/wp-json\/wp\/v2\/product\/544","targetHints":{"allow":["GET"]}}],"collection":[{"href":"https:\/\/rightstuff.eu\/pl\/wp-json\/wp\/v2\/product"}],"about":[{"href":"https:\/\/rightstuff.eu\/pl\/wp-json\/wp\/v2\/types\/product"}],"replies":[{"embeddable":true,"href":"https:\/\/rightstuff.eu\/pl\/wp-json\/wp\/v2\/comments?post=544"}],"version-history":[{"count":0,"href":"https:\/\/rightstuff.eu\/pl\/wp-json\/wp\/v2\/product\/544\/revisions"}],"wp:featuredmedia":[{"embeddable":true,"href":"https:\/\/rightstuff.eu\/pl\/wp-json\/wp\/v2\/media\/1191"}],"wp:attachment":[{"href":"https:\/\/rightstuff.eu\/pl\/wp-json\/wp\/v2\/media?parent=544"}],"wp:term":[{"taxonomy":"product_brand","embeddable":true,"href":"https:\/\/rightstuff.eu\/pl\/wp-json\/wp\/v2\/product_brand?post=544"},{"taxonomy":"product_cat","embeddable":true,"href":"https:\/\/rightstuff.eu\/pl\/wp-json\/wp\/v2\/product_cat?post=544"},{"taxonomy":"product_tag","embeddable":true,"href":"https:\/\/rightstuff.eu\/pl\/wp-json\/wp\/v2\/product_tag?post=544"}],"curies":[{"name":"wp","href":"https:\/\/api.w.org\/{rel}","templated":true}]}}