{"id":543,"date":"2013-12-01T22:59:00","date_gmt":"2013-12-01T19:59:00","guid":{"rendered":"https:\/\/rightstuff.eu\/shop\/uncategorized\/3rs\/"},"modified":"2025-01-22T01:37:14","modified_gmt":"2025-01-22T00:37:14","slug":"3rs","status":"publish","type":"product","link":"https:\/\/rightstuff.eu\/pl\/produkt\/3rs\/","title":{"rendered":"Okr\u0105g\u0142a ig\u0142a Shader 3RS"},"content":{"rendered":"<p>Tatua\u017ce s\u0105 \"ozdob\u0105\" sk\u00f3ry marynarzy i wi\u0119\u017ani\u00f3w od do\u015b\u0107 dawna. Nosz\u0105 je zupe\u0142nie r\u00f3\u017cni ludzie, by \"wyrazi\u0107\" siebie, pokaza\u0107 jak\u0105\u015b cz\u0119\u015b\u0107 cia\u0142a lub odwrotnie - ukry\u0107 blizn\u0119. W ko\u0144cu tylko dla urody. Ale opr\u00f3cz dobrze znanych fakt\u00f3w (b\u00f3l, znaczenie warunk\u00f3w sanitarnych podczas aplikacji), istnieje wiele spekulacji na temat sztuki tatua\u017cu. Na przyk\u0142ad wielu klient\u00f3w odwiedzaj\u0105cych mistrza tatua\u017cu nie mo\u017ce sobie nawet wyobrazi\u0107, ile rodzaj\u00f3w igie\u0142 u\u017cywa. Na przyk\u0142ad, gdy wykonuje du\u017cy tatua\u017c i cieniuje go, mo\u017ce wybra\u0107 p\u0142askie ig\u0142y, ale do cieniowania bardzo ma\u0142ych cz\u0119\u015bci tatua\u017cu i szczeg\u00f3\u0142\u00f3w woli pracowa\u0107 z ig\u0142ami 3RS. Ig\u0142y te nazywane s\u0105 \"okr\u0105g\u0142ymi\", poniewa\u017c ich wi\u0105zka (je\u015bli spojrzysz na ich ko\u0144c\u00f3wk\u0119) tworzy r\u00f3wny okr\u0105g, sk\u0142adaj\u0105cy si\u0119 z kilku oddzielnych igie\u0142. Ig\u0142y 3 RS s\u0105 dostarczane w sterylnych opakowaniach i s\u0105 najcz\u0119\u015bciej u\u017cywane jako ig\u0142y do cieniowania. <a href=\"https:\/\/rightstuff.eu\/product-category\/tattoo-machines\/\">maszyny do tatua\u017cu<\/a>S\u0105 one r\u00f3wnie\u017c przeznaczone do t\u0142oczenia, malowania, gdzie wymagane jest dopracowanie szczeg\u00f3\u0142\u00f3w obrazu.<\/p>","protected":false},"excerpt":{"rendered":"<p>50 sztuk\/opakowanie<\/p>","protected":false},"featured_media":1190,"comment_status":"open","ping_status":"closed","template":"","meta":{"site-sidebar-layout":"","site-content-layout":"","ast-site-content-layout":"default","site-content-style":"default","site-sidebar-style":"default","ast-global-header-display":"","ast-banner-title-visibility":"","ast-main-header-display":"","ast-hfb-above-header-display":"","ast-hfb-below-header-display":"","ast-hfb-mobile-header-display":"","site-post-title":"","ast-breadcrumbs-content":"","ast-featured-img":"","footer-sml-layout":"","ast-disable-related-posts":"","theme-transparent-header-meta":"","adv-header-id-meta":"","stick-header-meta":"","header-above-stick-meta":"","header-main-stick-meta":"","header-below-stick-meta":"","astra-migrate-meta-layouts":"default","ast-page-background-enabled":"default","ast-page-background-meta":{"desktop":{"background-color":"var(--ast-global-color-4)","background-image":"","background-repeat":"repeat","background-position":"center center","background-size":"auto","background-attachment":"scroll","background-type":"","background-media":"","overlay-type":"","overlay-color":"","overlay-opacity":"","overlay-gradient":""},"tablet":{"background-color":"","background-image":"","background-repeat":"repeat","background-position":"center center","background-size":"auto","background-attachment":"scroll","background-type":"","background-media":"","overlay-type":"","overlay-color":"","overlay-opacity":"","overlay-gradient":""},"mobile":{"background-color":"","background-image":"","background-repeat":"repeat","background-position":"center center","background-size":"auto","background-attachment":"scroll","background-type":"","background-media":"","overlay-type":"","overlay-color":"","overlay-opacity":"","overlay-gradient":""}},"ast-content-background-meta":{"desktop":{"background-color":"var(--ast-global-color-5)","background-image":"","background-repeat":"repeat","background-position":"center center","background-size":"auto","background-attachment":"scroll","background-type":"","background-media":"","overlay-type":"","overlay-color":"","overlay-opacity":"","overlay-gradient":""},"tablet":{"background-color":"var(--ast-global-color-5)","background-image":"","background-repeat":"repeat","background-position":"center center","background-size":"auto","background-attachment":"scroll","background-type":"","background-media":"","overlay-type":"","overlay-color":"","overlay-opacity":"","overlay-gradient":""},"mobile":{"background-color":"var(--ast-global-color-5)","background-image":"","background-repeat":"repeat","background-position":"center center","background-size":"auto","background-attachment":"scroll","background-type":"","background-media":"","overlay-type":"","overlay-color":"","overlay-opacity":"","overlay-gradient":""}}},"product_brand":[],"product_cat":[30],"product_tag":[81,102,91,92],"class_list":{"0":"post-543","1":"product","2":"type-product","3":"status-publish","4":"has-post-thumbnail","6":"product_cat-round-shader","7":"product_tag-cartridge-tattoo-needles","8":"product_tag-rotary-tattoo-needles","9":"product_tag-tattoo-equipment","10":"product_tag-tattoo-machines-parts","11":"pa_brand-rightstuff","12":"desktop-align-center","13":"tablet-align-left","14":"mobile-align-left","15":"ast-product-gallery-layout-horizontal-slider","16":"ast-product-gallery-with-no-image","17":"ast-product-tabs-layout-horizontal","19":"first","20":"outofstock","21":"taxable","22":"shipping-taxable","23":"purchasable","24":"product-type-simple"},"_links":{"self":[{"href":"https:\/\/rightstuff.eu\/pl\/wp-json\/wp\/v2\/product\/543","targetHints":{"allow":["GET"]}}],"collection":[{"href":"https:\/\/rightstuff.eu\/pl\/wp-json\/wp\/v2\/product"}],"about":[{"href":"https:\/\/rightstuff.eu\/pl\/wp-json\/wp\/v2\/types\/product"}],"replies":[{"embeddable":true,"href":"https:\/\/rightstuff.eu\/pl\/wp-json\/wp\/v2\/comments?post=543"}],"version-history":[{"count":0,"href":"https:\/\/rightstuff.eu\/pl\/wp-json\/wp\/v2\/product\/543\/revisions"}],"wp:featuredmedia":[{"embeddable":true,"href":"https:\/\/rightstuff.eu\/pl\/wp-json\/wp\/v2\/media\/1190"}],"wp:attachment":[{"href":"https:\/\/rightstuff.eu\/pl\/wp-json\/wp\/v2\/media?parent=543"}],"wp:term":[{"taxonomy":"product_brand","embeddable":true,"href":"https:\/\/rightstuff.eu\/pl\/wp-json\/wp\/v2\/product_brand?post=543"},{"taxonomy":"product_cat","embeddable":true,"href":"https:\/\/rightstuff.eu\/pl\/wp-json\/wp\/v2\/product_cat?post=543"},{"taxonomy":"product_tag","embeddable":true,"href":"https:\/\/rightstuff.eu\/pl\/wp-json\/wp\/v2\/product_tag?post=543"}],"curies":[{"name":"wp","href":"https:\/\/api.w.org\/{rel}","templated":true}]}}