{"id":542,"date":"2013-12-01T19:57:00","date_gmt":"2013-12-01T16:57:00","guid":{"rendered":"https:\/\/rightstuff.eu\/shop\/uncategorized\/15rm\/"},"modified":"2025-01-22T01:37:16","modified_gmt":"2025-01-22T00:37:16","slug":"15rm","status":"publish","type":"product","link":"https:\/\/rightstuff.eu\/pl\/produkt\/15rm\/","title":{"rendered":"Okr\u0105g\u0142a ig\u0142a Magnum 15RM"},"content":{"rendered":"<p>Wsp\u00f3\u0142czesne tatua\u017ce s\u0105 wykonywane w r\u00f3\u017cnych stylach - fantasy, polinezyjskim, rosyjskim, orientalnym, japo\u0144skim. Sztuka rysowania japo\u0144skich tatua\u017cy jest dzi\u015b na szczycie popularno\u015bci. Z regu\u0142y ka\u017cda z fabu\u0142 ma okre\u015blone znaczenie, ukryte w symbolach. Jednym z najpopularniejszych motyw\u00f3w jest smok w r\u00f3\u017cnych kompozycjach. Znaczenie tego obrazu jest cz\u0119sto skorelowane z m\u0105dro\u015bci\u0105, si\u0142\u0105, pewno\u015bci\u0105 siebie. Ponadto obrazy ryb s\u0105 uwa\u017cane za symbol odwagi, tygrysy - nieustraszono\u015bci. Ponadto japo\u0144ski styl jest cz\u0119sto wybierany przez kobiety, kt\u00f3re prosz\u0105 mistrza tatua\u017cu o stworzenie tatua\u017cu z kwiat\u00f3w sakury, chryzantem, piwonii. Japo\u0144ski styl mo\u017cna odgadn\u0105\u0107 po niekt\u00f3rych z najbardziej uderzaj\u0105cych cech: tatua\u017ce s\u0105 do\u015b\u0107 obszerne i wykonywane w okre\u015blonej formie przypominaj\u0105cej kimono. Wyst\u0119puje wiele odcieni i linii. Tworz\u0105 one du\u017c\u0105 kompozycj\u0119 z\u0142o\u017con\u0105 z wielu mini-obraz\u00f3w w granicach du\u017cego tatua\u017cu. Dlatego tatua\u017cysta pracuje nad japo\u0144skim tatua\u017cem kilka dni, u\u017cywaj\u0105c do swojej pracy igie\u0142 Magnum 15RM, kt\u00f3re daj\u0105 najlepszy efekt w szybkim wykonywaniu d\u0142ugich linii na du\u017cych obszarach sk\u00f3ry. Ig\u0142y Magnum 15RM s\u0105 sterylne i mo\u017cna je \u0142atwo wysterylizowa\u0107 po pracy. Tak wi\u0119c, gdy klient przychodzi do swojego mistrza, aby wykona\u0107 tatua\u017c, artysta mo\u017ce u\u017cy\u0107 tych samych wysokiej jako\u015bci igie\u0142.<\/p>","protected":false},"excerpt":{"rendered":"<p>50 sztuk\/opakowanie<\/p>","protected":false},"featured_media":28765,"comment_status":"open","ping_status":"closed","template":"","meta":{"site-sidebar-layout":"","site-content-layout":"","ast-site-content-layout":"default","site-content-style":"default","site-sidebar-style":"default","ast-global-header-display":"","ast-banner-title-visibility":"","ast-main-header-display":"","ast-hfb-above-header-display":"","ast-hfb-below-header-display":"","ast-hfb-mobile-header-display":"","site-post-title":"","ast-breadcrumbs-content":"","ast-featured-img":"","footer-sml-layout":"","ast-disable-related-posts":"","theme-transparent-header-meta":"","adv-header-id-meta":"","stick-header-meta":"","header-above-stick-meta":"","header-main-stick-meta":"","header-below-stick-meta":"","astra-migrate-meta-layouts":"default","ast-page-background-enabled":"default","ast-page-background-meta":{"desktop":{"background-color":"var(--ast-global-color-4)","background-image":"","background-repeat":"repeat","background-position":"center center","background-size":"auto","background-attachment":"scroll","background-type":"","background-media":"","overlay-type":"","overlay-color":"","overlay-opacity":"","overlay-gradient":""},"tablet":{"background-color":"","background-image":"","background-repeat":"repeat","background-position":"center center","background-size":"auto","background-attachment":"scroll","background-type":"","background-media":"","overlay-type":"","overlay-color":"","overlay-opacity":"","overlay-gradient":""},"mobile":{"background-color":"","background-image":"","background-repeat":"repeat","background-position":"center center","background-size":"auto","background-attachment":"scroll","background-type":"","background-media":"","overlay-type":"","overlay-color":"","overlay-opacity":"","overlay-gradient":""}},"ast-content-background-meta":{"desktop":{"background-color":"var(--ast-global-color-5)","background-image":"","background-repeat":"repeat","background-position":"center center","background-size":"auto","background-attachment":"scroll","background-type":"","background-media":"","overlay-type":"","overlay-color":"","overlay-opacity":"","overlay-gradient":""},"tablet":{"background-color":"var(--ast-global-color-5)","background-image":"","background-repeat":"repeat","background-position":"center center","background-size":"auto","background-attachment":"scroll","background-type":"","background-media":"","overlay-type":"","overlay-color":"","overlay-opacity":"","overlay-gradient":""},"mobile":{"background-color":"var(--ast-global-color-5)","background-image":"","background-repeat":"repeat","background-position":"center center","background-size":"auto","background-attachment":"scroll","background-type":"","background-media":"","overlay-type":"","overlay-color":"","overlay-opacity":"","overlay-gradient":""}}},"product_brand":[],"product_cat":[29],"product_tag":[81,85,102,91,92],"class_list":{"0":"post-542","1":"product","2":"type-product","3":"status-publish","4":"has-post-thumbnail","6":"product_cat-rm","7":"product_tag-cartridge-tattoo-needles","8":"product_tag-magnum-tattoo-needles","9":"product_tag-rotary-tattoo-needles","10":"product_tag-tattoo-equipment","11":"product_tag-tattoo-machines-parts","12":"pa_brand-rightstuff","13":"desktop-align-center","14":"tablet-align-left","15":"mobile-align-left","16":"ast-product-gallery-layout-horizontal-slider","17":"ast-product-gallery-with-no-image","18":"ast-product-tabs-layout-horizontal","20":"first","21":"outofstock","22":"taxable","23":"shipping-taxable","24":"purchasable","25":"product-type-simple"},"_links":{"self":[{"href":"https:\/\/rightstuff.eu\/pl\/wp-json\/wp\/v2\/product\/542","targetHints":{"allow":["GET"]}}],"collection":[{"href":"https:\/\/rightstuff.eu\/pl\/wp-json\/wp\/v2\/product"}],"about":[{"href":"https:\/\/rightstuff.eu\/pl\/wp-json\/wp\/v2\/types\/product"}],"replies":[{"embeddable":true,"href":"https:\/\/rightstuff.eu\/pl\/wp-json\/wp\/v2\/comments?post=542"}],"version-history":[{"count":0,"href":"https:\/\/rightstuff.eu\/pl\/wp-json\/wp\/v2\/product\/542\/revisions"}],"wp:featuredmedia":[{"embeddable":true,"href":"https:\/\/rightstuff.eu\/pl\/wp-json\/wp\/v2\/media\/28765"}],"wp:attachment":[{"href":"https:\/\/rightstuff.eu\/pl\/wp-json\/wp\/v2\/media?parent=542"}],"wp:term":[{"taxonomy":"product_brand","embeddable":true,"href":"https:\/\/rightstuff.eu\/pl\/wp-json\/wp\/v2\/product_brand?post=542"},{"taxonomy":"product_cat","embeddable":true,"href":"https:\/\/rightstuff.eu\/pl\/wp-json\/wp\/v2\/product_cat?post=542"},{"taxonomy":"product_tag","embeddable":true,"href":"https:\/\/rightstuff.eu\/pl\/wp-json\/wp\/v2\/product_tag?post=542"}],"curies":[{"name":"wp","href":"https:\/\/api.w.org\/{rel}","templated":true}]}}