{"id":541,"date":"2013-12-01T22:56:00","date_gmt":"2013-12-01T19:56:00","guid":{"rendered":"https:\/\/rightstuff.eu\/shop\/uncategorized\/13rm\/"},"modified":"2025-01-22T01:37:14","modified_gmt":"2025-01-22T00:37:14","slug":"13rm","status":"publish","type":"product","link":"https:\/\/rightstuff.eu\/pl\/produkt\/13rm\/","title":{"rendered":"Okr\u0105g\u0142a ig\u0142a Magnum 13RM"},"content":{"rendered":"<p>Wiele obraz\u00f3w sk\u00f3ry to prawdziwe \"obrazy\" z r\u00f3\u017cnymi szczeg\u00f3\u0142ami. Te linie i cienie s\u0105 wykonywane za pomoc\u0105 specjalnych igie\u0142. Na przyk\u0142ad, Magnum 13RM to ig\u0142y do linii i cieniowania du\u017cych obszar\u00f3w sk\u00f3ry. Te kolce (ig\u0142y zespawane razem z pr\u0119tem) s\u0105 sterylizowane w fabrykach i pakowane w szczelne kapsu\u0142ki-pojemniki, takie jak te, w kt\u00f3re pakowane s\u0105 strzykawki. Wewn\u0105trz ka\u017cdej kapsu\u0142ki znajduje si\u0119 wska\u017anik sterylno\u015bci. Gdy ig\u0142y Magnum 13RM s\u0105 zainstalowane w maszynce do tatua\u017cu, <a href=\"https:\/\/rightstuff.eu\/product-category\/needles\/tips-grips-tubes\/\">ich wskaz\u00f3wki<\/a> wykonuj ruchy w prz\u00f3d i w ty\u0142. Ig\u0142a wraca do wylewki i jest przemywana farb\u0105, po czym nast\u0119puje ruch do przodu - wtedy ig\u0142a przebija sk\u00f3r\u0119, pozostawiaj\u0105c pod ni\u0105 pewn\u0105 ilo\u015b\u0107 farby. W ten spos\u00f3b powstaje tatua\u017c na sk\u00f3rze. \u015arednia penetracja ig\u0142y w sk\u00f3rze wynosi nie wi\u0119cej ni\u017c 0,5 - 1,5 mm, dzi\u0119ki czemu zabieg nie jest bolesny. Co wi\u0119cej, okr\u0105g\u0142y kszta\u0142t materia\u0142u r\u00f3wnie\u017c zmniejsza b\u00f3l, kt\u00f3rego klient mistrza tatua\u017cu tak bardzo chce unikn\u0105\u0107!<\/p>","protected":false},"excerpt":{"rendered":"<p>50 sztuk\/opakowanie<\/p>","protected":false},"featured_media":28764,"comment_status":"open","ping_status":"closed","template":"","meta":{"site-sidebar-layout":"","site-content-layout":"","ast-site-content-layout":"default","site-content-style":"default","site-sidebar-style":"default","ast-global-header-display":"","ast-banner-title-visibility":"","ast-main-header-display":"","ast-hfb-above-header-display":"","ast-hfb-below-header-display":"","ast-hfb-mobile-header-display":"","site-post-title":"","ast-breadcrumbs-content":"","ast-featured-img":"","footer-sml-layout":"","ast-disable-related-posts":"","theme-transparent-header-meta":"","adv-header-id-meta":"","stick-header-meta":"","header-above-stick-meta":"","header-main-stick-meta":"","header-below-stick-meta":"","astra-migrate-meta-layouts":"default","ast-page-background-enabled":"default","ast-page-background-meta":{"desktop":{"background-color":"var(--ast-global-color-4)","background-image":"","background-repeat":"repeat","background-position":"center center","background-size":"auto","background-attachment":"scroll","background-type":"","background-media":"","overlay-type":"","overlay-color":"","overlay-opacity":"","overlay-gradient":""},"tablet":{"background-color":"","background-image":"","background-repeat":"repeat","background-position":"center center","background-size":"auto","background-attachment":"scroll","background-type":"","background-media":"","overlay-type":"","overlay-color":"","overlay-opacity":"","overlay-gradient":""},"mobile":{"background-color":"","background-image":"","background-repeat":"repeat","background-position":"center center","background-size":"auto","background-attachment":"scroll","background-type":"","background-media":"","overlay-type":"","overlay-color":"","overlay-opacity":"","overlay-gradient":""}},"ast-content-background-meta":{"desktop":{"background-color":"var(--ast-global-color-5)","background-image":"","background-repeat":"repeat","background-position":"center center","background-size":"auto","background-attachment":"scroll","background-type":"","background-media":"","overlay-type":"","overlay-color":"","overlay-opacity":"","overlay-gradient":""},"tablet":{"background-color":"var(--ast-global-color-5)","background-image":"","background-repeat":"repeat","background-position":"center center","background-size":"auto","background-attachment":"scroll","background-type":"","background-media":"","overlay-type":"","overlay-color":"","overlay-opacity":"","overlay-gradient":""},"mobile":{"background-color":"var(--ast-global-color-5)","background-image":"","background-repeat":"repeat","background-position":"center center","background-size":"auto","background-attachment":"scroll","background-type":"","background-media":"","overlay-type":"","overlay-color":"","overlay-opacity":"","overlay-gradient":""}}},"product_brand":[],"product_cat":[29],"product_tag":[81,102,91,92],"class_list":{"0":"post-541","1":"product","2":"type-product","3":"status-publish","4":"has-post-thumbnail","6":"product_cat-rm","7":"product_tag-cartridge-tattoo-needles","8":"product_tag-rotary-tattoo-needles","9":"product_tag-tattoo-equipment","10":"product_tag-tattoo-machines-parts","11":"pa_brand-rightstuff","12":"desktop-align-center","13":"tablet-align-left","14":"mobile-align-left","15":"ast-product-gallery-layout-horizontal-slider","16":"ast-product-gallery-with-no-image","17":"ast-product-tabs-layout-horizontal","19":"first","20":"outofstock","21":"taxable","22":"shipping-taxable","23":"purchasable","24":"product-type-simple"},"_links":{"self":[{"href":"https:\/\/rightstuff.eu\/pl\/wp-json\/wp\/v2\/product\/541","targetHints":{"allow":["GET"]}}],"collection":[{"href":"https:\/\/rightstuff.eu\/pl\/wp-json\/wp\/v2\/product"}],"about":[{"href":"https:\/\/rightstuff.eu\/pl\/wp-json\/wp\/v2\/types\/product"}],"replies":[{"embeddable":true,"href":"https:\/\/rightstuff.eu\/pl\/wp-json\/wp\/v2\/comments?post=541"}],"version-history":[{"count":0,"href":"https:\/\/rightstuff.eu\/pl\/wp-json\/wp\/v2\/product\/541\/revisions"}],"wp:featuredmedia":[{"embeddable":true,"href":"https:\/\/rightstuff.eu\/pl\/wp-json\/wp\/v2\/media\/28764"}],"wp:attachment":[{"href":"https:\/\/rightstuff.eu\/pl\/wp-json\/wp\/v2\/media?parent=541"}],"wp:term":[{"taxonomy":"product_brand","embeddable":true,"href":"https:\/\/rightstuff.eu\/pl\/wp-json\/wp\/v2\/product_brand?post=541"},{"taxonomy":"product_cat","embeddable":true,"href":"https:\/\/rightstuff.eu\/pl\/wp-json\/wp\/v2\/product_cat?post=541"},{"taxonomy":"product_tag","embeddable":true,"href":"https:\/\/rightstuff.eu\/pl\/wp-json\/wp\/v2\/product_tag?post=541"}],"curies":[{"name":"wp","href":"https:\/\/api.w.org\/{rel}","templated":true}]}}