{"id":540,"date":"2013-12-01T19:55:00","date_gmt":"2013-12-01T16:55:00","guid":{"rendered":"https:\/\/rightstuff.eu\/shop\/uncategorized\/11rm\/"},"modified":"2025-01-22T01:37:16","modified_gmt":"2025-01-22T00:37:16","slug":"11rm","status":"publish","type":"product","link":"https:\/\/rightstuff.eu\/pl\/produkt\/11rm\/","title":{"rendered":"Okr\u0105g\u0142a ig\u0142a Magnum 11RM"},"content":{"rendered":"<p>Sztuka tworzenia tatua\u017cy rozwija si\u0119 - dlatego ka\u017cdego dnia pojawiaj\u0105 si\u0119 nowe dzie\u0142a profesjonalist\u00f3w od tatua\u017cu, zadziwiaj\u0105ce swoj\u0105 z\u0142o\u017cono\u015bci\u0105, a jednocze\u015bnie g\u0142\u0119bokim znaczeniem i niesamowicie szczeg\u00f3\u0142owym rysunkiem detali. Na przyk\u0142ad styl Fantasy zak\u0142ada wysoki profesjonalizm tatua\u017cysty. <a href=\"https:\/\/rs-tattoo.by\" target=\"_blank\" rel=\"noopener\">tatua\u017cysta<\/a>poniewa\u017c artysta musi nie tylko przedstawi\u0107 wybrany szkic, ale tak\u017ce zrozumie\u0107 sam\u0105 struktur\u0119 obrazu, aby m\u00f3c doradzi\u0107 w\u0142a\u015bciwe miejsce na tatua\u017c.<\/p>\n<p>Tradycyjnie osoby dobrze znaj\u0105ce sztuk\u0119 tatua\u017cu oferuj\u0105 swoim klientom wykonanie wizerunku na ramieniu lub nadgarstku. Je\u015bli przed wiekami wizerunki r\u00f3\u017cnych mistycznych istot z czas\u00f3w staro\u017cytnych zdobi\u0142y cia\u0142a kap\u0142an\u00f3w i innych wa\u017cnych os\u00f3b, to dzi\u015b ka\u017cdy m\u0119\u017cczyzna lub kobieta mo\u017ce przyj\u015b\u0107 do salonu tatua\u017cu i poprosi\u0107 mistrza o wykonanie dziwacznego obrazu na sk\u00f3rze, kt\u00f3ry b\u0119dzie mia\u0142 ukryte znaczenie.<\/p>\n<p>Styl fantasy przyci\u0105ga uwag\u0119: po\u0142\u0105czenie interesuj\u0105cej fabu\u0142y z wysokiej jako\u015bci wykonaniem daje niesamowity efekt.<\/p>\n<p>Ponadto, gdy mistrz u\u017cywa ig\u0142y Round Magnum 11RM <a href=\"https:\/\/rightstuff.eu\/blog\/note-these-things-when-buying-tattoo-equipment-supplies\/\">profesjonalne ig\u0142y do tatua\u017cu<\/a> (r\u00f3wnie\u017c o \u015brednicy 0,35 mm), tatua\u017c staje si\u0119 niezwykle realistycznym obrazem - ig\u0142y te zapewniaj\u0105 doskona\u0142e cieniowanie i wykonywanie g\u0119stych kontur\u00f3w!<\/p>","protected":false},"excerpt":{"rendered":"<h4>Okr\u0105g\u0142a ig\u0142a Magnum<\/h4>\n<p>50 sztuk\/opakowanie<\/p>","protected":false},"featured_media":1189,"comment_status":"open","ping_status":"closed","template":"","meta":{"site-sidebar-layout":"","site-content-layout":"","ast-site-content-layout":"default","site-content-style":"default","site-sidebar-style":"default","ast-global-header-display":"","ast-banner-title-visibility":"","ast-main-header-display":"","ast-hfb-above-header-display":"","ast-hfb-below-header-display":"","ast-hfb-mobile-header-display":"","site-post-title":"","ast-breadcrumbs-content":"","ast-featured-img":"","footer-sml-layout":"","ast-disable-related-posts":"","theme-transparent-header-meta":"","adv-header-id-meta":"","stick-header-meta":"","header-above-stick-meta":"","header-main-stick-meta":"","header-below-stick-meta":"","astra-migrate-meta-layouts":"default","ast-page-background-enabled":"default","ast-page-background-meta":{"desktop":{"background-color":"var(--ast-global-color-4)","background-image":"","background-repeat":"repeat","background-position":"center center","background-size":"auto","background-attachment":"scroll","background-type":"","background-media":"","overlay-type":"","overlay-color":"","overlay-opacity":"","overlay-gradient":""},"tablet":{"background-color":"","background-image":"","background-repeat":"repeat","background-position":"center center","background-size":"auto","background-attachment":"scroll","background-type":"","background-media":"","overlay-type":"","overlay-color":"","overlay-opacity":"","overlay-gradient":""},"mobile":{"background-color":"","background-image":"","background-repeat":"repeat","background-position":"center center","background-size":"auto","background-attachment":"scroll","background-type":"","background-media":"","overlay-type":"","overlay-color":"","overlay-opacity":"","overlay-gradient":""}},"ast-content-background-meta":{"desktop":{"background-color":"var(--ast-global-color-5)","background-image":"","background-repeat":"repeat","background-position":"center center","background-size":"auto","background-attachment":"scroll","background-type":"","background-media":"","overlay-type":"","overlay-color":"","overlay-opacity":"","overlay-gradient":""},"tablet":{"background-color":"var(--ast-global-color-5)","background-image":"","background-repeat":"repeat","background-position":"center center","background-size":"auto","background-attachment":"scroll","background-type":"","background-media":"","overlay-type":"","overlay-color":"","overlay-opacity":"","overlay-gradient":""},"mobile":{"background-color":"var(--ast-global-color-5)","background-image":"","background-repeat":"repeat","background-position":"center center","background-size":"auto","background-attachment":"scroll","background-type":"","background-media":"","overlay-type":"","overlay-color":"","overlay-opacity":"","overlay-gradient":""}}},"product_brand":[],"product_cat":[29],"product_tag":[81,85,88,102,1807,91,70,92,94],"class_list":{"0":"post-540","1":"product","2":"type-product","3":"status-publish","4":"has-post-thumbnail","6":"product_cat-rm","7":"product_tag-cartridge-tattoo-needles","8":"product_tag-magnum-tattoo-needles","9":"product_tag-professional-tattoo-kit","10":"product_tag-rotary-tattoo-needles","11":"product_tag-tattoo-beginner-box","12":"product_tag-tattoo-equipment","13":"product_tag-tattoo-kits","14":"product_tag-tattoo-machines-parts","15":"product_tag-tattoo-sets","16":"pa_brand-rightstuff","17":"desktop-align-center","18":"tablet-align-left","19":"mobile-align-left","20":"ast-product-gallery-layout-horizontal-slider","21":"ast-product-gallery-with-no-image","22":"ast-product-tabs-layout-horizontal","24":"first","25":"outofstock","26":"taxable","27":"shipping-taxable","28":"purchasable","29":"product-type-simple"},"_links":{"self":[{"href":"https:\/\/rightstuff.eu\/pl\/wp-json\/wp\/v2\/product\/540","targetHints":{"allow":["GET"]}}],"collection":[{"href":"https:\/\/rightstuff.eu\/pl\/wp-json\/wp\/v2\/product"}],"about":[{"href":"https:\/\/rightstuff.eu\/pl\/wp-json\/wp\/v2\/types\/product"}],"replies":[{"embeddable":true,"href":"https:\/\/rightstuff.eu\/pl\/wp-json\/wp\/v2\/comments?post=540"}],"version-history":[{"count":0,"href":"https:\/\/rightstuff.eu\/pl\/wp-json\/wp\/v2\/product\/540\/revisions"}],"wp:featuredmedia":[{"embeddable":true,"href":"https:\/\/rightstuff.eu\/pl\/wp-json\/wp\/v2\/media\/1189"}],"wp:attachment":[{"href":"https:\/\/rightstuff.eu\/pl\/wp-json\/wp\/v2\/media?parent=540"}],"wp:term":[{"taxonomy":"product_brand","embeddable":true,"href":"https:\/\/rightstuff.eu\/pl\/wp-json\/wp\/v2\/product_brand?post=540"},{"taxonomy":"product_cat","embeddable":true,"href":"https:\/\/rightstuff.eu\/pl\/wp-json\/wp\/v2\/product_cat?post=540"},{"taxonomy":"product_tag","embeddable":true,"href":"https:\/\/rightstuff.eu\/pl\/wp-json\/wp\/v2\/product_tag?post=540"}],"curies":[{"name":"wp","href":"https:\/\/api.w.org\/{rel}","templated":true}]}}