{"id":539,"date":"2013-12-01T19:54:00","date_gmt":"2013-12-01T16:54:00","guid":{"rendered":"https:\/\/rightstuff.eu\/shop\/uncategorized\/9rm\/"},"modified":"2025-01-22T01:37:16","modified_gmt":"2025-01-22T00:37:16","slug":"9rm","status":"publish","type":"product","link":"https:\/\/rightstuff.eu\/pl\/produkt\/9rm\/","title":{"rendered":"Okr\u0105g\u0142a ig\u0142a Magnum 9RM"},"content":{"rendered":"<p>W XX wieku wiele os\u00f3b mia\u0142o negatywn\u0105 opini\u0119 na temat innych os\u00f3b, kt\u00f3re maj\u0105 okre\u015blony tatua\u017c na ciele. W rzeczywisto\u015bci te malowid\u0142a na sk\u00f3rze pokazywa\u0142y g\u0142\u00f3wnie tajne znaki \"wi\u0119zienne\", imiona ukochanych os\u00f3b i slogany. Wsp\u00f3\u0142czesne tatua\u017ce, kt\u00f3re przypominaj\u0105 prawdziwe dzie\u0142a sztuki, cz\u0119sto przedstawiaj\u0105 stworzenia, kt\u00f3re nie istniej\u0105 w rzeczywisto\u015bci.<\/p>\n<p>Tatua\u017ce fantasy to liczne elfy i syreny, potwory z fantastycznych opowie\u015bci, orkowie i czarownice. Prawdziwymi inspiratorami tego stylu s\u0105 Julia Bell i Boris Valejo, Chris Achilles i Darrell Sweet. Artysta tatua\u017cu uczy si\u0119, jak stworzy\u0107 fantastyczny obraz, przegl\u0105daj\u0105c prace tych genialnych ludzi.<\/p>\n<p>Je\u015bli jednak wybitni arty\u015bci pracowali ze sztalug\u0105 i p\u0119dzlami, tj. mogli pope\u0142nia\u0107 b\u0142\u0119dy, aby je p\u00f3\u017aniej naprawi\u0107, profesjonalista, tworz\u0105c obraz na sk\u00f3rze cz\u0142owieka, nie mo\u017ce pope\u0142ni\u0107 najmniejszego b\u0142\u0119du, zw\u0142aszcza je\u015bli pracuje z ig\u0142\u0105 Magnum. Ten sprz\u0119t jest najcz\u0119\u015bciej u\u017cywany, gdy mistrz chce stworzy\u0107 wiele linii odcieni obrazu na do\u015b\u0107 du\u017cym obszarze sk\u00f3ry i martwi si\u0119 o wra\u017cliwo\u015b\u0107 klienta. Te ig\u0142y nie powoduj\u0105 b\u00f3lu u klienta salonu tatua\u017cu.<\/p>","protected":false},"excerpt":{"rendered":"<p>50 sztuk\/opakowanie<\/p>","protected":false},"featured_media":1188,"comment_status":"open","ping_status":"closed","template":"","meta":{"site-sidebar-layout":"","site-content-layout":"","ast-site-content-layout":"default","site-content-style":"default","site-sidebar-style":"default","ast-global-header-display":"","ast-banner-title-visibility":"","ast-main-header-display":"","ast-hfb-above-header-display":"","ast-hfb-below-header-display":"","ast-hfb-mobile-header-display":"","site-post-title":"","ast-breadcrumbs-content":"","ast-featured-img":"","footer-sml-layout":"","ast-disable-related-posts":"","theme-transparent-header-meta":"","adv-header-id-meta":"","stick-header-meta":"","header-above-stick-meta":"","header-main-stick-meta":"","header-below-stick-meta":"","astra-migrate-meta-layouts":"default","ast-page-background-enabled":"default","ast-page-background-meta":{"desktop":{"background-color":"var(--ast-global-color-4)","background-image":"","background-repeat":"repeat","background-position":"center center","background-size":"auto","background-attachment":"scroll","background-type":"","background-media":"","overlay-type":"","overlay-color":"","overlay-opacity":"","overlay-gradient":""},"tablet":{"background-color":"","background-image":"","background-repeat":"repeat","background-position":"center center","background-size":"auto","background-attachment":"scroll","background-type":"","background-media":"","overlay-type":"","overlay-color":"","overlay-opacity":"","overlay-gradient":""},"mobile":{"background-color":"","background-image":"","background-repeat":"repeat","background-position":"center center","background-size":"auto","background-attachment":"scroll","background-type":"","background-media":"","overlay-type":"","overlay-color":"","overlay-opacity":"","overlay-gradient":""}},"ast-content-background-meta":{"desktop":{"background-color":"var(--ast-global-color-5)","background-image":"","background-repeat":"repeat","background-position":"center center","background-size":"auto","background-attachment":"scroll","background-type":"","background-media":"","overlay-type":"","overlay-color":"","overlay-opacity":"","overlay-gradient":""},"tablet":{"background-color":"var(--ast-global-color-5)","background-image":"","background-repeat":"repeat","background-position":"center center","background-size":"auto","background-attachment":"scroll","background-type":"","background-media":"","overlay-type":"","overlay-color":"","overlay-opacity":"","overlay-gradient":""},"mobile":{"background-color":"var(--ast-global-color-5)","background-image":"","background-repeat":"repeat","background-position":"center center","background-size":"auto","background-attachment":"scroll","background-type":"","background-media":"","overlay-type":"","overlay-color":"","overlay-opacity":"","overlay-gradient":""}}},"product_brand":[],"product_cat":[29],"product_tag":[81,85,102,91,92],"class_list":{"0":"post-539","1":"product","2":"type-product","3":"status-publish","4":"has-post-thumbnail","6":"product_cat-rm","7":"product_tag-cartridge-tattoo-needles","8":"product_tag-magnum-tattoo-needles","9":"product_tag-rotary-tattoo-needles","10":"product_tag-tattoo-equipment","11":"product_tag-tattoo-machines-parts","12":"pa_brand-rightstuff","13":"desktop-align-center","14":"tablet-align-left","15":"mobile-align-left","16":"ast-product-gallery-layout-horizontal-slider","17":"ast-product-gallery-with-no-image","18":"ast-product-tabs-layout-horizontal","20":"first","21":"outofstock","22":"taxable","23":"shipping-taxable","24":"purchasable","25":"product-type-simple"},"_links":{"self":[{"href":"https:\/\/rightstuff.eu\/pl\/wp-json\/wp\/v2\/product\/539","targetHints":{"allow":["GET"]}}],"collection":[{"href":"https:\/\/rightstuff.eu\/pl\/wp-json\/wp\/v2\/product"}],"about":[{"href":"https:\/\/rightstuff.eu\/pl\/wp-json\/wp\/v2\/types\/product"}],"replies":[{"embeddable":true,"href":"https:\/\/rightstuff.eu\/pl\/wp-json\/wp\/v2\/comments?post=539"}],"version-history":[{"count":0,"href":"https:\/\/rightstuff.eu\/pl\/wp-json\/wp\/v2\/product\/539\/revisions"}],"wp:featuredmedia":[{"embeddable":true,"href":"https:\/\/rightstuff.eu\/pl\/wp-json\/wp\/v2\/media\/1188"}],"wp:attachment":[{"href":"https:\/\/rightstuff.eu\/pl\/wp-json\/wp\/v2\/media?parent=539"}],"wp:term":[{"taxonomy":"product_brand","embeddable":true,"href":"https:\/\/rightstuff.eu\/pl\/wp-json\/wp\/v2\/product_brand?post=539"},{"taxonomy":"product_cat","embeddable":true,"href":"https:\/\/rightstuff.eu\/pl\/wp-json\/wp\/v2\/product_cat?post=539"},{"taxonomy":"product_tag","embeddable":true,"href":"https:\/\/rightstuff.eu\/pl\/wp-json\/wp\/v2\/product_tag?post=539"}],"curies":[{"name":"wp","href":"https:\/\/api.w.org\/{rel}","templated":true}]}}