{"id":538,"date":"2013-12-01T19:52:00","date_gmt":"2013-12-01T16:52:00","guid":{"rendered":"https:\/\/rightstuff.eu\/shop\/uncategorized\/7rm\/"},"modified":"2025-01-22T01:37:16","modified_gmt":"2025-01-22T00:37:16","slug":"7rm","status":"publish","type":"product","link":"https:\/\/rightstuff.eu\/pl\/produkt\/7rm\/","title":{"rendered":"Okr\u0105g\u0142a ig\u0142a Magnum 7RM"},"content":{"rendered":"<p>Punktu wyj\u015bcia w historii tatua\u017cu nale\u017cy szuka\u0107 w sztuce tatua\u017cu, kt\u00f3ra ma tysi\u0105cletni\u0105 histori\u0119. Ten rodzaj dekoracji cia\u0142a by\u0142 u\u017cywany ju\u017c 8 000 lat przed narodzinami Chrystusa. Prawie wszystkie znane cywilizacje \u015bwiata stosowa\u0142y t\u0119 lub inn\u0105 technik\u0119 tatua\u017cu. Od czas\u00f3w staro\u017cytnych szczeg\u00f3ln\u0105 uwag\u0119 zwracano na kolorystyk\u0119 kobiecych twarzy, a kobiety zawsze cierpia\u0142y z powodu pi\u0119kna. Dzi\u015b wiele kobiet przychodzi do salon\u00f3w tatua\u017cu, aby poprosi\u0107 mistrza o wykonanie oryginalnego, niezwyk\u0142ego makija\u017cu permanentnego. Specjali\u015bci od tatua\u017cu u\u017cywaj\u0105 do tego kilku rodzaj\u00f3w igie\u0142, w tym Magnum 7RL. Te p\u0142askie ig\u0142y w dw\u00f3ch rz\u0119dach s\u0105 oferowane w sterylnym opakowaniu z podanym na nim terminem sterylizacji. Ich zaokr\u0105glenie pozwala unikn\u0105\u0107 nak\u0142adania pask\u00f3w i zmniejsza uszkodzenia sk\u00f3ry. Te r\u0119cznie lutowane ig\u0142y o \u015brednicy 0,35 mm maj\u0105 zaostrzenie 1,5 mm. Po pracy mo\u017cesz wielokrotnie sterylizowa\u0107 te ig\u0142y do tatua\u017cu w autoklawie i u\u017cywa\u0107 ich ponownie do pracy.<\/p>","protected":false},"excerpt":{"rendered":"<p>50 sztuk\/opakowanie<\/p>","protected":false},"featured_media":1187,"comment_status":"open","ping_status":"closed","template":"","meta":{"site-sidebar-layout":"","site-content-layout":"","ast-site-content-layout":"default","site-content-style":"default","site-sidebar-style":"default","ast-global-header-display":"","ast-banner-title-visibility":"","ast-main-header-display":"","ast-hfb-above-header-display":"","ast-hfb-below-header-display":"","ast-hfb-mobile-header-display":"","site-post-title":"","ast-breadcrumbs-content":"","ast-featured-img":"","footer-sml-layout":"","ast-disable-related-posts":"","theme-transparent-header-meta":"","adv-header-id-meta":"","stick-header-meta":"","header-above-stick-meta":"","header-main-stick-meta":"","header-below-stick-meta":"","astra-migrate-meta-layouts":"default","ast-page-background-enabled":"default","ast-page-background-meta":{"desktop":{"background-color":"var(--ast-global-color-4)","background-image":"","background-repeat":"repeat","background-position":"center center","background-size":"auto","background-attachment":"scroll","background-type":"","background-media":"","overlay-type":"","overlay-color":"","overlay-opacity":"","overlay-gradient":""},"tablet":{"background-color":"","background-image":"","background-repeat":"repeat","background-position":"center center","background-size":"auto","background-attachment":"scroll","background-type":"","background-media":"","overlay-type":"","overlay-color":"","overlay-opacity":"","overlay-gradient":""},"mobile":{"background-color":"","background-image":"","background-repeat":"repeat","background-position":"center center","background-size":"auto","background-attachment":"scroll","background-type":"","background-media":"","overlay-type":"","overlay-color":"","overlay-opacity":"","overlay-gradient":""}},"ast-content-background-meta":{"desktop":{"background-color":"var(--ast-global-color-5)","background-image":"","background-repeat":"repeat","background-position":"center center","background-size":"auto","background-attachment":"scroll","background-type":"","background-media":"","overlay-type":"","overlay-color":"","overlay-opacity":"","overlay-gradient":""},"tablet":{"background-color":"var(--ast-global-color-5)","background-image":"","background-repeat":"repeat","background-position":"center center","background-size":"auto","background-attachment":"scroll","background-type":"","background-media":"","overlay-type":"","overlay-color":"","overlay-opacity":"","overlay-gradient":""},"mobile":{"background-color":"var(--ast-global-color-5)","background-image":"","background-repeat":"repeat","background-position":"center center","background-size":"auto","background-attachment":"scroll","background-type":"","background-media":"","overlay-type":"","overlay-color":"","overlay-opacity":"","overlay-gradient":""}}},"product_brand":[],"product_cat":[29],"product_tag":[81,85,102,91,92],"class_list":{"0":"post-538","1":"product","2":"type-product","3":"status-publish","4":"has-post-thumbnail","6":"product_cat-rm","7":"product_tag-cartridge-tattoo-needles","8":"product_tag-magnum-tattoo-needles","9":"product_tag-rotary-tattoo-needles","10":"product_tag-tattoo-equipment","11":"product_tag-tattoo-machines-parts","12":"pa_brand-rightstuff","13":"desktop-align-center","14":"tablet-align-left","15":"mobile-align-left","16":"ast-product-gallery-layout-horizontal-slider","17":"ast-product-gallery-with-no-image","18":"ast-product-tabs-layout-horizontal","20":"first","21":"outofstock","22":"taxable","23":"shipping-taxable","24":"purchasable","25":"product-type-simple"},"_links":{"self":[{"href":"https:\/\/rightstuff.eu\/pl\/wp-json\/wp\/v2\/product\/538","targetHints":{"allow":["GET"]}}],"collection":[{"href":"https:\/\/rightstuff.eu\/pl\/wp-json\/wp\/v2\/product"}],"about":[{"href":"https:\/\/rightstuff.eu\/pl\/wp-json\/wp\/v2\/types\/product"}],"replies":[{"embeddable":true,"href":"https:\/\/rightstuff.eu\/pl\/wp-json\/wp\/v2\/comments?post=538"}],"version-history":[{"count":0,"href":"https:\/\/rightstuff.eu\/pl\/wp-json\/wp\/v2\/product\/538\/revisions"}],"wp:featuredmedia":[{"embeddable":true,"href":"https:\/\/rightstuff.eu\/pl\/wp-json\/wp\/v2\/media\/1187"}],"wp:attachment":[{"href":"https:\/\/rightstuff.eu\/pl\/wp-json\/wp\/v2\/media?parent=538"}],"wp:term":[{"taxonomy":"product_brand","embeddable":true,"href":"https:\/\/rightstuff.eu\/pl\/wp-json\/wp\/v2\/product_brand?post=538"},{"taxonomy":"product_cat","embeddable":true,"href":"https:\/\/rightstuff.eu\/pl\/wp-json\/wp\/v2\/product_cat?post=538"},{"taxonomy":"product_tag","embeddable":true,"href":"https:\/\/rightstuff.eu\/pl\/wp-json\/wp\/v2\/product_tag?post=538"}],"curies":[{"name":"wp","href":"https:\/\/api.w.org\/{rel}","templated":true}]}}