{"id":537,"date":"2013-12-01T19:51:00","date_gmt":"2013-12-01T16:51:00","guid":{"rendered":"https:\/\/rightstuff.eu\/shop\/uncategorized\/5rm\/"},"modified":"2025-01-22T01:37:16","modified_gmt":"2025-01-22T00:37:16","slug":"5rm","status":"publish","type":"product","link":"https:\/\/rightstuff.eu\/pl\/produkt\/5rm\/","title":{"rendered":"Okr\u0105g\u0142a ig\u0142a magnum 5RM"},"content":{"rendered":"<p>Pytanie o bolesno\u015b\u0107 ka\u017cdego zabiegu tatua\u017cu nie mo\u017ce by\u0107 przypisane do kategorii nowych i nieoczekiwanych. Co wi\u0119cej, jest to by\u0107 mo\u017ce pierwsze pytanie zadawane przez osob\u0119, kt\u00f3ra wykonuje tatua\u017c po raz pierwszy. Istniej\u0105 legendy, \u017ce kobiety \u0142atwiej toleruj\u0105 proces nak\u0142adania tatua\u017cy, a m\u0119\u017cczy\u017ani prawie mdlej\u0105, gdy tylko poczuj\u0105, jak ig\u0142y lub wi\u0105zka igie\u0142 wnikaj\u0105 w ich sk\u00f3r\u0119. W rzeczywisto\u015bci wszystko zale\u017cy g\u0142\u00f3wnie od miejsca na ciele, w kt\u00f3rym wykonywany jest obraz sk\u00f3ry.<\/p>\n<p>Oczywi\u015bcie wra\u017cliwo\u015b\u0107 r\u00f3\u017cnych obszar\u00f3w cia\u0142a jest r\u00f3\u017cna. Na przyk\u0142ad, gdy klient chce wykona\u0107 tatua\u017c na kostce lub nawet po\u015bladku, mo\u017ce nie ba\u0107 si\u0119 b\u00f3lu. S\u0105 to najbardziej wra\u017cliwe na b\u00f3l obszary. Dodatkowo, gdy artysta pracuje z ostr\u0105 okr\u0105g\u0142\u0105 ig\u0142\u0105 magnum 5RM, b\u00f3l nie jest w og\u00f3le odczuwalny. W mniej ni\u017c 2-3 godziny odwiedzaj\u0105cy salon tatua\u017cu otrzymuje dobrze wykonany obraz sk\u00f3ry z idealnie czystymi liniami i odcieniami.<\/p>","protected":false},"excerpt":{"rendered":"<p>50 sztuk\/opakowanie<\/p>","protected":false},"featured_media":1186,"comment_status":"open","ping_status":"closed","template":"","meta":{"site-sidebar-layout":"","site-content-layout":"","ast-site-content-layout":"default","site-content-style":"default","site-sidebar-style":"default","ast-global-header-display":"","ast-banner-title-visibility":"","ast-main-header-display":"","ast-hfb-above-header-display":"","ast-hfb-below-header-display":"","ast-hfb-mobile-header-display":"","site-post-title":"","ast-breadcrumbs-content":"","ast-featured-img":"","footer-sml-layout":"","ast-disable-related-posts":"","theme-transparent-header-meta":"","adv-header-id-meta":"","stick-header-meta":"","header-above-stick-meta":"","header-main-stick-meta":"","header-below-stick-meta":"","astra-migrate-meta-layouts":"default","ast-page-background-enabled":"default","ast-page-background-meta":{"desktop":{"background-color":"var(--ast-global-color-4)","background-image":"","background-repeat":"repeat","background-position":"center center","background-size":"auto","background-attachment":"scroll","background-type":"","background-media":"","overlay-type":"","overlay-color":"","overlay-opacity":"","overlay-gradient":""},"tablet":{"background-color":"","background-image":"","background-repeat":"repeat","background-position":"center center","background-size":"auto","background-attachment":"scroll","background-type":"","background-media":"","overlay-type":"","overlay-color":"","overlay-opacity":"","overlay-gradient":""},"mobile":{"background-color":"","background-image":"","background-repeat":"repeat","background-position":"center center","background-size":"auto","background-attachment":"scroll","background-type":"","background-media":"","overlay-type":"","overlay-color":"","overlay-opacity":"","overlay-gradient":""}},"ast-content-background-meta":{"desktop":{"background-color":"var(--ast-global-color-5)","background-image":"","background-repeat":"repeat","background-position":"center center","background-size":"auto","background-attachment":"scroll","background-type":"","background-media":"","overlay-type":"","overlay-color":"","overlay-opacity":"","overlay-gradient":""},"tablet":{"background-color":"var(--ast-global-color-5)","background-image":"","background-repeat":"repeat","background-position":"center center","background-size":"auto","background-attachment":"scroll","background-type":"","background-media":"","overlay-type":"","overlay-color":"","overlay-opacity":"","overlay-gradient":""},"mobile":{"background-color":"var(--ast-global-color-5)","background-image":"","background-repeat":"repeat","background-position":"center center","background-size":"auto","background-attachment":"scroll","background-type":"","background-media":"","overlay-type":"","overlay-color":"","overlay-opacity":"","overlay-gradient":""}}},"product_brand":[],"product_cat":[29],"product_tag":[81,85,102,91,92],"class_list":{"0":"post-537","1":"product","2":"type-product","3":"status-publish","4":"has-post-thumbnail","6":"product_cat-rm","7":"product_tag-cartridge-tattoo-needles","8":"product_tag-magnum-tattoo-needles","9":"product_tag-rotary-tattoo-needles","10":"product_tag-tattoo-equipment","11":"product_tag-tattoo-machines-parts","12":"pa_brand-rightstuff","13":"desktop-align-center","14":"tablet-align-left","15":"mobile-align-left","16":"ast-product-gallery-layout-horizontal-slider","17":"ast-product-gallery-with-no-image","18":"ast-product-tabs-layout-horizontal","20":"first","21":"outofstock","22":"taxable","23":"shipping-taxable","24":"purchasable","25":"product-type-simple"},"_links":{"self":[{"href":"https:\/\/rightstuff.eu\/pl\/wp-json\/wp\/v2\/product\/537","targetHints":{"allow":["GET"]}}],"collection":[{"href":"https:\/\/rightstuff.eu\/pl\/wp-json\/wp\/v2\/product"}],"about":[{"href":"https:\/\/rightstuff.eu\/pl\/wp-json\/wp\/v2\/types\/product"}],"replies":[{"embeddable":true,"href":"https:\/\/rightstuff.eu\/pl\/wp-json\/wp\/v2\/comments?post=537"}],"version-history":[{"count":0,"href":"https:\/\/rightstuff.eu\/pl\/wp-json\/wp\/v2\/product\/537\/revisions"}],"wp:featuredmedia":[{"embeddable":true,"href":"https:\/\/rightstuff.eu\/pl\/wp-json\/wp\/v2\/media\/1186"}],"wp:attachment":[{"href":"https:\/\/rightstuff.eu\/pl\/wp-json\/wp\/v2\/media?parent=537"}],"wp:term":[{"taxonomy":"product_brand","embeddable":true,"href":"https:\/\/rightstuff.eu\/pl\/wp-json\/wp\/v2\/product_brand?post=537"},{"taxonomy":"product_cat","embeddable":true,"href":"https:\/\/rightstuff.eu\/pl\/wp-json\/wp\/v2\/product_cat?post=537"},{"taxonomy":"product_tag","embeddable":true,"href":"https:\/\/rightstuff.eu\/pl\/wp-json\/wp\/v2\/product_tag?post=537"}],"curies":[{"name":"wp","href":"https:\/\/api.w.org\/{rel}","templated":true}]}}