{"id":530,"date":"2013-11-30T00:36:00","date_gmt":"2013-11-29T21:36:00","guid":{"rendered":"https:\/\/rightstuff.eu\/shop\/uncategorized\/15m1\/"},"modified":"2025-01-22T01:37:16","modified_gmt":"2025-01-22T00:37:16","slug":"15m1","status":"publish","type":"product","link":"https:\/\/rightstuff.eu\/pl\/produkt\/15m1\/","title":{"rendered":"Ig\u0142a Magnum 15M1"},"content":{"rendered":"<p>Najpopularniejszymi stopami do produkcji igie\u0142 do tatua\u017cu s\u0105 stal, nikiel i platyna. Ig\u0142y do tatua\u017cu r\u00f3\u017cni\u0105 si\u0119 tak\u017ce grubo\u015bci\u0105, rodzajem zaostrzenia oraz liczb\u0105 cienkich igie\u0142 w wi\u0105zce. Czasami ostrzenie mo\u017ce by\u0107 okr\u0105g\u0142e (jest najcz\u0119\u015bciej u\u017cywane), fasetowane (u\u017cywane do kontur\u00f3w), w kszta\u0142cie \"pocisku\" (w celu zmniejszenia uraz\u00f3w i zapewnienia wygodnego rozprowadzania pigmentu pod sk\u00f3r\u0105), p\u0142askie. <a href=\"https:\/\/rightstuff.eu\/cartridges\/magnum-cartridges\/magnum-cartridge-23m-030\/\">Magnum 15M1 to wsp\u00f3\u0142czesne ig\u0142y<\/a> tworz\u0105c dwa rz\u0119dy. Stworzone do szybkiego profesjonalnego malowania obrazu tatua\u017cu i cieniowania, te ig\u0142y do tatua\u017cu s\u0105 dostarczane w sterylnym opakowaniu blistrowym, kt\u00f3re jest otwierane w obecno\u015bci klienta tu\u017c przed rozpocz\u0119ciem procesu pracy. Zamawiaj\u0105c te rzeczy online, mo\u017cesz wybra\u0107 kilka pude\u0142ek igie\u0142, aby mie\u0107 je pod r\u0119k\u0105 i zawsze by\u0107 gotowym do pracy z ka\u017cdym klientem, prosz\u0105c o wykonanie tatua\u017cu o dowolnym rozmiarze, kolorze i kszta\u0142cie. U\u017cywaj igie\u0142 do tatua\u017cu tylko od sprawdzonych, szanowanych producent\u00f3w, a obrazy wykonane za ich pomoc\u0105 zawsze b\u0119d\u0105 dzia\u0142a\u0107 na wyobra\u017ani\u0119 ka\u017cdego, kto je zobaczy, dzi\u0119ki doskona\u0142o\u015bci linii i jako\u015bci realistycznych odcieni.<\/p>","protected":false},"excerpt":{"rendered":"<p>50 sztuk\/opakowanie<\/p>","protected":false},"featured_media":28761,"comment_status":"open","ping_status":"closed","template":"","meta":{"site-sidebar-layout":"","site-content-layout":"","ast-site-content-layout":"default","site-content-style":"default","site-sidebar-style":"default","ast-global-header-display":"","ast-banner-title-visibility":"","ast-main-header-display":"","ast-hfb-above-header-display":"","ast-hfb-below-header-display":"","ast-hfb-mobile-header-display":"","site-post-title":"","ast-breadcrumbs-content":"","ast-featured-img":"","footer-sml-layout":"","ast-disable-related-posts":"","theme-transparent-header-meta":"","adv-header-id-meta":"","stick-header-meta":"","header-above-stick-meta":"","header-main-stick-meta":"","header-below-stick-meta":"","astra-migrate-meta-layouts":"default","ast-page-background-enabled":"default","ast-page-background-meta":{"desktop":{"background-color":"var(--ast-global-color-4)","background-image":"","background-repeat":"repeat","background-position":"center center","background-size":"auto","background-attachment":"scroll","background-type":"","background-media":"","overlay-type":"","overlay-color":"","overlay-opacity":"","overlay-gradient":""},"tablet":{"background-color":"","background-image":"","background-repeat":"repeat","background-position":"center center","background-size":"auto","background-attachment":"scroll","background-type":"","background-media":"","overlay-type":"","overlay-color":"","overlay-opacity":"","overlay-gradient":""},"mobile":{"background-color":"","background-image":"","background-repeat":"repeat","background-position":"center center","background-size":"auto","background-attachment":"scroll","background-type":"","background-media":"","overlay-type":"","overlay-color":"","overlay-opacity":"","overlay-gradient":""}},"ast-content-background-meta":{"desktop":{"background-color":"var(--ast-global-color-5)","background-image":"","background-repeat":"repeat","background-position":"center center","background-size":"auto","background-attachment":"scroll","background-type":"","background-media":"","overlay-type":"","overlay-color":"","overlay-opacity":"","overlay-gradient":""},"tablet":{"background-color":"var(--ast-global-color-5)","background-image":"","background-repeat":"repeat","background-position":"center center","background-size":"auto","background-attachment":"scroll","background-type":"","background-media":"","overlay-type":"","overlay-color":"","overlay-opacity":"","overlay-gradient":""},"mobile":{"background-color":"var(--ast-global-color-5)","background-image":"","background-repeat":"repeat","background-position":"center center","background-size":"auto","background-attachment":"scroll","background-type":"","background-media":"","overlay-type":"","overlay-color":"","overlay-opacity":"","overlay-gradient":""}}},"product_brand":[],"product_cat":[27],"product_tag":[81,85,102,91,92],"class_list":{"0":"post-530","1":"product","2":"type-product","3":"status-publish","4":"has-post-thumbnail","6":"product_cat-m1","7":"product_tag-cartridge-tattoo-needles","8":"product_tag-magnum-tattoo-needles","9":"product_tag-rotary-tattoo-needles","10":"product_tag-tattoo-equipment","11":"product_tag-tattoo-machines-parts","12":"pa_brand-rightstuff","13":"desktop-align-center","14":"tablet-align-left","15":"mobile-align-left","16":"ast-product-gallery-layout-horizontal-slider","17":"ast-product-gallery-with-no-image","18":"ast-product-tabs-layout-horizontal","20":"first","21":"outofstock","22":"taxable","23":"shipping-taxable","24":"purchasable","25":"product-type-simple"},"_links":{"self":[{"href":"https:\/\/rightstuff.eu\/pl\/wp-json\/wp\/v2\/product\/530","targetHints":{"allow":["GET"]}}],"collection":[{"href":"https:\/\/rightstuff.eu\/pl\/wp-json\/wp\/v2\/product"}],"about":[{"href":"https:\/\/rightstuff.eu\/pl\/wp-json\/wp\/v2\/types\/product"}],"replies":[{"embeddable":true,"href":"https:\/\/rightstuff.eu\/pl\/wp-json\/wp\/v2\/comments?post=530"}],"version-history":[{"count":0,"href":"https:\/\/rightstuff.eu\/pl\/wp-json\/wp\/v2\/product\/530\/revisions"}],"wp:featuredmedia":[{"embeddable":true,"href":"https:\/\/rightstuff.eu\/pl\/wp-json\/wp\/v2\/media\/28761"}],"wp:attachment":[{"href":"https:\/\/rightstuff.eu\/pl\/wp-json\/wp\/v2\/media?parent=530"}],"wp:term":[{"taxonomy":"product_brand","embeddable":true,"href":"https:\/\/rightstuff.eu\/pl\/wp-json\/wp\/v2\/product_brand?post=530"},{"taxonomy":"product_cat","embeddable":true,"href":"https:\/\/rightstuff.eu\/pl\/wp-json\/wp\/v2\/product_cat?post=530"},{"taxonomy":"product_tag","embeddable":true,"href":"https:\/\/rightstuff.eu\/pl\/wp-json\/wp\/v2\/product_tag?post=530"}],"curies":[{"name":"wp","href":"https:\/\/api.w.org\/{rel}","templated":true}]}}