{"id":528,"date":"2013-11-30T00:32:00","date_gmt":"2013-11-29T21:32:00","guid":{"rendered":"https:\/\/rightstuff.eu\/shop\/uncategorized\/11m1\/"},"modified":"2025-01-22T01:37:17","modified_gmt":"2025-01-22T00:37:17","slug":"11m1","status":"publish","type":"product","link":"https:\/\/rightstuff.eu\/pl\/produkt\/11m1\/","title":{"rendered":"Ig\u0142a Magnum 11M1"},"content":{"rendered":"<p>Kiedy widzisz osob\u0119 z tatua\u017cami pokrywaj\u0105cymi jej cia\u0142o, mo\u017cesz wykazywa\u0107 r\u00f3\u017cne reakcje - od podziwu po odrzucenie, a nawet niepok\u00f3j. Tak naprawd\u0119 tatua\u017c, kt\u00f3ry narodzi\u0142 si\u0119 jeszcze zanim ludzko\u015b\u0107 dowiedzia\u0142a si\u0119 o Jezusie Chrystusie, staj\u0105c si\u0119 niezwykle popularny w Afryce, w dzisiejszych czasach sta\u0142 si\u0119 Sztuk\u0105 (z du\u017cej litery). O ile przed wiekami tatua\u017c by\u0142 czym\u015b w rodzaju kilku kresek uk\u0142adaj\u0105cych si\u0119 w slogan lub tworz\u0105cych wizerunek jakiego\u015b stworzenia, o tyle wsp\u00f3\u0142czesny tatua\u017c cz\u0119sto przypomina prawdziwy obraz wykonany przez wybitnego artyst\u0119.<\/p>\n<p>Tworz\u0105c obraz czegokolwiek (na przyk\u0142ad rysunek natury lub portret celebryty na sk\u00f3rze klienta), mistrz musi cieniowa\u0107 kontury gotowego tatua\u017cu. Bardzo cz\u0119sto u\u017cywa ig\u0142y Magnum 11M1 - ig\u0142y, kt\u00f3re tworz\u0105 dwie warstwy i pokrywaj\u0105 obszar sk\u00f3ry farb\u0105 szybko i bezbole\u015bnie. Ig\u0142y te maj\u0105 \u015brednic\u0119 0,35 mm i sto\u017cek 2,5 mm. Wykonywanie cieniowania za ich pomoc\u0105 mo\u017ce by\u0107 bolesne, je\u015bli tatua\u017cysta pracuje z nimi bez ostro\u017cno\u015bci. Dlatego potrzebne s\u0105 przynajmniej pocz\u0105tkowe umiej\u0119tno\u015bci pracy z tatua\u017cami.<\/p>","protected":false},"excerpt":{"rendered":"<p>50 sztuk\/opakowanie<\/p>","protected":false},"featured_media":1181,"comment_status":"open","ping_status":"closed","template":"","meta":{"site-sidebar-layout":"","site-content-layout":"","ast-site-content-layout":"default","site-content-style":"default","site-sidebar-style":"default","ast-global-header-display":"","ast-banner-title-visibility":"","ast-main-header-display":"","ast-hfb-above-header-display":"","ast-hfb-below-header-display":"","ast-hfb-mobile-header-display":"","site-post-title":"","ast-breadcrumbs-content":"","ast-featured-img":"","footer-sml-layout":"","ast-disable-related-posts":"","theme-transparent-header-meta":"","adv-header-id-meta":"","stick-header-meta":"","header-above-stick-meta":"","header-main-stick-meta":"","header-below-stick-meta":"","astra-migrate-meta-layouts":"default","ast-page-background-enabled":"default","ast-page-background-meta":{"desktop":{"background-color":"var(--ast-global-color-4)","background-image":"","background-repeat":"repeat","background-position":"center center","background-size":"auto","background-attachment":"scroll","background-type":"","background-media":"","overlay-type":"","overlay-color":"","overlay-opacity":"","overlay-gradient":""},"tablet":{"background-color":"","background-image":"","background-repeat":"repeat","background-position":"center center","background-size":"auto","background-attachment":"scroll","background-type":"","background-media":"","overlay-type":"","overlay-color":"","overlay-opacity":"","overlay-gradient":""},"mobile":{"background-color":"","background-image":"","background-repeat":"repeat","background-position":"center center","background-size":"auto","background-attachment":"scroll","background-type":"","background-media":"","overlay-type":"","overlay-color":"","overlay-opacity":"","overlay-gradient":""}},"ast-content-background-meta":{"desktop":{"background-color":"var(--ast-global-color-5)","background-image":"","background-repeat":"repeat","background-position":"center center","background-size":"auto","background-attachment":"scroll","background-type":"","background-media":"","overlay-type":"","overlay-color":"","overlay-opacity":"","overlay-gradient":""},"tablet":{"background-color":"var(--ast-global-color-5)","background-image":"","background-repeat":"repeat","background-position":"center center","background-size":"auto","background-attachment":"scroll","background-type":"","background-media":"","overlay-type":"","overlay-color":"","overlay-opacity":"","overlay-gradient":""},"mobile":{"background-color":"var(--ast-global-color-5)","background-image":"","background-repeat":"repeat","background-position":"center center","background-size":"auto","background-attachment":"scroll","background-type":"","background-media":"","overlay-type":"","overlay-color":"","overlay-opacity":"","overlay-gradient":""}}},"product_brand":[],"product_cat":[27],"product_tag":[81,85,102,91,92],"class_list":{"0":"post-528","1":"product","2":"type-product","3":"status-publish","4":"has-post-thumbnail","6":"product_cat-m1","7":"product_tag-cartridge-tattoo-needles","8":"product_tag-magnum-tattoo-needles","9":"product_tag-rotary-tattoo-needles","10":"product_tag-tattoo-equipment","11":"product_tag-tattoo-machines-parts","12":"pa_brand-rightstuff","13":"desktop-align-center","14":"tablet-align-left","15":"mobile-align-left","16":"ast-product-gallery-layout-horizontal-slider","17":"ast-product-gallery-with-no-image","18":"ast-product-tabs-layout-horizontal","20":"first","21":"outofstock","22":"taxable","23":"shipping-taxable","24":"purchasable","25":"product-type-simple"},"_links":{"self":[{"href":"https:\/\/rightstuff.eu\/pl\/wp-json\/wp\/v2\/product\/528","targetHints":{"allow":["GET"]}}],"collection":[{"href":"https:\/\/rightstuff.eu\/pl\/wp-json\/wp\/v2\/product"}],"about":[{"href":"https:\/\/rightstuff.eu\/pl\/wp-json\/wp\/v2\/types\/product"}],"replies":[{"embeddable":true,"href":"https:\/\/rightstuff.eu\/pl\/wp-json\/wp\/v2\/comments?post=528"}],"version-history":[{"count":0,"href":"https:\/\/rightstuff.eu\/pl\/wp-json\/wp\/v2\/product\/528\/revisions"}],"wp:featuredmedia":[{"embeddable":true,"href":"https:\/\/rightstuff.eu\/pl\/wp-json\/wp\/v2\/media\/1181"}],"wp:attachment":[{"href":"https:\/\/rightstuff.eu\/pl\/wp-json\/wp\/v2\/media?parent=528"}],"wp:term":[{"taxonomy":"product_brand","embeddable":true,"href":"https:\/\/rightstuff.eu\/pl\/wp-json\/wp\/v2\/product_brand?post=528"},{"taxonomy":"product_cat","embeddable":true,"href":"https:\/\/rightstuff.eu\/pl\/wp-json\/wp\/v2\/product_cat?post=528"},{"taxonomy":"product_tag","embeddable":true,"href":"https:\/\/rightstuff.eu\/pl\/wp-json\/wp\/v2\/product_tag?post=528"}],"curies":[{"name":"wp","href":"https:\/\/api.w.org\/{rel}","templated":true}]}}